{"id":99,"date":"2012-10-12T01:11:13","date_gmt":"2012-10-11T23:11:13","guid":{"rendered":"http:\/\/www.czssvjanabosca.sk\/?page_id=99"},"modified":"2025-04-04T10:14:57","modified_gmt":"2025-04-04T08:14:57","slug":"fotogaleria","status":"publish","type":"page","link":"https:\/\/www.czslc.sk\/?page_id=99","title":{"rendered":"Fotogal\u00e9ria a videogal\u00e9ria"},"content":{"rendered":"\n<figure class=\"wp-block-video\"><video height=\"480\" style=\"aspect-ratio: 480 \/ 480;\" width=\"480\" controls src=\"https:\/\/www.czslc.sk\/wp-content\/uploads\/2025\/04\/1000034200.mp4\"><\/video><\/figure>\n\n\n\n<figure class=\"wp-block-embed is-type-video is-provider-youtube wp-block-embed-youtube wp-embed-aspect-16-9 wp-has-aspect-ratio\"><div class=\"wp-block-embed__wrapper\">\n<iframe loading=\"lazy\" title=\"CZ\u0160 2021 03 A. \u0160umeczov\u00e1 L\u00ed\u0161ka a korytna\u010dka\" width=\"1281\" height=\"721\" src=\"https:\/\/www.youtube.com\/embed\/vaib9SKk4zM?feature=oembed\" frameborder=\"0\" allow=\"accelerometer; autoplay; clipboard-write; encrypted-media; gyroscope; picture-in-picture\" allowfullscreen><\/iframe>\n<\/div><\/figure>\n\n\n\n<figure class=\"wp-block-embed is-type-video is-provider-youtube wp-block-embed-youtube wp-embed-aspect-16-9 wp-has-aspect-ratio\"><div class=\"wp-block-embed__wrapper\">\n<iframe loading=\"lazy\" title=\"CZ\u0160 2021 02 K. Gajdo\u0161ov\u00e1 O ryb\u00e1rovi a rybke\" width=\"1281\" height=\"721\" src=\"https:\/\/www.youtube.com\/embed\/6HmAV_5IJKQ?feature=oembed\" frameborder=\"0\" allow=\"accelerometer; autoplay; clipboard-write; encrypted-media; gyroscope; picture-in-picture\" allowfullscreen><\/iframe>\n<\/div><\/figure>\n\n\n\n<figure class=\"wp-block-embed is-type-video is-provider-youtube wp-block-embed-youtube wp-embed-aspect-16-9 wp-has-aspect-ratio\"><div class=\"wp-block-embed__wrapper\">\n<iframe loading=\"lazy\" title=\"CZ\u0160 2021 06 A. \u0160umeczov\u00e1 L\u00ed\u0161ka a bocian\" width=\"1281\" height=\"721\" src=\"https:\/\/www.youtube.com\/embed\/S28Jy-wUIlU?feature=oembed\" frameborder=\"0\" allow=\"accelerometer; autoplay; clipboard-write; encrypted-media; gyroscope; picture-in-picture\" allowfullscreen><\/iframe>\n<\/div><\/figure>\n\n\n\n<figure class=\"wp-block-embed is-type-video is-provider-youtube wp-block-embed-youtube wp-embed-aspect-4-3 wp-has-aspect-ratio\"><div class=\"wp-block-embed__wrapper\">\n<iframe loading=\"lazy\" title=\"CZ\u0160 2021 04 T. Indro Pr\u00edbeh o semienku\" width=\"1281\" height=\"961\" src=\"https:\/\/www.youtube.com\/embed\/rCi8QgdiaT0?feature=oembed\" frameborder=\"0\" allow=\"accelerometer; autoplay; clipboard-write; encrypted-media; gyroscope; picture-in-picture\" allowfullscreen><\/iframe>\n<\/div><\/figure>\n\n\n\n<figure class=\"wp-block-embed is-type-video is-provider-youtube wp-block-embed-youtube wp-embed-aspect-16-9 wp-has-aspect-ratio\"><div class=\"wp-block-embed__wrapper\">\n<iframe loading=\"lazy\" title=\"CZ\u0160 2021 05 Z. Ka\u0161\u0161ov\u00e1 Ako pre\u017ei\u0165 v pr\u00edrode\" width=\"1281\" height=\"721\" src=\"https:\/\/www.youtube.com\/embed\/lnZyrCA-ehc?feature=oembed\" frameborder=\"0\" allow=\"accelerometer; autoplay; clipboard-write; encrypted-media; gyroscope; picture-in-picture\" allowfullscreen><\/iframe>\n<\/div><\/figure>\n\n\n\n<figure class=\"wp-block-embed is-type-video is-provider-youtube wp-block-embed-youtube wp-embed-aspect-16-9 wp-has-aspect-ratio\"><div class=\"wp-block-embed__wrapper\">\n<iframe loading=\"lazy\" title=\"CZ\u0160 2021 07 D. \u0160imov Ako Ma\u0165ko a Kubko...\" width=\"1281\" height=\"721\" src=\"https:\/\/www.youtube.com\/embed\/6ZZaSYhcvXk?feature=oembed\" frameborder=\"0\" allow=\"accelerometer; autoplay; clipboard-write; encrypted-media; gyroscope; picture-in-picture\" allowfullscreen><\/iframe>\n<\/div><\/figure>\n\n\n\n<figure class=\"wp-block-embed is-type-video is-provider-youtube wp-block-embed-youtube wp-embed-aspect-4-3 wp-has-aspect-ratio\"><div class=\"wp-block-embed__wrapper\">\n<iframe loading=\"lazy\" title=\"CZ\u0160 2021 08 M  Bab\u010danov\u00e1 O Har\u00edkovi a Billovi\" width=\"1281\" height=\"961\" src=\"https:\/\/www.youtube.com\/embed\/fsoHMuv9If4?feature=oembed\" frameborder=\"0\" allow=\"accelerometer; autoplay; clipboard-write; encrypted-media; gyroscope; picture-in-picture\" allowfullscreen><\/iframe>\n<\/div><\/figure>\n\n\n\n<figure class=\"wp-block-embed is-type-video is-provider-youtube wp-block-embed-youtube wp-embed-aspect-16-9 wp-has-aspect-ratio\"><div class=\"wp-block-embed__wrapper\">\n<iframe loading=\"lazy\" title=\"CZ\u0160 2021 09 Z. Vojtekov\u00e1 \u010cu\u010doriedk\u00e1re\u0148\" width=\"1281\" height=\"721\" src=\"https:\/\/www.youtube.com\/embed\/fR5YenobQPM?feature=oembed\" frameborder=\"0\" allow=\"accelerometer; autoplay; clipboard-write; encrypted-media; gyroscope; picture-in-picture\" allowfullscreen><\/iframe>\n<\/div><\/figure>\n\n\n\n<figure class=\"wp-block-embed is-type-video is-provider-youtube wp-block-embed-youtube wp-embed-aspect-16-9 wp-has-aspect-ratio\"><div class=\"wp-block-embed__wrapper\">\n<iframe loading=\"lazy\" title=\"CZ\u0160 \u0160KD 2021 02 sne\u017e\u00ed\" width=\"1281\" height=\"721\" src=\"https:\/\/www.youtube.com\/embed\/E7hNJf-grYM?feature=oembed\" frameborder=\"0\" allow=\"accelerometer; autoplay; clipboard-write; encrypted-media; gyroscope; picture-in-picture\" allowfullscreen><\/iframe>\n<\/div><\/figure>\n\n\n\n<figure class=\"wp-block-embed is-type-video is-provider-youtube wp-block-embed-youtube wp-embed-aspect-16-9 wp-has-aspect-ratio\"><div class=\"wp-block-embed__wrapper\">\n<iframe loading=\"lazy\" title=\"Cirkevn\u00e1 Z\u0160 LC Rozh\u00fdbme sa na jar 2021\" width=\"1281\" height=\"721\" src=\"https:\/\/www.youtube.com\/embed\/rM7cjvKWXhM?feature=oembed\" frameborder=\"0\" allow=\"accelerometer; autoplay; clipboard-write; encrypted-media; gyroscope; picture-in-picture\" allowfullscreen><\/iframe>\n<\/div><\/figure>\n\n\n\n<figure class=\"wp-block-embed is-type-video is-provider-youtube wp-block-embed-youtube wp-embed-aspect-16-9 wp-has-aspect-ratio\"><div class=\"wp-block-embed__wrapper\">\n<iframe loading=\"lazy\" title=\"Cirkevn\u00e1 Z\u0160 LC Rozh\u00fdbme sa na jar 2021   nepedagogick\u00ed zam\" width=\"1281\" height=\"721\" src=\"https:\/\/www.youtube.com\/embed\/pz48wFeXgZg?feature=oembed\" frameborder=\"0\" allow=\"accelerometer; autoplay; clipboard-write; encrypted-media; gyroscope; picture-in-picture\" allowfullscreen><\/iframe>\n<\/div><\/figure>\n\n\n\n<figure class=\"wp-block-embed is-type-video is-provider-youtube wp-block-embed-youtube wp-embed-aspect-16-9 wp-has-aspect-ratio\"><div class=\"wp-block-embed__wrapper\">\n<iframe loading=\"lazy\" title=\"CZ\u0160 sv. J\u00e1na Bosca a CZU\u0160 v Lu\u010denci - \u010co \u010d\u00edtali v marci dospel\u00e1ci\" width=\"1281\" height=\"721\" src=\"https:\/\/www.youtube.com\/embed\/gsui81quH3w?feature=oembed\" frameborder=\"0\" allow=\"accelerometer; autoplay; clipboard-write; encrypted-media; gyroscope; picture-in-picture\" allowfullscreen><\/iframe>\n<\/div><\/figure>\n\n\n\n<figure class=\"wp-block-embed is-type-video is-provider-youtube wp-block-embed-youtube wp-embed-aspect-16-9 wp-has-aspect-ratio\"><div class=\"wp-block-embed__wrapper\">\n<iframe loading=\"lazy\" title=\"Rozh\u00fdbme sa na jar CZU\u0160\" width=\"1281\" height=\"721\" src=\"https:\/\/www.youtube.com\/embed\/MzAjwpF5QwA?feature=oembed\" frameborder=\"0\" allow=\"accelerometer; autoplay; clipboard-write; encrypted-media; gyroscope; picture-in-picture\" allowfullscreen><\/iframe>\n<\/div><\/figure>\n\n\n\n<figure class=\"wp-block-embed is-type-video is-provider-youtube wp-block-embed-youtube wp-embed-aspect-16-9 wp-has-aspect-ratio\"><div class=\"wp-block-embed__wrapper\">\n<iframe loading=\"lazy\" title=\"Na\u0161e apr\u00edlov\u00e9 dni\" width=\"1281\" height=\"721\" src=\"https:\/\/www.youtube.com\/embed\/Syuozj4vBiY?feature=oembed\" frameborder=\"0\" allow=\"accelerometer; autoplay; clipboard-write; encrypted-media; gyroscope; picture-in-picture\" allowfullscreen><\/iframe>\n<\/div><\/figure>\n\n\n\n<figure class=\"wp-block-embed is-type-video is-provider-youtube wp-block-embed-youtube wp-embed-aspect-16-9 wp-has-aspect-ratio\"><div class=\"wp-block-embed__wrapper\">\n<iframe loading=\"lazy\" title=\"Venovan\u00e9 na\u0161im mam\u00e1m\" width=\"1281\" height=\"721\" src=\"https:\/\/www.youtube.com\/embed\/VeZ83XyAKLU?feature=oembed\" frameborder=\"0\" allow=\"accelerometer; autoplay; clipboard-write; encrypted-media; gyroscope; picture-in-picture\" allowfullscreen><\/iframe>\n<\/div><\/figure>\n\n\n\n<figure class=\"wp-block-embed is-type-video is-provider-youtube wp-block-embed-youtube wp-embed-aspect-16-9 wp-has-aspect-ratio\"><div class=\"wp-block-embed__wrapper\">\n<iframe loading=\"lazy\" title=\"Strom so srdcom pln\u00fdm l\u00e1sky - \u010d\u00edta Zuzana Vojtekov\u00e1\" width=\"1281\" height=\"721\" src=\"https:\/\/www.youtube.com\/embed\/yJJpXWxb9rM?feature=oembed\" frameborder=\"0\" allow=\"accelerometer; autoplay; clipboard-write; encrypted-media; gyroscope; picture-in-picture\" allowfullscreen><\/iframe>\n<\/div><\/figure>\n\n\n\n<figure class=\"wp-block-embed is-type-video is-provider-youtube wp-block-embed-youtube wp-embed-aspect-4-3 wp-has-aspect-ratio\"><div class=\"wp-block-embed__wrapper\">\n<iframe loading=\"lazy\" title=\"Bruno Ferrero   Pevnosti, ale nie z kame\u0148a\" width=\"1281\" height=\"961\" src=\"https:\/\/www.youtube.com\/embed\/Ir98l4Z5PMs?feature=oembed\" frameborder=\"0\" allow=\"accelerometer; autoplay; clipboard-write; encrypted-media; gyroscope; picture-in-picture\" allowfullscreen><\/iframe>\n<\/div><\/figure>\n\n\n\n<figure class=\"wp-block-embed is-type-video is-provider-youtube wp-block-embed-youtube wp-embed-aspect-16-9 wp-has-aspect-ratio\"><div class=\"wp-block-embed__wrapper\">\n<iframe loading=\"lazy\" title=\"Sk\u00fa\u0161ka - \u010d\u00edta Tibor Indro\" width=\"1281\" height=\"721\" src=\"https:\/\/www.youtube.com\/embed\/unLdPEv1eMQ?feature=oembed\" frameborder=\"0\" allow=\"accelerometer; autoplay; clipboard-write; encrypted-media; gyroscope; picture-in-picture\" allowfullscreen><\/iframe>\n<\/div><\/figure>\n\n\n\n<figure class=\"wp-block-embed is-type-video is-provider-youtube wp-block-embed-youtube wp-embed-aspect-16-9 wp-has-aspect-ratio\"><div class=\"wp-block-embed__wrapper\">\n<iframe loading=\"lazy\" title=\"Zmrzlinov\u00fd poh\u00e1r -  \u010d\u00edta Tibor Indro\" width=\"1281\" height=\"721\" src=\"https:\/\/www.youtube.com\/embed\/WeeWSaY7H20?feature=oembed\" frameborder=\"0\" allow=\"accelerometer; autoplay; clipboard-write; encrypted-media; gyroscope; picture-in-picture\" allowfullscreen><\/iframe>\n<\/div><\/figure>\n\n\n\n<figure class=\"wp-block-embed is-type-video is-provider-youtube wp-block-embed-youtube wp-embed-aspect-16-9 wp-has-aspect-ratio\"><div class=\"wp-block-embed__wrapper\">\n<iframe loading=\"lazy\" title=\"Rozpr\u00e1vka o lindu\u0161ke - \u010d\u00edta Tibor Indro\" width=\"1281\" height=\"721\" src=\"https:\/\/www.youtube.com\/embed\/FsV9G7FWHYA?feature=oembed\" frameborder=\"0\" allow=\"accelerometer; autoplay; clipboard-write; encrypted-media; gyroscope; picture-in-picture\" allowfullscreen><\/iframe>\n<\/div><\/figure>\n\n\n\n<figure class=\"wp-block-embed is-type-video is-provider-youtube wp-block-embed-youtube wp-embed-aspect-4-3 wp-has-aspect-ratio\"><div class=\"wp-block-embed__wrapper\">\n<iframe loading=\"lazy\" title=\"Lie\u010div\u00e9 pr\u00edbehy \u010d\u00edta Z. Krn\u00e1\u010dov\u00e1\" width=\"1281\" height=\"961\" src=\"https:\/\/www.youtube.com\/embed\/BlP4i2IxuP4?feature=oembed\" frameborder=\"0\" allow=\"accelerometer; autoplay; clipboard-write; encrypted-media; gyroscope; picture-in-picture\" allowfullscreen><\/iframe>\n<\/div><\/figure>\n\n\n\n<figure class=\"wp-block-embed is-type-video is-provider-youtube wp-block-embed-youtube wp-embed-aspect-16-9 wp-has-aspect-ratio\"><div class=\"wp-block-embed__wrapper\">\n<iframe loading=\"lazy\" title=\"1  \u010das\u0165 Mach a \u0160ebestov\u00e1, \u010d\u00edta Z  Ka\u0161\u0161ov\u00e1\" width=\"1281\" height=\"721\" src=\"https:\/\/www.youtube.com\/embed\/HlbdCXgixBA?feature=oembed\" frameborder=\"0\" allow=\"accelerometer; autoplay; clipboard-write; encrypted-media; gyroscope; picture-in-picture\" allowfullscreen><\/iframe>\n<\/div><\/figure>\n\n\n\n<figure class=\"wp-block-embed is-type-video is-provider-youtube wp-block-embed-youtube wp-embed-aspect-16-9 wp-has-aspect-ratio\"><div class=\"wp-block-embed__wrapper\">\n<iframe loading=\"lazy\" title=\"2  \u010das\u0165 Mach a \u0160ebestov\u00e1 \u010d\u00edta Z  Ka\u0161\u0161ov\u00e1\" width=\"1281\" height=\"721\" src=\"https:\/\/www.youtube.com\/embed\/rAOQn4OULGA?feature=oembed\" frameborder=\"0\" allow=\"accelerometer; autoplay; clipboard-write; encrypted-media; gyroscope; picture-in-picture\" allowfullscreen><\/iframe>\n<\/div><\/figure>\n\n\n\n<figure class=\"wp-block-embed is-type-video is-provider-youtube wp-block-embed-youtube wp-embed-aspect-16-9 wp-has-aspect-ratio\"><div class=\"wp-block-embed__wrapper\">\n<iframe loading=\"lazy\" title=\"Krista Bendov\u00e1   Rezancov\u00e1 princezn\u00e1\" width=\"1281\" height=\"721\" src=\"https:\/\/www.youtube.com\/embed\/aKWHyx5NHpQ?feature=oembed\" frameborder=\"0\" allow=\"accelerometer; autoplay; clipboard-write; encrypted-media; gyroscope; picture-in-picture\" allowfullscreen><\/iframe>\n<\/div><\/figure>\n\n\n<p>&nbsp;<\/p>\nngg_shortcode_0_placeholder\nngg_shortcode_1_placeholder\n\n","protected":false},"excerpt":{"rendered":"<p>&nbsp;<\/p>\n","protected":false},"author":1,"featured_media":0,"parent":0,"menu_order":0,"comment_status":"closed","ping_status":"closed","template":"","meta":{"ngg_post_thumbnail":0,"footnotes":""},"class_list":["post-99","page","type-page","status-publish","hentry"],"aioseo_notices":[],"_links":{"self":[{"href":"https:\/\/www.czslc.sk\/index.php?rest_route=\/wp\/v2\/pages\/99","targetHints":{"allow":["GET"]}}],"collection":[{"href":"https:\/\/www.czslc.sk\/index.php?rest_route=\/wp\/v2\/pages"}],"about":[{"href":"https:\/\/www.czslc.sk\/index.php?rest_route=\/wp\/v2\/types\/page"}],"author":[{"embeddable":true,"href":"https:\/\/www.czslc.sk\/index.php?rest_route=\/wp\/v2\/users\/1"}],"replies":[{"embeddable":true,"href":"https:\/\/www.czslc.sk\/index.php?rest_route=%2Fwp%2Fv2%2Fcomments&post=99"}],"version-history":[{"count":10,"href":"https:\/\/www.czslc.sk\/index.php?rest_route=\/wp\/v2\/pages\/99\/revisions"}],"predecessor-version":[{"id":33252,"href":"https:\/\/www.czslc.sk\/index.php?rest_route=\/wp\/v2\/pages\/99\/revisions\/33252"}],"wp:attachment":[{"href":"https:\/\/www.czslc.sk\/index.php?rest_route=%2Fwp%2Fv2%2Fmedia&parent=99"}],"curies":[{"name":"wp","href":"https:\/\/api.w.org\/{rel}","templated":true}]}}