{"id":800,"date":"2014-03-03T10:31:17","date_gmt":"2014-03-03T08:31:17","guid":{"rendered":"http:\/\/www.czssvjanabosca.sk\/?page_id=800"},"modified":"2025-10-13T12:10:08","modified_gmt":"2025-10-13T10:10:08","slug":"testovanie-9","status":"publish","type":"page","link":"https:\/\/www.czslc.sk\/?page_id=800","title":{"rendered":"Testovanie 9"},"content":{"rendered":"<p>&nbsp;<\/p>\n<h1><strong>Testovanie 9<\/strong><\/h1>\n<p>&nbsp;<\/p>\n<p>&nbsp;<\/p>\n<p><strong>TESTOVANIE 9<\/strong><\/p>\n<p>V zmysle dokumentu&nbsp;<a href=\"https:\/\/www.minedu.sk\/data\/att\/9cc\/33624.568966.pdf\" target=\"_blank\" rel=\"noopener\" data-saferedirecturl=\"https:\/\/www.google.com\/url?q=https:\/\/www.minedu.sk\/data\/att\/9cc\/33624.568966.pdf&amp;source=gmail&amp;ust=1760435007338000&amp;usg=AOvVaw0GPiXvoSKUGv0rYr1EVPLV\">Pedagogicko-<wbr \/>organiza\u010dn\u00e9 pokyny na \u0161kolsk\u00fd rok 2025\/2026<\/a>&nbsp;sa&nbsp;riadny term\u00edn Testovania 9&nbsp;v \u0161kolskom roku 2025\/2026 uskuto\u010dn\u00ed&nbsp;v d\u0148och&nbsp;18. a 19. marca 2026&nbsp;(streda, \u0161tvrtok).&nbsp;<\/p>\n<p>Testovania 9 sa pod\u013ea \u00a7 155 z\u00e1kona \u010d. 245\/2008 Z. z. z\u00fa\u010dast\u0148uj\u00fa okrem \u017eiakov 9. ro\u010dn\u00edka z\u00e1kladn\u00fdch \u0161k\u00f4l aj \u017eiaci 4. ro\u010dn\u00edka gymn\u00e1zi\u00ed a tane\u010dn\u00fdch konzervat\u00f3ri\u00ed s osemro\u010dn\u00fdm vzdel\u00e1vac\u00edm programom a 1. ro\u010dn\u00edka stredn\u00fdch \u0161k\u00f4l s p\u00e4\u0165ro\u010dn\u00fdm vzdel\u00e1vac\u00edm programom prijat\u00ed na vzdel\u00e1vanie v strednej \u0161kole z \u00f4smeho ro\u010dn\u00edka z\u00e1kladnej \u0161koly, pri\u010dom \u017eiaci pod\u013ea \u00a7 97 ods. 5 z\u00e1kona \u010d. 245\/2008 Z. z. sa Testovania 9 m\u00f4\u017eu z\u00fa\u010dastni\u0165.<\/p>\n<p>18. marca 2026&nbsp;sa Testovanie 9 uskuto\u010dn\u00ed na v\u0161etk\u00fdch \u0161kol\u00e1ch s vyu\u010dovac\u00edm jazykom slovensk\u00fdm a ukrajinsk\u00fdm z predmetov&nbsp;matematika&nbsp;a&nbsp;<wbr \/>slovensk\u00fd jazyk a literat\u00fara a na \u0161kol\u00e1ch s vyu\u010dovac\u00edm jazykom ma\u010farsk\u00fdm z&nbsp;matematiky&nbsp;a&nbsp;ma\u010farsk\u00e9ho jazyka a literat\u00fary.<\/p>\n<p>19. marca 2026&nbsp;sa Testovanie 9 uskuto\u010dn\u00ed iba na \u0161kol\u00e1ch s vyu\u010dovac\u00edm jazykom ma\u010farsk\u00fdm zo&nbsp;slovensk\u00e9ho jazyka a slovenskej literat\u00fary&nbsp;a na \u0161kol\u00e1ch s vyu\u010dovac\u00edm jazykom ukrajinsk\u00fdm z&nbsp;ukrajinsk\u00e9ho jazyka a literat\u00fary.<\/p>\n<p>N\u00e1hradn\u00fd term\u00edn testovania sa uskuto\u010dn\u00ed 1. a 8. apr\u00edla 2026 (stredy).<\/p>\n<p>Organiz\u00e1ciu extern\u00e9ho testovania \u017eiakov upravuje<a href=\"https:\/\/www.slov-lex.sk\/pravne-predpisy\/SK\/ZZ\/2008\/245\/20180901\" target=\"_blank\" rel=\"noopener\" data-saferedirecturl=\"https:\/\/www.google.com\/url?q=https:\/\/www.slov-lex.sk\/pravne-predpisy\/SK\/ZZ\/2008\/245\/20180901&amp;source=gmail&amp;ust=1760435007338000&amp;usg=AOvVaw2ihVXHu3D1Ja7fITIE5G4B\">&nbsp;<\/a><a href=\"https:\/\/www.slov-lex.sk\/ezbierky\/pravne-predpisy\/SK\/ZZ\/2008\/245\/\" target=\"_blank\" rel=\"noopener\" data-saferedirecturl=\"https:\/\/www.google.com\/url?q=https:\/\/www.slov-lex.sk\/ezbierky\/pravne-predpisy\/SK\/ZZ\/2008\/245\/&amp;source=gmail&amp;ust=1760435007338000&amp;usg=AOvVaw2Yl15v5827PDYFvbPI2BMa\">z\u00e1kon \u010d. 245\/2008 Z. z. o v\u00fdchove a vzdel\u00e1van\u00ed (\u0161kolsk\u00fd z\u00e1kon)<\/a>&nbsp;a o zmene a doplnen\u00ed niektor\u00fdch z\u00e1konov v znen\u00ed neskor\u0161\u00edch predpisov a&nbsp;<a href=\"https:\/\/www.slov-lex.sk\/ezbierky\/pravne-predpisy\/SK\/ZZ\/2022\/223\/?ucinnost=02.09.2025\" target=\"_blank\" rel=\"noopener\" data-saferedirecturl=\"https:\/\/www.google.com\/url?q=https:\/\/www.slov-lex.sk\/ezbierky\/pravne-predpisy\/SK\/ZZ\/2022\/223\/?ucinnost%3D02.09.2025&amp;source=gmail&amp;ust=1760435007338000&amp;usg=AOvVaw2tE1tM13OyTew9l81aJNJv\">vyhl\u00e1\u0161ka \u010d. 223\/2022 Z. z. o&nbsp;z\u00e1kladnej \u0161kole<\/a>&nbsp;v znen\u00ed neskor\u0161\u00edch predpisov. Testovanie 9 zabezpe\u010duje NIVaM.<\/p>\n<p>&nbsp;<a href=\"https:\/\/nivam.sk\/\">https:\/\/nivam.sk\/<\/a><\/p>\n<p><strong>&nbsp;<\/strong><\/p>\n<p><strong>Matematika<\/strong><\/p>\n<p>&nbsp;<\/p>\n<p>08.00 \u2013 08.10 h (10 min\u00fat)&nbsp; \u00favodn\u00e9 pokyny, rozdanie OH a pomocn\u00fdch papierov<\/p>\n<p>08.10 \u2013 08.20 h (10 min\u00fat)&nbsp; rozdanie testov a obozn\u00e1menie sa s testom<\/p>\n<p><strong>08.20 \u2013 09.50 h (90 min\u00fat)&nbsp; administr\u00e1cia testu z matematiky<\/strong><\/p>\n<p>09.50 \u2013 09.55 h (5 min\u00fat)&nbsp; zozbieranie testov, OH a pomocn\u00fdch papierov<\/p>\n<p>09.55 \u2013 10.20 h (25 min\u00fat)&nbsp; prest\u00e1vka<\/p>\n<p>&nbsp;<\/p>\n<p><strong>Slovensk\u00fd jazyk a literat\u00fara<\/strong><\/p>\n<p>10.20 \u2013 10.25 h (5 min\u00fat)&nbsp;&nbsp;&nbsp; \u00favodn\u00e9 pokyny a rozdanie OH<\/p>\n<p>10.25 \u2013 10.35 h (10 min\u00fat)&nbsp; rozdanie testov a obozn\u00e1menie sa s testom<\/p>\n<p><strong>10.35 \u2013 11.45 h (70 min\u00fat) administr\u00e1cia testu z vyu\u010dovacieho jazyka<br \/>\n<\/strong><\/p>\n<p>11.45 \u2013 11.50 h (5 min\u00fat)&nbsp; zozbieranie testov a&nbsp;OH<\/p>\n<p>&nbsp;<\/p>\n<p>Viac:&nbsp;<a href=\"https:\/\/www2.nucem.sk\/sk\/merania\/narodne-merania\/testovanie-9\">https:\/\/www.nucem.sk\/<\/a><\/p>\n<p>&nbsp;<\/p>\n","protected":false},"excerpt":{"rendered":"<p>&nbsp; Testovanie 9 &nbsp; &nbsp; TESTOVANIE 9 V zmysle dokumentu&nbsp;Pedagogicko-organiza\u010dn\u00e9 pokyny na \u0161kolsk\u00fd rok 2025\/2026&nbsp;sa&nbsp;riadny term\u00edn Testovania 9&nbsp;v \u0161kolskom roku 2025\/2026 uskuto\u010dn\u00ed&nbsp;v d\u0148och&nbsp;18. a 19. marca 2026&nbsp;(streda, \u0161tvrtok).&nbsp; Testovania 9 sa pod\u013ea \u00a7 155 z\u00e1kona \u010d. 245\/2008 Z. z. z\u00fa\u010dast\u0148uj\u00fa okrem \u017eiakov 9. ro\u010dn\u00edka z\u00e1kladn\u00fdch \u0161k\u00f4l aj \u017eiaci 4. ro\u010dn\u00edka &hellip;<\/p>\n","protected":false},"author":1,"featured_media":0,"parent":0,"menu_order":0,"comment_status":"closed","ping_status":"open","template":"","meta":{"ngg_post_thumbnail":0,"footnotes":""},"class_list":["post-800","page","type-page","status-publish","hentry"],"aioseo_notices":[],"_links":{"self":[{"href":"https:\/\/www.czslc.sk\/index.php?rest_route=\/wp\/v2\/pages\/800","targetHints":{"allow":["GET"]}}],"collection":[{"href":"https:\/\/www.czslc.sk\/index.php?rest_route=\/wp\/v2\/pages"}],"about":[{"href":"https:\/\/www.czslc.sk\/index.php?rest_route=\/wp\/v2\/types\/page"}],"author":[{"embeddable":true,"href":"https:\/\/www.czslc.sk\/index.php?rest_route=\/wp\/v2\/users\/1"}],"replies":[{"embeddable":true,"href":"https:\/\/www.czslc.sk\/index.php?rest_route=%2Fwp%2Fv2%2Fcomments&post=800"}],"version-history":[{"count":31,"href":"https:\/\/www.czslc.sk\/index.php?rest_route=\/wp\/v2\/pages\/800\/revisions"}],"predecessor-version":[{"id":38273,"href":"https:\/\/www.czslc.sk\/index.php?rest_route=\/wp\/v2\/pages\/800\/revisions\/38273"}],"wp:attachment":[{"href":"https:\/\/www.czslc.sk\/index.php?rest_route=%2Fwp%2Fv2%2Fmedia&parent=800"}],"curies":[{"name":"wp","href":"https:\/\/api.w.org\/{rel}","templated":true}]}}