{"id":667,"date":"2013-12-10T14:31:40","date_gmt":"2013-12-10T12:31:40","guid":{"rendered":"http:\/\/www.czssvjanabosca.sk\/?page_id=667"},"modified":"2016-02-02T12:14:00","modified_gmt":"2016-02-02T10:14:00","slug":"zverejnenie-zadavania-zakazky","status":"publish","type":"page","link":"https:\/\/www.czslc.sk\/?page_id=667","title":{"rendered":"Zverejnenie zad\u00e1vania z\u00e1kazky"},"content":{"rendered":"<p>Moment\u00e1lne \u017eiadne.<\/p>\n","protected":false},"excerpt":{"rendered":"<p>Moment\u00e1lne \u017eiadne.<\/p>\n","protected":false},"author":1,"featured_media":0,"parent":0,"menu_order":0,"comment_status":"closed","ping_status":"open","template":"","meta":{"ngg_post_thumbnail":0,"footnotes":""},"class_list":["post-667","page","type-page","status-publish","hentry"],"aioseo_notices":[],"_links":{"self":[{"href":"https:\/\/www.czslc.sk\/index.php?rest_route=\/wp\/v2\/pages\/667","targetHints":{"allow":["GET"]}}],"collection":[{"href":"https:\/\/www.czslc.sk\/index.php?rest_route=\/wp\/v2\/pages"}],"about":[{"href":"https:\/\/www.czslc.sk\/index.php?rest_route=\/wp\/v2\/types\/page"}],"author":[{"embeddable":true,"href":"https:\/\/www.czslc.sk\/index.php?rest_route=\/wp\/v2\/users\/1"}],"replies":[{"embeddable":true,"href":"https:\/\/www.czslc.sk\/index.php?rest_route=%2Fwp%2Fv2%2Fcomments&post=667"}],"version-history":[{"count":7,"href":"https:\/\/www.czslc.sk\/index.php?rest_route=\/wp\/v2\/pages\/667\/revisions"}],"predecessor-version":[{"id":670,"href":"https:\/\/www.czslc.sk\/index.php?rest_route=\/wp\/v2\/pages\/667\/revisions\/670"}],"wp:attachment":[{"href":"https:\/\/www.czslc.sk\/index.php?rest_route=%2Fwp%2Fv2%2Fmedia&parent=667"}],"curies":[{"name":"wp","href":"https:\/\/api.w.org\/{rel}","templated":true}]}}