{"id":6160,"date":"2017-04-19T09:15:35","date_gmt":"2017-04-19T07:15:35","guid":{"rendered":"http:\/\/www.czslc.sk\/?page_id=6160"},"modified":"2017-05-05T08:25:57","modified_gmt":"2017-05-05T06:25:57","slug":"faktury-marec-2017","status":"publish","type":"page","link":"https:\/\/www.czslc.sk\/?page_id=6160","title":{"rendered":"Fakt\u00fary marec 2017"},"content":{"rendered":"<p><strong>\n<table id=\"wp-table-reloaded-id-67-no-1\" class=\"wp-table-reloaded wp-table-reloaded-id-67\">\n<tbody>\n\t<tr class=\"row-1 odd\">\n\t\t<td class=\"column-1\">Mikul\u00e1\u0161 D\u00f3ra Trebe\u013eovce<\/td><td class=\"column-2\">9\/2017<\/td><td class=\"column-3\">420,00<\/td><td class=\"column-4\">06.03.2017<\/td>\n\t<\/tr>\n\t<tr class=\"row-2 even\">\n\t\t<td class=\"column-1\">Novhas \u2013 Jackuliak<\/td><td class=\"column-2\">2017\/117<\/td><td class=\"column-3\">104,40<\/td><td class=\"column-4\">06.03.2017<\/td>\n\t<\/tr>\n\t<tr class=\"row-3 odd\">\n\t\t<td class=\"column-1\">StVPS<\/td><td class=\"column-2\">2175000140<\/td><td class=\"column-3\">11,75<\/td><td class=\"column-4\">06.03.2017<\/td>\n\t<\/tr>\n\t<tr class=\"row-4 even\">\n\t\t<td class=\"column-1\">StVPS<\/td><td class=\"column-2\">2171040431<\/td><td class=\"column-3\">396,48<\/td><td class=\"column-4\">06.03.2017<\/td>\n\t<\/tr>\n\t<tr class=\"row-5 odd\">\n\t\t<td class=\"column-1\">INNOGY<\/td><td class=\"column-2\">4424135448<\/td><td class=\"column-3\">635,00<\/td><td class=\"column-4\">06.03.2017<\/td>\n\t<\/tr>\n\t<tr class=\"row-6 even\">\n\t\t<td class=\"column-1\">Orange<\/td><td class=\"column-2\">0102321551<\/td><td class=\"column-3\">46,00<\/td><td class=\"column-4\">08.03.2017<\/td>\n\t<\/tr>\n\t<tr class=\"row-7 odd\">\n\t\t<td class=\"column-1\">T-mobile<\/td><td class=\"column-2\">9793994503<\/td><td class=\"column-3\">35,00<\/td><td class=\"column-4\">08.03.2017<\/td>\n\t<\/tr>\n\t<tr class=\"row-8 even\">\n\t\t<td class=\"column-1\">\u017dofia Lackov\u00e1<\/td><td class=\"column-2\">022017<\/td><td class=\"column-3\">108,00<\/td><td class=\"column-4\">08.03.2017<\/td>\n\t<\/tr>\n\t<tr class=\"row-9 odd\">\n\t\t<td class=\"column-1\">Dov\u00e1\u013e s.r.o.<\/td><td class=\"column-2\">170002<\/td><td class=\"column-3\">286,00<\/td><td class=\"column-4\">08.03.2017<\/td>\n\t<\/tr>\n\t<tr class=\"row-10 even\">\n\t\t<td class=\"column-1\">SPOOL a.s.<\/td><td class=\"column-2\">920170166<\/td><td class=\"column-3\">13,00<\/td><td class=\"column-4\">15.03.2017<\/td>\n\t<\/tr>\n\t<tr class=\"row-11 odd\">\n\t\t<td class=\"column-1\">RNDr. Lipt\u00e1kov\u00e1<\/td><td class=\"column-2\">4011700017<\/td><td class=\"column-3\">132,40<\/td><td class=\"column-4\">16.03.2017<\/td>\n\t<\/tr>\n\t<tr class=\"row-12 even\">\n\t\t<td class=\"column-1\">Pavol Pocklan<\/td><td class=\"column-2\">170017<\/td><td class=\"column-3\">348,60<\/td><td class=\"column-4\">20.03.2017<\/td>\n\t<\/tr>\n\t<tr class=\"row-13 odd\">\n\t\t<td class=\"column-1\">VSE<\/td><td class=\"column-2\">2840024066<\/td><td class=\"column-3\">392,58<\/td><td class=\"column-4\">20.03.2017<\/td>\n\t<\/tr>\n\t<tr class=\"row-14 even\">\n\t\t<td class=\"column-1\">VSE<\/td><td class=\"column-2\">5101009546<\/td><td class=\"column-3\">15,66<\/td><td class=\"column-4\">20.03.2017<\/td>\n\t<\/tr>\n\t<tr class=\"row-15 odd\">\n\t\t<td class=\"column-1\">Petit Pres<\/td><td class=\"column-2\">1730200801<\/td><td class=\"column-3\">209,99<\/td><td class=\"column-4\">20.03.2017<\/td>\n\t<\/tr>\n\t<tr class=\"row-16 even\">\n\t\t<td class=\"column-1\">ESV plus<\/td><td class=\"column-2\">74\/2017<\/td><td class=\"column-3\">65,94<\/td><td class=\"column-4\">20.03.2017<\/td>\n\t<\/tr>\n\t<tr class=\"row-17 odd\">\n\t\t<td class=\"column-1\">ESV plus<\/td><td class=\"column-2\">75\/2017<\/td><td class=\"column-3\">15,26<\/td><td class=\"column-4\">20.03.2017<\/td>\n\t<\/tr>\n\t<tr class=\"row-18 even\">\n\t\t<td class=\"column-1\">Stiefel Bratislava<\/td><td class=\"column-2\">171212354<\/td><td class=\"column-3\">190,50<\/td><td class=\"column-4\">24.03.2017<\/td>\n\t<\/tr>\n\t<tr class=\"row-19 odd\">\n\t\t<td class=\"column-1\">Mgr. Hana Dobrock\u00e1<\/td><td class=\"column-2\">150100366<\/td><td class=\"column-3\">85,00<\/td><td class=\"column-4\">24.03.2017<\/td>\n\t<\/tr>\n\t<tr class=\"row-20 even\">\n\t\t<td class=\"column-1\">Z\u0160 Kub\u00ednyiho Lc<\/td><td class=\"column-2\">2\/3\/2017<\/td><td class=\"column-3\">170,88<\/td><td class=\"column-4\">29.03.2017<\/td>\n\t<\/tr>\n\t<tr class=\"row-21 odd\">\n\t\t<td class=\"column-1\">Z\u0160 Kub\u00ednyiho Lc<\/td><td class=\"column-2\">1\/3\/2017<\/td><td class=\"column-3\">1582,74<\/td><td class=\"column-4\">29.03.2017<\/td>\n\t<\/tr>\n\t<tr class=\"row-22 even\">\n\t\t<td class=\"column-1\">Krp\u010diar Pavel<\/td><td class=\"column-2\">1\/3\/2017\/PS<\/td><td class=\"column-3\">50,00<\/td><td class=\"column-4\">29.03.2017<\/td>\n\t<\/tr>\n\t<tr class=\"row-23 odd\">\n\t\t<td class=\"column-1\">Z\u0160 Kub\u00ednyiho Lc<\/td><td class=\"column-2\">1\/4\/2017<\/td><td class=\"column-3\">144,00<\/td><td class=\"column-4\">29.03.2017<\/td>\n\t<\/tr>\n<\/tbody>\n<\/table>\n<\/strong><\/p>\n","protected":false},"excerpt":{"rendered":"","protected":false},"author":1,"featured_media":0,"parent":6146,"menu_order":0,"comment_status":"closed","ping_status":"closed","template":"","meta":{"ngg_post_thumbnail":0,"footnotes":""},"class_list":["post-6160","page","type-page","status-publish","hentry"],"aioseo_notices":[],"_links":{"self":[{"href":"https:\/\/www.czslc.sk\/index.php?rest_route=\/wp\/v2\/pages\/6160","targetHints":{"allow":["GET"]}}],"collection":[{"href":"https:\/\/www.czslc.sk\/index.php?rest_route=\/wp\/v2\/pages"}],"about":[{"href":"https:\/\/www.czslc.sk\/index.php?rest_route=\/wp\/v2\/types\/page"}],"author":[{"embeddable":true,"href":"https:\/\/www.czslc.sk\/index.php?rest_route=\/wp\/v2\/users\/1"}],"replies":[{"embeddable":true,"href":"https:\/\/www.czslc.sk\/index.php?rest_route=%2Fwp%2Fv2%2Fcomments&post=6160"}],"version-history":[{"count":2,"href":"https:\/\/www.czslc.sk\/index.php?rest_route=\/wp\/v2\/pages\/6160\/revisions"}],"predecessor-version":[{"id":6735,"href":"https:\/\/www.czslc.sk\/index.php?rest_route=\/wp\/v2\/pages\/6160\/revisions\/6735"}],"up":[{"embeddable":true,"href":"https:\/\/www.czslc.sk\/index.php?rest_route=\/wp\/v2\/pages\/6146"}],"wp:attachment":[{"href":"https:\/\/www.czslc.sk\/index.php?rest_route=%2Fwp%2Fv2%2Fmedia&parent=6160"}],"curies":[{"name":"wp","href":"https:\/\/api.w.org\/{rel}","templated":true}]}}