{"id":6149,"date":"2017-04-19T08:39:20","date_gmt":"2017-04-19T06:39:20","guid":{"rendered":"http:\/\/www.czslc.sk\/?page_id=6149"},"modified":"2017-04-19T08:39:20","modified_gmt":"2017-04-19T06:39:20","slug":"uspechy-ziakov-20152016","status":"publish","type":"page","link":"https:\/\/www.czslc.sk\/?page_id=6149","title":{"rendered":"\u00daspechy \u017eiakov  2015\/2016"},"content":{"rendered":"<p><strong>&nbsp;1. Obvodn\u00e9 kolo v&nbsp;cezpo\u013enom behu \u017eiakov a&nbsp;\u017eia\u010dok Z\u0160 a&nbsp;S\u0160&nbsp; &#8211; 6.10.2015<\/strong><\/p>\n<p><strong>&nbsp;&nbsp;&nbsp; Kateg\u00f3ria \u017eia\u010dky Z\u0160<\/strong><\/p>\n<p>3.miesto: Vikt\u00f3ria Berkyov\u00e1 \u2013 9.A<\/p>\n<p>8.miesto: Krist\u00edna Kov\u00e1\u010dikov\u00e1 \u2013 6.A<\/p>\n<p>10.miesto: Dorota Kan\u00e1tov\u00e1 \u2013 9.A<\/p>\n<p><strong>&nbsp;&nbsp;&nbsp; Kateg\u00f3ria dru\u017estv\u00e1 \u017eia\u010dok Z\u0160<\/strong><\/p>\n<p><strong>&nbsp;&nbsp;&nbsp;&nbsp;&nbsp;<\/strong>&nbsp;&nbsp;&nbsp;&nbsp;&nbsp;&nbsp;&nbsp;&nbsp;&nbsp;&nbsp;&nbsp;&nbsp;&nbsp; 1.miesto: Vikt\u00f3ria Berkyov\u00e1, Dorota Kan\u00e1tov\u00e1, Krist\u00edna Kov\u00e1\u010dikov\u00e1<\/p>\n<p><strong>2. Novohradsk\u00e9 hry \u2013 1.10.2015 <\/strong><\/p>\n<p>1.miesto: Vikt\u00f3ria Berkyov\u00e1 \u2013 beh na 800m \u2013 9.A<\/p>\n<p>10.miesto: Dorota Kan\u00e1tov\u00e1 \u2013 9.A<\/p>\n<p>11.miesto: Krist\u00edna Kov\u00e1\u010dikov\u00e1 \u2013 6.A<\/p>\n<p>6.miesto: Jelisej Py\u0161kin \u2013 vrh gu\u013eou \u2013 9.A<\/p>\n<p><strong>3. Celoslovensk\u00e1 s\u00fa\u0165a\u017e \u201eSlovensko, krajina v&nbsp;srdci Eur\u00f3py\u201c \u2013 v\u00fdtvarn\u00e1 s\u00fa\u0165a\u017e \u2013 8.10.2015 <\/strong><\/p>\n<p><strong>&nbsp; Kateg\u00f3ria I <\/strong><\/p>\n<p>2.miesto: Lea Cesnakov\u00e1&nbsp; &#8211; 3.A<\/p>\n<p><strong>4. Krajsk\u00e9 kolo v&nbsp;prednese kres\u0165anskej literat\u00fary &#8211; &#8230; a&nbsp;Slovo bolo u&nbsp;Boha &#8230; \u2013 19.11.2015 v&nbsp;Banskej Bystrici<\/strong><\/p>\n<p><strong>II. kateg\u00f3ria&nbsp; &#8211; po\u00e9zia<\/strong><\/p>\n<p>2.miesto: Ter\u00e9zia Kan\u00e1tov\u00e1 \u2013 6.A<\/p>\n<p><strong>5. N\u00e1boj Junior 2015 \u2013 20.11.2015 \u2013 dru\u017estv\u00e1 \u0161k\u00f4l \u2013 GBST Lu\u010denec<\/strong><\/p>\n<p>13. miesto: Marek Jakubi\u0161in \u2013 8.A, Michal Lacko \u2013 9.A, Jozef Mikul\u00e1\u0161 \u2013 8.A, J\u00e1n \u0160prl\u00e1k \u2013 9.A<\/p>\n<p><strong>6. Obvodn\u00e9 kolo v&nbsp;stolnom tenise \u017eiakov Z\u0160&nbsp; &#8211; 8.12.2015 <\/strong><\/p>\n<p>2. miesto: Franti\u0161ek Fekete \u2013 7.A, J\u00e1n \u0160prl\u00e1k \u2013 9.A, Luk\u00e1\u0161 Farka\u0161 \u2013 9.A, Mat\u00fa\u0161 Sab\u00f3&nbsp; -7.A<\/p>\n<p><strong>7. Obvodn\u00e9 kolo olympi\u00e1dy zo SJL \u2013 10.12.2015 \u2013 CV\u010c Magnet <\/strong><\/p>\n<p>7. miesto: Marek Jakubi\u0161in \u2013 8.A<\/p>\n<p><strong>8. Obvodn\u00e9 kolo v&nbsp;anglickom jazyku \u2013 CV\u010c Magnet \u2013 13.1.20156 \u2013 <\/strong><\/p>\n<p><strong>Kateg\u00f3ria&nbsp; 1A <\/strong><\/p>\n<p><strong>&nbsp;<\/strong>&nbsp;&nbsp;&nbsp;&nbsp;&nbsp;&nbsp;&nbsp;&nbsp;&nbsp;&nbsp;&nbsp;&nbsp;&nbsp;&nbsp;&nbsp;&nbsp;&nbsp;&nbsp;&nbsp;&nbsp; 7. miesto: Adri\u00e1n Hanic \u2013 6.A<\/p>\n<p><strong>Kateg\u00f3ria 1B <\/strong><\/p>\n<p><strong>&nbsp;&nbsp;&nbsp;&nbsp;&nbsp;&nbsp;&nbsp;&nbsp;&nbsp;&nbsp;&nbsp;&nbsp;&nbsp;&nbsp;&nbsp;&nbsp;&nbsp;&nbsp;&nbsp;&nbsp; <\/strong>9. miesto: Marek Jakubi\u0161in&nbsp; &#8211; 8.A<\/p>\n<p><strong>9. Obvodn\u00e9 kolo v&nbsp;bedmintone \u2013 \u017eia\u010dky \u2013 18.1.2016<\/strong><\/p>\n<p>6. miesto: Diana Franekov\u00e1 -9.A, Al\u017ebete Resut\u00edkov\u00e1&nbsp; &#8211; 9.A<\/p>\n<p><strong>10. Okresn\u00e9 kolo Matematick\u00e1 olympi\u00e1da \u2013 19.1.2016<\/strong><\/p>\n<p><strong>Kateg\u00f3ria 5<\/strong><\/p>\n<p>2. miesto: Franti\u0161ek Mikul\u00e1\u0161 \u2013 5.A<\/p>\n<p>6. miesto: Matej Jakubi\u0161in \u2013 5.A<strong><br \/>\n<\/strong><\/p>\n<p><strong>11. Okresn\u00e9 kolo v&nbsp;prednese slovenskej povesti \u0160aliansky Ma\u0165ko \u2013 20.1.2016<\/strong><\/p>\n<p><strong>&nbsp;I&nbsp;Kateg\u00f3ria <\/strong><\/p>\n<p>3. miesto: Lea Cesnakov\u00e1&nbsp; &#8211; 3.A<\/p>\n<p><strong>III Kateg\u00f3ria<\/strong><\/p>\n<p><strong>&nbsp;&nbsp;&nbsp;&nbsp;&nbsp;&nbsp;&nbsp;&nbsp;&nbsp;&nbsp;&nbsp;&nbsp;&nbsp;&nbsp;&nbsp;&nbsp;&nbsp;&nbsp;&nbsp;&nbsp;&nbsp;&nbsp;&nbsp; <\/strong>3. miesto: Ter\u00e9zia Kan\u00e1tov\u00e1 \u2013 6.A<\/p>\n<p><strong>12. Obvodn\u00e9 kolo v&nbsp;bedmintone \u2013 \u017eiaci \u2013 22.1.2016<br \/>\n<\/strong><\/p>\n<p>4. miesto: J\u00e1n \u0160prl\u00e1k&nbsp; a&nbsp;Luk\u00e1\u0161 Farka\u0161 \u2013 9.A<\/p>\n<p>6. miesto: Franti\u0161ek Fekete a&nbsp;Mat\u00fa\u0161 Sab\u00f3 \u2013 7.A<\/p>\n<p><strong>13. Okresn\u00e9 kolo v&nbsp;Geografickej olympi\u00e1de \u2013 4.2.2016 <\/strong><\/p>\n<p><strong>&nbsp;Kateg\u00f3ria G <\/strong><\/p>\n<p>3. miesto: Franti\u0161ek Mikul\u00e1\u0161 \u2013 5.A<\/p>\n<p><strong>Kateg\u00f3ria E<\/strong><\/p>\n<p>2. miesto: Jozef \u0160ev\u010d\u00edk \u2013 8.A<\/p>\n<p><strong>14. Okresn\u00e9 kolo Dejepisn\u00e1 olympi\u00e1da \u2013 9.2.2016<br \/>\n<\/strong><\/p>\n<p><strong>Kateg\u00f3ria D<br \/>\n<\/strong><\/p>\n<p>2. miesto: Jozef \u0160ev\u010d\u00edk \u2013 8.A<\/p>\n<p><strong>15. Obvodn\u00e9 kolo Pytagori\u00e1dy \u2013 8.3. &#8211; 9.3.2016 \u2013 <\/strong><\/p>\n<p><strong>Kateg\u00f3ria P3<\/strong><\/p>\n<p>10. miesto: F\u00e1bio G\u00e1lik \u2013 3.A<strong><br \/>\n<\/strong><\/p>\n<p><strong>Kateg\u00f3ria P5<br \/>\n<\/strong><\/p>\n<p>8. miesto: Matej Jakubi\u0161in \u2013 5.A<\/p>\n<p><strong>Kateg\u00f3ria P8<\/strong><\/p>\n<p>2. miesto: Jozef Mikul\u00e1\u0161 \u2013 8.A<\/p>\n<p>3. miesto: Jozef \u0160ev\u010d\u00edk \u2013 8.A<\/p>\n<p>5. miesto: Marek Jakubi\u0161in \u2013 8.A<\/p>\n<p><strong>16. Okresn\u00e9 kolo \u010co vie\u0161 o&nbsp;hviezdach \u2013 4.4.2016 \u2013 CV\u010c Magnet<\/strong><\/p>\n<p><strong>&nbsp;Kateg\u00f3ria I <\/strong><\/p>\n<p>4. miesto: Franti\u0161ek Mikul\u00e1\u0161 \u2013 5.A<\/p>\n<p>11. miesto: Tom\u00e1\u0161 \u0160inko \u2013 5.A<\/p>\n<p><strong>Kateg\u00f3ria II<\/strong><\/p>\n<p>3. miesto: Jozef \u0160ev\u010d\u00edk \u2013 8.A<\/p>\n<p><strong>17. Obvodn\u00e9 kolo \u2013 Matematick\u00e1 olympi\u00e1da \u2013 4.4.2016<\/strong><\/p>\n<p>1. miesto: Jozef Mikul\u00e1\u0161 \u2013 8.A<\/p>\n<p>4. miesto: Marek Jakubi\u0161in \u2013 8.A<\/p>\n<p>6. miesto: Jozef \u0160ev\u010d\u00edk \u2013 8.A<\/p>\n<p><strong>18. Diec\u00e9zne kolo Biblickej olympi\u00e1dy \u2013 7.4.2016 \u2013 Ro\u017e\u0148ava<\/strong><\/p>\n<p>2. miesto: Jozef Mikul\u00e1\u0161, Luk\u00e1\u0161 Farka\u0161, J\u00e1n \u0160prl\u00e1k \u2013 9.A<\/p>\n<p><strong>19. Biblia o\u010dami det\u00ed a&nbsp;ml\u00e1de\u017ee \u2013 7.4.2016 \u2013 Ro\u017e\u0148ava<\/strong><\/p>\n<p><strong>&nbsp;Kateg\u00f3ria Z\u0160 3.-4. ro\u010dn\u00edky<\/strong><\/p>\n<p>1. miesto: Vikt\u00f3ria \u010euricov\u00e1 \u2013 3.A<\/p>\n<p><strong>&nbsp;&nbsp;&nbsp;&nbsp;&nbsp;&nbsp;&nbsp;&nbsp;&nbsp;&nbsp;&nbsp;&nbsp;&nbsp;&nbsp;&nbsp;&nbsp;&nbsp;&nbsp;&nbsp;&nbsp;&nbsp;&nbsp;&nbsp;&nbsp; <\/strong>3. miesto: Dominika Vargicov\u00e1 \u2013 3.A<\/p>\n<p><strong>Kateg\u00f3ria Z\u0160 5. \u2013 6. Ro\u010dn\u00edky<\/strong><\/p>\n<p><strong>&nbsp;&nbsp;&nbsp;&nbsp;&nbsp;&nbsp;&nbsp;&nbsp;&nbsp;&nbsp;&nbsp;&nbsp;&nbsp;&nbsp;&nbsp;&nbsp;&nbsp;&nbsp;&nbsp;&nbsp;&nbsp;&nbsp;&nbsp;&nbsp; <\/strong>3. miesto: Peter Balko \u2013 5.A<\/p>\n<p><strong>20. Region\u00e1lna s\u00fa\u0165a\u017e v&nbsp;umeleckom prednese pr\u00f3zy \u2013 Hviezdoslavov Kub\u00edn \u2013 12.4.2016<\/strong><\/p>\n<p><strong>&nbsp;&nbsp;&nbsp;&nbsp;&nbsp;&nbsp;&nbsp;&nbsp;&nbsp;&nbsp;&nbsp;&nbsp;&nbsp;&nbsp;&nbsp;&nbsp;&nbsp;&nbsp;&nbsp;&nbsp;&nbsp;&nbsp;&nbsp;&nbsp;&nbsp;&nbsp; <\/strong>3. miesto: Dorota Kan\u00e1tov\u00e1 \u2013 9.A<\/p>\n<p><strong>21. Okresn\u00e9 kolo v&nbsp;BIO olympi\u00e1da \u2013 12.4.2016 \u2013 CV\u010c Magnet <\/strong><\/p>\n<p><strong>&nbsp;Botanika<\/strong><\/p>\n<p>5.miesto: Patronela Paulenkov\u00e1 \u2013 8.A<\/p>\n<p><strong>&nbsp;Geol\u00f3gia <\/strong><\/p>\n<p><strong>&nbsp;<\/strong><\/p>\n<p><strong>&nbsp;<\/strong><\/p>\n","protected":false},"excerpt":{"rendered":"<p>&nbsp;1. Obvodn\u00e9 kolo v&nbsp;cezpo\u013enom behu \u017eiakov a&nbsp;\u017eia\u010dok Z\u0160 a&nbsp;S\u0160&nbsp; &#8211; 6.10.2015 &nbsp;&nbsp;&nbsp; Kateg\u00f3ria \u017eia\u010dky Z\u0160 3.miesto: Vikt\u00f3ria Berkyov\u00e1 \u2013 9.A 8.miesto: Krist\u00edna Kov\u00e1\u010dikov\u00e1 \u2013 6.A 10.miesto: Dorota Kan\u00e1tov\u00e1 \u2013 9.A &nbsp;&nbsp;&nbsp; Kateg\u00f3ria dru\u017estv\u00e1 \u017eia\u010dok Z\u0160 &nbsp;&nbsp;&nbsp;&nbsp;&nbsp;&nbsp;&nbsp;&nbsp;&nbsp;&nbsp;&nbsp;&nbsp;&nbsp;&nbsp;&nbsp;&nbsp;&nbsp;&nbsp; 1.miesto: Vikt\u00f3ria Berkyov\u00e1, Dorota Kan\u00e1tov\u00e1, Krist\u00edna Kov\u00e1\u010dikov\u00e1 2. Novohradsk\u00e9 hry \u2013 1.10.2015 1.miesto: Vikt\u00f3ria &hellip;<\/p>\n","protected":false},"author":1,"featured_media":0,"parent":0,"menu_order":0,"comment_status":"closed","ping_status":"closed","template":"","meta":{"ngg_post_thumbnail":0,"footnotes":""},"class_list":["post-6149","page","type-page","status-publish","hentry"],"aioseo_notices":[],"_links":{"self":[{"href":"https:\/\/www.czslc.sk\/index.php?rest_route=\/wp\/v2\/pages\/6149","targetHints":{"allow":["GET"]}}],"collection":[{"href":"https:\/\/www.czslc.sk\/index.php?rest_route=\/wp\/v2\/pages"}],"about":[{"href":"https:\/\/www.czslc.sk\/index.php?rest_route=\/wp\/v2\/types\/page"}],"author":[{"embeddable":true,"href":"https:\/\/www.czslc.sk\/index.php?rest_route=\/wp\/v2\/users\/1"}],"replies":[{"embeddable":true,"href":"https:\/\/www.czslc.sk\/index.php?rest_route=%2Fwp%2Fv2%2Fcomments&post=6149"}],"version-history":[{"count":1,"href":"https:\/\/www.czslc.sk\/index.php?rest_route=\/wp\/v2\/pages\/6149\/revisions"}],"predecessor-version":[{"id":6150,"href":"https:\/\/www.czslc.sk\/index.php?rest_route=\/wp\/v2\/pages\/6149\/revisions\/6150"}],"wp:attachment":[{"href":"https:\/\/www.czslc.sk\/index.php?rest_route=%2Fwp%2Fv2%2Fmedia&parent=6149"}],"curies":[{"name":"wp","href":"https:\/\/api.w.org\/{rel}","templated":true}]}}