{"id":39025,"date":"2026-04-16T09:29:13","date_gmt":"2026-04-16T07:29:13","guid":{"rendered":"https:\/\/www.czslc.sk\/?page_id=39025"},"modified":"2026-04-16T09:29:13","modified_gmt":"2026-04-16T07:29:13","slug":"marec-2026","status":"publish","type":"page","link":"https:\/\/www.czslc.sk\/?page_id=39025","title":{"rendered":"Marec 2026"},"content":{"rendered":"\n<table width=\"1540\">\n<tbody>\n<tr>\n<td width=\"84\">Por.\u010d\u00edslo fakt\u00fary<\/td>\n<td width=\"653\">Dod\u00e1vate\u013e:<\/td>\n<td width=\"90\">I\u010cO<\/td>\n<td width=\"140\">Fakt\u00fara \u010d\u00edslo<\/td>\n<td width=\"379\">Popis objednan\u00e9ho plnenia<\/td>\n<td width=\"90\">Suma v EUR<\/td>\n<td width=\"104\">D\u00e1tum doru\u010denia fakt\u00fary<\/td>\n<\/tr>\n<tr>\n<td width=\"84\">DF260037<\/td>\n<td width=\"653\">SIERRA ENTERPRISES, s.r.o., Fi\u013eakovsk\u00e1 cesta 285, 984 01&nbsp; Lu\u010denec<\/td>\n<td width=\"90\">36047856<\/td>\n<td width=\"140\">26600033<\/td>\n<td width=\"379\">\u010distenie OTL<\/td>\n<td width=\"90\">369,00 \u20ac<\/td>\n<td width=\"104\">2.3.2026<\/td>\n<\/tr>\n<tr>\n<td width=\"84\">DF260038<\/td>\n<td width=\"653\">STENEZI, s.r.o, Novohradsk\u00e1 2362\/14, 984 01&nbsp; Lu\u010denec<\/td>\n<td width=\"90\">53250524<\/td>\n<td width=\"140\">20260013<\/td>\n<td width=\"379\">v\u00fdmena okien<\/td>\n<td width=\"90\">1 778,80 \u20ac<\/td>\n<td width=\"104\">3.3.2026<\/td>\n<\/tr>\n<tr>\n<td width=\"84\">DF260039<\/td>\n<td width=\"653\">STENEZI, s.r.o, Novohradsk\u00e1 2362\/14, 984 01&nbsp; Lu\u010denec<\/td>\n<td width=\"90\">53250524<\/td>\n<td width=\"140\">20260014<\/td>\n<td width=\"379\">v\u00fdmena okien<\/td>\n<td width=\"90\">8 723,84 \u20ac<\/td>\n<td width=\"104\">3.3.2026<\/td>\n<\/tr>\n<tr>\n<td width=\"84\">DF260040<\/td>\n<td width=\"653\">J + T, s.r.o., Moyzesova 726\/4, 985 52&nbsp; Div\u00edn<\/td>\n<td width=\"90\">44583176<\/td>\n<td width=\"140\">260034<\/td>\n<td width=\"379\">preprava stravy febru\u00e1r 2026<\/td>\n<td width=\"90\">80,00 \u20ac<\/td>\n<td width=\"104\">3.3.2026<\/td>\n<\/tr>\n<tr>\n<td width=\"84\">DF260041<\/td>\n<td width=\"653\">LUNYS, s.r.o., Hlavn\u00e1 4512\/96, 059 51&nbsp; Poprad<\/td>\n<td width=\"90\">36472549<\/td>\n<td width=\"140\">2619000899<\/td>\n<td width=\"379\">\u0161kolsk\u00e9 mlieko<\/td>\n<td width=\"90\">0,00 \u20ac<\/td>\n<td width=\"104\">3.3.2026<\/td>\n<\/tr>\n<tr>\n<td width=\"84\">DF260042<\/td>\n<td width=\"653\">O2 Slovakia s.r.o., Pribinova 40, 811 09&nbsp; Bratislava<\/td>\n<td width=\"90\">47259116<\/td>\n<td width=\"140\">1551969235<\/td>\n<td width=\"379\">telefonne poplatky janu\u00e1r 2026<\/td>\n<td width=\"90\">78,13 \u20ac<\/td>\n<td width=\"104\">4.3.2026<\/td>\n<\/tr>\n<tr>\n<td width=\"84\">DF260043<\/td>\n<td width=\"653\">Stredoslovensk\u00e1 vod\u00e1rensk\u00e1 prev\u00e1dzkov\u00e1 spolo\u010dnos\u0165, a.s., Partiz\u00e1nska cesta 5, 974 01&nbsp; Bansk\u00e1 Bystrica<\/td>\n<td width=\"90\">36644030<\/td>\n<td width=\"140\">2261042013<\/td>\n<td width=\"379\">vodn\u00e9, sto\u010dn\u00e9<\/td>\n<td width=\"90\">1 249,73 \u20ac<\/td>\n<td width=\"104\">5.3.2026<\/td>\n<\/tr>\n<tr>\n<td width=\"84\">DF260044<\/td>\n<td width=\"653\">Slovensk\u00fd plyn\u00e1rensk\u00fd priemysel, a.s., Mlynsk\u00e9 nivy 44\/a, 825 11&nbsp; Bratislava<\/td>\n<td width=\"90\">35815256<\/td>\n<td>8651383085<\/td>\n<td width=\"379\">zemn\u00fd plyn marec 2026<\/td>\n<td>81,00 \u20ac<\/td>\n<td>5.3.2026<\/td>\n<\/tr>\n<tr>\n<td width=\"84\">DF260045<\/td>\n<td width=\"653\">Ledum Kamara SK, s.r.o., Z\u00e1mock\u00e1 30, 811 01&nbsp; Bratislava<\/td>\n<td width=\"90\">48158836<\/td>\n<td>6226023053<\/td>\n<td width=\"379\">tonery<\/td>\n<td>105,82 \u20ac<\/td>\n<td>5.3.2026<\/td>\n<\/tr>\n<tr>\n<td width=\"84\">DF260046<\/td>\n<td>Detronics, s.r.o., Buzuluck\u00e1 3, 960 01&nbsp; Zvolen<\/td>\n<td>45318565<\/td>\n<td>260111396<\/td>\n<td>pau\u0161\u00e1lny poplatok FiberLine Office Pro za marec 2026<\/td>\n<td>43,05 \u20ac<\/td>\n<td>9.3.2026<\/td>\n<\/tr>\n<tr>\n<td width=\"84\">DF260047<\/td>\n<td width=\"653\">INTA, s.r.o., Ryb\u00e1rska 758\/18, 911 01&nbsp; Tren\u010d\u00edn<\/td>\n<td width=\"90\">34129863<\/td>\n<td width=\"140\">1026020724<\/td>\n<td width=\"379\">odber kuchynsk\u00e9ho odpadu febru\u00e1r 2026<\/td>\n<td width=\"90\">30,75 \u20ac<\/td>\n<td width=\"104\">9.3.2026<\/td>\n<\/tr>\n<tr>\n<td>DF260048<\/td>\n<td>Mgr. Ladislav Kanaba &#8211; ABT, TPO, Malinovsk\u00e9ho 3, 984 03&nbsp; Lu\u010denec<\/td>\n<td>40616495<\/td>\n<td>19\/2026<\/td>\n<td>pr\u00e1ca technika PO a BOZP febru\u00e1r 2026<\/td>\n<td>80,00 \u20ac<\/td>\n<td>9.3.2026<\/td>\n<\/tr>\n<tr>\n<td width=\"84\">DF260049<\/td>\n<td width=\"653\">B-commerce, s.r.o., Stocklova 60\/19, 085 01&nbsp; Bardejov<\/td>\n<td width=\"90\">52424812<\/td>\n<td>9126030970<\/td>\n<td width=\"379\">um\u00fdvac\u00ed prostriedok do um\u00fdva\u010diek riadu<\/td>\n<td>49,10 \u20ac<\/td>\n<td>9.3.2026<\/td>\n<\/tr>\n<tr>\n<td width=\"84\">DF260050<\/td>\n<td>Energie2, a.s., Lazaretsk\u00e1 3a, 811 08&nbsp; Bratislava 1<\/td>\n<td>46113177<\/td>\n<td>8250011019<\/td>\n<td>dod\u00e1vka elektriny marec 2026<\/td>\n<td>300,00 \u20ac<\/td>\n<td>11.3.2026<\/td>\n<\/tr>\n<tr>\n<td width=\"84\">DF260051<\/td>\n<td>Energie2, a.s., Lazaretsk\u00e1 3a, 811 08&nbsp; Bratislava 1<\/td>\n<td>46113177<\/td>\n<td>8250011020<\/td>\n<td>dod\u00e1vka elektriny marec 2026<\/td>\n<td>159,00 \u20ac<\/td>\n<td>11.3.2026<\/td>\n<\/tr>\n<tr>\n<td width=\"84\">DF260052<\/td>\n<td width=\"653\">O2 Slovakia s.r.o., Pribinova 40, 811 09&nbsp; Bratislava<\/td>\n<td width=\"90\">47259116<\/td>\n<td width=\"140\">1551988636<\/td>\n<td width=\"379\">telefonne poplatky febru\u00e1r 2026<\/td>\n<td width=\"90\">78,13 \u20ac<\/td>\n<td width=\"104\">13.3.2026<\/td>\n<\/tr>\n<tr>\n<td width=\"84\">DF260053<\/td>\n<td width=\"653\">Brantner Gemer, s.r.o., Ko\u0161ick\u00e1 cesta 344, 979 01&nbsp; Rimavsk\u00e1 Sobota<\/td>\n<td width=\"90\">36021211<\/td>\n<td width=\"140\">1562600465<\/td>\n<td width=\"379\">zne\u0161kodnenie odpadu&nbsp; &#8211; laborat\u00f3rne chemik\u00e1lie<\/td>\n<td width=\"90\">1390,88<\/td>\n<td width=\"104\">16.3.2026<\/td>\n<\/tr>\n<tr>\n<td width=\"84\">DF260054<\/td>\n<td>Energie2, a.s., Lazaretsk\u00e1 3a, 811 08&nbsp; Bratislava 1<\/td>\n<td>46113177<\/td>\n<td>2260009068<\/td>\n<td>dod\u00e1vka elektriny febru\u00e1r 2026 &#8211; vy\u00fa\u010dtovanie<\/td>\n<td>64,70 \u20ac<\/td>\n<td>23.3.2026<\/td>\n<\/tr>\n<tr>\n<td width=\"84\">DF260055<\/td>\n<td>Energie2, a.s., Lazaretsk\u00e1 3a, 811 08&nbsp; Bratislava 1<\/td>\n<td>46113177<\/td>\n<td>2260009069<\/td>\n<td>dod\u00e1vka elektriny febru\u00e1r 2026 &#8211; vy\u00fa\u010dtovanie<\/td>\n<td>47,44 \u20ac<\/td>\n<td>23.3.2026<\/td>\n<\/tr>\n<tr>\n<td width=\"84\">DF260056<\/td>\n<td width=\"653\">Neziskov\u00e1 organiz\u00e1cia VESNA, Smolenick\u00e1 3048\/14, 851 05&nbsp; Bratislava<\/td>\n<td width=\"90\">45739153<\/td>\n<td width=\"140\">40180326<\/td>\n<td width=\"379\">Semin\u00e1r: Pracovnopr\u00e1vne vz\u0165ahy<\/td>\n<td width=\"90\">39,97 \u20ac<\/td>\n<td width=\"104\">24.3.2026<\/td>\n<\/tr>\n<tr>\n<td width=\"84\">DF260057<\/td>\n<td width=\"653\">Dr. Josef Raabe Slovensko, s.r.o., Heydukova 12-14, 811 08&nbsp; Bratislava<\/td>\n<td width=\"90\">35908718<\/td>\n<td width=\"140\">202603255<\/td>\n<td width=\"379\">Kurikulum v z\u00e1kladnej \u0161kole \u010d. 2<\/td>\n<td width=\"90\">43,30 \u20ac<\/td>\n<td width=\"104\">24.3.2026<\/td>\n<\/tr>\n<tr>\n<td width=\"84\">DF260058<\/td>\n<td width=\"653\">\u0160EVT a.s., Vajnorsk\u00e1 100\/A, 831 04&nbsp; Bratislava &#8211; mestsk\u00e1 \u010das\u0165 Nov\u00e9 Mesto<\/td>\n<td width=\"90\">31331131<\/td>\n<td width=\"140\">2262201390<\/td>\n<td width=\"379\">kronika<\/td>\n<td width=\"90\">72,19<\/td>\n<td width=\"104\">26.3.2026<\/td>\n<\/tr>\n<tr>\n<td width=\"84\">DF260059<\/td>\n<td width=\"653\">Valman, s.r.o., Nov\u00fd Svet 27, 974 01&nbsp; Bansk\u00e1 Bystrica<\/td>\n<td width=\"90\">44473761<\/td>\n<td width=\"140\">26220651<\/td>\n<td width=\"379\">\u0161kolsk\u00e9 ovocie<\/td>\n<td width=\"90\">0,00 \u20ac<\/td>\n<td width=\"104\">30.3.2026<\/td>\n<\/tr>\n<tr>\n<td width=\"84\">DF260060<\/td>\n<td width=\"653\">S\u00fakromn\u00e1 z\u00e1kladn\u00e1 \u0161kola s materskou \u0161kolou DSA, N\u00e1mestie Kub\u00ednyiho 42\/6, 984 01&nbsp; Lu\u010denec<\/td>\n<td width=\"90\">35991607<\/td>\n<td width=\"140\">32026<\/td>\n<td width=\"379\">re\u017eijn\u00e9 n\u00e1klady na stravu zamestnanci 03\/2026<\/td>\n<td width=\"90\">448,80 \u20ac<\/td>\n<td width=\"104\">31.3.2026<\/td>\n<\/tr>\n<tr>\n<td width=\"84\">DF260061<\/td>\n<td width=\"653\">S\u00fakromn\u00e1 z\u00e1kladn\u00e1 \u0161kola s materskou \u0161kolou DSA, N\u00e1mestie Kub\u00ednyiho 42\/6, 984 01&nbsp; Lu\u010denec<\/td>\n<td width=\"90\">35991607<\/td>\n<td width=\"140\">032026 RN<\/td>\n<td width=\"379\">re\u017eijn\u00e9 n\u00e1klady na stravu \u017eiaci 03\/2026<\/td>\n<td width=\"90\">1 092,40 \u20ac<\/td>\n<td width=\"104\">31.3.2026<\/td>\n<\/tr>\n<tr>\n<td width=\"84\">DF260062<\/td>\n<td width=\"653\">S\u00fakromn\u00e1 z\u00e1kladn\u00e1 \u0161kola s materskou \u0161kolou DSA, N\u00e1mestie Kub\u00ednyiho 42\/6, 984 01&nbsp; Lu\u010denec<\/td>\n<td width=\"90\">35991607<\/td>\n<td width=\"140\">32026<\/td>\n<td width=\"379\">dodan\u00e1 strava 03\/2026<\/td>\n<td width=\"90\">6 185,50 \u20ac<\/td>\n<td width=\"104\">31.3.2026<\/td>\n<\/tr>\n<tr>\n<td width=\"84\">DF260063<\/td>\n<td width=\"653\">Intersystem EU s.r.o., Dukelsk\u00e1 295\/34, 014 01&nbsp; Byt\u010da<\/td>\n<td width=\"90\">46186123<\/td>\n<td width=\"140\">20260019<\/td>\n<td width=\"379\">dod\u00e1vka a pokl\u00e1dka dla\u017eby v zadnej \u010dasti \u0161kolsk\u00e9ho dvora<\/td>\n<td width=\"90\">6 684,91 \u20ac<\/td>\n<td width=\"104\">31.3.2026<\/td>\n<\/tr>\n<tr>\n<td width=\"84\">DF260064<\/td>\n<td width=\"653\">Intersystem EU s.r.o., Dukelsk\u00e1 295\/34, 014 01&nbsp; Byt\u010da<\/td>\n<td width=\"90\">46186123<\/td>\n<td width=\"140\">20260020<\/td>\n<td width=\"379\">oprava, \u00fadr\u017eba \u0161kolsk\u00e9ho dvora<\/td>\n<td width=\"90\">6 082,35 \u20ac<\/td>\n<td width=\"104\">31.3.2026<\/td>\n<\/tr>\n<\/tbody>\n<\/table>\n","protected":false},"excerpt":{"rendered":"<p>Por.\u010d\u00edslo fakt\u00fary Dod\u00e1vate\u013e: I\u010cO Fakt\u00fara \u010d\u00edslo Popis objednan\u00e9ho plnenia Suma v EUR D\u00e1tum doru\u010denia fakt\u00fary DF260037 SIERRA ENTERPRISES, s.r.o., Fi\u013eakovsk\u00e1 cesta 285, 984 01&nbsp; Lu\u010denec 36047856 26600033 \u010distenie OTL 369,00 \u20ac 2.3.2026 DF260038 STENEZI, s.r.o, Novohradsk\u00e1 2362\/14, 984 01&nbsp; Lu\u010denec 53250524 20260013 v\u00fdmena okien 1 778,80 \u20ac 3.3.2026 DF260039 STENEZI, &hellip;<\/p>\n","protected":false},"author":1,"featured_media":0,"parent":0,"menu_order":0,"comment_status":"closed","ping_status":"closed","template":"","meta":{"ngg_post_thumbnail":0,"footnotes":""},"class_list":["post-39025","page","type-page","status-publish","hentry"],"aioseo_notices":[],"_links":{"self":[{"href":"https:\/\/www.czslc.sk\/index.php?rest_route=\/wp\/v2\/pages\/39025","targetHints":{"allow":["GET"]}}],"collection":[{"href":"https:\/\/www.czslc.sk\/index.php?rest_route=\/wp\/v2\/pages"}],"about":[{"href":"https:\/\/www.czslc.sk\/index.php?rest_route=\/wp\/v2\/types\/page"}],"author":[{"embeddable":true,"href":"https:\/\/www.czslc.sk\/index.php?rest_route=\/wp\/v2\/users\/1"}],"replies":[{"embeddable":true,"href":"https:\/\/www.czslc.sk\/index.php?rest_route=%2Fwp%2Fv2%2Fcomments&post=39025"}],"version-history":[{"count":1,"href":"https:\/\/www.czslc.sk\/index.php?rest_route=\/wp\/v2\/pages\/39025\/revisions"}],"predecessor-version":[{"id":39026,"href":"https:\/\/www.czslc.sk\/index.php?rest_route=\/wp\/v2\/pages\/39025\/revisions\/39026"}],"wp:attachment":[{"href":"https:\/\/www.czslc.sk\/index.php?rest_route=%2Fwp%2Fv2%2Fmedia&parent=39025"}],"curies":[{"name":"wp","href":"https:\/\/api.w.org\/{rel}","templated":true}]}}