{"id":38971,"date":"2026-03-22T11:04:27","date_gmt":"2026-03-22T09:04:27","guid":{"rendered":"https:\/\/www.czslc.sk\/?page_id=38971"},"modified":"2026-03-22T11:04:27","modified_gmt":"2026-03-22T09:04:27","slug":"december-2025","status":"publish","type":"page","link":"https:\/\/www.czslc.sk\/?page_id=38971","title":{"rendered":"December 2025"},"content":{"rendered":"\n<p><\/p>\n\n\n\n<table width=\"1485\">\n<tbody>\n<tr>\n<td width=\"84\">Por.\u010d\u00edslo fakt\u00fary<\/td>\n<td width=\"598\">Dod\u00e1vate\u013e:<\/td>\n<td width=\"90\">I\u010cO<\/td>\n<td width=\"140\">Fakt\u00fara \u010d\u00edslo<\/td>\n<td width=\"379\">Popis objednan\u00e9ho plnenia<\/td>\n<td width=\"90\">Suma v EUR<\/td>\n<td width=\"104\">D\u00e1tum doru\u010denia fakt\u00fary<\/td>\n<\/tr>\n<tr>\n<td width=\"84\">DF250235<\/td>\n<td width=\"598\">ECLIPSERA, s.r.o., Termesivy 41, 580 01&nbsp; Havl\u00ed\u010dkuv Brod, \u010cesk\u00e1 republika<\/td>\n<td width=\"90\">28812662<\/td>\n<td width=\"140\">41712277<\/td>\n<td width=\"379\">u\u010debn\u00e9 pom\u00f4cky<\/td>\n<td width=\"90\">123,30 \u20ac<\/td>\n<td width=\"104\">1.12.2025<\/td>\n<\/tr>\n<tr>\n<td width=\"84\">DF250236<\/td>\n<td width=\"598\">Dr. Josef Raabe Slovensko, s.r.o., Heydukova 12-14, 811 08&nbsp; Bratislava<\/td>\n<td width=\"90\">35908718<\/td>\n<td width=\"140\">202518074<\/td>\n<td width=\"379\">kniha<\/td>\n<td width=\"90\">63,00 \u20ac<\/td>\n<td width=\"104\">1.12.2025<\/td>\n<\/tr>\n<tr>\n<td width=\"84\">DF250237<\/td>\n<td width=\"598\">Scholaris, s.r.o., Kalv\u00e1ria 3, 949 01&nbsp; Nitra 1<\/td>\n<td>46324844<\/td>\n<td>F25578<\/td>\n<td width=\"379\">u\u010debn\u00e9 pom\u00f4cky<\/td>\n<td>113,71 \u20ac<\/td>\n<td>1.12.2025<\/td>\n<\/tr>\n<tr>\n<td>DF250238<\/td>\n<td>Mgr. Ladislav Kanaba &#8211; ABT, TPO, Malinovsk\u00e9ho 3, 984 03&nbsp; Lu\u010denec<\/td>\n<td>40616495<\/td>\n<td>98\/2025<\/td>\n<td>pr\u00e1ca technika PO a BOZP november 2025<\/td>\n<td>80,00 \u20ac<\/td>\n<td>2.12.2025<\/td>\n<\/tr>\n<tr>\n<td width=\"84\">DF250239<\/td>\n<td width=\"598\">Energie2, a.s., Lazaretsk\u00e1 3a, 811 08&nbsp; Bratislava 1<\/td>\n<td width=\"90\">46113177<\/td>\n<td width=\"140\">8240017746<\/td>\n<td width=\"379\">spotreba plynu december 2025<\/td>\n<td width=\"90\">841,00 \u20ac<\/td>\n<td width=\"104\">2.12.2025<\/td>\n<\/tr>\n<tr>\n<td width=\"84\">DF250240<\/td>\n<td width=\"598\">LUNYS, s.r.o., Hlavn\u00e1 4512\/96, 059 51&nbsp; Poprad<\/td>\n<td width=\"90\">36472549<\/td>\n<td width=\"140\">2519003780<\/td>\n<td width=\"379\">\u0161kolsk\u00e9 mlieko<\/td>\n<td width=\"90\">0,00 \u20ac<\/td>\n<td width=\"104\">2.12.2025<\/td>\n<\/tr>\n<tr>\n<td width=\"84\">DF250241<\/td>\n<td width=\"598\">Tibor Varga TSV PAPIER, Vajansk\u00e9ho 80, 841 01&nbsp; Lu\u010denec<\/td>\n<td width=\"90\">32627211<\/td>\n<td width=\"140\">190377184<\/td>\n<td width=\"379\">kancel\u00e1rske potreby, materi\u00e1l, \u010distiace prostriedky<\/td>\n<td width=\"90\">299,39 \u20ac<\/td>\n<td width=\"104\">3.12.2025<\/td>\n<\/tr>\n<tr>\n<td width=\"84\">DF250242<\/td>\n<td width=\"598\">fpoho, s.r.o., K\u00e1lov 356, 010 01&nbsp; \u017dilina<\/td>\n<td width=\"90\">56214863<\/td>\n<td width=\"140\">3025319243<\/td>\n<td width=\"379\">stravenky<\/td>\n<td width=\"90\">1 085,59 \u20ac<\/td>\n<td width=\"104\">3.12.2025<\/td>\n<\/tr>\n<tr>\n<td width=\"84\">DF250243<\/td>\n<td width=\"598\">B-commerce, s.r.o., Stocklova 60\/19, 085 01&nbsp; Bardejov<\/td>\n<td width=\"90\">52424812<\/td>\n<td width=\"140\">925120548<\/td>\n<td width=\"379\">prostriedky do um\u00fdva\u010dky riadu<\/td>\n<td width=\"90\">82,70 \u20ac<\/td>\n<td width=\"104\">3.12.2025<\/td>\n<\/tr>\n<tr>\n<td width=\"84\">DF250244<\/td>\n<td width=\"598\">J + T, s.r.o., Moyzesova 726\/4, 985 52&nbsp; Div\u00edn<\/td>\n<td width=\"90\">44583176<\/td>\n<td width=\"140\">250277<\/td>\n<td width=\"379\">preprava stravy 11\/2025<\/td>\n<td width=\"90\">80,00 \u20ac<\/td>\n<td width=\"104\">3.12.2025<\/td>\n<\/tr>\n<tr>\n<td width=\"84\">DF250245<\/td>\n<td width=\"598\">INTA, s.r.o., Ryb\u00e1rska 758\/18, 911 01&nbsp; Tren\u010d\u00edn<\/td>\n<td width=\"90\">34129863<\/td>\n<td width=\"140\">1025110409<\/td>\n<td width=\"379\">odber kuchynsk\u00e9ho odpadu 11\/2025<\/td>\n<td width=\"90\">30,75 \u20ac<\/td>\n<td width=\"104\">4.12.2025<\/td>\n<\/tr>\n<tr>\n<td width=\"84\">DF250246<\/td>\n<td>Detronics, s.r.o., Buzuluck\u00e1 3, Zvolen<\/td>\n<td>45318565<\/td>\n<td>250148729<\/td>\n<td>pau\u0161\u00e1lny poplatok FiberLine Office Pro za december 2025<\/td>\n<td>43,05 \u20ac<\/td>\n<td>5.12.2025<\/td>\n<\/tr>\n<tr>\n<td width=\"84\">DF250247<\/td>\n<td>Energetika Slovensko, a.s., Mlynsk\u00e1 31, 042 91&nbsp; Ko\u0161ice<\/td>\n<td>44483767<\/td>\n<td>7292881820<\/td>\n<td>elektrina 11\/2025<\/td>\n<td>698,27 \u20ac<\/td>\n<td>5.12.2025<\/td>\n<\/tr>\n<tr>\n<td width=\"84\">DF250248<\/td>\n<td width=\"598\">Valman, s.r.o., Nov\u00fd Svet 27, 974 01&nbsp; Bansk\u00e1 Bystrica<\/td>\n<td width=\"90\">44473761<\/td>\n<td width=\"140\">25222331<\/td>\n<td width=\"379\">\u0161kolsk\u00e9 ovocie<\/td>\n<td width=\"90\">0,00 \u20ac<\/td>\n<td width=\"104\">8.12.2028<\/td>\n<\/tr>\n<tr>\n<td width=\"84\">DF250249<\/td>\n<td width=\"598\">SPOOL, a.s., Dr. Herza \u010d. 23, 984 01&nbsp; Lu\u010denec<\/td>\n<td width=\"90\">31586392<\/td>\n<td width=\"140\">920250517<\/td>\n<td width=\"379\">pou\u017e\u00edvanie \u0161portovej haly november 2025<\/td>\n<td width=\"90\">75,00 \u20ac<\/td>\n<td width=\"104\">9.12.2025<\/td>\n<\/tr>\n<tr>\n<td width=\"84\">DF250250<\/td>\n<td width=\"598\">\u0160kola.sk, s.r.o., Odbor\u00e1rska 21, 831 02&nbsp; Bratislava 3<\/td>\n<td width=\"90\">50293893<\/td>\n<td width=\"140\">25FV0527<\/td>\n<td width=\"379\">u\u010debn\u00e9 pom\u00f4cky<\/td>\n<td width=\"90\">98,40 \u20ac<\/td>\n<td width=\"104\">9.12.2025<\/td>\n<\/tr>\n<tr>\n<td width=\"84\">DF250251<\/td>\n<td width=\"598\">MBTECH BB s.r.o., Priemyseln\u00e1 ulica 15449\/2, 974 01&nbsp; Bansk\u00e1 Bystrica<\/td>\n<td width=\"90\">36622524<\/td>\n<td width=\"140\">202617482<\/td>\n<td width=\"379\">Elite Display 5th gen 75&#8243;<\/td>\n<td width=\"90\">1 481,00 \u20ac<\/td>\n<td width=\"104\">9.12.2025<\/td>\n<\/tr>\n<tr>\n<td width=\"84\">DF250252<\/td>\n<td width=\"598\">MBTECH BB s.r.o., Priemyseln\u00e1 ulica 15449\/2, 974 01&nbsp; Bansk\u00e1 Bystrica<\/td>\n<td width=\"90\">36622524<\/td>\n<td width=\"140\">202617483<\/td>\n<td width=\"379\">ElitePC<\/td>\n<td width=\"90\">450,00 \u20ac<\/td>\n<td width=\"104\">9.12.2025<\/td>\n<\/tr>\n<tr>\n<td width=\"84\">DF250253<\/td>\n<td width=\"598\">osobnyudaj.sk, s.r.o., Mlynsk\u00e9 Nivy 5, 921 09&nbsp; Bratislava &#8211; mestsk\u00e1 \u010das\u0165 Ru\u017einov<\/td>\n<td width=\"90\">50528041<\/td>\n<td width=\"140\">1025030919<\/td>\n<td width=\"379\">v\u00fdkon zodpovednej osoby&nbsp;<\/td>\n<td width=\"90\">36,90 \u20ac<\/td>\n<td width=\"104\">10.12.2025<\/td>\n<\/tr>\n<tr>\n<td>DF250254<\/td>\n<td>O2 Slovakia, s.r.o., Pribinova 40, 811 09&nbsp; Bratislava<\/td>\n<td>47259116<\/td>\n<td>1431953412<\/td>\n<td>telekomunika\u010dn\u00e9 slu\u017eby 11\/2025<\/td>\n<td>71,13 \u20ac<\/td>\n<td>10.12.2025<\/td>\n<\/tr>\n<tr>\n<td width=\"84\">DF250255<\/td>\n<td width=\"598\">Daffer spol. s r.o., V\u010del\u00e1rska 1, 971 01&nbsp; Prievidza<\/td>\n<td width=\"90\">36320439<\/td>\n<td width=\"140\">Z251200280<\/td>\n<td width=\"379\">\u0161kolsk\u00e9 lavice, \u0161kolsk\u00e9 stoli\u010dky<\/td>\n<td width=\"90\">3 129,00 \u20ac<\/td>\n<td width=\"104\">12.12.2025<\/td>\n<\/tr>\n<tr>\n<td width=\"84\">DF250256<\/td>\n<td width=\"598\">LUNYS, s.r.o., Hlavn\u00e1 4512\/96, 059 51&nbsp; Poprad<\/td>\n<td width=\"90\">36472549<\/td>\n<td width=\"140\">2519004384<\/td>\n<td width=\"379\">\u0161kolsk\u00e9 mlieko<\/td>\n<td width=\"90\">0,00 \u20ac<\/td>\n<td width=\"104\">16.12.2025<\/td>\n<\/tr>\n<tr>\n<td width=\"84\">DF250257<\/td>\n<td width=\"598\">Ren\u00e9 Ballo, Z\u00e1vada 29, 991 21<\/td>\n<td width=\"90\">41282582<\/td>\n<td width=\"140\">2025120017<\/td>\n<td width=\"379\">\u0161achov\u00fd kr\u00fa\u017eok<\/td>\n<td width=\"90\">90,00 \u20ac<\/td>\n<td width=\"104\">18.12.2025<\/td>\n<\/tr>\n<tr>\n<td width=\"84\">DF250258<\/td>\n<td width=\"598\">Katol\u00edcke pedagogick\u00e9 a katechetick\u00e9 centrum, n.o., \u017delezni\u010diarov 253\/1, 028 01&nbsp; Trsten\u00e1<\/td>\n<td width=\"90\">35581441<\/td>\n<td width=\"140\">2025210<\/td>\n<td width=\"379\">Biografick\u00e9 u\u010denie v n\u00e1bo\u017eenskej v\u00fdchove&nbsp;<\/td>\n<td width=\"90\">19,00 \u20ac<\/td>\n<td width=\"104\">19.12.2025<\/td>\n<\/tr>\n<tr>\n<td width=\"84\">DF250259<\/td>\n<td width=\"598\">Ing. Ivana Borovkov\u00e1, Hlohovsk\u00e1 cesta 70\/70, 920 41&nbsp; Leopoldov<\/td>\n<td width=\"90\">44506554<\/td>\n<td width=\"140\">2025000349<\/td>\n<td width=\"379\">u\u010debn\u00e9 pom\u00f4cky&nbsp;<\/td>\n<td width=\"90\">79,70 \u20ac<\/td>\n<td width=\"104\">19.12.2025<\/td>\n<\/tr>\n<tr>\n<td width=\"84\">DF250260<\/td>\n<td width=\"598\">Didactive.sk s.r.o., Banc\u00edkovej 1\/A, 821 03&nbsp; Bratislava&nbsp;<\/td>\n<td width=\"90\">50201069<\/td>\n<td>6250836<\/td>\n<td width=\"379\">u\u010debn\u00e9 pom\u00f4cky<\/td>\n<td>97,50 \u20ac<\/td>\n<td>19.12.2025<\/td>\n<\/tr>\n<tr>\n<td width=\"84\">DF250261<\/td>\n<td width=\"598\">Tibor Varga TSV PAPIER, Vajansk\u00e9ho 80, 841 01&nbsp; Lu\u010denec<\/td>\n<td width=\"90\">32627211<\/td>\n<td width=\"140\">190378749<\/td>\n<td width=\"379\">u\u010debn\u00e9 pom\u00f4cky<\/td>\n<td width=\"90\">147,85 \u20ac<\/td>\n<td width=\"104\">19.12.2025<\/td>\n<\/tr>\n<tr>\n<td width=\"84\">DF250262<\/td>\n<td width=\"598\">INSGRAF s.r.o., Kr\u00e1\u013eovsk\u00e1 8, 927 01&nbsp; \u0160a\u013ea<\/td>\n<td width=\"90\">47078839<\/td>\n<td width=\"140\">2512254<\/td>\n<td width=\"379\">u\u010debn\u00e9 pom\u00f4cky<\/td>\n<td width=\"90\">664,48 \u20ac<\/td>\n<td width=\"104\">19.12.2025<\/td>\n<\/tr>\n<tr>\n<td width=\"84\">DF250263<\/td>\n<td width=\"598\">S\u00fakromn\u00e1 z\u00e1kladn\u00e1 \u0161kola s materskou \u0161kolou DSA, N\u00e1mestie Kub\u00ednyiho 42\/6, 984 01&nbsp; Lu\u010denec<\/td>\n<td width=\"90\">35991607<\/td>\n<td width=\"140\">122025<\/td>\n<td width=\"379\">re\u017eijn\u00e9 n\u00e1klady na stravu zamestnanci 12\/2025<\/td>\n<td width=\"90\">296,40 \u20ac<\/td>\n<td width=\"104\">19.12.2025<\/td>\n<\/tr>\n<tr>\n<td width=\"84\">DF250264<\/td>\n<td width=\"598\">S\u00fakromn\u00e1 z\u00e1kladn\u00e1 \u0161kola s materskou \u0161kolou DSA, N\u00e1mestie Kub\u00ednyiho 42\/6, 984 01&nbsp; Lu\u010denec<\/td>\n<td width=\"90\">35991607<\/td>\n<td width=\"140\">122025 RN<\/td>\n<td width=\"379\">re\u017eijn\u00e9 n\u00e1klady na stravu \u017eiaci 12\/2025<\/td>\n<td width=\"90\">755,00 \u20ac<\/td>\n<td width=\"104\">19.12.2025<\/td>\n<\/tr>\n<tr>\n<td width=\"84\">DF250265<\/td>\n<td width=\"598\">S\u00fakromn\u00e1 z\u00e1kladn\u00e1 \u0161kola s materskou \u0161kolou DSA, N\u00e1mestie Kub\u00ednyiho 42\/6, 984 01&nbsp; Lu\u010denec<\/td>\n<td width=\"90\">35991607<\/td>\n<td width=\"140\">122025<\/td>\n<td width=\"379\">dodan\u00e1 strava 12\/2025<\/td>\n<td width=\"90\">4 449,20 \u20ac<\/td>\n<td width=\"104\">19.12.2025<\/td>\n<\/tr>\n<tr>\n<td width=\"84\">DF250266<\/td>\n<td width=\"598\">Peter Kovan s.r.o., Moyzesova 726\/4, 985 52&nbsp; Div\u00edn<\/td>\n<td width=\"90\">50839098<\/td>\n<td>20250165<\/td>\n<td width=\"379\">posedenie<\/td>\n<td>726,00 \u20ac<\/td>\n<td>29.12.2025<\/td>\n<\/tr>\n<tr>\n<td width=\"84\">DF250267<\/td>\n<td width=\"598\">Stredoslovensk\u00e1 vod\u00e1rensk\u00e1 prev\u00e1dzkov\u00e1 spolo\u010dnos\u0165, a.s., Partiz\u00e1nska cesta 5, 974 01&nbsp; Bansk\u00e1 Bystrica<\/td>\n<td width=\"90\">36644030<\/td>\n<td width=\"140\">2251297963<\/td>\n<td width=\"379\">spotreba vody<\/td>\n<td width=\"90\">46,28 \u20ac<\/td>\n<td width=\"104\">2.1.2026<\/td>\n<\/tr>\n<tr>\n<td width=\"84\">DF250268<\/td>\n<td>Energetika Slovensko, a.s., Mlynsk\u00e1 31, 042 91&nbsp; Ko\u0161ice<\/td>\n<td>44483767<\/td>\n<td>7292997704<\/td>\n<td>elektrina 12\/2025<\/td>\n<td>607,58 \u20ac<\/td>\n<td>7.1.2026<\/td>\n<\/tr>\n<tr>\n<td>DF250269<\/td>\n<td>Mgr. Ladislav Kanaba &#8211; ABT, TPO, Malinovsk\u00e9ho 3, 984 03&nbsp; Lu\u010denec<\/td>\n<td>40616495<\/td>\n<td>1\/2026<\/td>\n<td>pr\u00e1ca technika PO a BOZP december 2025<\/td>\n<td>80,00 \u20ac<\/td>\n<td>7.1.2026<\/td>\n<\/tr>\n<tr>\n<td width=\"84\">DF250270<\/td>\n<td width=\"598\">SPOOL, a.s., Dr. Herza \u010d. 23, 984 01&nbsp; Lu\u010denec<\/td>\n<td width=\"90\">31586392<\/td>\n<td width=\"140\">920250572<\/td>\n<td width=\"379\">pou\u017e\u00edvanie \u0161portovej haly december 2025<\/td>\n<td width=\"90\">60,00 \u20ac<\/td>\n<td width=\"104\">12.1.2026<\/td>\n<\/tr>\n<tr>\n<td width=\"84\">DF250271<\/td>\n<td width=\"598\">INTA, s.r.o., Ryb\u00e1rska 758\/18, 911 01&nbsp; Tren\u010d\u00edn<\/td>\n<td width=\"90\">34129863<\/td>\n<td width=\"140\">1025120691<\/td>\n<td width=\"379\">odber kuchynsk\u00e9ho odpadu 12\/2025<\/td>\n<td width=\"90\">30,75 \u20ac<\/td>\n<td width=\"104\">12.1.2026<\/td>\n<\/tr>\n<tr>\n<td width=\"84\">DF250272<\/td>\n<td width=\"598\">J + T, s.r.o., Moyzesova 726\/4, 985 52&nbsp; Div\u00edn<\/td>\n<td width=\"90\">44583176<\/td>\n<td width=\"140\">260003<\/td>\n<td width=\"379\">preprava stravy 12\/2025<\/td>\n<td width=\"90\">70,00 \u20ac<\/td>\n<td width=\"104\">12.1.2026<\/td>\n<\/tr>\n<tr>\n<td width=\"84\">DF250273<\/td>\n<td width=\"598\">Ing. Milan Hric, Alexandra W\u00e1gnera 2515\/38, 984 01&nbsp; Lu\u010denec<\/td>\n<td width=\"90\">47025883<\/td>\n<td>20250775<\/td>\n<td width=\"379\">slu\u017eby v oblasti civilnej ochrany za 4.Q 2025<\/td>\n<td>73,80 \u20ac<\/td>\n<td>13.1.2026<\/td>\n<\/tr>\n<tr>\n<td width=\"84\">DF250274<\/td>\n<td width=\"598\">LUNYS, s.r.o., Hlavn\u00e1 4512\/96, 059 51&nbsp; Poprad<\/td>\n<td width=\"90\">36472549<\/td>\n<td width=\"140\">2519002816<\/td>\n<td width=\"379\">\u0161kolsk\u00e9 mlieko<\/td>\n<td width=\"90\">0,00 \u20ac<\/td>\n<td width=\"104\">14.1.2026<\/td>\n<\/tr>\n<tr>\n<td width=\"84\">DF250275<\/td>\n<td width=\"598\">Energie2, a.s., Lazaretsk\u00e1 3a, 811 08&nbsp; Bratislava 1<\/td>\n<td width=\"90\">46113177<\/td>\n<td width=\"140\">2250066929<\/td>\n<td width=\"379\">vy\u00fa\u010dtovanie spotreby plynu za rok 2025<\/td>\n<td width=\"90\">710,75 \u20ac<\/td>\n<td width=\"104\">29.1.2026<\/td>\n<\/tr>\n<tr>\n<td width=\"84\">DF250276<\/td>\n<td width=\"598\">O2 Slovakia, s.r.o., Pribinova 40, 811 09 Bratislava<\/td>\n<td width=\"90\">47259116<\/td>\n<td width=\"140\">1421922914<\/td>\n<td width=\"379\">telekomunika\u010dn\u00e9 slu\u017eby 12\/2025<\/td>\n<td width=\"90\">71,13 \u20ac<\/td>\n<td width=\"104\">4.2.2026<\/td>\n<\/tr>\n<\/tbody>\n<\/table>\n","protected":false},"excerpt":{"rendered":"<p>Por.\u010d\u00edslo fakt\u00fary Dod\u00e1vate\u013e: I\u010cO Fakt\u00fara \u010d\u00edslo Popis objednan\u00e9ho plnenia Suma v EUR D\u00e1tum doru\u010denia fakt\u00fary DF250235 ECLIPSERA, s.r.o., Termesivy 41, 580 01&nbsp; Havl\u00ed\u010dkuv Brod, \u010cesk\u00e1 republika 28812662 41712277 u\u010debn\u00e9 pom\u00f4cky 123,30 \u20ac 1.12.2025 DF250236 Dr. Josef Raabe Slovensko, s.r.o., Heydukova 12-14, 811 08&nbsp; Bratislava 35908718 202518074 kniha 63,00 \u20ac 1.12.2025 &hellip;<\/p>\n","protected":false},"author":1,"featured_media":0,"parent":0,"menu_order":0,"comment_status":"closed","ping_status":"closed","template":"","meta":{"ngg_post_thumbnail":0,"footnotes":""},"class_list":["post-38971","page","type-page","status-publish","hentry"],"aioseo_notices":[],"_links":{"self":[{"href":"https:\/\/www.czslc.sk\/index.php?rest_route=\/wp\/v2\/pages\/38971","targetHints":{"allow":["GET"]}}],"collection":[{"href":"https:\/\/www.czslc.sk\/index.php?rest_route=\/wp\/v2\/pages"}],"about":[{"href":"https:\/\/www.czslc.sk\/index.php?rest_route=\/wp\/v2\/types\/page"}],"author":[{"embeddable":true,"href":"https:\/\/www.czslc.sk\/index.php?rest_route=\/wp\/v2\/users\/1"}],"replies":[{"embeddable":true,"href":"https:\/\/www.czslc.sk\/index.php?rest_route=%2Fwp%2Fv2%2Fcomments&post=38971"}],"version-history":[{"count":1,"href":"https:\/\/www.czslc.sk\/index.php?rest_route=\/wp\/v2\/pages\/38971\/revisions"}],"predecessor-version":[{"id":38972,"href":"https:\/\/www.czslc.sk\/index.php?rest_route=\/wp\/v2\/pages\/38971\/revisions\/38972"}],"wp:attachment":[{"href":"https:\/\/www.czslc.sk\/index.php?rest_route=%2Fwp%2Fv2%2Fmedia&parent=38971"}],"curies":[{"name":"wp","href":"https:\/\/api.w.org\/{rel}","templated":true}]}}