{"id":38968,"date":"2026-03-22T11:01:19","date_gmt":"2026-03-22T09:01:19","guid":{"rendered":"https:\/\/www.czslc.sk\/?page_id=38968"},"modified":"2026-03-22T11:01:20","modified_gmt":"2026-03-22T09:01:20","slug":"januar-2026","status":"publish","type":"page","link":"https:\/\/www.czslc.sk\/?page_id=38968","title":{"rendered":"Janu\u00e1r 2026"},"content":{"rendered":"\n<table width=\"1485\">\n<tbody>\n<tr>\n<td width=\"84\">Por.\u010d\u00edslo fakt\u00fary<\/td>\n<td width=\"598\">Dod\u00e1vate\u013e:<\/td>\n<td width=\"90\">I\u010cO<\/td>\n<td width=\"140\">Fakt\u00fara \u010d\u00edslo<\/td>\n<td width=\"379\">Popis objednan\u00e9ho plnenia<\/td>\n<td width=\"90\">Suma v EUR<\/td>\n<td width=\"104\">D\u00e1tum doru\u010denia fakt\u00fary<\/td>\n<\/tr>\n<tr>\n<td width=\"84\">DF260001<\/td>\n<td width=\"598\">Jozef Krn\u00e1\u010d, Jasn\u00e1 14, 984 01&nbsp; Lu\u010denec<\/td>\n<td width=\"90\">32615981<\/td>\n<td width=\"140\">1\/2026<\/td>\n<td width=\"379\">kontrola kom\u00ednov a dymovodov<\/td>\n<td width=\"90\">60,00 \u20ac<\/td>\n<td width=\"104\">9.1.2026<\/td>\n<\/tr>\n<tr>\n<td width=\"84\">DF260002<\/td>\n<td>ASC Applied Software Consultants, s.r.o., Svoradova 7, 811 03&nbsp; Bratislava<\/td>\n<td>31361161<\/td>\n<td>9126001644<\/td>\n<td>EduPage eGovernment modul<\/td>\n<td>250,00 \u20ac<\/td>\n<td>12.1.2026<\/td>\n<\/tr>\n<tr>\n<td width=\"84\">DF260003<\/td>\n<td>Energie2, a.s., Lazaretsk\u00e1 3a, 811 08&nbsp; Bratislava 1<\/td>\n<td>46113177<\/td>\n<td>8250011019<\/td>\n<td>dod\u00e1vka elektriny janu\u00e1r 2026<\/td>\n<td>300,00 \u20ac<\/td>\n<td>12.1.2026<\/td>\n<\/tr>\n<tr>\n<td width=\"84\">DF260004<\/td>\n<td>Energie2, a.s., Lazaretsk\u00e1 3a, 811 08&nbsp; Bratislava 1<\/td>\n<td>46113177<\/td>\n<td>8250011020<\/td>\n<td>dod\u00e1vka elektriny janu\u00e1r 2026<\/td>\n<td>159,00 \u20ac<\/td>\n<td>12.1.2026<\/td>\n<\/tr>\n<tr>\n<td width=\"84\">DF260005<\/td>\n<td>Detronics, s.r.o., Buzuluck\u00e1 3, Zvolen<\/td>\n<td>45318565<\/td>\n<td>260103093<\/td>\n<td>pau\u0161\u00e1lny poplatok FiberLine Office Pro za janu\u00e1r 2026<\/td>\n<td>43,05 \u20ac<\/td>\n<td>14.1.2026<\/td>\n<\/tr>\n<tr>\n<td width=\"84\">DF260006<\/td>\n<td width=\"598\">Valman, s.r.o., Nov\u00fd Svet 27, 974 01&nbsp; Bansk\u00e1 Bystrica<\/td>\n<td width=\"90\">44473761<\/td>\n<td width=\"140\">26220122<\/td>\n<td width=\"379\">\u0161kolsk\u00e9 ovocie<\/td>\n<td width=\"90\">0,00 \u20ac<\/td>\n<td width=\"104\">19.1.2026<\/td>\n<\/tr>\n<tr>\n<td width=\"84\">DF260007<\/td>\n<td width=\"598\">Dr. Josef Raabe Slovensko, s.r.o., Heydukova 12-14, 811 08&nbsp; Bratislava<\/td>\n<td width=\"90\">35908718<\/td>\n<td width=\"140\">202600340<\/td>\n<td width=\"379\">Kurikulum v z\u00e1kladnej \u0161kole<\/td>\n<td width=\"90\">43,30 \u20ac<\/td>\n<td width=\"104\">20.1.2026<\/td>\n<\/tr>\n<tr>\n<td width=\"84\">DF260008<\/td>\n<td width=\"598\">Slovensk\u00fd plyn\u00e1rensk\u00fd priemysel, a.s., Mlynsk\u00e9 nivy 44\/a, 825\/11&nbsp; Bratislava<\/td>\n<td width=\"90\">35815256<\/td>\n<td>8602929850<\/td>\n<td width=\"379\">zemn\u00fd plyn janu\u00e1r 2026<\/td>\n<td>81,00 \u20ac<\/td>\n<td>27.1.2026<\/td>\n<\/tr>\n<tr>\n<td width=\"84\">DF260009<\/td>\n<td width=\"598\">fpoho, s.r.o., K\u00e1lov 356, 010 01&nbsp; \u017dilina<\/td>\n<td width=\"90\">56214863<\/td>\n<td width=\"140\">3026301610<\/td>\n<td width=\"379\">poplatky<\/td>\n<td width=\"90\">8,36 \u20ac<\/td>\n<td width=\"104\">29.1.2026<\/td>\n<\/tr>\n<tr>\n<td width=\"84\">DF260010<\/td>\n<td width=\"598\">S\u00fakromn\u00e1 z\u00e1kladn\u00e1 \u0161kola s materskou \u0161kolou DSA, N\u00e1mestie Kub\u00ednyiho 42\/6, 984 01&nbsp; Lu\u010denec<\/td>\n<td width=\"90\">35991607<\/td>\n<td width=\"140\">12026<\/td>\n<td width=\"379\">re\u017eijn\u00e9 n\u00e1klady na stravu zamestnanci 01\/2026<\/td>\n<td width=\"90\">351,60 \u20ac<\/td>\n<td width=\"104\">30.1.2026<\/td>\n<\/tr>\n<tr>\n<td width=\"84\">DF260011<\/td>\n<td width=\"598\">S\u00fakromn\u00e1 z\u00e1kladn\u00e1 \u0161kola s materskou \u0161kolou DSA, N\u00e1mestie Kub\u00ednyiho 42\/6, 984 01&nbsp; Lu\u010denec<\/td>\n<td width=\"90\">35991607<\/td>\n<td width=\"140\">012026 RN<\/td>\n<td width=\"379\">re\u017eijn\u00e9 n\u00e1klady na stravu \u017eiaci 01\/2026<\/td>\n<td width=\"90\">870,00 \u20ac<\/td>\n<td width=\"104\">30.1.2026<\/td>\n<\/tr>\n<tr>\n<td width=\"84\">DF260012<\/td>\n<td width=\"598\">S\u00fakromn\u00e1 z\u00e1kladn\u00e1 \u0161kola s materskou \u0161kolou DSA, N\u00e1mestie Kub\u00ednyiho 42\/6, 984 01&nbsp; Lu\u010denec<\/td>\n<td width=\"90\">35991607<\/td>\n<td width=\"140\">12026<\/td>\n<td width=\"379\">dodan\u00e1 strava 01\/2026<\/td>\n<td width=\"90\">4 966,00 \u20ac<\/td>\n<td width=\"104\">30.1.2026<\/td>\n<\/tr>\n<\/tbody>\n<\/table>\n","protected":false},"excerpt":{"rendered":"<p>Por.\u010d\u00edslo fakt\u00fary Dod\u00e1vate\u013e: I\u010cO Fakt\u00fara \u010d\u00edslo Popis objednan\u00e9ho plnenia Suma v EUR D\u00e1tum doru\u010denia fakt\u00fary DF260001 Jozef Krn\u00e1\u010d, Jasn\u00e1 14, 984 01&nbsp; Lu\u010denec 32615981 1\/2026 kontrola kom\u00ednov a dymovodov 60,00 \u20ac 9.1.2026 DF260002 ASC Applied Software Consultants, s.r.o., Svoradova 7, 811 03&nbsp; Bratislava 31361161 9126001644 EduPage eGovernment modul 250,00 \u20ac &hellip;<\/p>\n","protected":false},"author":1,"featured_media":0,"parent":0,"menu_order":0,"comment_status":"closed","ping_status":"closed","template":"","meta":{"ngg_post_thumbnail":0,"footnotes":""},"class_list":["post-38968","page","type-page","status-publish","hentry"],"aioseo_notices":[],"_links":{"self":[{"href":"https:\/\/www.czslc.sk\/index.php?rest_route=\/wp\/v2\/pages\/38968","targetHints":{"allow":["GET"]}}],"collection":[{"href":"https:\/\/www.czslc.sk\/index.php?rest_route=\/wp\/v2\/pages"}],"about":[{"href":"https:\/\/www.czslc.sk\/index.php?rest_route=\/wp\/v2\/types\/page"}],"author":[{"embeddable":true,"href":"https:\/\/www.czslc.sk\/index.php?rest_route=\/wp\/v2\/users\/1"}],"replies":[{"embeddable":true,"href":"https:\/\/www.czslc.sk\/index.php?rest_route=%2Fwp%2Fv2%2Fcomments&post=38968"}],"version-history":[{"count":1,"href":"https:\/\/www.czslc.sk\/index.php?rest_route=\/wp\/v2\/pages\/38968\/revisions"}],"predecessor-version":[{"id":38969,"href":"https:\/\/www.czslc.sk\/index.php?rest_route=\/wp\/v2\/pages\/38968\/revisions\/38969"}],"wp:attachment":[{"href":"https:\/\/www.czslc.sk\/index.php?rest_route=%2Fwp%2Fv2%2Fmedia&parent=38968"}],"curies":[{"name":"wp","href":"https:\/\/api.w.org\/{rel}","templated":true}]}}