{"id":38967,"date":"2026-03-22T11:01:33","date_gmt":"2026-03-22T09:01:33","guid":{"rendered":"https:\/\/www.czslc.sk\/?page_id=38967"},"modified":"2026-04-16T09:35:21","modified_gmt":"2026-04-16T07:35:21","slug":"rok-2026","status":"publish","type":"page","link":"https:\/\/www.czslc.sk\/?page_id=38967","title":{"rendered":"Rok 2026"},"content":{"rendered":"\n<p><a href=\"https:\/\/www.czslc.sk\/?page_id=38968\">Janu\u00e1r<\/a><\/p>\n<p><a href=\"https:\/\/www.czslc.sk\/?page_id=38965\">Febru\u00e1r<\/a><\/p>\n<p><a href=\"https:\/\/www.czslc.sk\/?page_id=39025\">Marec<\/a><\/p>\n<p>Apr\u00edl<\/p>\n<p>M\u00e1j&nbsp;<\/p>\n<p>J\u00fan<\/p>\n<p>J\u00fal<\/p>\n<p>August<\/p>\n<p>September<\/p>\n<p>Okt\u00f3ber<\/p>\n<p>November<\/p>\n<p>December<\/p>\n","protected":false},"excerpt":{"rendered":"<p>Janu\u00e1r Febru\u00e1r Marec Apr\u00edl M\u00e1j&nbsp; J\u00fan J\u00fal August September Okt\u00f3ber November December<\/p>\n","protected":false},"author":1,"featured_media":0,"parent":0,"menu_order":0,"comment_status":"closed","ping_status":"closed","template":"","meta":{"ngg_post_thumbnail":0,"footnotes":""},"class_list":["post-38967","page","type-page","status-publish","hentry"],"aioseo_notices":[],"_links":{"self":[{"href":"https:\/\/www.czslc.sk\/index.php?rest_route=\/wp\/v2\/pages\/38967","targetHints":{"allow":["GET"]}}],"collection":[{"href":"https:\/\/www.czslc.sk\/index.php?rest_route=\/wp\/v2\/pages"}],"about":[{"href":"https:\/\/www.czslc.sk\/index.php?rest_route=\/wp\/v2\/types\/page"}],"author":[{"embeddable":true,"href":"https:\/\/www.czslc.sk\/index.php?rest_route=\/wp\/v2\/users\/1"}],"replies":[{"embeddable":true,"href":"https:\/\/www.czslc.sk\/index.php?rest_route=%2Fwp%2Fv2%2Fcomments&post=38967"}],"version-history":[{"count":2,"href":"https:\/\/www.czslc.sk\/index.php?rest_route=\/wp\/v2\/pages\/38967\/revisions"}],"predecessor-version":[{"id":39038,"href":"https:\/\/www.czslc.sk\/index.php?rest_route=\/wp\/v2\/pages\/38967\/revisions\/39038"}],"wp:attachment":[{"href":"https:\/\/www.czslc.sk\/index.php?rest_route=%2Fwp%2Fv2%2Fmedia&parent=38967"}],"curies":[{"name":"wp","href":"https:\/\/api.w.org\/{rel}","templated":true}]}}