{"id":38965,"date":"2026-03-22T10:57:27","date_gmt":"2026-03-22T08:57:27","guid":{"rendered":"https:\/\/www.czslc.sk\/?page_id=38965"},"modified":"2026-03-22T10:57:27","modified_gmt":"2026-03-22T08:57:27","slug":"februar-2026","status":"publish","type":"page","link":"https:\/\/www.czslc.sk\/?page_id=38965","title":{"rendered":"Febru\u00e1r 2026"},"content":{"rendered":"\n<table width=\"1485\">\n<tbody>\n<tr>\n<td width=\"84\">Por.\u010d\u00edslo fakt\u00fary<\/td>\n<td width=\"598\">Dod\u00e1vate\u013e:<\/td>\n<td width=\"90\">I\u010cO<\/td>\n<td width=\"140\">Fakt\u00fara \u010d\u00edslo<\/td>\n<td width=\"379\">Popis objednan\u00e9ho plnenia<\/td>\n<td width=\"90\">Suma v EUR<\/td>\n<td width=\"104\">D\u00e1tum doru\u010denia fakt\u00fary<\/td>\n<\/tr>\n<tr>\n<td width=\"84\">DF260013<\/td>\n<td width=\"598\">Ing. Jozef Kulich, ul. Majersk\u00fd rad 669\/68, 963 01&nbsp; Krupina<\/td>\n<td width=\"90\">43342434<\/td>\n<td width=\"140\">1\/2026<\/td>\n<td width=\"379\">statick\u00fd v\u00fdpo\u010det a dokument\u00e1cia<\/td>\n<td width=\"90\">4 100,00 \u20ac<\/td>\n<td width=\"104\">2.2.2026<\/td>\n<\/tr>\n<tr>\n<td>DF260014<\/td>\n<td>Mgr. Ladislav Kanaba &#8211; ABT, TPO, Malinovsk\u00e9ho 3, 984 03&nbsp; Lu\u010denec<\/td>\n<td>40616495<\/td>\n<td>9\/2026<\/td>\n<td>pr\u00e1ca technika PO a BOZP janu\u00e1r 2026<\/td>\n<td>80,00 \u20ac<\/td>\n<td>2.2.2026<\/td>\n<\/tr>\n<tr>\n<td width=\"84\">DF260015<\/td>\n<td width=\"598\">Tibor Varga TSV PAPIER, Vajansk\u00e9ho 80, 841 01&nbsp; Lu\u010denec<\/td>\n<td width=\"90\">32627211<\/td>\n<td width=\"140\">190381325<\/td>\n<td width=\"379\">materi\u00e1l, kancel\u00e1rke potreby, \u010distiace prostriedky<\/td>\n<td width=\"90\">350,08 \u20ac<\/td>\n<td width=\"104\">2.2.2026<\/td>\n<\/tr>\n<tr>\n<td width=\"84\">DF260016<\/td>\n<td width=\"598\">LUNYS, s.r.o., Hlavn\u00e1 4512\/96, 059 51&nbsp; Poprad<\/td>\n<td width=\"90\">36472549<\/td>\n<td width=\"140\">2619000282<\/td>\n<td width=\"379\">\u0161kolsk\u00e9 mlieko<\/td>\n<td width=\"90\">0,00 \u20ac<\/td>\n<td width=\"104\">3.2.2026<\/td>\n<\/tr>\n<tr>\n<td width=\"84\">DF260017<\/td>\n<td width=\"598\">J + A, s.r.o., Zvolensk\u00e1 29, 985 59&nbsp; Vidin\u00e1<\/td>\n<td width=\"90\">44831188<\/td>\n<td width=\"140\">2026\/005<\/td>\n<td width=\"379\">kontrola hasiacich pr\u00edstrojov<\/td>\n<td width=\"90\">75,00 \u20ac<\/td>\n<td width=\"104\">6.2.2026<\/td>\n<\/tr>\n<tr>\n<td width=\"84\">DF260018<\/td>\n<td width=\"598\">INTA, s.r.o., Ryb\u00e1rska 758\/18, 911 01&nbsp; Tren\u010d\u00edn<\/td>\n<td width=\"90\">34129863<\/td>\n<td width=\"140\">1026010683<\/td>\n<td width=\"379\">odber kuchynsk\u00e9ho odpadu janu\u00e1r 2026<\/td>\n<td width=\"90\">30,75 \u20ac<\/td>\n<td width=\"104\">9.2.2026<\/td>\n<\/tr>\n<tr>\n<td width=\"84\">DF260019<\/td>\n<td width=\"598\">J + T, s.r.o., Moyzesova 726\/4, 985 52&nbsp; Div\u00edn<\/td>\n<td width=\"90\">44583176<\/td>\n<td width=\"140\">260015<\/td>\n<td width=\"379\">preprava stravy janu\u00e1r 2026<\/td>\n<td width=\"90\">80,00 \u20ac<\/td>\n<td width=\"104\">9.2.2026<\/td>\n<\/tr>\n<tr>\n<td width=\"84\">DF260020<\/td>\n<td width=\"598\">Tibor Varga TSV PAPIER, Vajansk\u00e9ho 80, 841 01&nbsp; Lu\u010denec<\/td>\n<td width=\"90\">32627211<\/td>\n<td width=\"140\">190381923<\/td>\n<td width=\"379\">materi\u00e1l<\/td>\n<td width=\"90\">86,59 \u20ac<\/td>\n<td width=\"104\">9.2.2026<\/td>\n<\/tr>\n<tr>\n<td width=\"84\">DF260021<\/td>\n<td>Detronics, s.r.o., Buzuluck\u00e1 3, Zvolen<\/td>\n<td>45318565<\/td>\n<td>260107231<\/td>\n<td>pau\u0161\u00e1lny poplatok FiberLine Office Pro za febru\u00e1r 2026<\/td>\n<td>43,05 \u20ac<\/td>\n<td>10.2.2026<\/td>\n<\/tr>\n<tr>\n<td width=\"84\">DF260022<\/td>\n<td>Energie2, a.s., Lazaretsk\u00e1 3a, 811 08&nbsp; Bratislava 1<\/td>\n<td>46113177<\/td>\n<td>8250011019<\/td>\n<td>dod\u00e1vka elektriny febru\u00e1r 2026<\/td>\n<td>300,00 \u20ac<\/td>\n<td>10.2.2026<\/td>\n<\/tr>\n<tr>\n<td width=\"84\">DF260023<\/td>\n<td>Energie2, a.s., Lazaretsk\u00e1 3a, 811 08&nbsp; Bratislava 1<\/td>\n<td>46113177<\/td>\n<td>8250011020<\/td>\n<td>dod\u00e1vka elektriny febru\u00e1r 2026<\/td>\n<td>159,00 \u20ac<\/td>\n<td>10.2.2026<\/td>\n<\/tr>\n<tr>\n<td width=\"84\">DF260024<\/td>\n<td width=\"598\">Slovensk\u00fd plyn\u00e1rensk\u00fd priemysel, a.s., Mlynsk\u00e9 nivy 44\/a, 825\/11&nbsp; Bratislava<\/td>\n<td width=\"90\">35815256<\/td>\n<td>8631991272<\/td>\n<td width=\"379\">zemn\u00fd plyn febru\u00e1r 2026<\/td>\n<td>81,00 \u20ac<\/td>\n<td>4.2.2026<\/td>\n<\/tr>\n<tr>\n<td width=\"84\">DF260025<\/td>\n<td>Soft-Tech, s.r.o., Breznica 288, 091 01&nbsp; Breznica<\/td>\n<td>45917272<\/td>\n<td>202613498<\/td>\n<td>toner<\/td>\n<td>45,20 \u20ac<\/td>\n<td>16.2.2026<\/td>\n<\/tr>\n<tr>\n<td width=\"84\">DF260026<\/td>\n<td>Stredoslovensk\u00e1 distribu\u010dn\u00e1, a.s., Pri Raj\u010dinke 2927\/8, 010 47&nbsp; \u017dilina<\/td>\n<td>36442151<\/td>\n<td>4141265852<\/td>\n<td>vyt\u00fd\u010denie podzemn\u00e9ho energetick\u00e9ho zariadenia<\/td>\n<td>154,98 \u20ac<\/td>\n<td>16.2.2026<\/td>\n<\/tr>\n<tr>\n<td width=\"84\">DF260027<\/td>\n<td>Energie2, a.s., Lazaretsk\u00e1 3a, 811 08&nbsp; Bratislava 1<\/td>\n<td>46113177<\/td>\n<td>2260005974<\/td>\n<td>dod\u00e1vka elektriny janu\u00e1r 2026 &#8211; vy\u00fa\u010dtovanie<\/td>\n<td>88,40 \u20ac<\/td>\n<td>18.2.2026<\/td>\n<\/tr>\n<tr>\n<td width=\"84\">DF260028<\/td>\n<td>Energie2, a.s., Lazaretsk\u00e1 3a, 811 08&nbsp; Bratislava 1<\/td>\n<td>46113177<\/td>\n<td>2260006050<\/td>\n<td>dod\u00e1vka elektriny janu\u00e1r 2026 &#8211; vy\u00fa\u010dtovanie<\/td>\n<td>130,07 \u20ac<\/td>\n<td>18.2.2026<\/td>\n<\/tr>\n<tr>\n<td width=\"84\">DF260029<\/td>\n<td>GEOMET REALITY, s.r.o., Vajansk\u00e9ho 2983\/25, 984 01&nbsp; Lu\u010denec<\/td>\n<td>50134647<\/td>\n<td>2026005<\/td>\n<td>predprojektov\u00e9 zameranie<\/td>\n<td>442,80 \u20ac<\/td>\n<td>20.2.2026<\/td>\n<\/tr>\n<tr>\n<td width=\"84\">DF260030<\/td>\n<td width=\"598\">S\u00fakromn\u00e1 z\u00e1kladn\u00e1 \u0161kola s materskou \u0161kolou DSA, N\u00e1mestie Kub\u00ednyiho 42\/6, 984 01&nbsp; Lu\u010denec<\/td>\n<td width=\"90\">35991607<\/td>\n<td width=\"140\">22026<\/td>\n<td width=\"379\">re\u017eijn\u00e9 n\u00e1klady na stravu zamestnanci 02\/2026<\/td>\n<td width=\"90\">254,40 \u20ac<\/td>\n<td width=\"104\">20.2.2026<\/td>\n<\/tr>\n<tr>\n<td width=\"84\">DF260031<\/td>\n<td width=\"598\">S\u00fakromn\u00e1 z\u00e1kladn\u00e1 \u0161kola s materskou \u0161kolou DSA, N\u00e1mestie Kub\u00ednyiho 42\/6, 984 01&nbsp; Lu\u010denec<\/td>\n<td width=\"90\">35991607<\/td>\n<td width=\"140\">022026 RN<\/td>\n<td width=\"379\">re\u017eijn\u00e9 n\u00e1klady na stravu \u017eiaci 02\/2026<\/td>\n<td width=\"90\">755,00 \u20ac<\/td>\n<td width=\"104\">20.2.2026<\/td>\n<\/tr>\n<tr>\n<td width=\"84\">DF260032<\/td>\n<td width=\"598\">S\u00fakromn\u00e1 z\u00e1kladn\u00e1 \u0161kola s materskou \u0161kolou DSA, N\u00e1mestie Kub\u00ednyiho 42\/6, 984 01&nbsp; Lu\u010denec<\/td>\n<td width=\"90\">35991607<\/td>\n<td width=\"140\">22026<\/td>\n<td width=\"379\">dodan\u00e1 strava 02\/2026<\/td>\n<td width=\"90\">3 757,10 \u20ac<\/td>\n<td width=\"104\">20.2.2026<\/td>\n<\/tr>\n<tr>\n<td width=\"84\">DF260033<\/td>\n<td width=\"598\">P &amp; M ROYAL, s.r.o., Po\u0161tov\u00e1 918\/7, 053 42&nbsp; Krompachy<\/td>\n<td width=\"90\">51130475<\/td>\n<td width=\"140\">26VF00062<\/td>\n<td width=\"379\">slu\u017eby poskytnut\u00e9 po\u010das ly\u017eiarsk\u00e9ho v\u00fdcviku<\/td>\n<td width=\"90\">2 850,00 \u20ac<\/td>\n<td width=\"104\">23.2.2026<\/td>\n<\/tr>\n<tr>\n<td width=\"84\">DF260034<\/td>\n<td width=\"598\">Stavebniny DEK, s.r.o., Kamenn\u00e1 ul. 6, 010 01&nbsp; \u017dilina<\/td>\n<td width=\"90\">43821103<\/td>\n<td width=\"140\">2600035890<\/td>\n<td width=\"379\">materi\u00e1l &#8211; stierka<\/td>\n<td width=\"90\">105,10 \u20ac<\/td>\n<td width=\"104\">23.2.2026<\/td>\n<\/tr>\n<tr>\n<td width=\"84\">DF260035<\/td>\n<td width=\"598\">Valman, s.r.o., Nov\u00fd Svet 27, 974 01&nbsp; Bansk\u00e1 Bystrica<\/td>\n<td width=\"90\">44473761<\/td>\n<td width=\"140\">26220398<\/td>\n<td width=\"379\">\u0161kolsk\u00e9 ovocie<\/td>\n<td width=\"90\">0,00 \u20ac<\/td>\n<td width=\"104\">16.2.2026<\/td>\n<\/tr>\n<tr>\n<td width=\"84\">DF260036<\/td>\n<td width=\"598\">Stavebniny DEK, s.r.o., Kamenn\u00e1 ul. 6, 010 01&nbsp; \u017dilina<\/td>\n<td width=\"90\">43821103<\/td>\n<td width=\"140\">2600037483<\/td>\n<td width=\"379\">materi\u00e1l &#8211; stierka<\/td>\n<td width=\"90\">49,55 \u20ac<\/td>\n<td width=\"104\">25.2.2026<\/td>\n<\/tr>\n<\/tbody>\n<\/table>\n","protected":false},"excerpt":{"rendered":"<p>Por.\u010d\u00edslo fakt\u00fary Dod\u00e1vate\u013e: I\u010cO Fakt\u00fara \u010d\u00edslo Popis objednan\u00e9ho plnenia Suma v EUR D\u00e1tum doru\u010denia fakt\u00fary DF260013 Ing. Jozef Kulich, ul. Majersk\u00fd rad 669\/68, 963 01&nbsp; Krupina 43342434 1\/2026 statick\u00fd v\u00fdpo\u010det a dokument\u00e1cia 4 100,00 \u20ac 2.2.2026 DF260014 Mgr. Ladislav Kanaba &#8211; ABT, TPO, Malinovsk\u00e9ho 3, 984 03&nbsp; Lu\u010denec 40616495 9\/2026 &hellip;<\/p>\n","protected":false},"author":1,"featured_media":0,"parent":0,"menu_order":0,"comment_status":"closed","ping_status":"closed","template":"","meta":{"ngg_post_thumbnail":0,"footnotes":""},"class_list":["post-38965","page","type-page","status-publish","hentry"],"aioseo_notices":[],"_links":{"self":[{"href":"https:\/\/www.czslc.sk\/index.php?rest_route=\/wp\/v2\/pages\/38965","targetHints":{"allow":["GET"]}}],"collection":[{"href":"https:\/\/www.czslc.sk\/index.php?rest_route=\/wp\/v2\/pages"}],"about":[{"href":"https:\/\/www.czslc.sk\/index.php?rest_route=\/wp\/v2\/types\/page"}],"author":[{"embeddable":true,"href":"https:\/\/www.czslc.sk\/index.php?rest_route=\/wp\/v2\/users\/1"}],"replies":[{"embeddable":true,"href":"https:\/\/www.czslc.sk\/index.php?rest_route=%2Fwp%2Fv2%2Fcomments&post=38965"}],"version-history":[{"count":1,"href":"https:\/\/www.czslc.sk\/index.php?rest_route=\/wp\/v2\/pages\/38965\/revisions"}],"predecessor-version":[{"id":38966,"href":"https:\/\/www.czslc.sk\/index.php?rest_route=\/wp\/v2\/pages\/38965\/revisions\/38966"}],"wp:attachment":[{"href":"https:\/\/www.czslc.sk\/index.php?rest_route=%2Fwp%2Fv2%2Fmedia&parent=38965"}],"curies":[{"name":"wp","href":"https:\/\/api.w.org\/{rel}","templated":true}]}}