{"id":38881,"date":"2026-03-05T09:59:00","date_gmt":"2026-03-05T07:59:00","guid":{"rendered":"https:\/\/www.czslc.sk\/?page_id=38881"},"modified":"2026-03-10T10:32:10","modified_gmt":"2026-03-10T08:32:10","slug":"program-pre-nadane-deti","status":"publish","type":"page","link":"https:\/\/www.czslc.sk\/?page_id=38881","title":{"rendered":"Program pre nadan\u00e9 deti"},"content":{"rendered":"\n<p><b>Pr\u00e1ca s nadan\u00fdmi de\u0165mi<\/b><\/p>\n<p>&nbsp;<\/p>\n<p><span style=\"font-weight: 400;\">Na\u0161a \u0161kola je miestom pre v\u0161etky deti a sna\u017e\u00edme sa vytv\u00e1ra\u0165 prostredie, ktor\u00e9 zoh\u013ead\u0148uje ich individu\u00e1lne potreby. Pr\u00e1ca s nadan\u00fdmi \u017eiakmi nie je iba o \u201epridan\u00ed \u00faloh navy\u0161e\u201c. Vy\u017eaduje si systematick\u00fd, pravideln\u00fd a premyslen\u00fd pr\u00edstup prisp\u00f4soben\u00fd nadaniu a schopnostiam konkr\u00e9tneho \u017eiaka.<\/span><\/p>\n<p><span style=\"font-weight: 400;\">V posledn\u00fdch rokoch sme nadviazali spolupr\u00e1cu s ob\u010dianskym zdru\u017een\u00edm Nadan\u00e9 die\u0165a, do ktor\u00e9ho aktiv\u00edt s\u00fa zapojen\u00ed aj na\u0161i \u017eiaci. T\u00e1to organiz\u00e1cia pre na\u0161ich pedag\u00f3gov pripravila aj odborn\u00e9 vzdel\u00e1vanie zameran\u00e9 na pr\u00e1cu s nadan\u00fdmi de\u0165mi.<\/span><\/p>\n<p><span style=\"font-weight: 400;\">Novinkou od \u0161kolsk\u00e9ho roka 2025\/2026 s\u00fa aj individu\u00e1lne hodiny s odborn\u00edkmi zo S\u00fakromn\u00e9ho centra poradenstva a prevencie v Lu\u010denci. Cie\u013eom t\u00fdchto stretnut\u00ed je rozv\u00edja\u0165 schopnosti nadan\u00fdch \u017eiakov nad r\u00e1mec \u0161t\u00e1tneho vzdel\u00e1vacieho programu, pri\u010dom d\u00f4raz sa kladie na individu\u00e1lne potreby a potenci\u00e1l ka\u017ed\u00e9ho \u017eiaka.<\/span><\/p>\n\n\n\n<h1 class=\"wp-block-heading\"><strong>AKAD\u00c9MIA MLAD\u00ddCH OBJAVITE\u013dOV<\/strong><\/h1>\n\n\n\n<h2 class=\"wp-block-heading\">Objavujeme svet, talenty aj seba<\/h2>\n\n\n\n<p>Na na\u0161ej \u0161kole ver\u00edme, \u017ee ka\u017ed\u00e9 die\u0165a v sebe nesie jedine\u010dn\u00fd dar. Niektor\u00e9 deti objavuj\u00fa svet cez ot\u00e1zky, in\u00e9 cez tvorivos\u0165, logiku alebo pomoc druh\u00fdm. <\/p>\n\n\n\n<p>Ide o z\u00e1\u017eitkov\u00fd rozvojov\u00fd program ur\u010den\u00fd pre \u017eaikov, ktor\u00fd podporuje rozvoj myslenia, tvorivosti, spolupr\u00e1ce a osobnostn\u00e9ho rastu.<\/p>\n\n\n\n<p>\u017diaci sa po\u010das stretnut\u00ed st\u00e1vaj\u00fa <strong>objavite\u013emi n\u00e1padov, rie\u0161en\u00ed a vlastn\u00fdch talentov<\/strong>. Ka\u017ed\u00e9 stretnutie je mal\u00e9 dobrodru\u017estvo \u2013 pln\u00e9 hier, v\u00fdziev, experimentov a tvoriv\u00fdch \u00faloh.<\/p>\n\n\n\n<p>Program je postaven\u00fd na \u0161tyroch pilieroch:<\/p>\n\n\n\n<p><strong>Myslenie<\/strong><br \/>rozvoj logiky, kritick\u00e9ho myslenia a schopnosti rie\u0161i\u0165 probl\u00e9my<\/p>\n\n\n\n<p><strong>Tvorivos\u0165<\/strong><br \/>umenie, pr\u00edbehy, fant\u00e1zia a nov\u00e9 n\u00e1pady<\/p>\n\n\n\n<p><strong>Charakter<\/strong><br \/>empatia, re\u0161pekt a spolupr\u00e1ca<\/p>\n\n\n\n<p><strong>Slu\u017eba<\/strong><br \/>h\u013eadanie sp\u00f4sobov, ako m\u00f4\u017eeme zlep\u0161i\u0165 svet okolo n\u00e1s<\/p>\n\n\n\n<p>Cie\u013eom programu nie je len rozv\u00edja\u0165 schopnosti det\u00ed, ale pom\u00f4c\u0165 im objavi\u0165 <strong>rados\u0165 z pozn\u00e1vania, odvahu prem\u00fd\u0161\u013ea\u0165 a schopnos\u0165 spolupracova\u0165<\/strong>.<\/p>\n\n\n\n<hr class=\"wp-block-separator has-alpha-channel-opacity\"\/>\n\n\n\n<h1 class=\"wp-block-heading\">Ciele programu<\/h1>\n\n\n\n<p>Program podporuje:<\/p>\n\n\n\n<ul class=\"wp-block-list\">\n<li>rozvoj kritick\u00e9ho myslenia a logiky<\/li>\n\n\n\n<li>tvoriv\u00e9 rie\u0161enie probl\u00e9mov<\/li>\n\n\n\n<li>sebapoznanie a objavovanie talentov<\/li>\n\n\n\n<li>empatiu a soci\u00e1lne zru\u010dnosti<\/li>\n\n\n\n<li>schopnos\u0165 spolupracova\u0165 v t\u00edme<\/li>\n\n\n\n<li>rados\u0165 z u\u010denia a objavovania<\/li>\n<\/ul>\n\n\n\n<h1 style=\"text-align: center;\">\u201eKa\u017ed\u00e9 die\u0165a je objavite\u013e. Sta\u010d\u00ed mu da\u0165 priestor, aby mohlo objavova\u0165.\u201c<\/h1>\n\n\n","protected":false},"excerpt":{"rendered":"<p>Pr\u00e1ca s nadan\u00fdmi de\u0165mi &nbsp; Na\u0161a \u0161kola je miestom pre v\u0161etky deti a sna\u017e\u00edme sa vytv\u00e1ra\u0165 prostredie, ktor\u00e9 zoh\u013ead\u0148uje ich individu\u00e1lne potreby. Pr\u00e1ca s nadan\u00fdmi \u017eiakmi nie je iba o \u201epridan\u00ed \u00faloh navy\u0161e\u201c. Vy\u017eaduje si systematick\u00fd, pravideln\u00fd a premyslen\u00fd pr\u00edstup prisp\u00f4soben\u00fd nadaniu a schopnostiam konkr\u00e9tneho \u017eiaka. V posledn\u00fdch rokoch sme &hellip;<\/p>\n","protected":false},"author":1,"featured_media":0,"parent":0,"menu_order":0,"comment_status":"closed","ping_status":"closed","template":"","meta":{"ngg_post_thumbnail":0,"footnotes":""},"class_list":["post-38881","page","type-page","status-publish","hentry"],"aioseo_notices":[],"_links":{"self":[{"href":"https:\/\/www.czslc.sk\/index.php?rest_route=\/wp\/v2\/pages\/38881","targetHints":{"allow":["GET"]}}],"collection":[{"href":"https:\/\/www.czslc.sk\/index.php?rest_route=\/wp\/v2\/pages"}],"about":[{"href":"https:\/\/www.czslc.sk\/index.php?rest_route=\/wp\/v2\/types\/page"}],"author":[{"embeddable":true,"href":"https:\/\/www.czslc.sk\/index.php?rest_route=\/wp\/v2\/users\/1"}],"replies":[{"embeddable":true,"href":"https:\/\/www.czslc.sk\/index.php?rest_route=%2Fwp%2Fv2%2Fcomments&post=38881"}],"version-history":[{"count":3,"href":"https:\/\/www.czslc.sk\/index.php?rest_route=\/wp\/v2\/pages\/38881\/revisions"}],"predecessor-version":[{"id":38915,"href":"https:\/\/www.czslc.sk\/index.php?rest_route=\/wp\/v2\/pages\/38881\/revisions\/38915"}],"wp:attachment":[{"href":"https:\/\/www.czslc.sk\/index.php?rest_route=%2Fwp%2Fv2%2Fmedia&parent=38881"}],"curies":[{"name":"wp","href":"https:\/\/api.w.org\/{rel}","templated":true}]}}