{"id":38873,"date":"2026-02-27T08:22:40","date_gmt":"2026-02-27T06:22:40","guid":{"rendered":"https:\/\/www.czslc.sk\/?page_id=38873"},"modified":"2026-03-30T14:32:28","modified_gmt":"2026-03-30T12:32:28","slug":"2026-2","status":"publish","type":"page","link":"https:\/\/www.czslc.sk\/?page_id=38873","title":{"rendered":"2026"},"content":{"rendered":"\n<p><a href=\"https:\/\/www.czslc.sk\/?wpfb_dl=867\" title=\"\">Zmluva o spolupr\u00e1ci<\/a><\/p>\n\n\n\n<p><a href=\"https:\/\/www.czslc.sk\/?wpfb_dl=866\" title=\"\">Dohoda o spolupr\u00e1ci<\/a><\/p>\n\n\n\n<p><a href=\"https:\/\/www.czslc.sk\/?wpfb_dl=864\" title=\"\">Zmluva o poskytnut\u00ed grantu<\/a><\/p>\n\n\n\n<p><a href=\"http:\/\/Zmluva o poskytovan\u00ed praktick\u00e9ho vzdel\u00e1vania\" data-wplink-url-error=\"true\">Zmluva o poskytovan\u00ed praktick\u00e9ho vzdel\u00e1vania<\/a><\/p>\n\n\n\n<p><a href=\"https:\/\/www.czslc.sk\/?wpfb_dl=859\">Dohoda o spolupr\u00e1ci<\/a><\/p>\n\n\n","protected":false},"excerpt":{"rendered":"<p>Zmluva o spolupr\u00e1ci Dohoda o spolupr\u00e1ci Zmluva o poskytnut\u00ed grantu Zmluva o poskytovan\u00ed praktick\u00e9ho vzdel\u00e1vania Dohoda o spolupr\u00e1ci<\/p>\n","protected":false},"author":1,"featured_media":0,"parent":0,"menu_order":0,"comment_status":"closed","ping_status":"closed","template":"","meta":{"ngg_post_thumbnail":0,"footnotes":""},"class_list":["post-38873","page","type-page","status-publish","hentry"],"aioseo_notices":[],"_links":{"self":[{"href":"https:\/\/www.czslc.sk\/index.php?rest_route=\/wp\/v2\/pages\/38873","targetHints":{"allow":["GET"]}}],"collection":[{"href":"https:\/\/www.czslc.sk\/index.php?rest_route=\/wp\/v2\/pages"}],"about":[{"href":"https:\/\/www.czslc.sk\/index.php?rest_route=\/wp\/v2\/types\/page"}],"author":[{"embeddable":true,"href":"https:\/\/www.czslc.sk\/index.php?rest_route=\/wp\/v2\/users\/1"}],"replies":[{"embeddable":true,"href":"https:\/\/www.czslc.sk\/index.php?rest_route=%2Fwp%2Fv2%2Fcomments&post=38873"}],"version-history":[{"count":8,"href":"https:\/\/www.czslc.sk\/index.php?rest_route=\/wp\/v2\/pages\/38873\/revisions"}],"predecessor-version":[{"id":38998,"href":"https:\/\/www.czslc.sk\/index.php?rest_route=\/wp\/v2\/pages\/38873\/revisions\/38998"}],"wp:attachment":[{"href":"https:\/\/www.czslc.sk\/index.php?rest_route=%2Fwp%2Fv2%2Fmedia&parent=38873"}],"curies":[{"name":"wp","href":"https:\/\/api.w.org\/{rel}","templated":true}]}}