{"id":38683,"date":"2025-12-15T10:19:24","date_gmt":"2025-12-15T08:19:24","guid":{"rendered":"https:\/\/www.czslc.sk\/?page_id=38683"},"modified":"2025-12-15T10:19:25","modified_gmt":"2025-12-15T08:19:25","slug":"oktober-2025","status":"publish","type":"page","link":"https:\/\/www.czslc.sk\/?page_id=38683","title":{"rendered":"Okt\u00f3ber 2025"},"content":{"rendered":"\n<table width=\"1485\">\n<tbody>\n<tr>\n<td width=\"84\">Por.\u010d\u00edslo fakt\u00fary<\/td>\n<td width=\"598\">Dod\u00e1vate\u013e:<\/td>\n<td width=\"90\">I\u010cO<\/td>\n<td width=\"140\">Fakt\u00fara \u010d\u00edslo<\/td>\n<td width=\"379\">Popis objednan\u00e9ho plnenia<\/td>\n<td width=\"90\">Suma v EUR<\/td>\n<td width=\"104\">D\u00e1tum doru\u010denia fakt\u00fary<\/td>\n<\/tr>\n<tr>\n<td width=\"84\">DF250182<\/td>\n<td width=\"598\">KOMENSK\u00dd, s.r.o., Park ml\u00e1de\u017ee 1, 040 01&nbsp; Ko\u0161ice<\/td>\n<td width=\"90\">43908977<\/td>\n<td width=\"140\">202504085<\/td>\n<td width=\"379\">BezKriedy Plus<\/td>\n<td width=\"90\">63,22 \u20ac<\/td>\n<td width=\"104\">1.10.2025<\/td>\n<\/tr>\n<tr>\n<td width=\"84\">DF250183<\/td>\n<td width=\"598\">JUDr. Denisa \u0160upicov\u00e1 Mihalikov\u00e1, A. Bernol\u00e1ka 2, 984 01&nbsp; Lu\u010denec<\/td>\n<td width=\"90\">42199484<\/td>\n<td width=\"140\">47\/2025<\/td>\n<td width=\"379\">pracovno-pr\u00e1vne poradenstvo<\/td>\n<td width=\"90\">450,00 \u20ac<\/td>\n<td width=\"104\">1.10.2025<\/td>\n<\/tr>\n<tr>\n<td width=\"84\">DF250184<\/td>\n<td>Detronics, s.r.o., Buzuluck\u00e1 3, Zvolen<\/td>\n<td>45318565<\/td>\n<td>250140452<\/td>\n<td>pau\u0161\u00e1lny poplatok FiberLine Office Pro za okt\u00f3ber 2025<\/td>\n<td>43,05 \u20ac<\/td>\n<td>6.10.2025<\/td>\n<\/tr>\n<tr>\n<td>DF250185<\/td>\n<td>Mgr. Ladislav Kanaba &#8211; ABT, TPO, Malinovsk\u00e9ho 3, 984 03&nbsp; Lu\u010denec<\/td>\n<td>40616495<\/td>\n<td>82\/2025<\/td>\n<td>pr\u00e1ca technika PO a BOZP september 2025<\/td>\n<td>80,00 \u20ac<\/td>\n<td>6.10.2025<\/td>\n<\/tr>\n<tr>\n<td>DF250186<\/td>\n<td width=\"598\">Ing. Milan Hric, Alexandra W\u00e1gnera 2515\/38, 984 01&nbsp; Lu\u010denec<\/td>\n<td width=\"90\">47025883<\/td>\n<td width=\"140\">20250557<\/td>\n<td width=\"379\">Poskytovan\u00e9 slu\u017eby v oblasti civilnej ochrany za 3.Q. 2025<\/td>\n<td width=\"90\">73,80 \u20ac<\/td>\n<td width=\"104\">7.10.2025<\/td>\n<\/tr>\n<tr>\n<td width=\"84\">DF250187<\/td>\n<td>VSE, a.s., Mlynsk\u00e1 31, 042 91&nbsp; Ko\u0161ice<\/td>\n<td>44483767<\/td>\n<td>7292767434<\/td>\n<td>elektrina 09\/2025<\/td>\n<td>492,62 \u20ac<\/td>\n<td>8.10.2025<\/td>\n<\/tr>\n<tr>\n<td width=\"84\">DF250188<\/td>\n<td width=\"598\">Energie2, a.s., Lazaretsk\u00e1 3a, 811 08&nbsp; Bratislava 1<\/td>\n<td width=\"90\">46113177<\/td>\n<td width=\"140\">8240017746<\/td>\n<td width=\"379\">spotreba plynu okt\u00f3ber 2025<\/td>\n<td width=\"90\">841,00 \u20ac<\/td>\n<td width=\"104\">8.10.2025<\/td>\n<\/tr>\n<tr>\n<td width=\"84\">DF250189<\/td>\n<td width=\"598\">INTA, s.r.o., Ryb\u00e1rska 758\/18, 911 01&nbsp; Tren\u010d\u00edn<\/td>\n<td width=\"90\">34129863<\/td>\n<td width=\"140\">1025090711<\/td>\n<td width=\"379\">odber kuchynsk\u00e9ho odpadu<\/td>\n<td width=\"90\">30,75 \u20ac<\/td>\n<td width=\"104\">8.10.2025<\/td>\n<\/tr>\n<tr>\n<td width=\"84\">DF250190<\/td>\n<td width=\"598\">Neziskov\u00e1 organiz\u00e1cia VESNA, Smolenick\u00e1 3048\/14, 851 05&nbsp; Bratislava<\/td>\n<td width=\"90\">45739153<\/td>\n<td width=\"140\">12161025<\/td>\n<td width=\"379\">semin\u00e1r: Spr\u00e1va registrat\u00fary v \u0161kol\u00e1ch, archivovanie z\u00e1znamov<\/td>\n<td width=\"90\">39,97 \u20ac<\/td>\n<td width=\"104\">9.10.2025<\/td>\n<\/tr>\n<tr>\n<td>DF250191<\/td>\n<td>O2 Slovakia, s.r.o., Pribinova 40, 811 09&nbsp; Bratislava<\/td>\n<td>47259116<\/td>\n<td>1451884396<\/td>\n<td>telekomunika\u010dn\u00e9 slu\u017eby 09\/2025<\/td>\n<td>71,13 \u20ac<\/td>\n<td>10.10.2025<\/td>\n<\/tr>\n<tr>\n<td width=\"84\">DF250192<\/td>\n<td width=\"598\">Alza.sk s.r.o., Karad\u017ei\u010dova 8, 821 08&nbsp; Bratislava-Ru\u017einov<\/td>\n<td width=\"90\">36562939<\/td>\n<td width=\"140\">5414300770<\/td>\n<td width=\"379\">video k\u00e1bel<\/td>\n<td width=\"90\">17,38 \u20ac<\/td>\n<td width=\"104\">10.10.2025<\/td>\n<\/tr>\n<tr>\n<td width=\"84\">DF250193<\/td>\n<td width=\"598\">EKOTEC &#8211; kontroly bezpe\u010dnosti ihr\u00edsk, s.r.o., R\u00e1zusova 800\/12, 949 01&nbsp; Nitra<\/td>\n<td width=\"90\">44658591<\/td>\n<td width=\"140\">25kdi00234<\/td>\n<td width=\"379\">hlavn\u00e1 ro\u010dn\u00e1 kontrola multifunk\u010dn\u00e9ho ihriska<\/td>\n<td width=\"90\">198,03 \u20ac<\/td>\n<td width=\"104\">15.10.2025<\/td>\n<\/tr>\n<tr>\n<td width=\"84\">DF250194<\/td>\n<td width=\"598\">DIVES, pr\u00edspevkov\u00e1 organiz\u00e1cia MV SR, \u010ceskoslovenskej arm\u00e1dy 1174\/20, 040 01&nbsp; Ko\u0161ice &#8211; Star\u00e9 Mesto<\/td>\n<td width=\"90\">162957<\/td>\n<td width=\"140\">5570052084<\/td>\n<td width=\"379\">STP APV WINPAM 11\/2025 &#8211; 10\/2026<\/td>\n<td width=\"90\">99,63 \u20ac<\/td>\n<td width=\"104\">20.10.2025<\/td>\n<\/tr>\n<tr>\n<td width=\"84\">DF250195<\/td>\n<td width=\"598\">STORMWARE s.r.o., Mat\u00fa\u0161ova 48, 811 04&nbsp; Bratislava<\/td>\n<td width=\"90\">36244791<\/td>\n<td width=\"140\">202602077<\/td>\n<td width=\"379\">SERVIS 2026 pre PROFI NET3<\/td>\n<td width=\"90\">264,45 \u20ac<\/td>\n<td width=\"104\">20.10.2025<\/td>\n<\/tr>\n<tr>\n<td width=\"84\">DF250196<\/td>\n<td width=\"598\">Soft-Tech, s.r.o., Breznica 288, 091 01&nbsp; Breznica<\/td>\n<td width=\"90\">45917272<\/td>\n<td width=\"140\">202562317<\/td>\n<td width=\"379\">tonery<\/td>\n<td width=\"90\">106,95 \u20ac<\/td>\n<td width=\"104\">21.10.2025<\/td>\n<\/tr>\n<tr>\n<td width=\"84\">DF250197<\/td>\n<td width=\"598\">SATEL &#8211; SLOVAKIA, s.r.o., Mnohe\u013eova 825, 058 01&nbsp; Poprad<\/td>\n<td width=\"90\">31712797<\/td>\n<td width=\"140\">64250506<\/td>\n<td width=\"379\">stretnutie riadite\u013eov&nbsp;<\/td>\n<td width=\"90\">188,00 \u20ac<\/td>\n<td width=\"104\">22.10.2025<\/td>\n<\/tr>\n<tr>\n<td width=\"84\">DF250198<\/td>\n<td width=\"598\">Tibor Varga TSV PAPIER, Vajansk\u00e9ho 80, 984 01&nbsp; Lu\u010denec<\/td>\n<td width=\"90\">32627211<\/td>\n<td>190374580<\/td>\n<td width=\"379\">kancel\u00e1rske potreby, \u010distiace potreby, majetok<\/td>\n<td>672,22 \u20ac<\/td>\n<td>22.10.2025<\/td>\n<\/tr>\n<tr>\n<td width=\"84\">DF250199<\/td>\n<td width=\"598\">Valman, s.r.o., Nov\u00fd Svet 27, 974 01&nbsp; Bansk\u00e1 Bystrica<\/td>\n<td width=\"90\">44473761<\/td>\n<td width=\"140\">25221787<\/td>\n<td width=\"379\">\u0161kolsk\u00e9 ovocie<\/td>\n<td width=\"90\">0,00 \u20ac<\/td>\n<td width=\"104\">27.10.2025<\/td>\n<\/tr>\n<tr>\n<td width=\"84\">DF250200<\/td>\n<td width=\"598\">S\u00fakromn\u00e1 Z\u0160 s M\u0160 DSA, N\u00e1mestie Kub\u00ednyiho 42\/6, 984 01&nbsp; Lu\u010denec<\/td>\n<td width=\"90\">35991607<\/td>\n<td>102025<\/td>\n<td width=\"379\">re\u017eijn\u00e9 n\u00e1klady na stravu zamestnanci 10\/2025<\/td>\n<td>470,40 \u20ac<\/td>\n<td>28.10.2025<\/td>\n<\/tr>\n<tr>\n<td width=\"84\">DF250201<\/td>\n<td width=\"598\">S\u00fakromn\u00e1 Z\u0160 s M\u0160 DSA, N\u00e1mestie Kub\u00ednyiho 42\/6, 984 01&nbsp; Lu\u010denec<\/td>\n<td width=\"90\">35991607<\/td>\n<td>102025 RN<\/td>\n<td width=\"379\">re\u017eijn\u00e9 n\u00e1klady na stravu \u017eiaci 10\/2025<\/td>\n<td>745,00 \u20ac<\/td>\n<td>28.10.2025<\/td>\n<\/tr>\n<tr>\n<td width=\"84\">DF250202<\/td>\n<td width=\"598\">S\u00fakromn\u00e1 Z\u0160 s M\u0160 DSA, N\u00e1mestie Kub\u00ednyiho 42\/6, 984 01&nbsp; Lu\u010denec<\/td>\n<td width=\"90\">35991607<\/td>\n<td>102025<\/td>\n<td width=\"379\">dodan\u00e1 strava 10\/2025<\/td>\n<td>6 291,50 \u20ac<\/td>\n<td>28.10.2025<\/td>\n<\/tr>\n<tr>\n<td width=\"84\">DF250203<\/td>\n<td width=\"598\">KOMENSK\u00dd, s.r.o., Park ml\u00e1de\u017ee 1, 040 01&nbsp; Ko\u0161ice<\/td>\n<td width=\"90\">43908977<\/td>\n<td width=\"140\">202504849<\/td>\n<td width=\"379\">Zborov\u0148a Komplet 2026<\/td>\n<td width=\"90\">270,40 \u20ac<\/td>\n<td width=\"104\">29.10.2025<\/td>\n<\/tr>\n<\/tbody>\n<\/table>\n","protected":false},"excerpt":{"rendered":"<p>Por.\u010d\u00edslo fakt\u00fary Dod\u00e1vate\u013e: I\u010cO Fakt\u00fara \u010d\u00edslo Popis objednan\u00e9ho plnenia Suma v EUR D\u00e1tum doru\u010denia fakt\u00fary DF250182 KOMENSK\u00dd, s.r.o., Park ml\u00e1de\u017ee 1, 040 01&nbsp; Ko\u0161ice 43908977 202504085 BezKriedy Plus 63,22 \u20ac 1.10.2025 DF250183 JUDr. Denisa \u0160upicov\u00e1 Mihalikov\u00e1, A. Bernol\u00e1ka 2, 984 01&nbsp; Lu\u010denec 42199484 47\/2025 pracovno-pr\u00e1vne poradenstvo 450,00 \u20ac 1.10.2025 DF250184 &hellip;<\/p>\n","protected":false},"author":1,"featured_media":0,"parent":0,"menu_order":0,"comment_status":"closed","ping_status":"closed","template":"","meta":{"ngg_post_thumbnail":0,"footnotes":""},"class_list":["post-38683","page","type-page","status-publish","hentry"],"aioseo_notices":[],"_links":{"self":[{"href":"https:\/\/www.czslc.sk\/index.php?rest_route=\/wp\/v2\/pages\/38683","targetHints":{"allow":["GET"]}}],"collection":[{"href":"https:\/\/www.czslc.sk\/index.php?rest_route=\/wp\/v2\/pages"}],"about":[{"href":"https:\/\/www.czslc.sk\/index.php?rest_route=\/wp\/v2\/types\/page"}],"author":[{"embeddable":true,"href":"https:\/\/www.czslc.sk\/index.php?rest_route=\/wp\/v2\/users\/1"}],"replies":[{"embeddable":true,"href":"https:\/\/www.czslc.sk\/index.php?rest_route=%2Fwp%2Fv2%2Fcomments&post=38683"}],"version-history":[{"count":1,"href":"https:\/\/www.czslc.sk\/index.php?rest_route=\/wp\/v2\/pages\/38683\/revisions"}],"predecessor-version":[{"id":38684,"href":"https:\/\/www.czslc.sk\/index.php?rest_route=\/wp\/v2\/pages\/38683\/revisions\/38684"}],"wp:attachment":[{"href":"https:\/\/www.czslc.sk\/index.php?rest_route=%2Fwp%2Fv2%2Fmedia&parent=38683"}],"curies":[{"name":"wp","href":"https:\/\/api.w.org\/{rel}","templated":true}]}}