{"id":38663,"date":"2025-12-15T09:35:18","date_gmt":"2025-12-15T07:35:18","guid":{"rendered":"https:\/\/www.czslc.sk\/?page_id=38663"},"modified":"2025-12-15T09:35:19","modified_gmt":"2025-12-15T07:35:19","slug":"november-2025","status":"publish","type":"page","link":"https:\/\/www.czslc.sk\/?page_id=38663","title":{"rendered":"November 2025"},"content":{"rendered":"\n<table width=\"1485\">\n<tbody>\n<tr>\n<td width=\"84\">Por.\u010d\u00edslo fakt\u00fary<\/td>\n<td width=\"598\">Dod\u00e1vate\u013e:<\/td>\n<td width=\"90\">I\u010cO<\/td>\n<td width=\"140\">Fakt\u00fara \u010d\u00edslo<\/td>\n<td width=\"379\">Popis objednan\u00e9ho plnenia<\/td>\n<td width=\"90\">Suma v EUR<\/td>\n<td width=\"104\">D\u00e1tum doru\u010denia fakt\u00fary<\/td>\n<\/tr>\n<tr>\n<td width=\"84\">DF250204<\/td>\n<td width=\"598\">Soft-Tech, s.r.o., Breznica 288, 091 01&nbsp; Breznica<\/td>\n<td width=\"90\">45917272<\/td>\n<td width=\"140\">202564724<\/td>\n<td width=\"379\">tonery<\/td>\n<td width=\"90\">65,25 \u20ac<\/td>\n<td width=\"104\">3.11.2025<\/td>\n<\/tr>\n<tr>\n<td width=\"84\">DF250205<\/td>\n<td width=\"598\">ESV plus, s.r.o., Poto\u010dn\u00e1 145\/43, 984 01&nbsp; Lu\u010denec<\/td>\n<td width=\"90\">36642321<\/td>\n<td width=\"140\">269\/2025<\/td>\n<td width=\"379\">kancel\u00e1rske potreby<\/td>\n<td width=\"90\">46,53 \u20ac<\/td>\n<td width=\"104\">3.11.2025<\/td>\n<\/tr>\n<tr>\n<td>DF250206<\/td>\n<td>Mgr. Ladislav Kanaba &#8211; ABT, TPO, Malinovsk\u00e9ho 3, 984 03&nbsp; Lu\u010denec<\/td>\n<td>40616495<\/td>\n<td>90\/2025<\/td>\n<td>pr\u00e1ca technika PO a BOZP okt\u00f3ber 2025<\/td>\n<td>80,00 \u20ac<\/td>\n<td>4.11.2025<\/td>\n<\/tr>\n<tr>\n<td width=\"84\">DF250207<\/td>\n<td width=\"598\">Peter V\u00fdber\u010d\u00ed, Slobody 317\/41, 987 01&nbsp; Polt\u00e1r<\/td>\n<td width=\"90\">40592901<\/td>\n<td width=\"140\">782025<\/td>\n<td width=\"379\">servisn\u00e1 prehliadka plynov\u00e9ho kondenza\u010dn\u00e9ho kotla<\/td>\n<td width=\"90\">118,00 \u20ac<\/td>\n<td width=\"104\">5.11.2025<\/td>\n<\/tr>\n<tr>\n<td width=\"84\">DF250208<\/td>\n<td width=\"598\">LUNYS, s.r.o., Hlavn\u00e1 4512\/96, 059 51&nbsp; Poprad<\/td>\n<td width=\"90\">36472549<\/td>\n<td width=\"140\">2519003659<\/td>\n<td width=\"379\">\u0161kolsk\u00e9 mlieko<\/td>\n<td width=\"90\">0,00 \u20ac<\/td>\n<td width=\"104\">6.11.2025<\/td>\n<\/tr>\n<tr>\n<td width=\"84\">DF250209<\/td>\n<td width=\"598\">J + T, s.r.o., Moyzesova 726\/4, 985 52&nbsp; Div\u00edn<\/td>\n<td width=\"90\">44583176<\/td>\n<td width=\"140\">250259<\/td>\n<td width=\"379\">preprava stravy 10\/2025<\/td>\n<td width=\"90\">80,00 \u20ac<\/td>\n<td width=\"104\">6.11.2025<\/td>\n<\/tr>\n<tr>\n<td width=\"84\">DF250210<\/td>\n<td width=\"598\">TAKTIK vydavate\u013estvo, s.r.o., Popradsk\u00e1 57, 040 11&nbsp; Ko\u0161ice<\/td>\n<td width=\"90\">45258767<\/td>\n<td width=\"140\">2524409<\/td>\n<td width=\"379\">u\u010debnice<\/td>\n<td width=\"90\">142,50 \u20ac<\/td>\n<td width=\"104\">7.11.2025<\/td>\n<\/tr>\n<tr>\n<td width=\"84\">DF250211<\/td>\n<td width=\"598\">Bc. Kraj\u0148\u00e1k Kamil, Bernol\u00e1kova 7, 984 01&nbsp; Lu\u010denec<\/td>\n<td width=\"90\">46198563<\/td>\n<td width=\"140\">91\/2025<\/td>\n<td width=\"379\">odborn\u00e1 prehliadka a odborn\u00e1 sk\u00fa\u0161ka prenosn\u00fdch elektrick\u00fdch spotrebi\u010dov a v\u00fdpo\u010dtovej techniky<\/td>\n<td width=\"90\">581,00 \u20ac<\/td>\n<td width=\"104\">7.11.2025<\/td>\n<\/tr>\n<tr>\n<td width=\"84\">DF250212<\/td>\n<td>Detronics, s.r.o., Buzuluck\u00e1 3, Zvolen<\/td>\n<td>45318565<\/td>\n<td>250144582<\/td>\n<td>pau\u0161\u00e1lny poplatok FiberLine Office Pro za november 2025<\/td>\n<td>43,05 \u20ac<\/td>\n<td>7.11.2025<\/td>\n<\/tr>\n<tr>\n<td width=\"84\">DF250213<\/td>\n<td width=\"598\">Gigaprint.sk, s.r.o., Kuzm\u00e1nyho 30, 911 01&nbsp; Tren\u010d\u00edn<\/td>\n<td width=\"90\">50370294<\/td>\n<td width=\"140\">201549779<\/td>\n<td width=\"379\">kompatibiln\u00e1 odpadov\u00e1 n\u00e1dobka Epson T04D1<\/td>\n<td width=\"90\">11,80 \u20ac<\/td>\n<td width=\"104\">7.11.2025<\/td>\n<\/tr>\n<tr>\n<td width=\"84\">DF250214<\/td>\n<td width=\"598\">LiberaTerra, s.r.o., Levandu\u013eov\u00e1 14343\/5, 821 07&nbsp; Bratislava &#8211; mestsk\u00e1 \u010das\u0165<\/td>\n<td width=\"90\">35927097<\/td>\n<td width=\"140\">20253117<\/td>\n<td width=\"379\">u\u010debnice<\/td>\n<td width=\"90\">79,30 \u20ac<\/td>\n<td width=\"104\">7.11.2025<\/td>\n<\/tr>\n<tr>\n<td width=\"84\">DF250215<\/td>\n<td width=\"598\">Energie2, a.s., Lazaretsk\u00e1 3a, 811 08&nbsp; Bratislava 1<\/td>\n<td width=\"90\">46113177<\/td>\n<td width=\"140\">8240017746<\/td>\n<td width=\"379\">spotreba plynu november 2025<\/td>\n<td width=\"90\">841,00 \u20ac<\/td>\n<td width=\"104\">10.11.2025<\/td>\n<\/tr>\n<tr>\n<td width=\"84\">DF250216<\/td>\n<td width=\"598\">SPOOL, a.s., Dr. Herza \u010d. 23, 984 01&nbsp; Lu\u010denec<\/td>\n<td width=\"90\">31586392<\/td>\n<td width=\"140\">920250447<\/td>\n<td width=\"379\">pou\u017e\u00edvanie \u0161portovej haly okt\u00f3ber 2025<\/td>\n<td width=\"90\">36,00 \u20ac<\/td>\n<td width=\"104\">10.11.2025<\/td>\n<\/tr>\n<tr>\n<td width=\"84\">DF250217<\/td>\n<td width=\"598\">INTA, s.r.o., Ryb\u00e1rska 758\/18, 911 01&nbsp; Tren\u010d\u00edn<\/td>\n<td width=\"90\">34129863<\/td>\n<td width=\"140\">1025100718<\/td>\n<td width=\"379\">odber kuchynsk\u00e9ho odpadu 10\/2025<\/td>\n<td width=\"90\">30,75 \u20ac<\/td>\n<td width=\"104\">10.11.2025<\/td>\n<\/tr>\n<tr>\n<td>DF250218<\/td>\n<td>O2 Slovakia, s.r.o., Pribinova 40, 811 09&nbsp; Bratislava<\/td>\n<td>47259116<\/td>\n<td>1591929559<\/td>\n<td>telekomunika\u010dn\u00e9 slu\u017eby 10\/2025<\/td>\n<td>75,03 \u20ac<\/td>\n<td>12.11.2025<\/td>\n<\/tr>\n<tr>\n<td width=\"84\">DF250219<\/td>\n<td>Energetika Slovensko, a.s., Mlynsk\u00e1 31, 042 91&nbsp; Ko\u0161ice<\/td>\n<td>44483767<\/td>\n<td>7293286387<\/td>\n<td>elektrina 10\/2025<\/td>\n<td>605,28 \u20ac<\/td>\n<td>12.11.2025<\/td>\n<\/tr>\n<tr>\n<td width=\"84\">DF250220<\/td>\n<td width=\"598\">Orbis Pictus Istropolitana, spol. s.r.o., Hrachov\u00e1 34, 821 05&nbsp; Bratislava<\/td>\n<td width=\"90\">17323266<\/td>\n<td width=\"140\">2500404221<\/td>\n<td width=\"379\">u\u010debnice<\/td>\n<td width=\"90\">1 139,80 \u20ac<\/td>\n<td width=\"104\">13.11.2025<\/td>\n<\/tr>\n<tr>\n<td width=\"84\">DF250221<\/td>\n<td width=\"598\">Wolters Kluwer SR, s.r.o., Mlynsk\u00e9 nivy 48, 821 09&nbsp; Bratislava 2<\/td>\n<td width=\"90\">31348262<\/td>\n<td width=\"140\">1004604328<\/td>\n<td width=\"379\">Direktor PROFI 1\/2026 &#8211; 12\/2026<\/td>\n<td width=\"90\">269,37 \u20ac<\/td>\n<td width=\"104\">17.11.2025<\/td>\n<\/tr>\n<tr>\n<td width=\"84\">DF250222<\/td>\n<td width=\"598\">Lucia Prodajov\u00e1 &#8211; LKP service, Gercenova 1158\/9, 851 01&nbsp; Bratislava 5<\/td>\n<td width=\"90\">52466167<\/td>\n<td width=\"140\">251900009<\/td>\n<td width=\"379\">vzdel\u00e1vanie pedagogick\u00fdch zamestnancov<\/td>\n<td width=\"90\">690,00 \u20ac<\/td>\n<td width=\"104\">17.11.2025<\/td>\n<\/tr>\n<tr>\n<td width=\"84\">DF250223<\/td>\n<td width=\"598\">SPP &#8211; distrib\u00facia, a.s., Pl\u00e1tenn\u00edcka 19013\/2, 821 09&nbsp; Bratislava &#8211; mestsk\u00e1 \u010das\u0165 Ru\u017einov<\/td>\n<td width=\"90\">35910739<\/td>\n<td width=\"140\">2500957933<\/td>\n<td width=\"379\">\u017diados\u0165 o poskytnutie inform\u00e1ci\u00ed<\/td>\n<td width=\"90\">18,45 \u20ac<\/td>\n<td width=\"104\">17.11.2025<\/td>\n<\/tr>\n<tr>\n<td width=\"84\">DF250224<\/td>\n<td width=\"598\">GFS, s.r.o., Cyprichova 10, 831 54&nbsp; Bratislava 3<\/td>\n<td width=\"90\">35798483<\/td>\n<td width=\"140\">2504736<\/td>\n<td width=\"379\">teleso ohrevu vrchn\u00e9<\/td>\n<td width=\"90\">143,54 \u20ac<\/td>\n<td width=\"104\">21.11.2025<\/td>\n<\/tr>\n<tr>\n<td width=\"84\">DF250225<\/td>\n<td width=\"598\">Stredoslovensk\u00e1 vod\u00e1rensk\u00e1 prev\u00e1dzkov\u00e1 spolo\u010dnos\u0165, a.s., Partiz\u00e1nska cesta 5, 974 01&nbsp; Bansk\u00e1 Bystrica<\/td>\n<td width=\"90\">36644030<\/td>\n<td width=\"140\">2251270754<\/td>\n<td width=\"379\">spotreba vody<\/td>\n<td width=\"90\">1 057,06 \u20ac<\/td>\n<td width=\"104\">24.11.2025<\/td>\n<\/tr>\n<tr>\n<td width=\"84\">DF250226<\/td>\n<td width=\"598\">A.K.I.AUDIT, s.r.o., Dr. Herza 12, 984 01&nbsp; Lu\u010denec<\/td>\n<td width=\"90\">36729281<\/td>\n<td width=\"140\">A250017<\/td>\n<td width=\"379\">audit \u00fa\u010dtovnej z\u00e1vierky<\/td>\n<td width=\"90\">615,00 \u20ac<\/td>\n<td width=\"104\">25.11.2025<\/td>\n<\/tr>\n<tr>\n<td width=\"84\">DF250227<\/td>\n<td width=\"598\">Lidl Slovensk\u00e1 republika, s.r.o.,Prievozsk\u00e1 2, 821 09&nbsp; Bratislava<\/td>\n<td width=\"90\">35793783<\/td>\n<td width=\"140\">1027930<\/td>\n<td width=\"379\">dar\u010dekov\u00e9 karty<\/td>\n<td width=\"90\">1 000,00 \u20ac<\/td>\n<td width=\"104\">25.11.2025<\/td>\n<\/tr>\n<tr>\n<td width=\"84\">DF250228<\/td>\n<td width=\"598\">Valman, s.r.o., Nov\u00fd Svet 27, 974 01&nbsp; Bansk\u00e1 Bystrica<\/td>\n<td width=\"90\">44473761<\/td>\n<td width=\"140\">25222034<\/td>\n<td width=\"379\">\u0161kolsk\u00e9 ovocie<\/td>\n<td width=\"90\">0,00 \u20ac<\/td>\n<td width=\"104\">25.11.2025<\/td>\n<\/tr>\n<tr>\n<td width=\"84\">DF250229<\/td>\n<td width=\"598\">Decathlon SK, s.r.o., Pri letisku 2, 821 04&nbsp; Bratislava<\/td>\n<td width=\"90\">47658827<\/td>\n<td width=\"140\">12503020000287287<\/td>\n<td width=\"379\">u\u010debn\u00e9 pom\u00f4cky<\/td>\n<td width=\"90\">79,80 \u20ac<\/td>\n<td width=\"104\">27.11.2025<\/td>\n<\/tr>\n<tr>\n<td width=\"84\">DF250230<\/td>\n<td width=\"598\">Roman Varhan\u00edk &#8211; BENEDETTO, M. Chr\u00e1steka 505\/1, 965 01&nbsp; \u017diar nad Hronom<\/td>\n<td width=\"90\">41941331<\/td>\n<td width=\"140\">250107653<\/td>\n<td width=\"379\">u\u010debn\u00e9 pom\u00f4cky<\/td>\n<td width=\"90\">80,10 \u20ac<\/td>\n<td width=\"104\">27.11.2025<\/td>\n<\/tr>\n<tr>\n<td width=\"84\">DF250231<\/td>\n<td width=\"598\">Decathlon SK, s.r.o., Pri letisku 2, 821 04&nbsp; Bratislava<\/td>\n<td width=\"90\">47658827<\/td>\n<td width=\"140\">12503020000288085<\/td>\n<td width=\"379\">u\u010debn\u00e9 pom\u00f4cky<\/td>\n<td width=\"90\">383,10 \u20ac<\/td>\n<td width=\"104\">28.11.2025<\/td>\n<\/tr>\n<tr>\n<td width=\"84\">DF250232<\/td>\n<td width=\"598\">S\u00fakromn\u00e1 Z\u0160 s M\u0160 DSA, N\u00e1mestie Kub\u00ednyiho 42\/6, 984 01&nbsp; Lu\u010denec<\/td>\n<td width=\"90\">35991607<\/td>\n<td>112025<\/td>\n<td width=\"379\">re\u017eijn\u00e9 n\u00e1klady na stravu zamestnanci 12\/2025<\/td>\n<td>456,00 \u20ac<\/td>\n<td>28.11.2025<\/td>\n<\/tr>\n<tr>\n<td width=\"84\">DF250233<\/td>\n<td width=\"598\">S\u00fakromn\u00e1 Z\u0160 s M\u0160 DSA, N\u00e1mestie Kub\u00ednyiho 42\/6, 984 01&nbsp; Lu\u010denec<\/td>\n<td width=\"90\">35991607<\/td>\n<td>112025 RN<\/td>\n<td width=\"379\">re\u017eijn\u00e9 n\u00e1klady na stravu \u017eiaci 11\/2025<\/td>\n<td>1 036,40 \u20ac<\/td>\n<td>28.11.2025<\/td>\n<\/tr>\n<tr>\n<td width=\"84\">DF250234<\/td>\n<td width=\"598\">S\u00fakromn\u00e1 Z\u0160 s M\u0160 DSA, N\u00e1mestie Kub\u00ednyiho 42\/6, 984 01&nbsp; Lu\u010denec<\/td>\n<td width=\"90\">35991607<\/td>\n<td>112025<\/td>\n<td width=\"379\">dodan\u00e1 strava 11\/2025<\/td>\n<td>5 856,80 \u20ac<\/td>\n<td>28.11.2025<\/td>\n<\/tr>\n<\/tbody>\n<\/table>\n","protected":false},"excerpt":{"rendered":"<p>Por.\u010d\u00edslo fakt\u00fary Dod\u00e1vate\u013e: I\u010cO Fakt\u00fara \u010d\u00edslo Popis objednan\u00e9ho plnenia Suma v EUR D\u00e1tum doru\u010denia fakt\u00fary DF250204 Soft-Tech, s.r.o., Breznica 288, 091 01&nbsp; Breznica 45917272 202564724 tonery 65,25 \u20ac 3.11.2025 DF250205 ESV plus, s.r.o., Poto\u010dn\u00e1 145\/43, 984 01&nbsp; Lu\u010denec 36642321 269\/2025 kancel\u00e1rske potreby 46,53 \u20ac 3.11.2025 DF250206 Mgr. Ladislav Kanaba &#8211; &hellip;<\/p>\n","protected":false},"author":1,"featured_media":0,"parent":0,"menu_order":0,"comment_status":"closed","ping_status":"closed","template":"","meta":{"ngg_post_thumbnail":0,"footnotes":""},"class_list":["post-38663","page","type-page","status-publish","hentry"],"aioseo_notices":[],"_links":{"self":[{"href":"https:\/\/www.czslc.sk\/index.php?rest_route=\/wp\/v2\/pages\/38663","targetHints":{"allow":["GET"]}}],"collection":[{"href":"https:\/\/www.czslc.sk\/index.php?rest_route=\/wp\/v2\/pages"}],"about":[{"href":"https:\/\/www.czslc.sk\/index.php?rest_route=\/wp\/v2\/types\/page"}],"author":[{"embeddable":true,"href":"https:\/\/www.czslc.sk\/index.php?rest_route=\/wp\/v2\/users\/1"}],"replies":[{"embeddable":true,"href":"https:\/\/www.czslc.sk\/index.php?rest_route=%2Fwp%2Fv2%2Fcomments&post=38663"}],"version-history":[{"count":1,"href":"https:\/\/www.czslc.sk\/index.php?rest_route=\/wp\/v2\/pages\/38663\/revisions"}],"predecessor-version":[{"id":38664,"href":"https:\/\/www.czslc.sk\/index.php?rest_route=\/wp\/v2\/pages\/38663\/revisions\/38664"}],"wp:attachment":[{"href":"https:\/\/www.czslc.sk\/index.php?rest_route=%2Fwp%2Fv2%2Fmedia&parent=38663"}],"curies":[{"name":"wp","href":"https:\/\/api.w.org\/{rel}","templated":true}]}}