{"id":38290,"date":"2025-10-22T08:42:07","date_gmt":"2025-10-22T06:42:07","guid":{"rendered":"https:\/\/www.czslc.sk\/?page_id=38290"},"modified":"2025-10-22T08:42:07","modified_gmt":"2025-10-22T06:42:07","slug":"september-2025","status":"publish","type":"page","link":"https:\/\/www.czslc.sk\/?page_id=38290","title":{"rendered":"September 2025"},"content":{"rendered":"\n<table width=\"1485\">\n<tbody>\n<tr>\n<td width=\"84\">Por.\u010d\u00edslo fakt\u00fary<\/td>\n<td width=\"598\">Dod\u00e1vate\u013e:<\/td>\n<td width=\"90\">I\u010cO<\/td>\n<td width=\"140\">Fakt\u00fara \u010d\u00edslo<\/td>\n<td width=\"379\">Popis objednan\u00e9ho plnenia<\/td>\n<td width=\"90\">Suma v EUR<\/td>\n<td width=\"104\">D\u00e1tum doru\u010denia fakt\u00fary<\/td>\n<\/tr>\n<tr>\n<td width=\"84\">DF250161<\/td>\n<td width=\"598\">Webglobe, a.s., Star\u00e1 Prievozsk\u00e1 1349\/2, 821 09&nbsp; Bratislava<\/td>\n<td width=\"90\">52486567<\/td>\n<td width=\"140\">2585042885<\/td>\n<td width=\"379\">ro\u010dn\u00fd poplatok za Webhosting Ultra<\/td>\n<td width=\"90\">141,55 \u20ac<\/td>\n<td width=\"104\">3.9.2025<\/td>\n<\/tr>\n<tr>\n<td>DF250162<\/td>\n<td>Detronics, s.r.o., Buzuluck\u00e1 3, Zvolen<\/td>\n<td>45318565<\/td>\n<td>250136244<\/td>\n<td>pau\u0161\u00e1lny poplatok FiberLine Office Pro za september 2025<\/td>\n<td>43,05 \u20ac<\/td>\n<td>5.9.2025<\/td>\n<\/tr>\n<tr>\n<td>DF250163<\/td>\n<td>VSE, a.s., Mlynsk\u00e1 31, Ko\u0161ice<\/td>\n<td>44483767<\/td>\n<td>7292991848<\/td>\n<td>elektrina 08\/2025<\/td>\n<td>234,35 \u20ac<\/td>\n<td>8.9.2025<\/td>\n<\/tr>\n<tr>\n<td width=\"84\">DF250164<\/td>\n<td width=\"598\">Energie2, a.s., Lazaretsk\u00e1 3a, 811 08&nbsp; Bratislava 1<\/td>\n<td width=\"90\">46113177<\/td>\n<td width=\"140\">8240017746<\/td>\n<td width=\"379\">spotreba plynu september 2025<\/td>\n<td width=\"90\">841,00 \u20ac<\/td>\n<td width=\"104\">8.9.2025<\/td>\n<\/tr>\n<tr>\n<td width=\"84\">DF250165<\/td>\n<td width=\"598\">ASC Applied Software Consultants, s.r.o., Svoradova 7, 811 03&nbsp; Bratislava<\/td>\n<td width=\"90\">31361161<\/td>\n<td width=\"140\">9125007032<\/td>\n<td width=\"379\">\u010dipy<\/td>\n<td width=\"90\">172,00 \u20ac<\/td>\n<td width=\"104\">8.9.2025<\/td>\n<\/tr>\n<tr>\n<td>DF250166<\/td>\n<td>Mgr. Ladislav Kanaba &#8211; ABT, TPO, Malinovsk\u00e9ho 3, 984 03&nbsp; Lu\u010denec<\/td>\n<td>40616495<\/td>\n<td>76\/2025<\/td>\n<td>pr\u00e1ca technika PO a BOZP august 2025<\/td>\n<td>80,00 \u20ac<\/td>\n<td>10.9.2025<\/td>\n<\/tr>\n<tr>\n<td width=\"84\">DF250167<\/td>\n<td width=\"598\">Miroslav Kum\u0161t\u00e1r, Exn\u00e1rova 489\/1, 985 59&nbsp; Vidin\u00e1<\/td>\n<td width=\"90\">32600682<\/td>\n<td width=\"140\">282025<\/td>\n<td width=\"379\">rev\u00edzie a \u010distenie plynov\u00fdch zariaden\u00ed a rev\u00edzia plynov\u00e9ho rozvodu<\/td>\n<td width=\"90\">1 088,00 \u20ac<\/td>\n<td width=\"104\">11.9.2025<\/td>\n<\/tr>\n<tr>\n<td>DF250168<\/td>\n<td>O2 Slovakia, s.r.o., Einsteinova 24, Bratislava<\/td>\n<td>47259116<\/td>\n<td>1521851273<\/td>\n<td>telekomunika\u010dn\u00e9 slu\u017eby 07\/2025<\/td>\n<td>71,13 \u20ac<\/td>\n<td>11.9.2025<\/td>\n<\/tr>\n<tr>\n<td width=\"84\">DF250169<\/td>\n<td width=\"598\">Orbis Pictus Istropolitana, spol. s r.o., Hrachov\u00e1 34, 821 05&nbsp; Bratislava<\/td>\n<td width=\"90\">17323266<\/td>\n<td width=\"140\">2500403488<\/td>\n<td width=\"379\">u\u010debnice<\/td>\n<td width=\"90\">38,20 \u20ac<\/td>\n<td width=\"104\">18.9.2025<\/td>\n<\/tr>\n<tr>\n<td width=\"84\">DF250170<\/td>\n<td width=\"598\">AITEC, s.r.o., R\u00e1zto\u010dn\u00e1 19, 821 07&nbsp; Bratislava<\/td>\n<td width=\"90\">43829171<\/td>\n<td width=\"140\">1202503514<\/td>\n<td width=\"379\">u\u010debnice<\/td>\n<td width=\"90\">32,13 \u20ac<\/td>\n<td width=\"104\">19.9.2025<\/td>\n<\/tr>\n<tr>\n<td width=\"84\">DF250171<\/td>\n<td width=\"598\">TAKTIK vydavate\u013estvo, s.r.o., Popradsk\u00e1 57, 040 11&nbsp; Ko\u0161ice<\/td>\n<td width=\"90\">45258767<\/td>\n<td width=\"140\">2519477<\/td>\n<td width=\"379\">u\u010debnice<\/td>\n<td width=\"90\">236,70 \u20ac<\/td>\n<td width=\"104\">22.9.2025<\/td>\n<\/tr>\n<tr>\n<td width=\"84\">DF250172<\/td>\n<td width=\"598\">B-commerce, s.r.o., Stocklova 60\/19, 085 01&nbsp; Bardejov<\/td>\n<td width=\"90\">52424812<\/td>\n<td width=\"140\">925092468<\/td>\n<td width=\"379\">u\u010debnice<\/td>\n<td width=\"90\">86,74 \u20ac<\/td>\n<td width=\"104\">22.9.2025<\/td>\n<\/tr>\n<tr>\n<td width=\"84\">DF250173<\/td>\n<td width=\"598\">Tibor Varga TSV PAPIER, Vajansk\u00e9ho 80, 984 01&nbsp; Lu\u010denec<\/td>\n<td width=\"90\">32627211<\/td>\n<td>190372709<\/td>\n<td width=\"379\">kancel\u00e1rske potreby, \u010distiace potreby<\/td>\n<td>159,06 \u20ac<\/td>\n<td>24.9.2025<\/td>\n<\/tr>\n<tr>\n<td width=\"84\">DF250174<\/td>\n<td width=\"598\">Richard \u0160rob\u00e1r &#8211; Littera, M.R.\u0160tef\u00e1nika 22, 036 01&nbsp; Martin<\/td>\n<td width=\"90\">33580511<\/td>\n<td>VF251473<\/td>\n<td width=\"379\">u\u010debnice<\/td>\n<td>408,15 \u20ac<\/td>\n<td>26.9.2025<\/td>\n<\/tr>\n<tr>\n<td width=\"84\">DF250175<\/td>\n<td width=\"598\">Richard \u0160rob\u00e1r &#8211; Littera, M.R.\u0160tef\u00e1nika 22, 036 01&nbsp; Martin<\/td>\n<td width=\"90\">33580511<\/td>\n<td>VF251614<\/td>\n<td width=\"379\">u\u010debnice<\/td>\n<td>372,50 \u20ac<\/td>\n<td>29.9.2025<\/td>\n<\/tr>\n<tr>\n<td width=\"84\">DF250176<\/td>\n<td width=\"598\">Valman, s.r.o., Nov\u00fd Svet 27, 974 01&nbsp; Bansk\u00e1 Bystrica<\/td>\n<td width=\"90\">44473761<\/td>\n<td width=\"140\">25221528<\/td>\n<td width=\"379\">\u0161kolsk\u00e9 ovocia<\/td>\n<td width=\"90\">0,00 \u20ac<\/td>\n<td width=\"104\">29.9.2025<\/td>\n<\/tr>\n<tr>\n<td width=\"84\">DF250177<\/td>\n<td width=\"598\">\u0160evt, a.s., Vajnorsk\u00e1 100\/A, 831 04&nbsp; Bratislava<\/td>\n<td width=\"90\">31331131<\/td>\n<td>2252207217<\/td>\n<td width=\"379\">tla\u010div\u00e1<\/td>\n<td>181,09 \u20ac<\/td>\n<td>30.9.2025<\/td>\n<\/tr>\n<tr>\n<td width=\"84\">DF250178<\/td>\n<td width=\"598\">J + T, s.r.o., Moyzesova 726\/4, 985 52&nbsp; Div\u00edn<\/td>\n<td width=\"90\">44583176<\/td>\n<td width=\"140\">250228<\/td>\n<td width=\"379\">prevoz stravy 9\/2025<\/td>\n<td width=\"90\">80,00 \u20ac<\/td>\n<td width=\"104\">30.9.2025<\/td>\n<\/tr>\n<tr>\n<td width=\"84\">DF250179<\/td>\n<td width=\"598\">S\u00fakromn\u00e1 Z\u0160 s M\u0160 DSA, N\u00e1mestie Kub\u00ednyiho 42\/6, 984 01&nbsp; Lu\u010denec<\/td>\n<td width=\"90\">35991607<\/td>\n<td>092025 RN<\/td>\n<td width=\"379\">re\u017eijn\u00e9 n\u00e1klady na stravu \u017eiaci 09\/2025<\/td>\n<td>1 055,20 \u20ac<\/td>\n<td>30.9.2025<\/td>\n<\/tr>\n<tr>\n<td width=\"84\">DF250180<\/td>\n<td width=\"598\">S\u00fakromn\u00e1 Z\u0160 s M\u0160 DSA, N\u00e1mestie Kub\u00ednyiho 42\/6, 984 01&nbsp; Lu\u010denec<\/td>\n<td width=\"90\">35991607<\/td>\n<td>92025<\/td>\n<td width=\"379\">re\u017eijn\u00e9 n\u00e1klady na stravu zamestnanci 09\/2025<\/td>\n<td>471,60 \u20ac<\/td>\n<td>30.9.2025<\/td>\n<\/tr>\n<tr>\n<td width=\"84\">DF250181<\/td>\n<td width=\"598\">S\u00fakromn\u00e1 Z\u0160 s M\u0160 DSA, N\u00e1mestie Kub\u00ednyiho 42\/6, 984 01&nbsp; Lu\u010denec<\/td>\n<td width=\"90\">35991607<\/td>\n<td>92025<\/td>\n<td width=\"379\">dodan\u00e1 strava 09\/2025<\/td>\n<td>5 958,30 \u20ac<\/td>\n<td>30.9.2025<\/td>\n<\/tr>\n<\/tbody>\n<\/table>\n","protected":false},"excerpt":{"rendered":"<p>Por.\u010d\u00edslo fakt\u00fary Dod\u00e1vate\u013e: I\u010cO Fakt\u00fara \u010d\u00edslo Popis objednan\u00e9ho plnenia Suma v EUR D\u00e1tum doru\u010denia fakt\u00fary DF250161 Webglobe, a.s., Star\u00e1 Prievozsk\u00e1 1349\/2, 821 09&nbsp; Bratislava 52486567 2585042885 ro\u010dn\u00fd poplatok za Webhosting Ultra 141,55 \u20ac 3.9.2025 DF250162 Detronics, s.r.o., Buzuluck\u00e1 3, Zvolen 45318565 250136244 pau\u0161\u00e1lny poplatok FiberLine Office Pro za september 2025 &hellip;<\/p>\n","protected":false},"author":1,"featured_media":0,"parent":0,"menu_order":0,"comment_status":"closed","ping_status":"closed","template":"","meta":{"ngg_post_thumbnail":0,"footnotes":""},"class_list":["post-38290","page","type-page","status-publish","hentry"],"aioseo_notices":[],"_links":{"self":[{"href":"https:\/\/www.czslc.sk\/index.php?rest_route=\/wp\/v2\/pages\/38290","targetHints":{"allow":["GET"]}}],"collection":[{"href":"https:\/\/www.czslc.sk\/index.php?rest_route=\/wp\/v2\/pages"}],"about":[{"href":"https:\/\/www.czslc.sk\/index.php?rest_route=\/wp\/v2\/types\/page"}],"author":[{"embeddable":true,"href":"https:\/\/www.czslc.sk\/index.php?rest_route=\/wp\/v2\/users\/1"}],"replies":[{"embeddable":true,"href":"https:\/\/www.czslc.sk\/index.php?rest_route=%2Fwp%2Fv2%2Fcomments&post=38290"}],"version-history":[{"count":1,"href":"https:\/\/www.czslc.sk\/index.php?rest_route=\/wp\/v2\/pages\/38290\/revisions"}],"predecessor-version":[{"id":38291,"href":"https:\/\/www.czslc.sk\/index.php?rest_route=\/wp\/v2\/pages\/38290\/revisions\/38291"}],"wp:attachment":[{"href":"https:\/\/www.czslc.sk\/index.php?rest_route=%2Fwp%2Fv2%2Fmedia&parent=38290"}],"curies":[{"name":"wp","href":"https:\/\/api.w.org\/{rel}","templated":true}]}}