{"id":37975,"date":"2025-09-04T10:21:24","date_gmt":"2025-09-04T08:21:24","guid":{"rendered":"https:\/\/www.czslc.sk\/?page_id=37975"},"modified":"2025-09-04T10:21:25","modified_gmt":"2025-09-04T08:21:25","slug":"jun-2025","status":"publish","type":"page","link":"https:\/\/www.czslc.sk\/?page_id=37975","title":{"rendered":"J\u00fan 2025"},"content":{"rendered":"\n<table width=\"1485\">\n<tbody>\n<tr>\n<td width=\"84\">Por.\u010d\u00edslo fakt\u00fary<\/td>\n<td width=\"598\">Dod\u00e1vate\u013e:<\/td>\n<td width=\"90\">I\u010cO<\/td>\n<td width=\"140\">Fakt\u00fara \u010d\u00edslo<\/td>\n<td width=\"379\">Popis objednan\u00e9ho plnenia<\/td>\n<td width=\"90\">Suma v EUR<\/td>\n<td width=\"104\">D\u00e1tum doru\u010denia fakt\u00fary<\/td>\n<\/tr>\n<tr>\n<td width=\"84\">DF250106<\/td>\n<td width=\"598\">StVPS, a.s., Partiz\u00e1nska cesta 5, 974 01&nbsp; Bansk\u00e1 Bystrica<\/td>\n<td width=\"90\">36644030<\/td>\n<td width=\"140\">2251118075<\/td>\n<td width=\"379\">vodn\u00e9, sto\u010dn\u00e9<\/td>\n<td width=\"90\">1 305,09 \u20ac<\/td>\n<td width=\"104\">2.6.2025<\/td>\n<\/tr>\n<tr>\n<td width=\"84\">DF250107<\/td>\n<td width=\"598\">ASC Applied Software Consultants, s.r.o., Svoradova 7, 811 03&nbsp; Bratislava<\/td>\n<td width=\"90\">31361161<\/td>\n<td width=\"140\">9125002940<\/td>\n<td width=\"379\">ASC Agenda Komplet 2026<\/td>\n<td width=\"90\">531,00 \u20ac<\/td>\n<td width=\"104\">4.6.2025<\/td>\n<\/tr>\n<tr>\n<td width=\"84\">DF250108<\/td>\n<td width=\"598\">Web Retail, s.r.o., Husineck\u00e1 903\/10, Praha 3, 130 00&nbsp; \u010cesk\u00e1 republika<\/td>\n<td width=\"90\">28876431<\/td>\n<td width=\"140\">2025287473<\/td>\n<td width=\"379\">lampa s modulom do EPSON<\/td>\n<td width=\"90\">147,35 \u20ac<\/td>\n<td width=\"104\">6.6.2025<\/td>\n<\/tr>\n<tr>\n<td width=\"84\">DF250109<\/td>\n<td width=\"598\">J + T, s.r.o., Moyzesova 726\/4, 985 52&nbsp; Div\u00edn<\/td>\n<td width=\"90\">44583176<\/td>\n<td width=\"140\">250133<\/td>\n<td width=\"379\">preprava hotovej stravy za mesiac m\u00e1j 2025<\/td>\n<td width=\"90\">70,00 \u20ac<\/td>\n<td width=\"104\">6.6.2025<\/td>\n<\/tr>\n<tr>\n<td>DF250110<\/td>\n<td>Mgr. Ladislav Kanaba &#8211; ABT, TPO, Malinovsk\u00e9ho 3, 984 03&nbsp; Lu\u010denec<\/td>\n<td>40616495<\/td>\n<td>49\/2025<\/td>\n<td>pr\u00e1ca technika PO a BOZP m\u00e1j 2025<\/td>\n<td>80,00 \u20ac<\/td>\n<td>6.6.2025<\/td>\n<\/tr>\n<tr>\n<td>DF250111<\/td>\n<td>Detronics, s.r.o., Buzuluck\u00e1 3, Zvolen<\/td>\n<td>45318565<\/td>\n<td>250123754<\/td>\n<td>pau\u0161\u00e1lny poplatok FiberLine Office Pro za j\u00fan 2025<\/td>\n<td>43,05 \u20ac<\/td>\n<td>6.6.2025<\/td>\n<\/tr>\n<tr>\n<td width=\"84\">DF250112<\/td>\n<td width=\"598\">CK Slnie\u010dko, spol. s r.o., Palack\u00e9ho 88\/8, 911 01&nbsp; Tren\u010d\u00edn<\/td>\n<td width=\"90\">43840949<\/td>\n<td width=\"140\">OF06-20250247<\/td>\n<td width=\"379\">\u0161kola v pr\u00edrode<\/td>\n<td width=\"90\">3 750,00 \u20ac<\/td>\n<td width=\"104\">9.6.2025<\/td>\n<\/tr>\n<tr>\n<td width=\"84\">DF250113<\/td>\n<td width=\"598\">Energie2, a.s., Lazaretsk\u00e1 3a, 811 08&nbsp; Bratislava 1<\/td>\n<td width=\"90\">46113177<\/td>\n<td width=\"140\">8240017746<\/td>\n<td width=\"379\">spotreba plynu j\u00fan 2025<\/td>\n<td width=\"90\">841,00 \u20ac<\/td>\n<td width=\"104\">10.6.2025<\/td>\n<\/tr>\n<tr>\n<td>DF250114<\/td>\n<td>VSE, a.s., Mlynsk\u00e1 31, Ko\u0161ice<\/td>\n<td>44483767<\/td>\n<td>7292764251<\/td>\n<td>elektrina 05\/2025<\/td>\n<td>467,02 \u20ac<\/td>\n<td>10.6.2025<\/td>\n<\/tr>\n<tr>\n<td width=\"84\">DF250115<\/td>\n<td width=\"598\">INTA, s.r.o., Ryb\u00e1rska 758\/18, 911 01&nbsp; Tren\u010d\u00edn<\/td>\n<td>34129863<\/td>\n<td>1025050705<\/td>\n<td>odber kuchynsk\u00e9ho odpadu 05\/2025<\/td>\n<td>30,75 \u20ac<\/td>\n<td>11.6.2025<\/td>\n<\/tr>\n<tr>\n<td width=\"84\">DF250116<\/td>\n<td width=\"598\">Orbis Pictus Istropolitana, spol. s r.o., Hrachov\u00e1 34, 821 05&nbsp; Bratislava<\/td>\n<td width=\"90\">17323266<\/td>\n<td width=\"140\">2500401090<\/td>\n<td width=\"379\">u\u010debnice<\/td>\n<td width=\"90\">522,00 \u20ac<\/td>\n<td width=\"104\">13.6.2025<\/td>\n<\/tr>\n<tr>\n<td width=\"84\">DF250117<\/td>\n<td width=\"598\">Orbis Pictus Istropolitana, spol. s r.o., Hrachov\u00e1 34, 821 05&nbsp; Bratislava<\/td>\n<td width=\"90\">17323266<\/td>\n<td width=\"140\">2500401092<\/td>\n<td width=\"379\">u\u010debnice<\/td>\n<td width=\"90\">36,00 \u20ac<\/td>\n<td width=\"104\">13.6.2025<\/td>\n<\/tr>\n<tr>\n<td>DF250118<\/td>\n<td>Gigaprint.sk, s.r.o., Kuzm\u00e1nyho 30, 911 01&nbsp; Tren\u010d\u00edn<\/td>\n<td>50370294<\/td>\n<td>201530750<\/td>\n<td>toner<\/td>\n<td>16,70 \u20ac<\/td>\n<td>23.6.2025<\/td>\n<\/tr>\n<tr>\n<td width=\"84\">DF250119<\/td>\n<td>Valman, s.r.o., Nov\u00fd Svet 27, 974 01&nbsp; Bansk\u00e1 Bystrica<\/td>\n<td>44473761<\/td>\n<td>25221257<\/td>\n<td>\u0161kolsk\u00e9 ovocie<\/td>\n<td>0,00 \u20ac<\/td>\n<td>23.6.2025<\/td>\n<\/tr>\n<tr>\n<td width=\"84\">DF250120<\/td>\n<td width=\"598\">FALCON SPORT, s.r.o., Lu\u010deneck\u00e1 444\/11, 986 01&nbsp; Fi\u013eakovo<\/td>\n<td width=\"90\">31628753<\/td>\n<td width=\"140\">25066<\/td>\n<td width=\"379\">propaga\u010dn\u00fd materi\u00e1l<\/td>\n<td width=\"90\">132,00 \u20ac<\/td>\n<td width=\"104\">25.6.2025<\/td>\n<\/tr>\n<tr>\n<td width=\"84\">DF250121<\/td>\n<td width=\"598\">AITEC, s.r.o., R\u00e1zto\u010dn\u00e1 19, 821 07&nbsp; Bratislava<\/td>\n<td width=\"90\">43829171<\/td>\n<td width=\"140\">1202501814<\/td>\n<td width=\"379\">u\u010debnice<\/td>\n<td width=\"90\">537,82 \u20ac<\/td>\n<td width=\"104\">25.6.2025<\/td>\n<\/tr>\n<tr>\n<td width=\"84\">DF250122<\/td>\n<td width=\"598\">AITEC, s.r.o., R\u00e1zto\u010dn\u00e1 19, 821 07&nbsp; Bratislava<\/td>\n<td width=\"90\">43829171<\/td>\n<td width=\"140\">1202501815<\/td>\n<td width=\"379\">u\u010debnice<\/td>\n<td width=\"90\">628,30 \u20ac<\/td>\n<td width=\"104\">25.6.2025<\/td>\n<\/tr>\n<tr>\n<td width=\"84\">DF250123<\/td>\n<td width=\"598\">AITEC, s.r.o., R\u00e1zto\u010dn\u00e1 19, 821 07&nbsp; Bratislava<\/td>\n<td width=\"90\">43829171<\/td>\n<td width=\"140\">1102500927<\/td>\n<td width=\"379\">u\u010debnice<\/td>\n<td width=\"90\">315,00 \u20ac<\/td>\n<td width=\"104\">25.6.2025<\/td>\n<\/tr>\n<tr>\n<td>DF250124<\/td>\n<td>O2 Slovakia, s.r.o., Einsteinova 24, Bratislava<\/td>\n<td>47259116<\/td>\n<td>1401818645<\/td>\n<td>telekomunika\u010dn\u00e9 slu\u017eby 05\/2025<\/td>\n<td>71,13 \u20ac<\/td>\n<td>25.6.2025<\/td>\n<\/tr>\n<tr>\n<td width=\"84\">DF250125<\/td>\n<td width=\"598\">Dr. Josef Raabe Slovensko, s.r.o., Heydukova 12-14, 811 08&nbsp; Bratislava<\/td>\n<td width=\"90\">35908718<\/td>\n<td width=\"140\">202509356<\/td>\n<td width=\"379\">\u0160KOLA &#8211; mana\u017ement, ekonomika, legislat\u00edva<\/td>\n<td width=\"90\">48,00 \u20ac<\/td>\n<td width=\"104\">26.6.2025<\/td>\n<\/tr>\n<tr>\n<td>DF250126<\/td>\n<td>S\u00fakromn\u00e1 Z\u0160 s M\u0160 DSA, N\u00e1mestie Kub\u00ednyiho 42\/6, 984 01&nbsp; Lu\u010denec<\/td>\n<td>35991607<\/td>\n<td>062025 RN<\/td>\n<td>re\u017eijn\u00e9 n\u00e1klady \u017eiaci 06\/2025<\/td>\n<td>765,00 \u20ac<\/td>\n<td>27.6.2025<\/td>\n<\/tr>\n<tr>\n<td>DF250127<\/td>\n<td>S\u00fakromn\u00e1 Z\u0160 s M\u0160 DSA, N\u00e1mestie Kub\u00ednyiho 42\/6, 984 01&nbsp; Lu\u010denec<\/td>\n<td>35991607<\/td>\n<td>062025<\/td>\n<td>re\u017eijn\u00e9 n\u00e1klady zamestnanci 06\/2025<\/td>\n<td>380,40 \u20ac<\/td>\n<td>27.6.2025<\/td>\n<\/tr>\n<tr>\n<td>DF250128<\/td>\n<td>S\u00fakromn\u00e1 Z\u0160 s M\u0160 DSA, N\u00e1mestie Kub\u00ednyiho 42\/6, 984 01&nbsp; Lu\u010denec<\/td>\n<td>35991607<\/td>\n<td>062025<\/td>\n<td>dodan\u00e1 strava 06\/2025<\/td>\n<td>5 649,80 \u20ac<\/td>\n<td>27.6.2025<\/td>\n<\/tr>\n<tr>\n<td width=\"84\">DF250129<\/td>\n<td width=\"598\">StVPS, a.s., Partiz\u00e1nska cesta 5, 974 01&nbsp; Bansk\u00e1 Bystrica<\/td>\n<td width=\"90\">36644030<\/td>\n<td width=\"140\">2251140175<\/td>\n<td width=\"379\">vodn\u00e9, sto\u010dn\u00e9<\/td>\n<td width=\"90\">35,77 \u20ac<\/td>\n<td width=\"104\">30.6.2025<\/td>\n<\/tr>\n<\/tbody>\n<\/table>\n","protected":false},"excerpt":{"rendered":"<p>Por.\u010d\u00edslo fakt\u00fary Dod\u00e1vate\u013e: I\u010cO Fakt\u00fara \u010d\u00edslo Popis objednan\u00e9ho plnenia Suma v EUR D\u00e1tum doru\u010denia fakt\u00fary DF250106 StVPS, a.s., Partiz\u00e1nska cesta 5, 974 01&nbsp; Bansk\u00e1 Bystrica 36644030 2251118075 vodn\u00e9, sto\u010dn\u00e9 1 305,09 \u20ac 2.6.2025 DF250107 ASC Applied Software Consultants, s.r.o., Svoradova 7, 811 03&nbsp; Bratislava 31361161 9125002940 ASC Agenda Komplet 2026 &hellip;<\/p>\n","protected":false},"author":1,"featured_media":0,"parent":0,"menu_order":0,"comment_status":"closed","ping_status":"closed","template":"","meta":{"ngg_post_thumbnail":0,"footnotes":""},"class_list":["post-37975","page","type-page","status-publish","hentry"],"aioseo_notices":[],"_links":{"self":[{"href":"https:\/\/www.czslc.sk\/index.php?rest_route=\/wp\/v2\/pages\/37975","targetHints":{"allow":["GET"]}}],"collection":[{"href":"https:\/\/www.czslc.sk\/index.php?rest_route=\/wp\/v2\/pages"}],"about":[{"href":"https:\/\/www.czslc.sk\/index.php?rest_route=\/wp\/v2\/types\/page"}],"author":[{"embeddable":true,"href":"https:\/\/www.czslc.sk\/index.php?rest_route=\/wp\/v2\/users\/1"}],"replies":[{"embeddable":true,"href":"https:\/\/www.czslc.sk\/index.php?rest_route=%2Fwp%2Fv2%2Fcomments&post=37975"}],"version-history":[{"count":1,"href":"https:\/\/www.czslc.sk\/index.php?rest_route=\/wp\/v2\/pages\/37975\/revisions"}],"predecessor-version":[{"id":37976,"href":"https:\/\/www.czslc.sk\/index.php?rest_route=\/wp\/v2\/pages\/37975\/revisions\/37976"}],"wp:attachment":[{"href":"https:\/\/www.czslc.sk\/index.php?rest_route=%2Fwp%2Fv2%2Fmedia&parent=37975"}],"curies":[{"name":"wp","href":"https:\/\/api.w.org\/{rel}","templated":true}]}}