{"id":337,"date":"2013-01-11T09:34:36","date_gmt":"2013-01-11T07:34:36","guid":{"rendered":"http:\/\/www.czssvjanabosca.sk\/?page_id=337"},"modified":"2018-07-20T08:27:50","modified_gmt":"2018-07-20T06:27:50","slug":"faktury","status":"publish","type":"page","link":"https:\/\/www.czslc.sk\/?page_id=337","title":{"rendered":"Fakt\u00fary ,zmluvy a objedn\u00e1vky"},"content":{"rendered":"<p>Fakt\u00fary<br \/>\n\n<table id=\"wp-table-reloaded-id-26-no-1\" class=\"wp-table-reloaded wp-table-reloaded-id-26\">\n<tbody>\n\t<tr class=\"row-1 odd\">\n\t\t<td class=\"column-1\"><a href=\"https:\/\/www.czslc.sk\/?page_id=38967\"> Rok 2026<\/a><\/td>\n\t<\/tr>\n\t<tr class=\"row-2 even\">\n\t\t<td class=\"column-1\"><a href=\"https:\/\/www.czslc.sk\/?page_id=32785\"> Rok 2025<\/a><\/td>\n\t<\/tr>\n\t<tr class=\"row-3 odd\">\n\t\t<td class=\"column-1\"><a href=\"https:\/\/www.czslc.sk\/?page_id=30912\"> Rok 2024<\/a><\/td>\n\t<\/tr>\n\t<tr class=\"row-4 even\">\n\t\t<td class=\"column-1\"><a href=\"https:\/\/www.czslc.sk\/?page_id=29115\"> Rok 2023<\/a><\/td>\n\t<\/tr>\n\t<tr class=\"row-5 odd\">\n\t\t<td class=\"column-1\"><a href=\"https:\/\/www.czslc.sk\/?page_id=27368\"> Rok 2022<\/a><\/td>\n\t<\/tr>\n\t<tr class=\"row-6 even\">\n\t\t<td class=\"column-1\"><a href=\"https:\/\/www.czslc.sk\/?page_id=26773\"> Rok 2021<\/a><\/td>\n\t<\/tr>\n\t<tr class=\"row-7 odd\">\n\t\t<td class=\"column-1\"><a href=\"http:\/\/www.czslc.sk\/?page_id=25437\"> Rok 2020<\/a><\/td>\n\t<\/tr>\n\t<tr class=\"row-8 even\">\n\t\t<td class=\"column-1\"><a href=\"http:\/\/www.czslc.sk\/?page_id=22120\"> Rok 2019<\/a><\/td>\n\t<\/tr>\n\t<tr class=\"row-9 odd\">\n\t\t<td class=\"column-1\"><a href=\"http:\/\/www.czslc.sk\/?page_id=16885\"> Rok 2018<\/a><br \/>\r\n<\/td>\n\t<\/tr>\n\t<tr class=\"row-10 even\">\n\t\t<td class=\"column-1\"><a href=\"http:\/\/www.czslc.sk\/?page_id=6146\"> Rok 2017<\/a><br \/>\r\n<\/td>\n\t<\/tr>\n\t<tr class=\"row-11 odd\">\n\t\t<td class=\"column-1\"><a href=\"http:\/\/www.czslc.sk\/?page_id=2004\"> Rok 2016<\/a><\/td>\n\t<\/tr>\n\t<tr class=\"row-12 even\">\n\t\t<td class=\"column-1\"><a href=\"http:\/\/www.czslc.sk\/?page_id=1428\"> Rok 2015<\/a><\/td>\n\t<\/tr>\n\t<tr class=\"row-13 odd\">\n\t\t<td class=\"column-1\"><a href=\"http:\/\/www.czslc.sk\/?page_id=1426\">Rok 2014<\/a><\/td>\n\t<\/tr>\n\t<tr class=\"row-14 even\">\n\t\t<td class=\"column-1\"><\/td>\n\t<\/tr>\n<\/tbody>\n<\/table>\n\n<p>Ojedn\u00e1vky<\/p>\n\n<table id=\"wp-table-reloaded-id-82-no-1\" class=\"wp-table-reloaded wp-table-reloaded-id-82\">\n<tbody>\n\t<tr class=\"row-1 odd\">\n\t\t<td class=\"column-1\"><a href=\"https:\/\/www.czslc.sk\/?page_id=33087\">2025<\/a><\/td>\n\t<\/tr>\n\t<tr class=\"row-2 even\">\n\t\t<td class=\"column-1\"><a href=\"https:\/\/www.czslc.sk\/?page_id=30883\"> 2024<\/a><\/td>\n\t<\/tr>\n\t<tr class=\"row-3 odd\">\n\t\t<td class=\"column-1\"><a href=\"https:\/\/www.czslc.sk\/?page_id=29446\"> 2023<\/a><\/td>\n\t<\/tr>\n\t<tr class=\"row-4 even\">\n\t\t<td class=\"column-1\"><a href=\"https:\/\/www.czslc.sk\/?page_id=27465\"> 2022<\/a><\/td>\n\t<\/tr>\n\t<tr class=\"row-5 odd\">\n\t\t<td class=\"column-1\"><a href=\"https:\/\/www.czslc.sk\/?page_id=26778\"> 2021<\/a><\/td>\n\t<\/tr>\n\t<tr class=\"row-6 even\">\n\t\t<td class=\"column-1\"><a href=\"http:\/\/www.czslc.sk\/?page_id=25441\"> 2020<\/a><\/td>\n\t<\/tr>\n\t<tr class=\"row-7 odd\">\n\t\t<td class=\"column-1\"><a href=\"http:\/\/www.czslc.sk\/?page_id=22129\"> 2019<\/a><br \/>\r\n<\/td>\n\t<\/tr>\n\t<tr class=\"row-8 even\">\n\t\t<td class=\"column-1\"><a href=\"http:\/\/www.czslc.sk\/?page_id=16895\"> 2018<\/a><br \/>\r\n<\/td>\n\t<\/tr>\n<\/tbody>\n<\/table>\n\n<p>Zmluvy<br \/>\n\n<table id=\"wp-table-reloaded-id-42-no-1\" class=\"wp-table-reloaded wp-table-reloaded-id-42\">\n<tbody>\n\t<tr class=\"row-1\">\n\t\t<td class=\"column-1\"><a href=\"https:\/\/www.czslc.sk\/?page_id=38873\">2026<\/a> <\/td>\n\t<\/tr>\n\t<tr class=\"row-2\">\n\t\t<td class=\"column-1\"><a href=\"https:\/\/www.czslc.sk\/?page_id=32596\">2025<\/a> <\/td>\n\t<\/tr>\n\t<tr class=\"row-3\">\n\t\t<td class=\"column-1\"><a href=\"https:\/\/www.czslc.sk\/?page_id=30847\">2024<\/a> <\/td>\n\t<\/tr>\n\t<tr class=\"row-4\">\n\t\t<td class=\"column-1\"><a href=\"https:\/\/www.czslc.sk\/?page_id=30800\">2023<\/a> <\/td>\n\t<\/tr>\n\t<tr class=\"row-5\">\n\t\t<td class=\"column-1\"><a href=\"https:\/\/www.czslc.sk\/?page_id=26821\">2021<\/a> <\/td>\n\t<\/tr>\n\t<tr class=\"row-6\">\n\t\t<td class=\"column-1\"><a href=\"http:\/\/www.czslc.sk\/?page_id=25443\">2020<\/a><\/td>\n\t<\/tr>\n\t<tr class=\"row-7\">\n\t\t<td class=\"column-1\"><a href=\"http:\/\/www.czslc.sk\/?page_id=23407\">2019<\/a><\/td>\n\t<\/tr>\n\t<tr class=\"row-8\">\n\t\t<td class=\"column-1\"><a href=\"http:\/\/www.czslc.sk\/?page_id=20052\">2015-2018<\/a><\/td>\n\t<\/tr>\n\t<tr class=\"row-9\">\n\t\t<td class=\"column-1\"><a href=\"http:\/\/www.czslc.sk\/?page_id=20050\">2013-2015<\/a><\/td>\n\t<\/tr>\n<\/tbody>\n<\/table>\n\n","protected":false},"excerpt":{"rendered":"<p>Fakt\u00fary Ojedn\u00e1vky Zmluvy<\/p>\n","protected":false},"author":1,"featured_media":0,"parent":0,"menu_order":0,"comment_status":"closed","ping_status":"open","template":"","meta":{"ngg_post_thumbnail":0,"footnotes":""},"class_list":["post-337","page","type-page","status-publish","hentry"],"aioseo_notices":[],"_links":{"self":[{"href":"https:\/\/www.czslc.sk\/index.php?rest_route=\/wp\/v2\/pages\/337","targetHints":{"allow":["GET"]}}],"collection":[{"href":"https:\/\/www.czslc.sk\/index.php?rest_route=\/wp\/v2\/pages"}],"about":[{"href":"https:\/\/www.czslc.sk\/index.php?rest_route=\/wp\/v2\/types\/page"}],"author":[{"embeddable":true,"href":"https:\/\/www.czslc.sk\/index.php?rest_route=\/wp\/v2\/users\/1"}],"replies":[{"embeddable":true,"href":"https:\/\/www.czslc.sk\/index.php?rest_route=%2Fwp%2Fv2%2Fcomments&post=337"}],"version-history":[{"count":43,"href":"https:\/\/www.czslc.sk\/index.php?rest_route=\/wp\/v2\/pages\/337\/revisions"}],"predecessor-version":[{"id":17896,"href":"https:\/\/www.czslc.sk\/index.php?rest_route=\/wp\/v2\/pages\/337\/revisions\/17896"}],"wp:attachment":[{"href":"https:\/\/www.czslc.sk\/index.php?rest_route=%2Fwp%2Fv2%2Fmedia&parent=337"}],"curies":[{"name":"wp","href":"https:\/\/api.w.org\/{rel}","templated":true}]}}