{"id":33560,"date":"2025-05-13T08:18:54","date_gmt":"2025-05-13T06:18:54","guid":{"rendered":"https:\/\/www.czslc.sk\/?page_id=33560"},"modified":"2025-05-13T08:18:55","modified_gmt":"2025-05-13T06:18:55","slug":"april-2025","status":"publish","type":"page","link":"https:\/\/www.czslc.sk\/?page_id=33560","title":{"rendered":"Apr\u00edl 2025"},"content":{"rendered":"\n<table width=\"1493\">\n<tbody>\n<tr>\n<td width=\"84\">Por.\u010d\u00edslo fakt\u00fary<\/td>\n<td width=\"606\">Dod\u00e1vate\u013e:<\/td>\n<td width=\"90\">I\u010cO<\/td>\n<td width=\"140\">Fakt\u00fara \u010d\u00edslo<\/td>\n<td width=\"379\">Popis objednan\u00e9ho plnenia<\/td>\n<td width=\"90\">Suma v EUR<\/td>\n<td width=\"104\">D\u00e1tum doru\u010denia fakt\u00fary<\/td>\n<\/tr>\n<tr>\n<td>DF250065<\/td>\n<td>J+T, s.r.o., Moyzesova 726\/4, 985 52&nbsp; Div\u00edn<\/td>\n<td>44583176<\/td>\n<td>250085<\/td>\n<td>prevoz stravy 3\/2025<\/td>\n<td>70,00 \u20ac<\/td>\n<td>1.4.2025<\/td>\n<\/tr>\n<tr>\n<td width=\"84\">DF250066<\/td>\n<td width=\"606\">Mgr. Ladislav Turek &#8211; CENTRUM, Vajansk\u00e9ho 10, 984 01&nbsp; Lu\u010denec<\/td>\n<td width=\"90\">43434576<\/td>\n<td width=\"140\">20160652<\/td>\n<td width=\"379\">materi\u00e1l \u0160J<\/td>\n<td width=\"90\">33,98 \u20ac<\/td>\n<td width=\"104\">1.4.2025<\/td>\n<\/tr>\n<tr>\n<td width=\"84\">DF250067<\/td>\n<td width=\"606\">fpoho, s.r.o., K\u00e1lov 356, 010 01&nbsp; \u017dilina<\/td>\n<td width=\"90\">56214863<\/td>\n<td width=\"140\">3025305610<\/td>\n<td width=\"379\">stravenky<\/td>\n<td width=\"90\">63,96 \u20ac<\/td>\n<td width=\"104\">2.4.2025<\/td>\n<\/tr>\n<tr>\n<td width=\"84\">DF250068<\/td>\n<td width=\"606\">Tibor Varga TSV PAPIER, Vajansk\u00e9ho 80, 984 01&nbsp; Lu\u010denec<\/td>\n<td width=\"90\">32627211<\/td>\n<td width=\"140\">190364439<\/td>\n<td width=\"379\">kancel\u00e1rske potreby<\/td>\n<td width=\"90\">212,37<\/td>\n<td width=\"104\">3.4.2025<\/td>\n<\/tr>\n<tr>\n<td width=\"84\">DF250069<\/td>\n<td width=\"606\">Slovensk\u00e1 po\u0161ta, a.s., Partiz\u00e1nska cesta \u010d. 9, 975 99&nbsp; Bansk\u00e1 Bystrica<\/td>\n<td width=\"90\">36631124<\/td>\n<td width=\"140\">9001771457<\/td>\n<td width=\"379\">tla\u010diarensk\u00e9 slu\u017eby<\/td>\n<td width=\"90\">28,29 \u20ac<\/td>\n<td width=\"104\">3.4.2025<\/td>\n<\/tr>\n<tr>\n<td>DF250070<\/td>\n<td>Mgr. Ladislav Kanaba &#8211; ABT, TPO, Malinovsk\u00e9ho 3, 984 03&nbsp; Lu\u010denec<\/td>\n<td>40616495<\/td>\n<td>41\/2025<\/td>\n<td>pr\u00e1ca technika PO a BOZP marec 2025<\/td>\n<td>80,00 \u20ac<\/td>\n<td>3.4.2025<\/td>\n<\/tr>\n<tr>\n<td width=\"84\">DF250071<\/td>\n<td width=\"606\">Ing. Milan Hric, Ulica Alexandra W\u00e1gnera 2515\/38, 984 01&nbsp; Lu\u010denec<\/td>\n<td width=\"90\">47025883<\/td>\n<td width=\"140\">20250138<\/td>\n<td width=\"379\">poskytovan\u00e9 slu\u017eby v oblasti civilnej ochrany za I.Q 2025<\/td>\n<td width=\"90\">73,80 \u20ac<\/td>\n<td width=\"104\">3.4.2025<\/td>\n<\/tr>\n<tr>\n<td>DF250072<\/td>\n<td>Detronics, s.r.o., Buzuluck\u00e1 3, Zvolen<\/td>\n<td>45318565<\/td>\n<td>250115542<\/td>\n<td>pau\u0161\u00e1lny poplatok FiberLine Office Pro za apr\u00edl 2025<\/td>\n<td>43,05 \u20ac<\/td>\n<td>7.4.2025<\/td>\n<\/tr>\n<tr>\n<td width=\"84\">DF250073<\/td>\n<td width=\"606\">Gigaprint.sk, s.r.o., Kuzm\u00e1nyho 30, 911 01&nbsp; Tren\u010d\u00edn<\/td>\n<td width=\"90\">50370294<\/td>\n<td width=\"140\">201519300<\/td>\n<td width=\"379\">tonery<\/td>\n<td width=\"90\">33,20 \u20ac<\/td>\n<td width=\"104\">7.4.2025<\/td>\n<\/tr>\n<tr>\n<td width=\"84\">DF250074<\/td>\n<td width=\"606\">Ren\u00e9 Ballo, Z\u00e1vada 29, 991 21&nbsp; Z\u00e1vada<\/td>\n<td width=\"90\">41282582<\/td>\n<td width=\"140\">2025040005<\/td>\n<td width=\"379\">\u0161achov\u00fd kr\u00fa\u017eok<\/td>\n<td width=\"90\">70,00 \u20ac<\/td>\n<td width=\"104\">8.4.2025<\/td>\n<\/tr>\n<tr>\n<td width=\"84\">DF250075<\/td>\n<td width=\"606\">INTA, s.r.o., Ryb\u00e1rska 758\/18, 911 01&nbsp; Tren\u010d\u00edn<\/td>\n<td>34129863<\/td>\n<td>1025030677<\/td>\n<td>odber kuchynsk\u00e9ho odpadu 03\/2025<\/td>\n<td>30,75 \u20ac<\/td>\n<td>8.4.2025<\/td>\n<\/tr>\n<tr>\n<td width=\"84\">DF250076<\/td>\n<td width=\"606\">Energie2, a.s., Lazaretsk\u00e1 3a, 811 08&nbsp; Bratislava 1<\/td>\n<td width=\"90\">46113177<\/td>\n<td width=\"140\">8240017746<\/td>\n<td width=\"379\">spotreba plynu apr\u00edl 2025<\/td>\n<td width=\"90\">841,00 \u20ac<\/td>\n<td width=\"104\">10.4.2025<\/td>\n<\/tr>\n<tr>\n<td width=\"84\">DF250077<\/td>\n<td width=\"606\">Lidl Slovensk\u00e1 republika, s.r.o., Ru\u017einovsk\u00e1 1E, 821 02&nbsp; Bratislava&nbsp;<\/td>\n<td width=\"90\">35793783<\/td>\n<td width=\"140\">1025234<\/td>\n<td width=\"379\">dar\u010dekov\u00e9 pouk\u00e1\u017eky<\/td>\n<td width=\"90\">1 030,00 \u20ac<\/td>\n<td width=\"104\">10.4.2025<\/td>\n<\/tr>\n<tr>\n<td>DF250078<\/td>\n<td>O2 Slovakia, s.r.o., Einsteinova 24, Bratislava<\/td>\n<td>47259116<\/td>\n<td>1461762758<\/td>\n<td>telekomunika\u010dn\u00e9 slu\u017eby 03\/2025<\/td>\n<td>71,13 \u20ac<\/td>\n<td>11.4.2025<\/td>\n<\/tr>\n<tr>\n<td>DF250079<\/td>\n<td>VSE, a.s., Mlynsk\u00e1 31, Ko\u0161ice<\/td>\n<td>44483767<\/td>\n<td>7292396246<\/td>\n<td>elektrina 03\/2025<\/td>\n<td>629,41 \u20ac<\/td>\n<td>11.4.2025<\/td>\n<\/tr>\n<tr>\n<td width=\"84\">DF250080<\/td>\n<td width=\"606\">A J Produkty, a.s., Galvaniho 7\/B, 821 04&nbsp; Bratislava<\/td>\n<td width=\"90\">36268518<\/td>\n<td width=\"140\">202502894<\/td>\n<td width=\"379\">ochrann\u00e1 f\u00f3lia k reklamn\u00e9mu stojanu<\/td>\n<td width=\"90\">30,50 \u20ac<\/td>\n<td width=\"104\">14.4.2025<\/td>\n<\/tr>\n<tr>\n<td>DF250081<\/td>\n<td>S\u00fakromn\u00e1 Z\u0160 s M\u0160 DSA, N\u00e1mestie Kub\u00ednyiho 42\/6, 984 01&nbsp; Lu\u010denec<\/td>\n<td>35991607<\/td>\n<td>042025 RN<\/td>\n<td>re\u017eijn\u00e9 n\u00e1klady \u017eiaci 04\/2025<\/td>\n<td>765,00 \u20ac<\/td>\n<td>30.4.2025<\/td>\n<\/tr>\n<tr>\n<td>DF250082<\/td>\n<td>S\u00fakromn\u00e1 Z\u0160 s M\u0160 DSA, N\u00e1mestie Kub\u00ednyiho 42\/6, 984 01&nbsp; Lu\u010denec<\/td>\n<td>35991607<\/td>\n<td>042025<\/td>\n<td>re\u017eijn\u00e9 n\u00e1klady zamestnanci 04\/2025<\/td>\n<td>340,80 \u20ac<\/td>\n<td>30.4.2025<\/td>\n<\/tr>\n<tr>\n<td>DF250083<\/td>\n<td>S\u00fakromn\u00e1 Z\u0160 s M\u0160 DSA, N\u00e1mestie Kub\u00ednyiho 42\/6, 984 01&nbsp; Lu\u010denec<\/td>\n<td>35991607<\/td>\n<td>042025<\/td>\n<td>dodan\u00e1 strava 04\/2025<\/td>\n<td>5 390,40 \u20ac<\/td>\n<td>30.4.2025<\/td>\n<\/tr>\n<tr>\n<td width=\"84\">DF250084<\/td>\n<td>Valman, s.r.o., Nov\u00fd Svet 27, 974 01&nbsp; Bansk\u00e1 Bystrica<\/td>\n<td>44473761<\/td>\n<td>25220798<\/td>\n<td>\u0161kolsk\u00e9 ovocie<\/td>\n<td>0,00 \u20ac<\/td>\n<td>23.4.2025<\/td>\n<\/tr>\n<tr>\n<td>DF250085<\/td>\n<td>J+T, s.r.o., Moyzesova 726\/4, 985 52&nbsp; Div\u00edn<\/td>\n<td>44583176<\/td>\n<td>250110<\/td>\n<td>prevoz stravy 4\/2025<\/td>\n<td>70,00 \u20ac<\/td>\n<td>30.4.2025<\/td>\n<\/tr>\n<\/tbody>\n<\/table>\n","protected":false},"excerpt":{"rendered":"<p>Por.\u010d\u00edslo fakt\u00fary Dod\u00e1vate\u013e: I\u010cO Fakt\u00fara \u010d\u00edslo Popis objednan\u00e9ho plnenia Suma v EUR D\u00e1tum doru\u010denia fakt\u00fary DF250065 J+T, s.r.o., Moyzesova 726\/4, 985 52&nbsp; Div\u00edn 44583176 250085 prevoz stravy 3\/2025 70,00 \u20ac 1.4.2025 DF250066 Mgr. Ladislav Turek &#8211; CENTRUM, Vajansk\u00e9ho 10, 984 01&nbsp; Lu\u010denec 43434576 20160652 materi\u00e1l \u0160J 33,98 \u20ac 1.4.2025 DF250067 &hellip;<\/p>\n","protected":false},"author":1,"featured_media":0,"parent":0,"menu_order":0,"comment_status":"closed","ping_status":"closed","template":"","meta":{"ngg_post_thumbnail":0,"footnotes":""},"class_list":["post-33560","page","type-page","status-publish","hentry"],"aioseo_notices":[],"_links":{"self":[{"href":"https:\/\/www.czslc.sk\/index.php?rest_route=\/wp\/v2\/pages\/33560","targetHints":{"allow":["GET"]}}],"collection":[{"href":"https:\/\/www.czslc.sk\/index.php?rest_route=\/wp\/v2\/pages"}],"about":[{"href":"https:\/\/www.czslc.sk\/index.php?rest_route=\/wp\/v2\/types\/page"}],"author":[{"embeddable":true,"href":"https:\/\/www.czslc.sk\/index.php?rest_route=\/wp\/v2\/users\/1"}],"replies":[{"embeddable":true,"href":"https:\/\/www.czslc.sk\/index.php?rest_route=%2Fwp%2Fv2%2Fcomments&post=33560"}],"version-history":[{"count":1,"href":"https:\/\/www.czslc.sk\/index.php?rest_route=\/wp\/v2\/pages\/33560\/revisions"}],"predecessor-version":[{"id":33561,"href":"https:\/\/www.czslc.sk\/index.php?rest_route=\/wp\/v2\/pages\/33560\/revisions\/33561"}],"wp:attachment":[{"href":"https:\/\/www.czslc.sk\/index.php?rest_route=%2Fwp%2Fv2%2Fmedia&parent=33560"}],"curies":[{"name":"wp","href":"https:\/\/api.w.org\/{rel}","templated":true}]}}