{"id":33267,"date":"2025-04-04T10:20:15","date_gmt":"2025-04-04T08:20:15","guid":{"rendered":"https:\/\/www.czslc.sk\/?page_id=33267"},"modified":"2025-04-04T10:20:16","modified_gmt":"2025-04-04T08:20:16","slug":"marec-2025","status":"publish","type":"page","link":"https:\/\/www.czslc.sk\/?page_id=33267","title":{"rendered":"Marec 2025"},"content":{"rendered":"\n<table width=\"1493\">\n<tbody>\n<tr>\n<td width=\"84\">Por.\u010d\u00edslo fakt\u00fary<\/td>\n<td width=\"606\">Dod\u00e1vate\u013e:<\/td>\n<td width=\"90\">I\u010cO<\/td>\n<td width=\"140\">Fakt\u00fara \u010d\u00edslo<\/td>\n<td width=\"379\">Popis objednan\u00e9ho plnenia<\/td>\n<td width=\"90\">Suma v EUR<\/td>\n<td width=\"104\">D\u00e1tum doru\u010denia fakt\u00fary<\/td>\n<\/tr>\n<tr>\n<td width=\"84\">DF250042<\/td>\n<td width=\"606\">J&amp;D EL. TRADE, s.r.o., J.M.Hurbana 3, 984 01&nbsp; Lu\u010denec<\/td>\n<td width=\"90\">45855137<\/td>\n<td width=\"140\">19\/25\/07<\/td>\n<td width=\"379\">v\u00fdmena v\u00fdzbroje elektrick\u00e9ho rozv\u00e1dza\u010da<\/td>\n<td width=\"90\">198,00 \u20ac<\/td>\n<td width=\"104\">3.3.2025<\/td>\n<\/tr>\n<tr>\n<td width=\"84\">DF250043<\/td>\n<td width=\"606\">Stavebniny DEK, s.r.o., Kamenn\u00e1 ul. 6, 010 01&nbsp; \u017dilina<\/td>\n<td width=\"90\">43821103<\/td>\n<td width=\"140\">2500048536<\/td>\n<td width=\"379\">materi\u00e1l<\/td>\n<td width=\"90\">23,00 \u20ac<\/td>\n<td width=\"104\">5.3.2025<\/td>\n<\/tr>\n<tr>\n<td width=\"84\">DF250044<\/td>\n<td width=\"606\">Stavebniny DEK, s.r.o., Kamenn\u00e1 ul. 6, 010 01&nbsp; \u017dilina<\/td>\n<td width=\"90\">43821103<\/td>\n<td width=\"140\">2500049782<\/td>\n<td width=\"379\">materi\u00e1l<\/td>\n<td width=\"90\">155,60 \u20ac<\/td>\n<td width=\"104\">5.3.2025<\/td>\n<\/tr>\n<tr>\n<td>DF250045<\/td>\n<td>Mgr. Ladislav Kanaba &#8211; ABT, TPO, Malinovsk\u00e9ho 3, 984 03&nbsp; Lu\u010denec<\/td>\n<td>40616495<\/td>\n<td>21\/2025<\/td>\n<td>pr\u00e1ca technika PO a BOZP febru\u00e1r 2025<\/td>\n<td>80,00 \u20ac<\/td>\n<td>10.3.2025<\/td>\n<\/tr>\n<tr>\n<td width=\"84\">DF250046<\/td>\n<td width=\"606\">Energie2, a.s., Lazaretsk\u00e1 3a, 811 08&nbsp; Bratislava 1<\/td>\n<td width=\"90\">46113177<\/td>\n<td width=\"140\">8240017746<\/td>\n<td width=\"379\">spotreba plynu marec 2025<\/td>\n<td width=\"90\">841,00 \u20ac<\/td>\n<td width=\"104\">10.3.2025<\/td>\n<\/tr>\n<tr>\n<td width=\"84\">DF250047<\/td>\n<td width=\"606\">P &amp; M ROYAL, s.r.o., Po\u0161tov\u00e1 918\/7, 053 42&nbsp; Krompachy<\/td>\n<td width=\"90\">51130475<\/td>\n<td width=\"140\">25VF00050<\/td>\n<td width=\"379\">ly\u017eiarsky v\u00fdcvik&nbsp;<\/td>\n<td width=\"90\">2 100,00 \u20ac<\/td>\n<td width=\"104\">10.3.2025<\/td>\n<\/tr>\n<tr>\n<td width=\"84\">DF250048<\/td>\n<td width=\"606\">INTA, s.r.o., Ryb\u00e1rska 758\/18, 911 01&nbsp; Tren\u010d\u00edn<\/td>\n<td>34129863<\/td>\n<td>1025020672<\/td>\n<td>Odber kuchynsk\u00e9ho odpadu 02\/2025<\/td>\n<td>30,75 \u20ac<\/td>\n<td>10.3.2025<\/td>\n<\/tr>\n<tr>\n<td>DF250049<\/td>\n<td>VSE, a.s., Mlynsk\u00e1 31, Ko\u0161ice<\/td>\n<td>44483767<\/td>\n<td>7294274525<\/td>\n<td>elektrina 02\/2025<\/td>\n<td>733,71 \u20ac<\/td>\n<td>11.3.2025<\/td>\n<\/tr>\n<tr>\n<td>DF250050<\/td>\n<td>O2 Slovakia, s.r.o., Einsteinova 24, Bratislava<\/td>\n<td>47259116<\/td>\n<td>1311730503<\/td>\n<td>telekomunika\u010dn\u00e9 slu\u017eby 02\/2025<\/td>\n<td>63,57 \u20ac<\/td>\n<td>11.3.2025<\/td>\n<\/tr>\n<tr>\n<td width=\"84\">DF250051<\/td>\n<td width=\"606\">SIERRA ENTERPRISES, s.r.o., Fi\u013eakovsk\u00e1 cesta 285, 984 01&nbsp; Lu\u010denec<\/td>\n<td width=\"90\">36047856<\/td>\n<td width=\"140\">25600066<\/td>\n<td width=\"379\">\u010distenie OTL<\/td>\n<td width=\"90\">369,00 \u20ac<\/td>\n<td width=\"104\">14.3.2025<\/td>\n<\/tr>\n<tr>\n<td width=\"84\">DF250052<\/td>\n<td width=\"606\">j2 studio, s.r.o., R\u00fabanisko III. 2914\/378, 984 01&nbsp; Lu\u010denec<\/td>\n<td width=\"90\">52092135<\/td>\n<td width=\"140\">202503006<\/td>\n<td width=\"379\">v\u00fdroba kancel\u00e1rskeho n\u00e1bytku<\/td>\n<td width=\"90\">1 460,00 \u20ac<\/td>\n<td width=\"104\">20.3.2025<\/td>\n<\/tr>\n<tr>\n<td width=\"84\">DF250053<\/td>\n<td width=\"606\">j2 studio, s.r.o., R\u00fabanisko III. 2914\/378, 984 01&nbsp; Lu\u010denec<\/td>\n<td width=\"90\">52092135<\/td>\n<td width=\"140\">202503007<\/td>\n<td width=\"379\">stoli\u010dky<\/td>\n<td width=\"90\">649,00 \u20ac<\/td>\n<td width=\"104\">20.3.2025<\/td>\n<\/tr>\n<tr>\n<td width=\"84\">DF250054<\/td>\n<td width=\"606\">hchkr edu, s.r.o., Tolst\u00e9ho 5, 811 06&nbsp; Bratislava &#8211; Star\u00e9 Mesto<\/td>\n<td width=\"90\">55746829<\/td>\n<td width=\"140\">325216280<\/td>\n<td width=\"379\">u\u010debn\u00e9 pom\u00f4cky<\/td>\n<td width=\"90\">1 590,00 \u20ac<\/td>\n<td width=\"104\">20.3.2025<\/td>\n<\/tr>\n<tr>\n<td width=\"84\">DF250055<\/td>\n<td width=\"606\">Alza.sk, s.r.o., Karad\u017ei\u010dova 8, 821 08&nbsp; Bratislava-Ru\u017einov<\/td>\n<td width=\"90\">36562939<\/td>\n<td width=\"140\">5409886967<\/td>\n<td width=\"379\">WiFi syst\u00e9m<\/td>\n<td width=\"90\">217,78 \u20ac<\/td>\n<td width=\"104\">24.3.2025<\/td>\n<\/tr>\n<tr>\n<td width=\"84\">DF250056<\/td>\n<td width=\"606\">FOREX &#8211; SK, s.r.o., Jir\u00e1skova 12, 984 01&nbsp; Lu\u010denec<\/td>\n<td width=\"90\">36051918<\/td>\n<td width=\"140\">202503057<\/td>\n<td width=\"379\">hygienick\u00e9 potreby<\/td>\n<td width=\"90\">95,06 \u20ac<\/td>\n<td width=\"104\">26.3.2025<\/td>\n<\/tr>\n<tr>\n<td width=\"84\">DF250057<\/td>\n<td width=\"606\">Gigaprint.sk, s.r.o., Kuzm\u00e1nyho 30, 911 01&nbsp; Tren\u010d\u00edn<\/td>\n<td width=\"90\">50370294<\/td>\n<td width=\"140\">201517760<\/td>\n<td width=\"379\">tonery<\/td>\n<td width=\"90\">53,20 \u20ac<\/td>\n<td width=\"104\">27.3.2025<\/td>\n<\/tr>\n<tr>\n<td width=\"84\">DF250058<\/td>\n<td width=\"606\">Ing. Jozef Kulich, ul. Majersk\u00fd rad 669\/68, 963 01&nbsp; Krupina<\/td>\n<td width=\"90\">43342434<\/td>\n<td width=\"140\">1\/2025<\/td>\n<td width=\"379\">projek\u010dn\u00e9 pr\u00e1ce<\/td>\n<td width=\"90\">3 500,00 \u20ac<\/td>\n<td width=\"104\">28.3.2025<\/td>\n<\/tr>\n<tr>\n<td width=\"84\">DF250059<\/td>\n<td>Valman, s.r.o., Nov\u00fd Svet 27, 974 01&nbsp; Bansk\u00e1 Bystrica<\/td>\n<td>44473761<\/td>\n<td>25220636<\/td>\n<td>\u0161kolsk\u00e9 ovocie<\/td>\n<td>0,00 \u20ac<\/td>\n<td>28.3.2025<\/td>\n<\/tr>\n<tr>\n<td>DF250060<\/td>\n<td>S\u00fakromn\u00e1 Z\u0160 s M\u0160 DSA, N\u00e1mestie Kub\u00ednyiho 42\/6, 984 01&nbsp; Lu\u010denec<\/td>\n<td>35991607<\/td>\n<td>032025 RN<\/td>\n<td>re\u017eijn\u00e9 n\u00e1klady \u017eiaci 03\/2025<\/td>\n<td>845,20 \u20ac<\/td>\n<td>31.3.2025<\/td>\n<\/tr>\n<tr>\n<td>DF250061<\/td>\n<td>S\u00fakromn\u00e1 Z\u0160 s M\u0160 DSA, N\u00e1mestie Kub\u00ednyiho 42\/6, 984 01&nbsp; Lu\u010denec<\/td>\n<td>35991607<\/td>\n<td>032025<\/td>\n<td>re\u017eijn\u00e9 n\u00e1klady zamestnanci 03\/2025<\/td>\n<td>318,00 \u20ac<\/td>\n<td>31.3.2025<\/td>\n<\/tr>\n<tr>\n<td>DF250062<\/td>\n<td>S\u00fakromn\u00e1 Z\u0160 s M\u0160 DSA, N\u00e1mestie Kub\u00ednyiho 42\/6, 984 01&nbsp; Lu\u010denec<\/td>\n<td>35991607<\/td>\n<td>032025<\/td>\n<td>dodan\u00e1 strava 03\/2025<\/td>\n<td>4 758,90 \u20ac<\/td>\n<td>31.3.2025<\/td>\n<\/tr>\n<tr>\n<td>DF250063<\/td>\n<td>Detronics, s.r.o., Buzuluck\u00e1 3, Zvolen<\/td>\n<td>45318565<\/td>\n<td>250111372<\/td>\n<td>pau\u0161\u00e1lny poplatok FiberLine Office Pro za marec 2025<\/td>\n<td>43,05 \u20ac<\/td>\n<td>31.3.2025<\/td>\n<\/tr>\n<tr>\n<td width=\"84\">DF250064<\/td>\n<td width=\"606\">ESV plus, s.r.o., Poto\u010dn\u00e1 145\/43, 984 01&nbsp; Lu\u010denec<\/td>\n<td width=\"90\">36642321<\/td>\n<td width=\"140\">77\/2025<\/td>\n<td width=\"379\">kancel\u00e1rske potreby<\/td>\n<td width=\"90\">167,40 \u20ac<\/td>\n<td width=\"104\">31.3.2025<\/td>\n<\/tr>\n<\/tbody>\n<\/table>\n","protected":false},"excerpt":{"rendered":"<p>Por.\u010d\u00edslo fakt\u00fary Dod\u00e1vate\u013e: I\u010cO Fakt\u00fara \u010d\u00edslo Popis objednan\u00e9ho plnenia Suma v EUR D\u00e1tum doru\u010denia fakt\u00fary DF250042 J&amp;D EL. TRADE, s.r.o., J.M.Hurbana 3, 984 01&nbsp; Lu\u010denec 45855137 19\/25\/07 v\u00fdmena v\u00fdzbroje elektrick\u00e9ho rozv\u00e1dza\u010da 198,00 \u20ac 3.3.2025 DF250043 Stavebniny DEK, s.r.o., Kamenn\u00e1 ul. 6, 010 01&nbsp; \u017dilina 43821103 2500048536 materi\u00e1l 23,00 \u20ac 5.3.2025 &hellip;<\/p>\n","protected":false},"author":1,"featured_media":0,"parent":0,"menu_order":0,"comment_status":"closed","ping_status":"closed","template":"","meta":{"ngg_post_thumbnail":0,"footnotes":""},"class_list":["post-33267","page","type-page","status-publish","hentry"],"aioseo_notices":[],"_links":{"self":[{"href":"https:\/\/www.czslc.sk\/index.php?rest_route=\/wp\/v2\/pages\/33267","targetHints":{"allow":["GET"]}}],"collection":[{"href":"https:\/\/www.czslc.sk\/index.php?rest_route=\/wp\/v2\/pages"}],"about":[{"href":"https:\/\/www.czslc.sk\/index.php?rest_route=\/wp\/v2\/types\/page"}],"author":[{"embeddable":true,"href":"https:\/\/www.czslc.sk\/index.php?rest_route=\/wp\/v2\/users\/1"}],"replies":[{"embeddable":true,"href":"https:\/\/www.czslc.sk\/index.php?rest_route=%2Fwp%2Fv2%2Fcomments&post=33267"}],"version-history":[{"count":1,"href":"https:\/\/www.czslc.sk\/index.php?rest_route=\/wp\/v2\/pages\/33267\/revisions"}],"predecessor-version":[{"id":33268,"href":"https:\/\/www.czslc.sk\/index.php?rest_route=\/wp\/v2\/pages\/33267\/revisions\/33268"}],"wp:attachment":[{"href":"https:\/\/www.czslc.sk\/index.php?rest_route=%2Fwp%2Fv2%2Fmedia&parent=33267"}],"curies":[{"name":"wp","href":"https:\/\/api.w.org\/{rel}","templated":true}]}}