{"id":33084,"date":"2025-03-19T10:26:10","date_gmt":"2025-03-19T08:26:10","guid":{"rendered":"https:\/\/www.czslc.sk\/?page_id=33084"},"modified":"2025-03-19T10:26:11","modified_gmt":"2025-03-19T08:26:11","slug":"februar-2025","status":"publish","type":"page","link":"https:\/\/www.czslc.sk\/?page_id=33084","title":{"rendered":"Febru\u00e1r 2025"},"content":{"rendered":"\n<table width=\"1493\">\n<tbody>\n<tr>\n<td width=\"84\">Por.\u010d\u00edslo fakt\u00fary<\/td>\n<td width=\"606\">Dod\u00e1vate\u013e:<\/td>\n<td width=\"90\">I\u010cO<\/td>\n<td width=\"140\">Fakt\u00fara \u010d\u00edslo<\/td>\n<td width=\"379\">Popis objednan\u00e9ho plnenia<\/td>\n<td width=\"90\">Suma v EUR<\/td>\n<td width=\"104\">D\u00e1tum doru\u010denia fakt\u00fary<\/td>\n<\/tr>\n<tr>\n<td>DF250019<\/td>\n<td>J+T, s.r.o., Moyzesova 726\/4, 985 52&nbsp; Div\u00edn<\/td>\n<td>44583176<\/td>\n<td>250026<\/td>\n<td>prevoz stravy 01\/2025<\/td>\n<td>70,00 \u20ac<\/td>\n<td>3.2.2025<\/td>\n<\/tr>\n<tr>\n<td>DF250020<\/td>\n<td>osobny\u00fadaj.sk, Ko\u0161ice, N\u00e1m. oslobodite\u013eov 3\/A, Ko\u0161ice<\/td>\n<td>50528041<\/td>\n<td>1025020917<\/td>\n<td>v\u00fdkon zodpovednej osoby za 2\/2025<\/td>\n<td>36,90 \u20ac<\/td>\n<td>3.2.2025<\/td>\n<\/tr>\n<tr>\n<td width=\"84\">DF250021<\/td>\n<td width=\"606\">Roman Mesiarik &#8211; REVTECH, Horn\u00e9 h\u00e1mre 146, 966 71<\/td>\n<td width=\"90\">40538664<\/td>\n<td width=\"140\">33\/2025<\/td>\n<td width=\"379\">odborn\u00e1 prehliadka a odstr\u00e1nenie z\u00e1vad na telov\u00fdchovnom n\u00e1rad\u00ed<\/td>\n<td width=\"90\">138,20 \u20ac<\/td>\n<td width=\"104\">3.2.2025<\/td>\n<\/tr>\n<tr>\n<td width=\"84\">DF250022<\/td>\n<td width=\"606\">CEIT, s.r.o., \u010cemy\u0161evsk\u00e9ho 10, 851 01&nbsp; Bratislava<\/td>\n<td width=\"90\">31318851<\/td>\n<td width=\"140\">2025012<\/td>\n<td width=\"379\">Hosting on-line katal\u00f3g \u0161kolskej kni\u017enice Provlib \u0160TART&nbsp;<\/td>\n<td width=\"90\">77,00 \u20ac<\/td>\n<td width=\"104\">4.2.2025<\/td>\n<\/tr>\n<tr>\n<td>DF250023<\/td>\n<td>Mgr. Ladislav Kanaba &#8211; ABT, TPO, Malinovsk\u00e9ho 3, 984 03&nbsp; Lu\u010denec<\/td>\n<td>40616495<\/td>\n<td>11\/2025<\/td>\n<td>pr\u00e1ca technika PO a BOZP janu\u00e1r 2025<\/td>\n<td>80,00 \u20ac<\/td>\n<td>5.2.2025<\/td>\n<\/tr>\n<tr>\n<td width=\"84\">DF250024<\/td>\n<td width=\"606\">LEGNEX SLOVAKIA, s.r.o., Budim\u00edr 7, 044 43&nbsp; Budim\u00edr<\/td>\n<td width=\"90\">50699393<\/td>\n<td width=\"140\">FV2500127<\/td>\n<td width=\"379\">p\u00edlov\u00fd p\u00e1s CARBON HEF<\/td>\n<td width=\"90\">60,70 \u20ac<\/td>\n<td width=\"104\">5.2.2025<\/td>\n<\/tr>\n<tr>\n<td width=\"84\">DF250025<\/td>\n<td width=\"606\">FOREX &#8211; SK, s.r.o., Jir\u00e1skova 12, 984 01&nbsp; Lu\u010denec<\/td>\n<td width=\"90\">36051918<\/td>\n<td width=\"140\">202502010<\/td>\n<td width=\"379\">\u010distiace prostriedky<\/td>\n<td width=\"90\">117,57<\/td>\n<td width=\"104\">6.2.2025<\/td>\n<\/tr>\n<tr>\n<td>DF250026<\/td>\n<td>Detronics, s.r.o., Buzuluck\u00e1 3, Zvolen<\/td>\n<td>45318565<\/td>\n<td>250107306<\/td>\n<td>pau\u0161\u00e1lny poplatok FiberLine Office Pro za febru\u00e1r 2025<\/td>\n<td>43,05 \u20ac<\/td>\n<td>7.2.2025<\/td>\n<\/tr>\n<tr>\n<td width=\"84\">DF250027<\/td>\n<td width=\"606\">INTA, s.r.o., Ryb\u00e1rska 758\/18, 911 01&nbsp; Tren\u010d\u00edn<\/td>\n<td>34129863<\/td>\n<td>1025010377<\/td>\n<td>Odber kuchynsk\u00e9ho odpadu 01\/2025<\/td>\n<td>30,75 \u20ac<\/td>\n<td>7.2.2025<\/td>\n<\/tr>\n<tr>\n<td width=\"84\">DF250028<\/td>\n<td width=\"606\">J+A, s.r.o., Zvolensk\u00e1 29, 985 59&nbsp; Vidin\u00e1<\/td>\n<td width=\"90\">44831188<\/td>\n<td width=\"140\">2025\/004<\/td>\n<td width=\"379\">kontrola hasiacich pr\u00edstrojov<\/td>\n<td width=\"90\">75,00 \u20ac<\/td>\n<td width=\"104\">7.2.2025<\/td>\n<\/tr>\n<tr>\n<td width=\"84\">DF250029<\/td>\n<td width=\"606\">Energie2, a.s., Lazaretsk\u00e1 3a, 811 08&nbsp; Bratislava 1<\/td>\n<td width=\"90\">46113177<\/td>\n<td width=\"140\">8240017746<\/td>\n<td width=\"379\">spotreba plynu febru\u00e1r 2025<\/td>\n<td width=\"90\">841,00 \u20ac<\/td>\n<td width=\"104\">10.2.2025<\/td>\n<\/tr>\n<tr>\n<td>DF250030<\/td>\n<td>VSE, a.s., Mlynsk\u00e1 31, Ko\u0161ice<\/td>\n<td>44483767<\/td>\n<td>7292494258<\/td>\n<td>elektrina 01\/2025<\/td>\n<td>800,35 \u20ac<\/td>\n<td>12.2.2025<\/td>\n<\/tr>\n<tr>\n<td>DF250031<\/td>\n<td>O2 Slovakia, s.r.o., Einsteinova 24, Bratislava<\/td>\n<td>47259116<\/td>\n<td>1421703307<\/td>\n<td>telekomunika\u010dn\u00e9 slu\u017eby 01\/2025<\/td>\n<td>63,57 \u20ac<\/td>\n<td>12.2.2025<\/td>\n<\/tr>\n<tr>\n<td width=\"84\">DF250032<\/td>\n<td width=\"606\">B-commerce, s.r.o., Stocklova 60\/19, 085 01&nbsp; Bardejov<\/td>\n<td>52424812<\/td>\n<td>925021286<\/td>\n<td>um\u00fdvacie prostriedky do um\u00fdva\u010dky riadu<\/td>\n<td>84,54 \u20ac<\/td>\n<td>17.2.2025<\/td>\n<\/tr>\n<tr>\n<td width=\"84\">DF250033<\/td>\n<td>Valman, s.r.o., Nov\u00fd Svet 27, 974 01&nbsp; Bansk\u00e1 Bystrica<\/td>\n<td>44473761<\/td>\n<td>25220289<\/td>\n<td>\u0161kolsk\u00e9 ovocie<\/td>\n<td>0,00 \u20ac<\/td>\n<td>17.2.2025<\/td>\n<\/tr>\n<tr>\n<td width=\"84\">DF250034<\/td>\n<td>Slovensk\u00e1 leg\u00e1lna metrol\u00f3gia, n.o., Geologick\u00e1 9966\/1, 821 06&nbsp; Bratislava-Podunajsk\u00e9 Biskupice<\/td>\n<td>37954521<\/td>\n<td>525303073<\/td>\n<td>rev\u00edzia &#8211; \u0161kolsk\u00e1 kuchy\u0148a<\/td>\n<td>106,00 \u20ac<\/td>\n<td>19.2.2025<\/td>\n<\/tr>\n<tr>\n<td width=\"84\">DF250035<\/td>\n<td width=\"606\">StVPS, a.s., Partiz\u00e1nska cesta 5, 974 01&nbsp; Bansk\u00e1 Bystrica<\/td>\n<td width=\"90\">36644030<\/td>\n<td width=\"140\">2251034894<\/td>\n<td width=\"379\">vodn\u00e9, sto\u010dn\u00e9<\/td>\n<td width=\"90\">879,63 \u20ac<\/td>\n<td width=\"104\">21.2.2025<\/td>\n<\/tr>\n<tr>\n<td>DF250036<\/td>\n<td>NOMIland, s.r.o., Magnezit\u00e1rska 11, 040 13&nbsp; Ko\u0161ice<\/td>\n<td>36174319<\/td>\n<td>22505789<\/td>\n<td>u\u010debn\u00e9 pom\u00f4cky<\/td>\n<td>25,50 \u20ac<\/td>\n<td>25.2.2025<\/td>\n<\/tr>\n<tr>\n<td width=\"84\">DF250037<\/td>\n<td width=\"606\">ESV plus, s.r.o., Poto\u010dn\u00e1 145\/43, 984 01&nbsp; Lu\u010denec<\/td>\n<td width=\"90\">36642321<\/td>\n<td width=\"140\">52\/2025<\/td>\n<td width=\"379\">kancel\u00e1rske potreby<\/td>\n<td width=\"90\">227,00 \u20ac<\/td>\n<td width=\"104\">28.2.2025<\/td>\n<\/tr>\n<tr>\n<td>DF250038<\/td>\n<td>J+T, s.r.o., Moyzesova 726\/4, 985 52&nbsp; Div\u00edn<\/td>\n<td>44583176<\/td>\n<td>250053<\/td>\n<td>prevoz stravy 2\/2025<\/td>\n<td>70,00 \u20ac<\/td>\n<td>28.2.2025<\/td>\n<\/tr>\n<tr>\n<td>DF250039<\/td>\n<td>S\u00fakromn\u00e1 Z\u0160 s M\u0160 DSA, N\u00e1mestie Kub\u00ednyiho 42\/6, 984 01&nbsp; Lu\u010denec<\/td>\n<td>35991607<\/td>\n<td>022025 RN<\/td>\n<td>re\u017eijn\u00e9 n\u00e1klady \u017eiaci 02\/2025<\/td>\n<td>760,00 \u20ac<\/td>\n<td>28.2.2025<\/td>\n<\/tr>\n<tr>\n<td>DF250040<\/td>\n<td>S\u00fakromn\u00e1 Z\u0160 s M\u0160 DSA, N\u00e1mestie Kub\u00ednyiho 42\/6, 984 01&nbsp; Lu\u010denec<\/td>\n<td>35991607<\/td>\n<td>022025<\/td>\n<td>re\u017eijn\u00e9 n\u00e1klady zamestnanci 02\/2025<\/td>\n<td>367,20 \u20ac<\/td>\n<td>28.2.2025<\/td>\n<\/tr>\n<tr>\n<td>DF250041<\/td>\n<td>S\u00fakromn\u00e1 Z\u0160 s M\u0160 DSA, N\u00e1mestie Kub\u00ednyiho 42\/6, 984 01&nbsp; Lu\u010denec<\/td>\n<td>35991607<\/td>\n<td>022025<\/td>\n<td>dodan\u00e1 strava 02\/2025<\/td>\n<td>5 514,40 \u20ac<\/td>\n<td>28.2.2025<\/td>\n<\/tr>\n<\/tbody>\n<\/table>\n","protected":false},"excerpt":{"rendered":"<p>Por.\u010d\u00edslo fakt\u00fary Dod\u00e1vate\u013e: I\u010cO Fakt\u00fara \u010d\u00edslo Popis objednan\u00e9ho plnenia Suma v EUR D\u00e1tum doru\u010denia fakt\u00fary DF250019 J+T, s.r.o., Moyzesova 726\/4, 985 52&nbsp; Div\u00edn 44583176 250026 prevoz stravy 01\/2025 70,00 \u20ac 3.2.2025 DF250020 osobny\u00fadaj.sk, Ko\u0161ice, N\u00e1m. oslobodite\u013eov 3\/A, Ko\u0161ice 50528041 1025020917 v\u00fdkon zodpovednej osoby za 2\/2025 36,90 \u20ac 3.2.2025 DF250021 Roman &hellip;<\/p>\n","protected":false},"author":1,"featured_media":0,"parent":0,"menu_order":0,"comment_status":"closed","ping_status":"closed","template":"","meta":{"ngg_post_thumbnail":0,"footnotes":""},"class_list":["post-33084","page","type-page","status-publish","hentry"],"aioseo_notices":[],"_links":{"self":[{"href":"https:\/\/www.czslc.sk\/index.php?rest_route=\/wp\/v2\/pages\/33084","targetHints":{"allow":["GET"]}}],"collection":[{"href":"https:\/\/www.czslc.sk\/index.php?rest_route=\/wp\/v2\/pages"}],"about":[{"href":"https:\/\/www.czslc.sk\/index.php?rest_route=\/wp\/v2\/types\/page"}],"author":[{"embeddable":true,"href":"https:\/\/www.czslc.sk\/index.php?rest_route=\/wp\/v2\/users\/1"}],"replies":[{"embeddable":true,"href":"https:\/\/www.czslc.sk\/index.php?rest_route=%2Fwp%2Fv2%2Fcomments&post=33084"}],"version-history":[{"count":1,"href":"https:\/\/www.czslc.sk\/index.php?rest_route=\/wp\/v2\/pages\/33084\/revisions"}],"predecessor-version":[{"id":33085,"href":"https:\/\/www.czslc.sk\/index.php?rest_route=\/wp\/v2\/pages\/33084\/revisions\/33085"}],"wp:attachment":[{"href":"https:\/\/www.czslc.sk\/index.php?rest_route=%2Fwp%2Fv2%2Fmedia&parent=33084"}],"curies":[{"name":"wp","href":"https:\/\/api.w.org\/{rel}","templated":true}]}}