{"id":32785,"date":"2025-02-10T15:20:22","date_gmt":"2025-02-10T13:20:22","guid":{"rendered":"https:\/\/www.czslc.sk\/?page_id=32785"},"modified":"2026-03-22T11:05:16","modified_gmt":"2026-03-22T09:05:16","slug":"rok-2025","status":"publish","type":"page","link":"https:\/\/www.czslc.sk\/?page_id=32785","title":{"rendered":"Rok 2025"},"content":{"rendered":"\n<p><a href=\"https:\/\/www.czslc.sk\/?page_id=32787\">Janu\u00e1r<\/a><\/p>\n<p><a href=\"https:\/\/www.czslc.sk\/?page_id=33084\">Febru\u00e1r<\/a><\/p>\n<p><a href=\"https:\/\/www.czslc.sk\/?page_id=33267\">Marec<\/a><\/p>\n<p><a href=\"https:\/\/www.czslc.sk\/?page_id=33560\">Apr\u00edl<\/a><\/p>\n<p><a href=\"https:\/\/www.czslc.sk\/?page_id=37804\">M\u00e1j<\/a><\/p>\n<p><a href=\"https:\/\/www.czslc.sk\/?page_id=37975\">J\u00fan<\/a><\/p>\n<p><a href=\"https:\/\/www.czslc.sk\/?page_id=37978\">J\u00fal<\/a><\/p>\n<p><a href=\"https:\/\/www.czslc.sk\/?page_id=38091\">August<\/a><\/p>\n<p><a href=\"https:\/\/www.czslc.sk\/?page_id=38290\">September<\/a><\/p>\n<p><a href=\"https:\/\/www.czslc.sk\/?page_id=38683\">Okt\u00f3ber<\/a><\/p>\n<p><a href=\"https:\/\/www.czslc.sk\/?page_id=38663\">November<\/a><\/p>\n<p><a href=\"https:\/\/www.czslc.sk\/?page_id=38971\">December<\/a><\/p>\n","protected":false},"excerpt":{"rendered":"<p>Janu\u00e1r Febru\u00e1r Marec Apr\u00edl M\u00e1j J\u00fan J\u00fal August September Okt\u00f3ber November December<\/p>\n","protected":false},"author":1,"featured_media":0,"parent":0,"menu_order":0,"comment_status":"closed","ping_status":"closed","template":"","meta":{"ngg_post_thumbnail":0,"footnotes":""},"class_list":["post-32785","page","type-page","status-publish","hentry"],"aioseo_notices":[],"_links":{"self":[{"href":"https:\/\/www.czslc.sk\/index.php?rest_route=\/wp\/v2\/pages\/32785","targetHints":{"allow":["GET"]}}],"collection":[{"href":"https:\/\/www.czslc.sk\/index.php?rest_route=\/wp\/v2\/pages"}],"about":[{"href":"https:\/\/www.czslc.sk\/index.php?rest_route=\/wp\/v2\/types\/page"}],"author":[{"embeddable":true,"href":"https:\/\/www.czslc.sk\/index.php?rest_route=\/wp\/v2\/users\/1"}],"replies":[{"embeddable":true,"href":"https:\/\/www.czslc.sk\/index.php?rest_route=%2Fwp%2Fv2%2Fcomments&post=32785"}],"version-history":[{"count":13,"href":"https:\/\/www.czslc.sk\/index.php?rest_route=\/wp\/v2\/pages\/32785\/revisions"}],"predecessor-version":[{"id":38973,"href":"https:\/\/www.czslc.sk\/index.php?rest_route=\/wp\/v2\/pages\/32785\/revisions\/38973"}],"wp:attachment":[{"href":"https:\/\/www.czslc.sk\/index.php?rest_route=%2Fwp%2Fv2%2Fmedia&parent=32785"}],"curies":[{"name":"wp","href":"https:\/\/api.w.org\/{rel}","templated":true}]}}