{"id":32612,"date":"2025-01-22T09:08:46","date_gmt":"2025-01-22T07:08:46","guid":{"rendered":"https:\/\/www.czslc.sk\/?page_id=32612"},"modified":"2025-11-17T10:19:25","modified_gmt":"2025-11-17T08:19:25","slug":"vzdelavanie-pedagogov","status":"publish","type":"page","link":"https:\/\/www.czslc.sk\/?page_id=32612","title":{"rendered":"Vzdel\u00e1vanie pedag\u00f3gov"},"content":{"rendered":"\n<h1>2024\/2025<\/h1>\n<p><a href=\"https:\/\/www.czslc.sk\/?wpfb_dl=851\">Program aktualiza\u010dn\u00e9ho vzdel\u00e1vania<\/a><\/p>\n<p><a href=\"https:\/\/www.czslc.sk\/?wpfb_dl=850\">Priemery hodnotenia kvality aktualiza\u010dn\u00e9ho vzdel\u00e1vania<\/a><\/p>\n<h1>2023\/2024<\/h1>\n<p><a href=\"https:\/\/www.czslc.sk\/?wpfb_dl=848\">Program aktualiza\u010dn\u00e9ho vzdel\u00e1vania<\/a><\/p>\n<p><a href=\"https:\/\/www.czslc.sk\/?wpfb_dl=849\">Priemery hodnotenia kvality aktualiza\u010dn\u00e9ho vzdel\u00e1vania<\/a><\/p>\n<h1>2022\/2023<\/h1>\n\n\n\n<p><a href=\"https:\/\/www.czslc.sk\/?wpfb_dl=846\">Program aktualiza\u010dn\u00e9ho vzdel\u00e1vania<\/a><\/p>\n<p><a href=\"https:\/\/www.czslc.sk\/?wpfb_dl=847\">Priemery hodnotenia kvality aktualiza\u010dn\u00e9ho vzdel\u00e1vania<\/a><\/p>\n\n\n","protected":false},"excerpt":{"rendered":"<p>2024\/2025 Program aktualiza\u010dn\u00e9ho vzdel\u00e1vania Priemery hodnotenia kvality aktualiza\u010dn\u00e9ho vzdel\u00e1vania 2023\/2024 Program aktualiza\u010dn\u00e9ho vzdel\u00e1vania Priemery hodnotenia kvality aktualiza\u010dn\u00e9ho vzdel\u00e1vania 2022\/2023 Program aktualiza\u010dn\u00e9ho vzdel\u00e1vania Priemery hodnotenia kvality aktualiza\u010dn\u00e9ho vzdel\u00e1vania<\/p>\n","protected":false},"author":1,"featured_media":0,"parent":0,"menu_order":0,"comment_status":"closed","ping_status":"closed","template":"","meta":{"ngg_post_thumbnail":0,"footnotes":""},"class_list":["post-32612","page","type-page","status-publish","hentry"],"aioseo_notices":[],"_links":{"self":[{"href":"https:\/\/www.czslc.sk\/index.php?rest_route=\/wp\/v2\/pages\/32612","targetHints":{"allow":["GET"]}}],"collection":[{"href":"https:\/\/www.czslc.sk\/index.php?rest_route=\/wp\/v2\/pages"}],"about":[{"href":"https:\/\/www.czslc.sk\/index.php?rest_route=\/wp\/v2\/types\/page"}],"author":[{"embeddable":true,"href":"https:\/\/www.czslc.sk\/index.php?rest_route=\/wp\/v2\/users\/1"}],"replies":[{"embeddable":true,"href":"https:\/\/www.czslc.sk\/index.php?rest_route=%2Fwp%2Fv2%2Fcomments&post=32612"}],"version-history":[{"count":4,"href":"https:\/\/www.czslc.sk\/index.php?rest_route=\/wp\/v2\/pages\/32612\/revisions"}],"predecessor-version":[{"id":38550,"href":"https:\/\/www.czslc.sk\/index.php?rest_route=\/wp\/v2\/pages\/32612\/revisions\/38550"}],"wp:attachment":[{"href":"https:\/\/www.czslc.sk\/index.php?rest_route=%2Fwp%2Fv2%2Fmedia&parent=32612"}],"curies":[{"name":"wp","href":"https:\/\/api.w.org\/{rel}","templated":true}]}}