{"id":32517,"date":"2024-12-13T14:22:49","date_gmt":"2024-12-13T12:22:49","guid":{"rendered":"https:\/\/www.czslc.sk\/?page_id=32517"},"modified":"2024-12-13T14:22:50","modified_gmt":"2024-12-13T12:22:50","slug":"skolsky-psycholog","status":"publish","type":"page","link":"https:\/\/www.czslc.sk\/?page_id=32517","title":{"rendered":"\u0160kolsk\u00fd psychol\u00f3g"},"content":{"rendered":"\n<div>V\u00e1\u017een\u00ed rodi\u010dia, mil\u00ed \u017eiaci,<br \/>s\u00fa\u010das\u0165ou n\u00e1\u0161ho pedagogick\u00e9ho kolekt\u00edvu je aj \u0161kolsk\u00fd psychol\u00f3g. Ke\u010f\u017ee sme cirkevn\u00e1 \u0161kola, na\u0161im poslan\u00edm je vychova\u0165 nielen vzdelan\u00e9, ale predov\u0161etk\u00fdm \u0161\u0165astn\u00e9 die\u0165a.<br \/>Vy mil\u00ed rodi\u010dia ste prv\u00ed, ktor\u00ed do detsk\u00fdch s\u0155dc v\u0161tepuj\u00fa l\u00e1sku, a&nbsp;tak m\u00f4\u017eu deti od prv\u00fdch chv\u00ed\u013e \u017eivota c\u00edti\u0165 prijatie a&nbsp;bezpe\u010die. My ako \u0161kola chceme tento pocit bezpe\u010dia a&nbsp;istoty \u010falej prehlbova\u0165.<br \/>Preto mil\u00ed rodi\u010dia, mil\u00ed \u017eiaci, ak m\u00e1te ak\u00fdko\u013evek probl\u00e9m alebo ak sa chcete len jednoducho porozpr\u00e1va\u0165, zdie\u013ea\u0165 svoje starosti, ale i&nbsp;radosti, m\u00f4\u017eete sa&nbsp;pr\u00eds\u0165 v&nbsp;priate\u013eskej atmosf\u00e9re porozpr\u00e1va\u0165 do kabinetu \u0161kolsk\u00e9ho psychol\u00f3ga.<\/div>\n<div>&nbsp;<\/div>\n<div>\u0160kolsk\u00fd psychol\u00f3g: Mgr. Zuzana Z\u00e1chensk\u00e1<\/div>\n<div>&nbsp; &nbsp; &nbsp; &nbsp; &nbsp; &nbsp; &nbsp; &nbsp; &nbsp; &nbsp; &nbsp; &nbsp; &nbsp; &nbsp; &nbsp; &nbsp;&nbsp;<a href=\"mailto:zachenska.czs@gmail.com\" target=\"_blank\" rel=\"noopener\">zachenska.czs@gmail.com<\/a><\/div>\n\n\n","protected":false},"excerpt":{"rendered":"<p>V\u00e1\u017een\u00ed rodi\u010dia, mil\u00ed \u017eiaci,s\u00fa\u010das\u0165ou n\u00e1\u0161ho pedagogick\u00e9ho kolekt\u00edvu je aj \u0161kolsk\u00fd psychol\u00f3g. Ke\u010f\u017ee sme cirkevn\u00e1 \u0161kola, na\u0161im poslan\u00edm je vychova\u0165 nielen vzdelan\u00e9, ale predov\u0161etk\u00fdm \u0161\u0165astn\u00e9 die\u0165a.Vy mil\u00ed rodi\u010dia ste prv\u00ed, ktor\u00ed do detsk\u00fdch s\u0155dc v\u0161tepuj\u00fa l\u00e1sku, a&nbsp;tak m\u00f4\u017eu deti od prv\u00fdch chv\u00ed\u013e \u017eivota c\u00edti\u0165 prijatie a&nbsp;bezpe\u010die. My ako \u0161kola chceme tento &hellip;<\/p>\n","protected":false},"author":1,"featured_media":0,"parent":0,"menu_order":0,"comment_status":"closed","ping_status":"closed","template":"","meta":{"ngg_post_thumbnail":0,"footnotes":""},"class_list":["post-32517","page","type-page","status-publish","hentry"],"aioseo_notices":[],"_links":{"self":[{"href":"https:\/\/www.czslc.sk\/index.php?rest_route=\/wp\/v2\/pages\/32517","targetHints":{"allow":["GET"]}}],"collection":[{"href":"https:\/\/www.czslc.sk\/index.php?rest_route=\/wp\/v2\/pages"}],"about":[{"href":"https:\/\/www.czslc.sk\/index.php?rest_route=\/wp\/v2\/types\/page"}],"author":[{"embeddable":true,"href":"https:\/\/www.czslc.sk\/index.php?rest_route=\/wp\/v2\/users\/1"}],"replies":[{"embeddable":true,"href":"https:\/\/www.czslc.sk\/index.php?rest_route=%2Fwp%2Fv2%2Fcomments&post=32517"}],"version-history":[{"count":1,"href":"https:\/\/www.czslc.sk\/index.php?rest_route=\/wp\/v2\/pages\/32517\/revisions"}],"predecessor-version":[{"id":32518,"href":"https:\/\/www.czslc.sk\/index.php?rest_route=\/wp\/v2\/pages\/32517\/revisions\/32518"}],"wp:attachment":[{"href":"https:\/\/www.czslc.sk\/index.php?rest_route=%2Fwp%2Fv2%2Fmedia&parent=32517"}],"curies":[{"name":"wp","href":"https:\/\/api.w.org\/{rel}","templated":true}]}}