{"id":32426,"date":"2024-12-02T10:37:15","date_gmt":"2024-12-02T08:37:15","guid":{"rendered":"https:\/\/www.czslc.sk\/?page_id=32426"},"modified":"2024-12-02T10:37:16","modified_gmt":"2024-12-02T08:37:16","slug":"november-2024","status":"publish","type":"page","link":"https:\/\/www.czslc.sk\/?page_id=32426","title":{"rendered":"November 2024"},"content":{"rendered":"\n\n\n<table width=\"1377\">\n<tbody>\n<tr>\n<td width=\"84\">Por.\u010d\u00edslo fakt\u00fary<\/td>\n<td width=\"523\">Dod\u00e1vate\u013e:<\/td>\n<td width=\"90\">I\u010cO<\/td>\n<td width=\"107\">Fakt\u00fara \u010d\u00edslo<\/td>\n<td width=\"379\">Popis objednan\u00e9ho plnenia<\/td>\n<td width=\"90\">Suma v EUR<\/td>\n<td width=\"104\">D\u00e1tum doru\u010denia fakt\u00fary<\/td>\n<\/tr>\n<tr>\n<td>DF240246<\/td>\n<td>osobny\u00fadaj.sk, Ko\u0161ice, N\u00e1m. oslobodite\u013eov 3\/A, Ko\u0161ice<\/td>\n<td>50528041<\/td>\n<td>1024110923<\/td>\n<td>v\u00fdkon zodpovednej osoby za 11\/2024<\/td>\n<td>36,00 \u20ac<\/td>\n<td>4.11.2024<\/td>\n<\/tr>\n<tr>\n<td>DF240247<\/td>\n<td>SPP, a.s., Mlynsk\u00e9 nivy 44\/a, Bratislava<\/td>\n<td>35815256<\/td>\n<td>8650675117<\/td>\n<td>zemn\u00fd plyn 11\/2024<\/td>\n<td>1 418,00 \u20ac<\/td>\n<td>4.11.2024<\/td>\n<\/tr>\n<tr>\n<td>DF240248<\/td>\n<td>SATEL &#8211; SLOVAKIA, s.r.o., Mnohe\u013eova 825, 058 01&nbsp; Poprad<\/td>\n<td>31712797<\/td>\n<td>64240483<\/td>\n<td>stretnutie riadite\u013eov \u0161k\u00f4l &#8211; ubytovanie<\/td>\n<td>179,00 \u20ac<\/td>\n<td>4.11.2024<\/td>\n<\/tr>\n<tr>\n<td>DF240249<\/td>\n<td>STENEZI, s.r.o., Novohradsk\u00e1 2362\/14, 984 01&nbsp; Lu\u010denec<\/td>\n<td>53250524<\/td>\n<td>20240163<\/td>\n<td>uzamykate\u013en\u00e1 k\u013eu\u010dka<\/td>\n<td>117,60 \u20ac<\/td>\n<td>5.11.2024<\/td>\n<\/tr>\n<tr>\n<td>DF240250<\/td>\n<td>Fossil Energy &amp; Logistic, s.r.o., ul. Svornosti 43, 821 06&nbsp; Bratislava&nbsp;<\/td>\n<td>50149318<\/td>\n<td>2024108490<\/td>\n<td>sada popisova\u010dov<\/td>\n<td>25,80 \u20ac<\/td>\n<td>5.11.2024<\/td>\n<\/tr>\n<tr>\n<td>DF240251<\/td>\n<td>J+T, s.r.o., Moyzesova 726\/4, 985 52&nbsp; Div\u00edn<\/td>\n<td>44583176<\/td>\n<td>VF24\/0015<\/td>\n<td>prevoz stravy 10\/2024<\/td>\n<td>70,00 \u20ac<\/td>\n<td>5.11.2024<\/td>\n<\/tr>\n<tr>\n<td>DF240252<\/td>\n<td>Bc. Kraj\u0148\u00e1k Kamil, Bernol\u00e1kova 7, 984 01&nbsp; Lu\u010denec<\/td>\n<td>46198563<\/td>\n<td>89\/2024<\/td>\n<td width=\"379\">odborn\u00e1 prehliadka a odborn\u00e1 sk\u00fa\u0161ka prenosn\u00fdch el. spotrebi\u010dov a v\u00fdpo\u010dtovej techniky<\/td>\n<td>527,88 \u20ac<\/td>\n<td>7.11.2024<\/td>\n<\/tr>\n<tr>\n<td>DF240253<\/td>\n<td>Bc. Kraj\u0148\u00e1k Kamil, Bernol\u00e1kova 7, 984 01&nbsp; Lu\u010denec<\/td>\n<td>46198563<\/td>\n<td>90\/2024<\/td>\n<td width=\"379\">odborn\u00e1 prehliadka a odborn\u00e1 sk\u00fa\u0161ka el. zariadenia budovy \u0161koly<\/td>\n<td>1 169,81 \u20ac<\/td>\n<td>7.11.2024<\/td>\n<\/tr>\n<tr>\n<td>DF240254<\/td>\n<td>Detronics, s.r.o., Buzuluck\u00e1 3, Zvolen<\/td>\n<td>45318565<\/td>\n<td>240143187<\/td>\n<td>pau\u0161\u00e1lny poplatok FiberLine Office Pro za november 2024<\/td>\n<td>42,00 \u20ac<\/td>\n<td>7.11.2024<\/td>\n<\/tr>\n<tr>\n<td>DF240255<\/td>\n<td>VSE, a.s., Mlynsk\u00e1 31, Ko\u0161ice<\/td>\n<td>44483767<\/td>\n<td>7292686522<\/td>\n<td>elektrina 10\/2024<\/td>\n<td>761,92 \u20ac<\/td>\n<td>11.11.2024<\/td>\n<\/tr>\n<tr>\n<td>DF240256<\/td>\n<td>Avalon IT, s.r.o., \u0160tudentsk\u00e1 269\/16, 040 01&nbsp; Ko\u0161ice<\/td>\n<td>31677711<\/td>\n<td>7240047<\/td>\n<td>interakt\u00edvny monitor<\/td>\n<td>1 699,00 \u20ac<\/td>\n<td>11.11.2024<\/td>\n<\/tr>\n<tr>\n<td>DF240257<\/td>\n<td>Avalon IT, s.r.o., \u0160tudentsk\u00e1 269\/16, 040 01&nbsp; Ko\u0161ice<\/td>\n<td>31677711<\/td>\n<td>7240048<\/td>\n<td>bo\u010dn\u00e9 keramick\u00e9 kr\u00eddla, mobiln\u00fd elektrick\u00fd posuv<\/td>\n<td>1 833,64 \u20ac<\/td>\n<td>11.11.2024<\/td>\n<\/tr>\n<tr>\n<td>DF240258<\/td>\n<td>Mgr. Ladislav Kanaba &#8211; ABT, TPO, Malinovsk\u00e9ho 3, 984 03&nbsp; Lu\u010denec<\/td>\n<td>40616495<\/td>\n<td>111\/2024<\/td>\n<td>pr\u00e1ca technika PO a BOZP okt\u00f3ber 2024<\/td>\n<td>80,00 \u20ac<\/td>\n<td>12.11.2024<\/td>\n<\/tr>\n<tr>\n<td>DF240259<\/td>\n<td>INTA, s.r.o., Ryb\u00e1rska 758\/18, 911 01&nbsp; Tren\u010d\u00edn<\/td>\n<td>34129863<\/td>\n<td>ODBRO24100866<\/td>\n<td>Odber kuchynsk\u00e9ho odpadu 10\/2024<\/td>\n<td>30,00 \u20ac<\/td>\n<td>12.11.2024<\/td>\n<\/tr>\n<tr>\n<td>DF240260<\/td>\n<td>SANITAS &#8211; zdravotn\u00edcke pom\u00f4cky, s.r.o., Pol\u00e1rna 6, 040 12&nbsp; Ko\u0161ice<\/td>\n<td>46691715<\/td>\n<td>20244511<\/td>\n<td>laborat\u00f3rny teplomer<\/td>\n<td>91,00 \u20ac<\/td>\n<td>12.11.2024<\/td>\n<\/tr>\n<tr>\n<td>DF240261<\/td>\n<td>O2 Slovakia, s.r.o., Einsteinova 24, Bratislava<\/td>\n<td>47259116<\/td>\n<td>1441685102<\/td>\n<td>telekomunika\u010dn\u00e9 slu\u017eby 10\/2024<\/td>\n<td>62,00 \u20ac<\/td>\n<td>14.11.2024<\/td>\n<\/tr>\n<tr>\n<td>DF240262<\/td>\n<td>Komensky, s.r.o., Park ml\u00e1de\u017ee 1, 040 01&nbsp; Ko\u0161ice<\/td>\n<td>43908977<\/td>\n<td>70720857<\/td>\n<td>Zborov\u0148a komplet&nbsp;<\/td>\n<td>253,15 \u20ac<\/td>\n<td>14.11.2024<\/td>\n<\/tr>\n<tr>\n<td>DF240263<\/td>\n<td>Stavebniny DEK s.r.o., Kamenn\u00e1 ul. 6, 010 01&nbsp; \u017dilina<\/td>\n<td>43821103<\/td>\n<td>2400389781<\/td>\n<td>materi\u00e1l<\/td>\n<td>295,20 \u20ac<\/td>\n<td>15.11.2024<\/td>\n<\/tr>\n<tr>\n<td>DF240264<\/td>\n<td>Valman, s.r.o., Nov\u00fd Svet 27, 974 01&nbsp; Bansk\u00e1 Bystrica<\/td>\n<td>44473761<\/td>\n<td>24221757<\/td>\n<td>\u0161kolsk\u00e9 ovocie<\/td>\n<td>0,00 \u20ac<\/td>\n<td>18.11.2024<\/td>\n<\/tr>\n<tr>\n<td>DF240265<\/td>\n<td>ALSKO, s.r.o., \u013dudov\u00edta Fullu 1199\/17, 013 01&nbsp; Tepli\u010dka nad V\u00e1hom<\/td>\n<td>47995165<\/td>\n<td>12024170<\/td>\n<td>v\u00e1ha KERN&nbsp;<\/td>\n<td>284,40 \u20ac<\/td>\n<td>19.11.2024<\/td>\n<\/tr>\n<tr>\n<td>DF240266<\/td>\n<td>Elarin, s.r.o., Trnkov 44, 082 12<\/td>\n<td>45240841<\/td>\n<td>8292024<\/td>\n<td>samolepka anglick\u00fd jazyk<\/td>\n<td>198,00 \u20ac<\/td>\n<td>22.11.2024<\/td>\n<\/tr>\n<tr>\n<td>DF240267<\/td>\n<td>Lidl Slovensk\u00e1 republika, s.r.o., Ru\u017einovsk\u00e1 1E, 821 02&nbsp; Bratislava<\/td>\n<td>35793783<\/td>\n<td>1023580<\/td>\n<td>dar\u010dekov\u00e9 pouk\u00e1\u017eky<\/td>\n<td>1 360,00 \u20ac<\/td>\n<td>25.11.2024<\/td>\n<\/tr>\n<tr>\n<td>DF240268<\/td>\n<td>Alza.sk, s.r.o., Slia\u010dska 1\/D, 831 02&nbsp; Bratislava &#8211; Nov\u00e9 Mesto<\/td>\n<td>36562939<\/td>\n<td>5406840073<\/td>\n<td>pc<\/td>\n<td>708,26 \u20ac<\/td>\n<td>25.11.2024<\/td>\n<\/tr>\n<tr>\n<td>DF240269<\/td>\n<td>HANKO, s.r.o., Hod\u017eova 1490\/65, 911 01&nbsp; Tren\u010d\u00edn<\/td>\n<td>46431225<\/td>\n<td>2024177<\/td>\n<td>polepy na podlahu<\/td>\n<td>332,20 \u20ac<\/td>\n<td>26.11.2024<\/td>\n<\/tr>\n<tr>\n<td>DF240270<\/td>\n<td>Martinus, s.r.o., Gork\u00e9ho 4, 036 01&nbsp; Martin<\/td>\n<td>45503249<\/td>\n<td>1040085591<\/td>\n<td>knihy do \u0161kolskej kni\u017enice<\/td>\n<td>976,02 \u20ac<\/td>\n<td>28.11.2024<\/td>\n<\/tr>\n<tr>\n<td>DF240271<\/td>\n<td>Stavebniny DEK s.r.o., Kamenn\u00e1 ul. 6, 010 01&nbsp; \u017dilina<\/td>\n<td>43821103<\/td>\n<td>2400406872<\/td>\n<td>materi\u00e1l<\/td>\n<td>38,70 \u20ac<\/td>\n<td>29.11.2024<\/td>\n<\/tr>\n<tr>\n<td>DF240272<\/td>\n<td>S\u00fakromn\u00e1 Z\u0160 s M\u0160 DSA, N\u00e1mestie Kub\u00ednyiho 42\/6, 984 01&nbsp; Lu\u010denec<\/td>\n<td>35991607<\/td>\n<td>112024<\/td>\n<td>re\u017eijn\u00e9 n\u00e1klady zamestnanci 11\/2024<\/td>\n<td>426,00 \u20ac<\/td>\n<td>29.11.2024<\/td>\n<\/tr>\n<tr>\n<td>DF240273<\/td>\n<td>S\u00fakromn\u00e1 Z\u0160 s M\u0160 DSA, N\u00e1mestie Kub\u00ednyiho 42\/6, 984 01&nbsp; Lu\u010denec<\/td>\n<td>35991607<\/td>\n<td>11\/2024 RN<\/td>\n<td>re\u017eijn\u00e9 n\u00e1klady \u017eiaci 11\/2024<\/td>\n<td>1 078,80 \u20ac<\/td>\n<td>29.11.2024<\/td>\n<\/tr>\n<tr>\n<td>DF240274<\/td>\n<td>S\u00fakromn\u00e1 Z\u0160 s M\u0160 DSA, N\u00e1mestie Kub\u00ednyiho 42\/6, 984 01&nbsp; Lu\u010denec<\/td>\n<td>35991607<\/td>\n<td>112024<\/td>\n<td>dodan\u00e1 strava 11\/2024<\/td>\n<td>6 095,30 \u20ac<\/td>\n<td>29.11.2024<\/td>\n<\/tr>\n<\/tbody>\n<\/table>\n","protected":false},"excerpt":{"rendered":"<p>Por.\u010d\u00edslo fakt\u00fary Dod\u00e1vate\u013e: I\u010cO Fakt\u00fara \u010d\u00edslo Popis objednan\u00e9ho plnenia Suma v EUR D\u00e1tum doru\u010denia fakt\u00fary DF240246 osobny\u00fadaj.sk, Ko\u0161ice, N\u00e1m. oslobodite\u013eov 3\/A, Ko\u0161ice 50528041 1024110923 v\u00fdkon zodpovednej osoby za 11\/2024 36,00 \u20ac 4.11.2024 DF240247 SPP, a.s., Mlynsk\u00e9 nivy 44\/a, Bratislava 35815256 8650675117 zemn\u00fd plyn 11\/2024 1 418,00 \u20ac 4.11.2024 DF240248 SATEL &hellip;<\/p>\n","protected":false},"author":1,"featured_media":0,"parent":0,"menu_order":0,"comment_status":"closed","ping_status":"closed","template":"","meta":{"ngg_post_thumbnail":0,"footnotes":""},"class_list":["post-32426","page","type-page","status-publish","hentry"],"aioseo_notices":[],"_links":{"self":[{"href":"https:\/\/www.czslc.sk\/index.php?rest_route=\/wp\/v2\/pages\/32426","targetHints":{"allow":["GET"]}}],"collection":[{"href":"https:\/\/www.czslc.sk\/index.php?rest_route=\/wp\/v2\/pages"}],"about":[{"href":"https:\/\/www.czslc.sk\/index.php?rest_route=\/wp\/v2\/types\/page"}],"author":[{"embeddable":true,"href":"https:\/\/www.czslc.sk\/index.php?rest_route=\/wp\/v2\/users\/1"}],"replies":[{"embeddable":true,"href":"https:\/\/www.czslc.sk\/index.php?rest_route=%2Fwp%2Fv2%2Fcomments&post=32426"}],"version-history":[{"count":1,"href":"https:\/\/www.czslc.sk\/index.php?rest_route=\/wp\/v2\/pages\/32426\/revisions"}],"predecessor-version":[{"id":32427,"href":"https:\/\/www.czslc.sk\/index.php?rest_route=\/wp\/v2\/pages\/32426\/revisions\/32427"}],"wp:attachment":[{"href":"https:\/\/www.czslc.sk\/index.php?rest_route=%2Fwp%2Fv2%2Fmedia&parent=32426"}],"curies":[{"name":"wp","href":"https:\/\/api.w.org\/{rel}","templated":true}]}}