{"id":32217,"date":"2024-11-08T09:24:52","date_gmt":"2024-11-08T07:24:52","guid":{"rendered":"https:\/\/www.czslc.sk\/?page_id=32217"},"modified":"2024-11-08T09:24:53","modified_gmt":"2024-11-08T07:24:53","slug":"oktober-2024","status":"publish","type":"page","link":"https:\/\/www.czslc.sk\/?page_id=32217","title":{"rendered":"Okt\u00f3ber 2024"},"content":{"rendered":"\n<table width=\"1377\">\n<tbody>\n<tr>\n<td width=\"84\">Por.\u010d\u00edslo fakt\u00fary<\/td>\n<td width=\"523\">Dod\u00e1vate\u013e:<\/td>\n<td width=\"90\">I\u010cO<\/td>\n<td width=\"107\">Fakt\u00fara \u010d\u00edslo<\/td>\n<td width=\"379\">Popis objednan\u00e9ho plnenia<\/td>\n<td width=\"90\">Suma v EUR<\/td>\n<td width=\"104\">D\u00e1tum doru\u010denia fakt\u00fary<\/td>\n<\/tr>\n<tr>\n<td>DF240214<\/td>\n<td>osobny\u00fadaj.sk, Ko\u0161ice, N\u00e1m. oslobodite\u013eov 3\/A, Ko\u0161ice<\/td>\n<td>50528041<\/td>\n<td>1024100932<\/td>\n<td>v\u00fdkon zodpovednej osoby za 10\/2024<\/td>\n<td>36,00 \u20ac<\/td>\n<td>1.10.2024<\/td>\n<\/tr>\n<tr>\n<td>DF240215<\/td>\n<td>Megabooks sk, spol. s r.o., Kop\u010dianska 3748\/41, 851 01&nbsp; Bratislava<\/td>\n<td>36699594<\/td>\n<td>1102404483<\/td>\n<td>u\u010debnice<\/td>\n<td>92,65 \u20ac<\/td>\n<td>2.10.2024<\/td>\n<\/tr>\n<tr>\n<td>DF240216<\/td>\n<td>EKOTEC spol. s r.o., Lama\u010dsk\u00e1 cesta 20, 0841 03&nbsp; Bratislava<\/td>\n<td>687022<\/td>\n<td>24KDi01246<\/td>\n<td>Kontrola bezpe\u010dnosti multifunk\u010dn\u00e9ho ihriska<\/td>\n<td>193,20 \u20ac<\/td>\n<td>2.10.2024<\/td>\n<\/tr>\n<tr>\n<td>DF240217<\/td>\n<td>ESV plus, s.r.o., Poto\u010dn\u00e1 145\/43, 984 01&nbsp; Lu\u010denec<\/td>\n<td>36642321<\/td>\n<td>270\/2024<\/td>\n<td>kancel\u00e1rske potreby<\/td>\n<td>86,15 \u20ac<\/td>\n<td>3.10.2024<\/td>\n<\/tr>\n<tr>\n<td>DF240218<\/td>\n<td>ESV plus, s.r.o., Poto\u010dn\u00e1 145\/43, 984 01&nbsp; Lu\u010denec<\/td>\n<td>36642321<\/td>\n<td>271\/2024<\/td>\n<td>materi\u00e1l do \u0160J<\/td>\n<td>53,30 \u20ac<\/td>\n<td>3.10.2024<\/td>\n<\/tr>\n<tr>\n<td>DF240219<\/td>\n<td>J+T, s.r.o., Moyzesova 726\/4, 985 52&nbsp; Div\u00edn<\/td>\n<td>44583176<\/td>\n<td>VF24\/0007<\/td>\n<td>prevoz stravy 9\/2024<\/td>\n<td>70,00 \u20ac<\/td>\n<td>3.10.2024<\/td>\n<\/tr>\n<tr>\n<td>DF240220<\/td>\n<td>Komensky, s.r.o., Park ml\u00e1de\u017ee 1, 040 01&nbsp; Ko\u0161ice<\/td>\n<td>43908977<\/td>\n<td>70720857<\/td>\n<td>BezKriedy Plus<\/td>\n<td>60,00 \u20ac<\/td>\n<td>3.10.2024<\/td>\n<\/tr>\n<tr>\n<td>DF240221<\/td>\n<td>Taktik vydavate\u013estvo, s.r.o., Krompa\u0161sk\u00e1 510\/96, 040 11&nbsp; Ko\u0161ice<\/td>\n<td>45258767<\/td>\n<td>2428195<\/td>\n<td>u\u010debnice<\/td>\n<td>51,00 \u20ac<\/td>\n<td>3.10.2024<\/td>\n<\/tr>\n<tr>\n<td>DF240222<\/td>\n<td>SPP, a.s., Mlynsk\u00e9 nivy 44\/a, Bratislava<\/td>\n<td>35815256<\/td>\n<td>8631278807<\/td>\n<td>zemn\u00fd plyn 10\/2024<\/td>\n<td>1 418,00 \u20ac<\/td>\n<td>4.10.2024<\/td>\n<\/tr>\n<tr>\n<td>DF240223<\/td>\n<td>Ing. Milan Hric, Alexandra W\u00e1gnera 2515\/38, 984 01&nbsp; Lu\u010denec<\/td>\n<td>47025883<\/td>\n<td>20240564<\/td>\n<td width=\"379\">poskytovan\u00e9 slu\u017eby v oblasti CO za 3.Q 2024<\/td>\n<td>72,00 \u20ac<\/td>\n<td>4.10.2024<\/td>\n<\/tr>\n<tr>\n<td>DF240224<\/td>\n<td>FORK s.r.o., Pribinova 274\/4, 036 01&nbsp; Martin<\/td>\n<td>44311061<\/td>\n<td>322402645<\/td>\n<td>kronika A4<\/td>\n<td>36,90 \u20ac<\/td>\n<td>7.10.2024<\/td>\n<\/tr>\n<tr>\n<td>DF240225<\/td>\n<td>Neziskov\u00e1 organiz\u00e1cia RECYKLOHRY, D\u00fabravsk\u00e1 cesta 2, 841 04&nbsp; Bratislava<\/td>\n<td>45740836<\/td>\n<td>12400394<\/td>\n<td>pr\u00edspevok za poskytovanie inform\u00e1cii<\/td>\n<td>20,00 \u20ac<\/td>\n<td>7.10.2024<\/td>\n<\/tr>\n<tr>\n<td>DF240226<\/td>\n<td>Orbis Pictus Istropolitana, s.r.o., Hrachov\u00e1 34, 821 05&nbsp; Bratislava<\/td>\n<td>17323266<\/td>\n<td>2400403720<\/td>\n<td>u\u010debnice<\/td>\n<td>16,60 \u20ac<\/td>\n<td>7.10.2024<\/td>\n<\/tr>\n<tr>\n<td>DF240227<\/td>\n<td>Detronics, s.r.o., Buzuluck\u00e1 3, Zvolen<\/td>\n<td>45318565<\/td>\n<td>240139201<\/td>\n<td>pau\u0161\u00e1lny poplatok FiberLine Office Pro za okt\u00f3ber 2024<\/td>\n<td>42,00 \u20ac<\/td>\n<td>7.10.2024<\/td>\n<\/tr>\n<tr>\n<td>DF240228<\/td>\n<td>VSE, a.s., Mlynsk\u00e1 31, Ko\u0161ice<\/td>\n<td>44483767<\/td>\n<td>7294900050<\/td>\n<td>elektrina 9\/2024<\/td>\n<td>580,94 \u20ac<\/td>\n<td>9.10.2024<\/td>\n<\/tr>\n<tr>\n<td>DF240229<\/td>\n<td>INTA, s.r.o., Ryb\u00e1rska 758\/18, 911 01&nbsp; Tren\u010d\u00edn<\/td>\n<td>34129863<\/td>\n<td>ODBRO24090869<\/td>\n<td>Odber kuchynsk\u00e9ho odpadu 9\/2024<\/td>\n<td>30,00 \u20ac<\/td>\n<td>10.10.2024<\/td>\n<\/tr>\n<tr>\n<td>DF240230<\/td>\n<td>O2 Slovakia, s.r.o., Einsteinova 24, Bratislava<\/td>\n<td>47259116<\/td>\n<td>1371658975<\/td>\n<td>telekomunika\u010dn\u00e9 slu\u017eby 9\/2024<\/td>\n<td>62,00 \u20ac<\/td>\n<td>11.10.2024<\/td>\n<\/tr>\n<tr>\n<td>DF240231<\/td>\n<td>Soft-Tech, s.r.o., Breznica 288,&nbsp; 0091 01<\/td>\n<td>45917272<\/td>\n<td>202455947<\/td>\n<td>toner<\/td>\n<td>82,10 \u20ac<\/td>\n<td>14.10.2024<\/td>\n<\/tr>\n<tr>\n<td>DF240232<\/td>\n<td>Soft-Tech, s.r.o., Breznica 288,&nbsp; 0091 01<\/td>\n<td>45917272<\/td>\n<td>202456427<\/td>\n<td>toner<\/td>\n<td>82,05 \u20ac<\/td>\n<td>16.10.2024<\/td>\n<\/tr>\n<tr>\n<td>DF240233<\/td>\n<td>JAF HOLZ Slovakia, s.r.o., Sielnica 1100, 962 31&nbsp; Slia\u010d<\/td>\n<td>35718986<\/td>\n<td>24307077<\/td>\n<td>dvere<\/td>\n<td>396,60 \u20ac<\/td>\n<td>16.10.2024<\/td>\n<\/tr>\n<tr>\n<td>DF240234<\/td>\n<td>STORMWARE, s.r.o., Mat\u00fa\u0161ova 48, 811 04&nbsp; Bratislava<\/td>\n<td>36244791<\/td>\n<td>202502408<\/td>\n<td>servis 2025 pre PROFI NET3<\/td>\n<td>238,80 \u20ac<\/td>\n<td>17.10.2024<\/td>\n<\/tr>\n<tr>\n<td>DF240235<\/td>\n<td>GASTROLUX, s.r.o., Byt\u010dick\u00e1 2, 010 01&nbsp; \u017dilina<\/td>\n<td>36413186<\/td>\n<td>10242428<\/td>\n<td>gastron\u00e1doba, um\u00fdvac\u00ed prostriedok<\/td>\n<td>130,20 \u20ac<\/td>\n<td>17.10.2024<\/td>\n<\/tr>\n<tr>\n<td>DF240236<\/td>\n<td>SIGNAL-CODE, s.r.o., Zvolensk\u00e1 cesta 31, 984 01&nbsp; Lu\u010denec<\/td>\n<td>45697515<\/td>\n<td>FV20240690<\/td>\n<td>UPS 220V\/650VA cyberPower,&nbsp; zapjenie UPS<\/td>\n<td>87,48 \u20ac<\/td>\n<td>17.10.2024<\/td>\n<\/tr>\n<tr>\n<td>DF240237<\/td>\n<td>Web Retail, s.r.o., Husineck\u00e1 903\/10, 130 00&nbsp; Praha 3<\/td>\n<td>28876431<\/td>\n<td>2024267496<\/td>\n<td>zna\u010dkov\u00e1 lampa s modulom do HITACHI-CP-CX300WN<\/td>\n<td>116,36 \u20ac<\/td>\n<td>18.10.2024<\/td>\n<\/tr>\n<tr>\n<td>DF240238<\/td>\n<td>Neziskov\u00e1 organiz\u00e1cia VESNA, Smolenick\u00e1 3048\/14, 851 05&nbsp; Bratislava<\/td>\n<td>45739153<\/td>\n<td>57231024<\/td>\n<td>semin\u00e1r: Spr\u00e1va registrat\u00fary v \u0161kol\u00e1ch<\/td>\n<td>39,94 \u20ac<\/td>\n<td>21.10.2024<\/td>\n<\/tr>\n<tr>\n<td>DF240239<\/td>\n<td>KOSIT WEST, s.r.o., Rastislavova 98, 043 46&nbsp; Ko\u0161ice<\/td>\n<td>50492471<\/td>\n<td>61195608<\/td>\n<td>odvoz a zhodnotenie vytrieden\u00e9ho odpadu<\/td>\n<td>50,45 \u20ac<\/td>\n<td>21.10.2024<\/td>\n<\/tr>\n<tr>\n<td>DF240240<\/td>\n<td>Wolters Kluwer SR, s.r.o., Mlyns\u00e9 nivy 48, 821 09&nbsp; Bratislava 2<\/td>\n<td>31348262<\/td>\n<td>1003504008<\/td>\n<td>Direktor&nbsp; PROFI od 01.01.2025 do 31.12.2025<\/td>\n<td>246,00 \u20ac<\/td>\n<td>24.10.2024<\/td>\n<\/tr>\n<tr>\n<td>DF240241<\/td>\n<td>IVES Ko\u0161ice, \u010cSL. arm\u00e1dy 20, 041 18&nbsp; Ko\u0161ice<\/td>\n<td>162957<\/td>\n<td>5570049291<\/td>\n<td>STP APV WINPAM 11\/2024 &#8211; 10\/2025<\/td>\n<td>97,20 \u20ac<\/td>\n<td>24.10.2024<\/td>\n<\/tr>\n<tr>\n<td>DF240242<\/td>\n<td>S\u00fakromn\u00e1 Z\u0160 s M\u0160 DSA, N\u00e1mestie Kub\u00ednyiho 42\/6, 984 01&nbsp; Lu\u010denec<\/td>\n<td>35991607<\/td>\n<td>102024<\/td>\n<td>re\u017eijn\u00e9 n\u00e1klady zamestnanci 10\/2024<\/td>\n<td>444,00 \u20ac<\/td>\n<td>29.10.2024<\/td>\n<\/tr>\n<tr>\n<td>DF240243<\/td>\n<td>S\u00fakromn\u00e1 Z\u0160 s M\u0160 DSA, N\u00e1mestie Kub\u00ednyiho 42\/6, 984 01&nbsp; Lu\u010denec<\/td>\n<td>35991607<\/td>\n<td>10\/2024 RN<\/td>\n<td>re\u017eijn\u00e9 n\u00e1klady \u017eiaci 10\/2024<\/td>\n<td>770,00 \u20ac<\/td>\n<td>29.10.2024<\/td>\n<\/tr>\n<tr>\n<td>DF240244<\/td>\n<td>S\u00fakromn\u00e1 Z\u0160 s M\u0160 DSA, N\u00e1mestie Kub\u00ednyiho 42\/6, 984 01&nbsp; Lu\u010denec<\/td>\n<td>35991607<\/td>\n<td>102024<\/td>\n<td>dodan\u00e1 strava 10\/2024<\/td>\n<td>6 363,90 \u20ac<\/td>\n<td>29.10.2024<\/td>\n<\/tr>\n<tr>\n<td>DF240245<\/td>\n<td>Valman, s.r.o., Nov\u00fd Svet 27, 974 01&nbsp; Bansk\u00e1 Bystrica<\/td>\n<td>44473761<\/td>\n<td>24221506<\/td>\n<td>\u0161kolsk\u00e9 ovocie<\/td>\n<td>0,00 \u20ac<\/td>\n<td>30.10.2024<\/td>\n<\/tr>\n<\/tbody>\n<\/table>\n","protected":false},"excerpt":{"rendered":"<p>Por.\u010d\u00edslo fakt\u00fary Dod\u00e1vate\u013e: I\u010cO Fakt\u00fara \u010d\u00edslo Popis objednan\u00e9ho plnenia Suma v EUR D\u00e1tum doru\u010denia fakt\u00fary DF240214 osobny\u00fadaj.sk, Ko\u0161ice, N\u00e1m. oslobodite\u013eov 3\/A, Ko\u0161ice 50528041 1024100932 v\u00fdkon zodpovednej osoby za 10\/2024 36,00 \u20ac 1.10.2024 DF240215 Megabooks sk, spol. s r.o., Kop\u010dianska 3748\/41, 851 01&nbsp; Bratislava 36699594 1102404483 u\u010debnice 92,65 \u20ac 2.10.2024 DF240216 &hellip;<\/p>\n","protected":false},"author":1,"featured_media":0,"parent":0,"menu_order":0,"comment_status":"closed","ping_status":"closed","template":"","meta":{"ngg_post_thumbnail":0,"footnotes":""},"class_list":["post-32217","page","type-page","status-publish","hentry"],"aioseo_notices":[],"_links":{"self":[{"href":"https:\/\/www.czslc.sk\/index.php?rest_route=\/wp\/v2\/pages\/32217","targetHints":{"allow":["GET"]}}],"collection":[{"href":"https:\/\/www.czslc.sk\/index.php?rest_route=\/wp\/v2\/pages"}],"about":[{"href":"https:\/\/www.czslc.sk\/index.php?rest_route=\/wp\/v2\/types\/page"}],"author":[{"embeddable":true,"href":"https:\/\/www.czslc.sk\/index.php?rest_route=\/wp\/v2\/users\/1"}],"replies":[{"embeddable":true,"href":"https:\/\/www.czslc.sk\/index.php?rest_route=%2Fwp%2Fv2%2Fcomments&post=32217"}],"version-history":[{"count":1,"href":"https:\/\/www.czslc.sk\/index.php?rest_route=\/wp\/v2\/pages\/32217\/revisions"}],"predecessor-version":[{"id":32218,"href":"https:\/\/www.czslc.sk\/index.php?rest_route=\/wp\/v2\/pages\/32217\/revisions\/32218"}],"wp:attachment":[{"href":"https:\/\/www.czslc.sk\/index.php?rest_route=%2Fwp%2Fv2%2Fmedia&parent=32217"}],"curies":[{"name":"wp","href":"https:\/\/api.w.org\/{rel}","templated":true}]}}