{"id":31716,"date":"2024-09-04T12:51:23","date_gmt":"2024-09-04T10:51:23","guid":{"rendered":"https:\/\/www.czslc.sk\/?page_id=31716"},"modified":"2024-09-04T12:51:24","modified_gmt":"2024-09-04T10:51:24","slug":"jul-2024","status":"publish","type":"page","link":"https:\/\/www.czslc.sk\/?page_id=31716","title":{"rendered":"J\u00fal 2024"},"content":{"rendered":"\n<table width=\"1342\">\n<tbody>\n<tr>\n<td width=\"84\">Por.\u010d\u00edslo fakt\u00fary<\/td>\n<td width=\"523\">Dod\u00e1vate\u013e:<\/td>\n<td width=\"90\">I\u010cO<\/td>\n<td width=\"107\">Fakt\u00fara \u010d\u00edslo<\/td>\n<td width=\"344\">Popis objednan\u00e9ho plnenia<\/td>\n<td width=\"90\">Suma v EUR<\/td>\n<td width=\"104\">D\u00e1tum doru\u010denia fakt\u00fary<\/td>\n<\/tr>\n<tr>\n<td>DF240145<\/td>\n<td>SPP, a.s., Mlynsk\u00e9 nivy 44\/a, Bratislava<\/td>\n<td>35815256<\/td>\n<td>8631152374<\/td>\n<td>zemn\u00fd plyn 07\/2024<\/td>\n<td>1 418,00 \u20ac<\/td>\n<td>2.7.2024<\/td>\n<\/tr>\n<tr>\n<td>DF240146<\/td>\n<td>Mgr. Ladislav Kanaba &#8211; ABT, TPO, Malinovsk\u00e9ho 3, Lu\u010denec<\/td>\n<td>40616495<\/td>\n<td>69\/2024<\/td>\n<td>pau\u0161\u00e1lny poplatok, pr\u00e1ca technika BOZP a PO 6\/2024<\/td>\n<td>80,00 \u20ac<\/td>\n<td>2.7.2024<\/td>\n<\/tr>\n<tr>\n<td>DF240147<\/td>\n<td>osobny\u00fadaj.sk, Ko\u0161ice, N\u00e1m. oslobodite\u013eov 3\/A, Ko\u0161ice<\/td>\n<td>50528041<\/td>\n<td>1024070964<\/td>\n<td>v\u00fdkon zodpovednej osoby za 07\/2024<\/td>\n<td>36,00 \u20ac<\/td>\n<td>2.7.2024<\/td>\n<\/tr>\n<tr>\n<td>DF240148<\/td>\n<td>ESV plus, s.r.o., Poto\u010dn\u00e1 145\/43, 984 01&nbsp; Lu\u010denec<\/td>\n<td>36642321<\/td>\n<td>193\/2024<\/td>\n<td>materi\u00e1l do \u0160J<\/td>\n<td>82,00 \u20ac<\/td>\n<td>2.7.2024<\/td>\n<\/tr>\n<tr>\n<td>DF240149<\/td>\n<td>Orbis Pistus Istropolitana, s.r.o., Hrachov\u00e1 34, 821 05&nbsp; Bratislava<\/td>\n<td>17323266<\/td>\n<td>2400401605<\/td>\n<td>u\u010debnice<\/td>\n<td>941,20 \u20ac<\/td>\n<td>2.7.2024<\/td>\n<\/tr>\n<tr>\n<td>DF240150<\/td>\n<td>Ing. Milan Hric, Alexandra W\u00e1gnera 2515\/38, 984 01&nbsp; Lu\u010denec<\/td>\n<td>47025883<\/td>\n<td>20240355<\/td>\n<td>slu\u017eby v oblasti civilnej ochrany &#8211; 2.Q 2024<\/td>\n<td>72,00 \u20ac<\/td>\n<td>4.7.2024<\/td>\n<\/tr>\n<tr>\n<td>DF240151<\/td>\n<td>INTA, s.r.o., Ryb\u00e1rska 758\/18, Tren\u010d\u00edn<\/td>\n<td>34129863<\/td>\n<td>ODBRO24060643<\/td>\n<td>odber kuchynsk\u00e9ho odpadu 6\/2024<\/td>\n<td>30,00 \u20ac<\/td>\n<td>9.7.2024<\/td>\n<\/tr>\n<tr>\n<td>DF240152<\/td>\n<td>Detronics, s.r.o., Buzuluck\u00e1 3, Zvolen<\/td>\n<td>45318565<\/td>\n<td>240127115<\/td>\n<td>pau\u0161\u00e1lny poplatok FiberLine Office Pro za j\u00fal 2024<\/td>\n<td>42,00 \u20ac<\/td>\n<td>9.7.2024<\/td>\n<\/tr>\n<tr>\n<td>DF240153<\/td>\n<td>Krp\u010diar Pavel, T\u00f3tha 2990\/33, Lu\u010denec<\/td>\n<td>&nbsp;<\/td>\n<td>1\/6\/2024 PS<\/td>\n<td>prevoz stravy 6\/2024<\/td>\n<td>70,00 \u20ac<\/td>\n<td>10.7.2024<\/td>\n<\/tr>\n<tr>\n<td>DF240154<\/td>\n<td>PLAST-MONT, s.r.o., Pek\u00e1rensk\u00e1 2, 984 01&nbsp; Lu\u010denec<\/td>\n<td>36056588<\/td>\n<td>VF24280<\/td>\n<td>dodanie a mont\u00e1\u017e sie\u0165ky<\/td>\n<td>285,60 \u20ac<\/td>\n<td>11.7.2024<\/td>\n<\/tr>\n<tr>\n<td>DF240155<\/td>\n<td>GASTRO-HAAL, s.r.o., Pova\u017esk\u00e1 16, 940 67&nbsp; Nov\u00e9 Z\u00e1mky<\/td>\n<td>31435076<\/td>\n<td>24000966<\/td>\n<td>prostriedok na mastnoty a prip\u00e1leniny<\/td>\n<td>51,41 \u20ac<\/td>\n<td>12.7.2024<\/td>\n<\/tr>\n<tr>\n<td>DF240156<\/td>\n<td>Dr. Josef Raabe Slovensko, s.r.o., Heydukova 12-14, 811 08&nbsp; Bratislava<\/td>\n<td>35908718<\/td>\n<td>202410132<\/td>\n<td>u\u010debnice<\/td>\n<td>13,00 \u20ac<\/td>\n<td>16.7.2024<\/td>\n<\/tr>\n<tr>\n<td>DF240157<\/td>\n<td>KOSIT WEST, s.r.o., Rastislavova 98, 043 46&nbsp; Ko\u0161ice<\/td>\n<td>50492471<\/td>\n<td>61196201<\/td>\n<td>odvoz a zhodnotenie vytrieden\u00e9ho odpadu<\/td>\n<td>50,45 \u20ac<\/td>\n<td>17.7.2024<\/td>\n<\/tr>\n<tr>\n<td>DF240158<\/td>\n<td>O2 Slovakia, s.r.o., Einsteinova 24, Bratislava<\/td>\n<td>47259116<\/td>\n<td>1591610232<\/td>\n<td>telekomunika\u010dn\u00e9 slu\u017eby 6\/2024<\/td>\n<td>74,00 \u20ac<\/td>\n<td>17.7.2024<\/td>\n<\/tr>\n<tr>\n<td>DF240159<\/td>\n<td>VSE, a.s., Mlynsk\u00e1 31, Ko\u0161ice<\/td>\n<td>44483767<\/td>\n<td>7294568631<\/td>\n<td>elektrina 6\/2024<\/td>\n<td>514,58 \u20ac<\/td>\n<td>17.7.2024<\/td>\n<\/tr>\n<tr>\n<td width=\"84\">DF240160<\/td>\n<td width=\"523\">Tr\u00e1vi\u010dka, s.r.o., Jarkov\u00e1 14, 080 01&nbsp; Pre\u0161ov<\/td>\n<td width=\"90\">47658665<\/td>\n<td width=\"107\">24TR026<\/td>\n<td width=\"344\">revitaliz\u00e1cia vonkaj\u0161ieho ihriska<\/td>\n<td width=\"90\">745,20 \u20ac<\/td>\n<td width=\"104\">17.7.2024<\/td>\n<\/tr>\n<tr>\n<td width=\"84\">DF240161<\/td>\n<td width=\"523\">STENEZI, s.r.o., Novohradsk\u00e1 2362\/14, 984 01&nbsp; Lu\u010denec<\/td>\n<td width=\"90\">53250524<\/td>\n<td width=\"107\">20240104<\/td>\n<td width=\"344\">dodanie oknien vr\u00e1tane mont\u00e1\u017ee<\/td>\n<td width=\"90\">3 048,44 \u20ac<\/td>\n<td width=\"104\">30.7.2024<\/td>\n<\/tr>\n<\/tbody>\n<\/table>\n","protected":false},"excerpt":{"rendered":"<p>Por.\u010d\u00edslo fakt\u00fary Dod\u00e1vate\u013e: I\u010cO Fakt\u00fara \u010d\u00edslo Popis objednan\u00e9ho plnenia Suma v EUR D\u00e1tum doru\u010denia fakt\u00fary DF240145 SPP, a.s., Mlynsk\u00e9 nivy 44\/a, Bratislava 35815256 8631152374 zemn\u00fd plyn 07\/2024 1 418,00 \u20ac 2.7.2024 DF240146 Mgr. Ladislav Kanaba &#8211; ABT, TPO, Malinovsk\u00e9ho 3, Lu\u010denec 40616495 69\/2024 pau\u0161\u00e1lny poplatok, pr\u00e1ca technika BOZP a PO &hellip;<\/p>\n","protected":false},"author":1,"featured_media":0,"parent":0,"menu_order":0,"comment_status":"closed","ping_status":"closed","template":"","meta":{"ngg_post_thumbnail":0,"footnotes":""},"class_list":["post-31716","page","type-page","status-publish","hentry"],"aioseo_notices":[],"_links":{"self":[{"href":"https:\/\/www.czslc.sk\/index.php?rest_route=\/wp\/v2\/pages\/31716","targetHints":{"allow":["GET"]}}],"collection":[{"href":"https:\/\/www.czslc.sk\/index.php?rest_route=\/wp\/v2\/pages"}],"about":[{"href":"https:\/\/www.czslc.sk\/index.php?rest_route=\/wp\/v2\/types\/page"}],"author":[{"embeddable":true,"href":"https:\/\/www.czslc.sk\/index.php?rest_route=\/wp\/v2\/users\/1"}],"replies":[{"embeddable":true,"href":"https:\/\/www.czslc.sk\/index.php?rest_route=%2Fwp%2Fv2%2Fcomments&post=31716"}],"version-history":[{"count":1,"href":"https:\/\/www.czslc.sk\/index.php?rest_route=\/wp\/v2\/pages\/31716\/revisions"}],"predecessor-version":[{"id":31717,"href":"https:\/\/www.czslc.sk\/index.php?rest_route=\/wp\/v2\/pages\/31716\/revisions\/31717"}],"wp:attachment":[{"href":"https:\/\/www.czslc.sk\/index.php?rest_route=%2Fwp%2Fv2%2Fmedia&parent=31716"}],"curies":[{"name":"wp","href":"https:\/\/api.w.org\/{rel}","templated":true}]}}