{"id":31158,"date":"2024-03-10T11:47:10","date_gmt":"2024-03-10T09:47:10","guid":{"rendered":"https:\/\/www.czslc.sk\/?page_id=31158"},"modified":"2024-03-10T11:47:11","modified_gmt":"2024-03-10T09:47:11","slug":"februar-2024","status":"publish","type":"page","link":"https:\/\/www.czslc.sk\/?page_id=31158","title":{"rendered":"Febru\u00e1r 2024"},"content":{"rendered":"\n<table style=\"width: 100%; height: 733px;\" width=\"1233\">\n<tbody>\n<tr style=\"height: 62px;\">\n<td style=\"height: 62px;\" width=\"84\">Por.\u010d\u00edslo fakt\u00fary<\/td>\n<td style=\"height: 62px;\" width=\"414\">Dod\u00e1vate\u013e:<\/td>\n<td style=\"height: 62px;\" width=\"90\">I\u010cO<\/td>\n<td style=\"height: 62px;\" width=\"107\">Fakt\u00fara \u010d\u00edslo<\/td>\n<td style=\"height: 62px;\" width=\"344\">Popis objednan\u00e9ho plnenia<\/td>\n<td style=\"height: 62px;\" width=\"90\">Suma v EUR<\/td>\n<td style=\"height: 62px;\" width=\"104\">D\u00e1tum doru\u010denia fakt\u00fary<\/td>\n<\/tr>\n<tr style=\"height: 41px;\">\n<td style=\"height: 41px;\">DF240019<\/td>\n<td style=\"height: 41px;\">osobny\u00fadaj.sk, Ko\u0161ice, N\u00e1m. oslobodite\u013eov 3\/A, Ko\u0161ice<\/td>\n<td style=\"height: 41px;\">50528041<\/td>\n<td style=\"height: 41px;\">1024011004<\/td>\n<td style=\"height: 41px;\">v\u00fdkon zodpovednej osoby za 02\/2024<\/td>\n<td style=\"height: 41px;\">36,00 \u20ac<\/td>\n<td style=\"height: 41px;\">1.2.2024<\/td>\n<\/tr>\n<tr style=\"height: 20px;\">\n<td style=\"height: 20px;\">DF240020<\/td>\n<td style=\"height: 20px;\">SPP, a.s., Mlynsk\u00e9 nivy 44\/a, Bratislava<\/td>\n<td style=\"height: 20px;\">35815256<\/td>\n<td style=\"height: 20px;\">8611585158<\/td>\n<td style=\"height: 20px;\">zemn\u00fd plyn 02\/2024<\/td>\n<td style=\"height: 20px;\">1 418,00 \u20ac<\/td>\n<td style=\"height: 20px;\">2.2.2024<\/td>\n<\/tr>\n<tr style=\"height: 41px;\">\n<td style=\"height: 41px;\">DF240021<\/td>\n<td style=\"height: 41px;\">Detronics, s.r.o., Buzuluck\u00e1 3, Zvolen<\/td>\n<td style=\"height: 41px;\">45318565<\/td>\n<td style=\"height: 41px;\">240107269<\/td>\n<td style=\"height: 41px;\">pau\u0161\u00e1lny poplatok FiberLine Office Pro za febru\u00e1r 2024<\/td>\n<td style=\"height: 41px;\">42,00 \u20ac<\/td>\n<td style=\"height: 41px;\">5.2.2024<\/td>\n<\/tr>\n<tr style=\"height: 41px;\">\n<td style=\"height: 41px;\">DF240022<\/td>\n<td style=\"height: 41px;\">Mgr. Ladislav Kanaba &#8211; ABT, TPO, Malinovsk\u00e9ho 3, Lu\u010denec<\/td>\n<td style=\"height: 41px;\">40616495<\/td>\n<td style=\"height: 41px;\">13\/2024<\/td>\n<td style=\"height: 41px;\">pau\u0161\u00e1lny poplatok, pr\u00e1ca technika BOZP a PO 1\/2024<\/td>\n<td style=\"height: 41px;\">80,00 \u20ac<\/td>\n<td style=\"height: 41px;\">7.2.2024<\/td>\n<\/tr>\n<tr style=\"height: 20px;\">\n<td style=\"height: 20px;\">DF240023<\/td>\n<td style=\"height: 20px;\">Daffer, spol. s r.o., V\u010del\u00e1rska 1, Prievidza<\/td>\n<td style=\"height: 20px;\">36320439<\/td>\n<td style=\"height: 20px;\">Z240200049<\/td>\n<td style=\"height: 20px;\">\u0161kolsk\u00e9 lavice &#8211; projekt<\/td>\n<td style=\"height: 20px;\">3 714,00 \u20ac<\/td>\n<td style=\"height: 20px;\">8.2.2024<\/td>\n<\/tr>\n<tr style=\"height: 20px;\">\n<td style=\"height: 20px;\">DF240024<\/td>\n<td style=\"height: 20px;\">B2B Partner, s.r.o., \u0160ulekova 2, Bratislava<\/td>\n<td style=\"height: 20px;\">44413467<\/td>\n<td style=\"height: 20px;\">SPF24405492<\/td>\n<td style=\"height: 20px;\">kuchynsk\u00e9 potreby, n\u00e1bytok<\/td>\n<td style=\"height: 20px;\">698,64 \u20ac<\/td>\n<td style=\"height: 20px;\">8.2.2024<\/td>\n<\/tr>\n<tr style=\"height: 20px;\">\n<td style=\"height: 20px;\">DF240025<\/td>\n<td style=\"height: 20px;\">J+A, s.r.o., Zvolensk\u00e1 29, Vidin\u00e1<\/td>\n<td style=\"height: 20px;\">44831188<\/td>\n<td style=\"height: 20px;\">2024\/005<\/td>\n<td style=\"height: 20px;\">kontrola hasiacich pr\u00edstrojov<\/td>\n<td style=\"height: 20px;\">60,00 \u20ac<\/td>\n<td style=\"height: 20px;\">9.2.2024<\/td>\n<\/tr>\n<tr style=\"height: 20px;\">\n<td style=\"height: 20px;\">DF240026<\/td>\n<td style=\"height: 20px;\">INTA, s.r.o., Ryb\u00e1rska 758\/18, Tren\u010d\u00edn<\/td>\n<td style=\"height: 20px;\">34129863<\/td>\n<td style=\"height: 20px;\">ODBRO24010668<\/td>\n<td style=\"height: 20px;\">odber kuchynsk\u00e9ho odpadu 1\/2024<\/td>\n<td style=\"height: 20px;\">30,00 \u20ac<\/td>\n<td style=\"height: 20px;\">12.2.2024<\/td>\n<\/tr>\n<tr style=\"height: 20px;\">\n<td style=\"height: 20px;\">DF240027<\/td>\n<td style=\"height: 20px;\">VSE, a.s., Mlynsk\u00e1 31, Ko\u0161ice<\/td>\n<td style=\"height: 20px;\">44483767<\/td>\n<td style=\"height: 20px;\">2840024066<\/td>\n<td style=\"height: 20px;\">elektrina 1\/2024<\/td>\n<td style=\"height: 20px;\">867,72 \u20ac<\/td>\n<td style=\"height: 20px;\">12.2.2024<\/td>\n<\/tr>\n<tr style=\"height: 20px;\">\n<td style=\"height: 20px;\">DF240028<\/td>\n<td style=\"height: 20px;\">O2 Slovakia, s.r.o., Einsteinova 24, Bratislava<\/td>\n<td style=\"height: 20px;\">47259116<\/td>\n<td style=\"height: 20px;\">1331458890<\/td>\n<td style=\"height: 20px;\">telekomunika\u010dn\u00e9 slu\u017eby 1\/2024<\/td>\n<td style=\"height: 20px;\">62,00 \u20ac<\/td>\n<td style=\"height: 20px;\">12.2.2024<\/td>\n<\/tr>\n<tr style=\"height: 20px;\">\n<td style=\"height: 20px;\">DF240029<\/td>\n<td style=\"height: 20px;\">Magic Print. s.r.o., Rovniankova 15, Bratislava<\/td>\n<td style=\"height: 20px;\">36617661<\/td>\n<td style=\"height: 20px;\">202401064<\/td>\n<td style=\"height: 20px;\">servisn\u00e9 slu\u017eby\/Minolta buzhub<\/td>\n<td style=\"height: 20px;\">66,00 \u20ac<\/td>\n<td style=\"height: 20px;\">12.2.2024<\/td>\n<\/tr>\n<tr style=\"height: 41px;\">\n<td style=\"height: 41px;\">DF240030<\/td>\n<td style=\"height: 41px;\">ProSchool, s.r.o., Kosor\u00edn 177<\/td>\n<td style=\"height: 41px;\">45649201<\/td>\n<td style=\"height: 41px;\">202430116<\/td>\n<td style=\"height: 41px;\">Vzdel\u00e1vania pedagogock\u00fdch zamestnancov<\/td>\n<td style=\"height: 41px;\">480,00 \u20ac<\/td>\n<td style=\"height: 41px;\">13.2.2024<\/td>\n<\/tr>\n<tr style=\"height: 20px;\">\n<td style=\"height: 20px;\">DF240031<\/td>\n<td style=\"height: 20px;\">SPOOL, a.s., Dr. Herza \u010d. 23, 984 01&nbsp; Lu\u010denec<\/td>\n<td style=\"height: 20px;\">31586392<\/td>\n<td style=\"height: 20px;\">920240023<\/td>\n<td style=\"height: 20px;\">pou\u017e\u00edvanie \u0161portovej haly ARENA<\/td>\n<td style=\"height: 20px;\">114,00 \u20ac<\/td>\n<td style=\"height: 20px;\">20.2.2024<\/td>\n<\/tr>\n<tr style=\"height: 41px;\">\n<td style=\"height: 41px;\">DF240032<\/td>\n<td style=\"height: 41px;\">SIERRA ENTERPRISES, s.r.o., Fi\u013eakovsk\u00e1 cesta 285, 984 01&nbsp; Lu\u010denec<\/td>\n<td style=\"height: 41px;\">36047856<\/td>\n<td style=\"height: 41px;\">24600039<\/td>\n<td style=\"height: 41px;\">\u010distenie OTL<\/td>\n<td style=\"height: 41px;\">360,00 \u20ac<\/td>\n<td style=\"height: 41px;\">26.2.2024<\/td>\n<\/tr>\n<tr style=\"height: 41px;\">\n<td style=\"height: 41px;\">DF240033<\/td>\n<td style=\"height: 41px;\">SIERRA ENTERPRISES, s.r.o., Fi\u013eakovsk\u00e1 cesta 285, 984 01&nbsp; Lu\u010denec<\/td>\n<td style=\"height: 41px;\">36047856<\/td>\n<td style=\"height: 41px;\">24600038<\/td>\n<td style=\"height: 41px;\">\u010distenie kanaliza\u010dn\u00e9ho syst\u00e9mu a \u0161achty<\/td>\n<td style=\"height: 41px;\">175,20 \u20ac<\/td>\n<td style=\"height: 41px;\">26.2.2024<\/td>\n<\/tr>\n<tr style=\"height: 41px;\">\n<td style=\"height: 41px;\">DF240034<\/td>\n<td style=\"height: 41px;\">SIGNAL-CODE, s.r.o., Zvolensk\u00e1 cesta 31, 984 01&nbsp; Lu\u010denec<\/td>\n<td style=\"height: 41px;\">45697515<\/td>\n<td style=\"height: 41px;\">FV20240135<\/td>\n<td style=\"height: 41px;\">videovr\u00e1tnik<\/td>\n<td style=\"height: 41px;\">2 787,70 \u20ac<\/td>\n<td style=\"height: 41px;\">26.2.2024<\/td>\n<\/tr>\n<tr style=\"height: 20px;\">\n<td style=\"height: 20px;\">DF240035<\/td>\n<td style=\"height: 20px;\">SOZA, Rastislavova 914\/3, 821 08&nbsp; Bratislava<\/td>\n<td style=\"height: 20px;\">178454<\/td>\n<td style=\"height: 20px;\">2241101510<\/td>\n<td style=\"height: 20px;\">hudobn\u00e1 produkcia &#8211; Reprezenta\u010dn\u00fd ples<\/td>\n<td style=\"height: 20px;\">202,80 \u20ac<\/td>\n<td style=\"height: 20px;\">26.2.2024<\/td>\n<\/tr>\n<tr style=\"height: 41px;\">\n<td style=\"height: 41px;\">DF240036<\/td>\n<td style=\"height: 41px;\">CK Slnie\u010dko, spol. s r.o., Palack\u00e9ho 88\/8, 911 01&nbsp; Tren\u010d\u00edn<\/td>\n<td style=\"height: 41px;\">43840949<\/td>\n<td style=\"height: 41px;\">OF07-20240040<\/td>\n<td style=\"height: 41px;\">ly\u017eiarsky v\u00fdcvik&nbsp;<\/td>\n<td style=\"height: 41px;\">2 250,00 \u20ac<\/td>\n<td style=\"height: 41px;\">28.2.2024<\/td>\n<\/tr>\n<tr style=\"height: 20px;\">\n<td style=\"height: 20px;\">DF240037<\/td>\n<td style=\"height: 20px;\">Krp\u010diar Pavel, T\u00f3tha 2990\/33, Lu\u010denec<\/td>\n<td style=\"height: 20px;\">&nbsp;<\/td>\n<td style=\"height: 20px;\">1\/2\/2024 PS<\/td>\n<td style=\"height: 20px;\">prevoz stravy 02\/2024<\/td>\n<td style=\"height: 20px;\">70,00 \u20ac<\/td>\n<td style=\"height: 20px;\">28.2.2024<\/td>\n<\/tr>\n<tr style=\"height: 41px;\">\n<td style=\"height: 41px;\">DF240038<\/td>\n<td style=\"height: 41px;\">S\u00fakromn\u00e1 Z\u0160 s M\u0160 DSA, N\u00e1mestie Kub\u00ednyiho 42\/6, Lu\u010denec<\/td>\n<td style=\"height: 41px;\">35991607<\/td>\n<td style=\"height: 41px;\">RN\u017d 1\/2\/2024<\/td>\n<td style=\"height: 41px;\">RN\u017d \u017eiaci 02\/2024<\/td>\n<td style=\"height: 41px;\">675,00 \u20ac<\/td>\n<td style=\"height: 41px;\">28.2.2024<\/td>\n<\/tr>\n<tr style=\"height: 41px;\">\n<td style=\"height: 41px;\">DF240039<\/td>\n<td style=\"height: 41px;\">S\u00fakromn\u00e1 Z\u0160 s M\u0160 DSA, N\u00e1mestie Kub\u00ednyiho 42\/6, Lu\u010denec<\/td>\n<td style=\"height: 41px;\">35991607<\/td>\n<td style=\"height: 41px;\">2\/2\/2024<\/td>\n<td style=\"height: 41px;\">RN\u017d zamestnanci 02\/2024<\/td>\n<td style=\"height: 41px;\">300,00 \u20ac<\/td>\n<td style=\"height: 41px;\">28.2.2024<\/td>\n<\/tr>\n<tr style=\"height: 41px;\">\n<td style=\"height: 41px;\">DF240040<\/td>\n<td style=\"height: 41px;\">S\u00fakromn\u00e1 Z\u0160 s M\u0160 DSA, N\u00e1mestie Kub\u00ednyiho 42\/6, Lu\u010denec<\/td>\n<td style=\"height: 41px;\">35991607<\/td>\n<td style=\"height: 41px;\">1\/2\/2024<\/td>\n<td style=\"height: 41px;\">dodan\u00e1 strava 02\/2024<\/td>\n<td style=\"height: 41px;\">4 126,90 \u20ac<\/td>\n<td style=\"height: 41px;\">28.2.2024<\/td>\n<\/tr>\n<\/tbody>\n<\/table>\n\n\n","protected":false},"excerpt":{"rendered":"<p>Por.\u010d\u00edslo fakt\u00fary Dod\u00e1vate\u013e: I\u010cO Fakt\u00fara \u010d\u00edslo Popis objednan\u00e9ho plnenia Suma v EUR D\u00e1tum doru\u010denia fakt\u00fary DF240019 osobny\u00fadaj.sk, Ko\u0161ice, N\u00e1m. oslobodite\u013eov 3\/A, Ko\u0161ice 50528041 1024011004 v\u00fdkon zodpovednej osoby za 02\/2024 36,00 \u20ac 1.2.2024 DF240020 SPP, a.s., Mlynsk\u00e9 nivy 44\/a, Bratislava 35815256 8611585158 zemn\u00fd plyn 02\/2024 1 418,00 \u20ac 2.2.2024 DF240021 Detronics, &hellip;<\/p>\n","protected":false},"author":1,"featured_media":0,"parent":0,"menu_order":0,"comment_status":"closed","ping_status":"closed","template":"","meta":{"ngg_post_thumbnail":0,"footnotes":""},"class_list":["post-31158","page","type-page","status-publish","hentry"],"aioseo_notices":[],"_links":{"self":[{"href":"https:\/\/www.czslc.sk\/index.php?rest_route=\/wp\/v2\/pages\/31158","targetHints":{"allow":["GET"]}}],"collection":[{"href":"https:\/\/www.czslc.sk\/index.php?rest_route=\/wp\/v2\/pages"}],"about":[{"href":"https:\/\/www.czslc.sk\/index.php?rest_route=\/wp\/v2\/types\/page"}],"author":[{"embeddable":true,"href":"https:\/\/www.czslc.sk\/index.php?rest_route=\/wp\/v2\/users\/1"}],"replies":[{"embeddable":true,"href":"https:\/\/www.czslc.sk\/index.php?rest_route=%2Fwp%2Fv2%2Fcomments&post=31158"}],"version-history":[{"count":1,"href":"https:\/\/www.czslc.sk\/index.php?rest_route=\/wp\/v2\/pages\/31158\/revisions"}],"predecessor-version":[{"id":31159,"href":"https:\/\/www.czslc.sk\/index.php?rest_route=\/wp\/v2\/pages\/31158\/revisions\/31159"}],"wp:attachment":[{"href":"https:\/\/www.czslc.sk\/index.php?rest_route=%2Fwp%2Fv2%2Fmedia&parent=31158"}],"curies":[{"name":"wp","href":"https:\/\/api.w.org\/{rel}","templated":true}]}}