{"id":30912,"date":"2024-02-25T09:43:09","date_gmt":"2024-02-25T07:43:09","guid":{"rendered":"https:\/\/www.czslc.sk\/?page_id=30912"},"modified":"2025-02-11T09:38:49","modified_gmt":"2025-02-11T07:38:49","slug":"rok-2024","status":"publish","type":"page","link":"https:\/\/www.czslc.sk\/?page_id=30912","title":{"rendered":"Rok 2024"},"content":{"rendered":"\n<table style=\"height: 180px; border-collapse: collapse; width: 100.722%;\" border=\"0\" width=\"100.722%\" cellspacing=\"0\" cellpadding=\"0\">\n<tbody>\n<tr style=\"height: 15.0pt;\">\n<td style=\"height: 15px; width: 142.4px;\" height=\"20\"><a href=\"https:\/\/www.czslc.sk\/?page_id=30910\">Janu\u00e1r<\/a><\/td>\n<\/tr>\n<tr style=\"height: 15.0pt;\">\n<td style=\"height: 15px; width: 142.4px;\" height=\"20\"><a href=\"https:\/\/www.czslc.sk\/?page_id=31158\">Febru\u00e1r<\/a><\/td>\n<\/tr>\n<tr style=\"height: 15.0pt;\">\n<td style=\"height: 15px; width: 142.4px;\" height=\"20\"><a href=\"https:\/\/www.czslc.sk\/?page_id=31341\">Marec<\/a><\/td>\n<\/tr>\n<tr style=\"height: 15.0pt;\">\n<td style=\"height: 15px; width: 142.4px;\" height=\"20\"><a href=\"https:\/\/www.czslc.sk\/?page_id=31528\">Apr\u00edl<\/a><\/td>\n<\/tr>\n<tr style=\"height: 15.0pt;\">\n<td style=\"height: 15px; width: 142.4px;\" height=\"20\"><a href=\"https:\/\/www.czslc.sk\/?page_id=31612\">M\u00e1j<\/a><\/td>\n<\/tr>\n<tr style=\"height: 15.0pt;\">\n<td style=\"height: 15px; width: 142.4px;\" height=\"20\"><a href=\"https:\/\/www.czslc.sk\/?page_id=31711\">J\u00fan<\/a><\/td>\n<\/tr>\n<tr style=\"height: 15.0pt;\">\n<td style=\"height: 15px; width: 142.4px;\" height=\"20\"><a href=\"https:\/\/www.czslc.sk\/?page_id=31716\">J\u00fal<\/a><\/td>\n<\/tr>\n<tr style=\"height: 15.0pt;\">\n<td style=\"height: 15px; width: 142.4px;\" height=\"20\"><a href=\"https:\/\/www.czslc.sk\/?page_id=31725\">August<\/a><\/td>\n<\/tr>\n<tr style=\"height: 15.0pt;\">\n<td style=\"height: 15px; width: 142.4px;\" height=\"20\"><a href=\"https:\/\/www.czslc.sk\/?page_id=31886\">September<\/a><\/td>\n<\/tr>\n<tr style=\"height: 15.0pt;\">\n<td style=\"height: 15px; width: 142.4px;\" height=\"20\"><a href=\"https:\/\/www.czslc.sk\/?page_id=32217\">Okt\u00f3ber<\/a><\/td>\n<\/tr>\n<tr style=\"height: 15.0pt;\">\n<td style=\"height: 15px; width: 142.4px;\" height=\"20\"><a href=\"https:\/\/www.czslc.sk\/?page_id=32426\">November<\/a><\/td>\n<\/tr>\n<tr style=\"height: 15.0pt;\">\n<td style=\"height: 15px; width: 142.4px;\" height=\"20\"><a href=\"https:\/\/www.czslc.sk\/?page_id=32814\">December<\/a><\/td>\n<\/tr>\n<\/tbody>\n<\/table>\n<p>&nbsp;<\/p>\n","protected":false},"excerpt":{"rendered":"<p>Janu\u00e1r Febru\u00e1r Marec Apr\u00edl M\u00e1j J\u00fan J\u00fal August September Okt\u00f3ber November December &nbsp;<\/p>\n","protected":false},"author":1,"featured_media":0,"parent":0,"menu_order":0,"comment_status":"closed","ping_status":"closed","template":"","meta":{"ngg_post_thumbnail":0,"footnotes":""},"class_list":["post-30912","page","type-page","status-publish","hentry"],"aioseo_notices":[],"_links":{"self":[{"href":"https:\/\/www.czslc.sk\/index.php?rest_route=\/wp\/v2\/pages\/30912","targetHints":{"allow":["GET"]}}],"collection":[{"href":"https:\/\/www.czslc.sk\/index.php?rest_route=\/wp\/v2\/pages"}],"about":[{"href":"https:\/\/www.czslc.sk\/index.php?rest_route=\/wp\/v2\/types\/page"}],"author":[{"embeddable":true,"href":"https:\/\/www.czslc.sk\/index.php?rest_route=\/wp\/v2\/users\/1"}],"replies":[{"embeddable":true,"href":"https:\/\/www.czslc.sk\/index.php?rest_route=%2Fwp%2Fv2%2Fcomments&post=30912"}],"version-history":[{"count":13,"href":"https:\/\/www.czslc.sk\/index.php?rest_route=\/wp\/v2\/pages\/30912\/revisions"}],"predecessor-version":[{"id":32816,"href":"https:\/\/www.czslc.sk\/index.php?rest_route=\/wp\/v2\/pages\/30912\/revisions\/32816"}],"wp:attachment":[{"href":"https:\/\/www.czslc.sk\/index.php?rest_route=%2Fwp%2Fv2%2Fmedia&parent=30912"}],"curies":[{"name":"wp","href":"https:\/\/api.w.org\/{rel}","templated":true}]}}