{"id":30910,"date":"2024-02-25T09:39:52","date_gmt":"2024-02-25T07:39:52","guid":{"rendered":"https:\/\/www.czslc.sk\/?page_id=30910"},"modified":"2024-02-25T09:39:53","modified_gmt":"2024-02-25T07:39:53","slug":"januar-2024","status":"publish","type":"page","link":"https:\/\/www.czslc.sk\/?page_id=30910","title":{"rendered":"Janu\u00e1r 2024"},"content":{"rendered":"\n<table width=\"1216\">\n<tbody>\n<tr>\n<td width=\"84\">Por.\u010d\u00edslo fakt\u00fary<\/td>\n<td width=\"397\">Dod\u00e1vate\u013e:<\/td>\n<td width=\"90\">I\u010cO<\/td>\n<td width=\"107\">Fakt\u00fara \u010d\u00edslo<\/td>\n<td width=\"344\">Popis objednan\u00e9ho plnenia<\/td>\n<td width=\"90\">Suma v EUR<\/td>\n<td width=\"104\">D\u00e1tum doru\u010denia fakt\u00fary<\/td>\n<\/tr>\n<tr>\n<td>DF240001<\/td>\n<td>osobny\u00fadaj.sk, Ko\u0161ice, N\u00e1m. oslobodite\u013eov 3\/A, Ko\u0161ice<\/td>\n<td>50528041<\/td>\n<td>1024011004<\/td>\n<td>v\u00fdkon zodpovednej osoby za 01\/2024<\/td>\n<td>36,00 \u20ac<\/td>\n<td>5.1.2024<\/td>\n<\/tr>\n<tr>\n<td>DF240002<\/td>\n<td>ALLBOAEDS \u010cesko, s.r.o., 5.kv\u011btna 3318\/16, Jihlava<\/td>\n<td>5855772<\/td>\n<td>F\/2024\/1\/145<\/td>\n<td>magnetick\u00e1 tabu\u013ea<\/td>\n<td>98,00 \u20ac<\/td>\n<td>8.1.2024<\/td>\n<\/tr>\n<tr>\n<td>DF240003<\/td>\n<td>Internet Mall Slovakia, s.r.o., Prievozsk\u00e1 4D, Bratislava<\/td>\n<td>35950226<\/td>\n<td>5085583169<\/td>\n<td>hry a stavebnice \u0160KD<\/td>\n<td>240,16 \u20ac<\/td>\n<td>15.1.2024<\/td>\n<\/tr>\n<tr>\n<td>DF240004<\/td>\n<td>Soft-Tech, s.r.o., Breznica 288<\/td>\n<td>45917272<\/td>\n<td>202402266<\/td>\n<td>tonery<\/td>\n<td>28,00 \u20ac<\/td>\n<td>11.1.2024<\/td>\n<\/tr>\n<tr>\n<td>DF240005<\/td>\n<td>Jozef Krn\u00e1\u010d, Jasn\u00e1 14, Lu\u010denec<\/td>\n<td>32615981<\/td>\n<td>2\/2024<\/td>\n<td>kontrola kom\u00ednov a dymovodov<\/td>\n<td>90,00 \u20ac<\/td>\n<td>11.1.2024<\/td>\n<\/tr>\n<tr>\n<td>DF240006<\/td>\n<td>Detronics, s.r.o., Buzuluck\u00e1 3, Zvolen<\/td>\n<td>45318565<\/td>\n<td>240103395<\/td>\n<td>pau\u0161\u00e1lny poplatok FiberLine Office Pro za janu\u00e1r 2024<\/td>\n<td>42,00 \u20ac<\/td>\n<td>15.1.2024<\/td>\n<\/tr>\n<tr>\n<td>DF240007<\/td>\n<td>MB TECH BB, s.r.o., Priemyseln\u00e1 ulica 15449\/2, Bansk\u00e1 Bystrica<\/td>\n<td>36622524<\/td>\n<td>202419447<\/td>\n<td>PC &#8211; technika, projekt<\/td>\n<td>7 085,00 \u20ac<\/td>\n<td>23.1.2024<\/td>\n<\/tr>\n<tr>\n<td>DF240008<\/td>\n<td>SPP, a.s., Mlynsk\u00e9 nivy 44\/a, Bratislava<\/td>\n<td>35845256<\/td>\n<td>8640551323<\/td>\n<td>zemn\u00fd plyn 01\/2024<\/td>\n<td>1 415,00 \u20ac<\/td>\n<td>25.1.2024<\/td>\n<\/tr>\n<tr>\n<td>DF240009<\/td>\n<td>Slovensk\u00e1 po\u0161ta, a.s., Partiz\u00e1nska cesta \u010d. 9, Bansk\u00e1 Bystrica<\/td>\n<td>36631124<\/td>\n<td>9001665627<\/td>\n<td>tla\u010diarensk\u00e9 slu\u017eby<\/td>\n<td>12,59 \u20ac<\/td>\n<td>26.1.2024<\/td>\n<\/tr>\n<tr>\n<td>DF240010<\/td>\n<td>j2 studio, s.r.o., R\u00fabanisko III. 2914\/378, Lu\u010denec<\/td>\n<td>52092135<\/td>\n<td>202401006<\/td>\n<td>ve\u0161iaky<\/td>\n<td>730,00 \u20ac<\/td>\n<td>26.1.2024<\/td>\n<\/tr>\n<tr>\n<td>DF240011<\/td>\n<td>Internet Mall Slovakia, s.r.o., Prievozsk\u00e1 4D, Bratislava<\/td>\n<td>35950226<\/td>\n<td>8077569332<\/td>\n<td>teleskopick\u00fd rebr\u00edk<\/td>\n<td>135,50 \u20ac<\/td>\n<td>26.1.2024<\/td>\n<\/tr>\n<tr>\n<td>DF240012<\/td>\n<td>Roman Mesiarik &#8211; REVTECH, Horn\u00e9 H\u00e1mre 146<\/td>\n<td>40538664<\/td>\n<td>43\/2024<\/td>\n<td>odborn\u00e1 prehliadka \u0161portov\u00e9ho n\u00e1radia<\/td>\n<td>124,95 \u20ac<\/td>\n<td>30.1.2024<\/td>\n<\/tr>\n<tr>\n<td>DF240013<\/td>\n<td>Valman, s.r.o., Nov\u00fd Svet 27, Bansk\u00e1 Bystrica<\/td>\n<td>44473761<\/td>\n<td>24220011<\/td>\n<td>\u0161kolsk\u00e9 ovocie<\/td>\n<td>0,00 \u20ac<\/td>\n<td>30.1.2024<\/td>\n<\/tr>\n<tr>\n<td>DF240014<\/td>\n<td>S\u00fakromn\u00e1 Z\u0160 s M\u0160 DSA, N\u00e1mestie Kub\u00ednyiho 42\/6, Lu\u010denec<\/td>\n<td>35991607<\/td>\n<td>1\/11\/2024<\/td>\n<td>dodan\u00e1 strava 1\/2024<\/td>\n<td>4 944,30 \u20ac<\/td>\n<td>31.1.2024<\/td>\n<\/tr>\n<tr>\n<td>DF240015<\/td>\n<td>S\u00fakromn\u00e1 Z\u0160 s M\u0160 DSA, N\u00e1mestie Kub\u00ednyiho 42\/6, Lu\u010denec<\/td>\n<td>35991607<\/td>\n<td>R\u017dN 1\/1\/2024<\/td>\n<td>R\u017dN \u017eiaci 1\/2024<\/td>\n<td>851,60 \u20ac<\/td>\n<td>31.1.2024<\/td>\n<\/tr>\n<tr>\n<td>DF240016<\/td>\n<td>S\u00fakromn\u00e1 Z\u0160 s M\u0160 DSA, N\u00e1mestie Kub\u00ednyiho 42\/6, Lu\u010denec<\/td>\n<td>35991607<\/td>\n<td>2\/1\/2024<\/td>\n<td>R\u017dN zamestnanci 1\/2024<\/td>\n<td>356,40 \u20ac<\/td>\n<td>31.1.2024<\/td>\n<\/tr>\n<tr>\n<td>DF240017<\/td>\n<td>Krp\u010diar Pavel, T\u00f3tha 2990\/33, Lu\u010denec<\/td>\n<td>&nbsp;<\/td>\n<td>1\/1\/2024 PS<\/td>\n<td>prevoz stravy 1\/2024<\/td>\n<td>70,00 \u20ac<\/td>\n<td>31.1.2024<\/td>\n<\/tr>\n<tr>\n<td>DF240018<\/td>\n<td>ESV plus, s.r.o., Poto\u010dn\u00e1 145\/43, Lu\u010denec<\/td>\n<td>36642321<\/td>\n<td>15\/2024<\/td>\n<td>kancel\u00e1rske potreby<\/td>\n<td>30,70 \u20ac<\/td>\n<td>31.1.2024<\/td>\n<\/tr>\n<\/tbody>\n<\/table>\n","protected":false},"excerpt":{"rendered":"<p>Por.\u010d\u00edslo fakt\u00fary Dod\u00e1vate\u013e: I\u010cO Fakt\u00fara \u010d\u00edslo Popis objednan\u00e9ho plnenia Suma v EUR D\u00e1tum doru\u010denia fakt\u00fary DF240001 osobny\u00fadaj.sk, Ko\u0161ice, N\u00e1m. oslobodite\u013eov 3\/A, Ko\u0161ice 50528041 1024011004 v\u00fdkon zodpovednej osoby za 01\/2024 36,00 \u20ac 5.1.2024 DF240002 ALLBOAEDS \u010cesko, s.r.o., 5.kv\u011btna 3318\/16, Jihlava 5855772 F\/2024\/1\/145 magnetick\u00e1 tabu\u013ea 98,00 \u20ac 8.1.2024 DF240003 Internet Mall Slovakia, &hellip;<\/p>\n","protected":false},"author":1,"featured_media":0,"parent":0,"menu_order":0,"comment_status":"closed","ping_status":"closed","template":"","meta":{"ngg_post_thumbnail":0,"footnotes":""},"class_list":["post-30910","page","type-page","status-publish","hentry"],"aioseo_notices":[],"_links":{"self":[{"href":"https:\/\/www.czslc.sk\/index.php?rest_route=\/wp\/v2\/pages\/30910","targetHints":{"allow":["GET"]}}],"collection":[{"href":"https:\/\/www.czslc.sk\/index.php?rest_route=\/wp\/v2\/pages"}],"about":[{"href":"https:\/\/www.czslc.sk\/index.php?rest_route=\/wp\/v2\/types\/page"}],"author":[{"embeddable":true,"href":"https:\/\/www.czslc.sk\/index.php?rest_route=\/wp\/v2\/users\/1"}],"replies":[{"embeddable":true,"href":"https:\/\/www.czslc.sk\/index.php?rest_route=%2Fwp%2Fv2%2Fcomments&post=30910"}],"version-history":[{"count":1,"href":"https:\/\/www.czslc.sk\/index.php?rest_route=\/wp\/v2\/pages\/30910\/revisions"}],"predecessor-version":[{"id":30911,"href":"https:\/\/www.czslc.sk\/index.php?rest_route=\/wp\/v2\/pages\/30910\/revisions\/30911"}],"wp:attachment":[{"href":"https:\/\/www.czslc.sk\/index.php?rest_route=%2Fwp%2Fv2%2Fmedia&parent=30910"}],"curies":[{"name":"wp","href":"https:\/\/api.w.org\/{rel}","templated":true}]}}