{"id":30883,"date":"2024-02-14T17:07:03","date_gmt":"2024-02-14T15:07:03","guid":{"rendered":"https:\/\/www.czslc.sk\/?page_id=30883"},"modified":"2024-11-22T12:04:02","modified_gmt":"2024-11-22T10:04:02","slug":"2024-3","status":"publish","type":"page","link":"https:\/\/www.czslc.sk\/?page_id=30883","title":{"rendered":"2024"},"content":{"rendered":"\n<table style=\"width: 100%; height: 1120px;\" width=\"999\">\n<tbody>\n<tr style=\"height: 20px;\">\n<td style=\"height: 20px;\" width=\"421\">Dod\u00e1vate\u013e<\/td>\n<td style=\"height: 20px;\" width=\"113\">\u010c\u00edslo objedn\u00e1vky<\/td>\n<td style=\"height: 20px;\" width=\"190\">D\u00e1tum odoslania objedn\u00e1vky<\/td>\n<td style=\"height: 20px;\" width=\"275\">\u00da\u010del<\/td>\n<\/tr>\n<tr style=\"height: 20px;\">\n<td style=\"height: 20px;\">Jozef Krn\u00e1\u010d, Lu\u010denec, rev\u00edzny technik, Jasn\u00e1 14, Lu\u010denec<\/td>\n<td style=\"height: 20px;\">1\/2024<\/td>\n<td style=\"height: 20px;\">5.1.2024<\/td>\n<td style=\"height: 20px;\">pravideln\u00e1 rev\u00edzia&nbsp; &#8211; kom\u00edny<\/td>\n<\/tr>\n<tr style=\"height: 20px;\">\n<td style=\"height: 20px;\">Internet Mall Slovakia, s.r.o., Bratislava, Galvaniho 6<\/td>\n<td style=\"height: 20px;\">&nbsp;<\/td>\n<td style=\"height: 20px;\">10.1.2024<\/td>\n<td style=\"height: 20px;\">vybavenie \u0160KD<\/td>\n<\/tr>\n<tr style=\"height: 20px;\">\n<td style=\"height: 20px;\">Slovensk\u00e1 po\u0161ta, a.s., Bans\u00e1 Bystrica, Partiz\u00e1nska cesta 9<\/td>\n<td style=\"height: 20px;\">&nbsp;<\/td>\n<td style=\"height: 20px;\">16.1.2024<\/td>\n<td style=\"height: 20px;\">tla\u010div\u00e1&nbsp; &#8211;&nbsp; \u0161eky<\/td>\n<\/tr>\n<tr style=\"height: 20px;\">\n<td style=\"height: 20px;\">J+A, s.r.o., Zvolensk\u00e1 cesta 29, Vidin\u00e1<\/td>\n<td style=\"height: 20px;\">2\/2024<\/td>\n<td style=\"height: 20px;\">18.1.2024<\/td>\n<td style=\"height: 20px;\">pravideln\u00e1 rev\u00edzia &#8211; hydrant a has. Pr\u00edstroje<\/td>\n<\/tr>\n<tr style=\"height: 20px;\">\n<td style=\"height: 20px;\">Roman Mesiarik &#8211; REVTECH, Horn\u00e9 H\u00e1mre 146<\/td>\n<td style=\"height: 20px;\">3\/2024<\/td>\n<td style=\"height: 20px;\">18.1.2024<\/td>\n<td style=\"height: 20px;\">pravideln\u00e1 rev\u00edzia &#8211; \u0161portov\u00e9ho n\u00e1radia<\/td>\n<\/tr>\n<tr style=\"height: 20px;\">\n<td style=\"height: 20px;\">MB TECH BB, s.r.o., Bansk\u00e1 Bystrica, Priemyseln\u00e1 ul. 2<\/td>\n<td style=\"height: 20px;\">4\/2024<\/td>\n<td style=\"height: 20px;\">19.1.2024<\/td>\n<td style=\"height: 20px;\">PC vybavenie pre u\u010deb\u0148u informatiky<\/td>\n<\/tr>\n<tr style=\"height: 20px;\">\n<td style=\"height: 20px;\">Daffer, s.r.o., Prievidza, V\u010del\u00e1rska 1<\/td>\n<td style=\"height: 20px;\">5\/2024<\/td>\n<td style=\"height: 20px;\">19.1.2024<\/td>\n<td style=\"height: 20px;\">\u0161kolsk\u00e9 lavice a stoli\u010dky<\/td>\n<\/tr>\n<tr style=\"height: 20px;\">\n<td style=\"height: 20px;\">Internet Mall Slovakia s.r.o., Bratislava, Prievozsk\u00e1 4D<\/td>\n<td style=\"height: 20px;\">&nbsp;<\/td>\n<td style=\"height: 20px;\">25.1.2024<\/td>\n<td style=\"height: 20px;\">teleskopick\u00fd rebr\u00edk<\/td>\n<\/tr>\n<tr style=\"height: 20px;\">\n<td style=\"height: 20px;\">Sierra Enterprises, s.r.o., Lu\u010denec, Fi\u013eakovsk\u00e1 cesta 285<\/td>\n<td style=\"height: 20px;\">6\/2024<\/td>\n<td style=\"height: 20px;\">26.1.2024<\/td>\n<td style=\"height: 20px;\">\u010distenie kanaliz\u00e1cie<\/td>\n<\/tr>\n<tr style=\"height: 20px;\">\n<td style=\"height: 20px;\">J2 studio, s.r.o., R\u00fabanisko III\/378, Lu\u010denec<\/td>\n<td style=\"height: 20px;\">7\/2024<\/td>\n<td style=\"height: 20px;\">26.1.2024<\/td>\n<td style=\"height: 20px;\">v\u00fdroba ve\u0161iakov\u00e9ho panelu<\/td>\n<\/tr>\n<tr style=\"height: 20px;\">\n<td style=\"height: 20px;\">B2B Partner, s.r.o., \u0160ulekova 2, 811 06 Bratislava<\/td>\n<td style=\"height: 20px;\">&nbsp;<\/td>\n<td style=\"height: 20px;\">7.2.2024<\/td>\n<td style=\"height: 20px;\">vybavenie \u0161kolskej kuchyne<\/td>\n<\/tr>\n<tr style=\"height: 20px;\">\n<td style=\"height: 20px;\">MagicPrint, s.r.o., Bratislava, Rovniankova 15<\/td>\n<td style=\"height: 20px;\">8\/2024<\/td>\n<td style=\"height: 20px;\">8.2.2024<\/td>\n<td style=\"height: 20px;\">servis &#8211; multifunk\u010dn\u00e9 zariadenie Konica<\/td>\n<\/tr>\n<tr style=\"height: 20px;\">\n<td style=\"height: 20px;\">ProSchool, s.r.o., Kosor\u00edn 177<\/td>\n<td style=\"height: 20px;\">9\/2024<\/td>\n<td style=\"height: 20px;\">8.2.2024<\/td>\n<td style=\"height: 20px;\">aktualiza\u010dn\u00e9 vzdel\u00e1vanie<\/td>\n<\/tr>\n<tr style=\"height: 20px;\">\n<td style=\"height: 20px;\">SIGNAL-CODE, s.r.o., Lu\u010denec, Zvolensk\u00e1 cesta 31<\/td>\n<td style=\"height: 20px;\">10\/2024<\/td>\n<td style=\"height: 20px;\">15.2.2024<\/td>\n<td style=\"height: 20px;\">videovr\u00e1tnik s in\u0161tal\u00e1ciou<\/td>\n<\/tr>\n<tr style=\"height: 20px;\">\n<td style=\"height: 20px;\">Sierra Enterprises, s.r.o., Lu\u010denec, Fi\u013eakovsk\u00e1 cesta 285<\/td>\n<td style=\"height: 20px;\">11\/2024<\/td>\n<td style=\"height: 20px;\">19.2.2024<\/td>\n<td style=\"height: 20px;\">\u010distenie OTL<\/td>\n<\/tr>\n<tr style=\"height: 20px;\">\n<td style=\"height: 20px;\">Cora-gastro, s.r.o., Poprad, \u0160tef\u00e1nikova 74<\/td>\n<td style=\"height: 20px;\">&nbsp;<\/td>\n<td style=\"height: 20px;\">1.3.2024<\/td>\n<td style=\"height: 20px;\">gastrozariadenie do \u0161kolskej jed\u00e1lne<\/td>\n<\/tr>\n<tr style=\"height: 20px;\">\n<td style=\"height: 20px;\">Lidl, v.o.s., Bratislava, Ru\u017einovsk\u00e1 1\/E<\/td>\n<td style=\"height: 20px;\">12\/2024<\/td>\n<td style=\"height: 20px;\">11.3.2024<\/td>\n<td style=\"height: 20px;\">dar\u010dekov\u00e9 pouk\u00e1\u017eky<\/td>\n<\/tr>\n<tr style=\"height: 20px;\">\n<td style=\"height: 20px;\">Ledum Kamara SK, s.r.o., Bratislava, Z\u00e1mock\u00e1 30<\/td>\n<td style=\"height: 20px;\">&nbsp;<\/td>\n<td style=\"height: 20px;\">18.3.2024<\/td>\n<td style=\"height: 20px;\">toner OKI<\/td>\n<\/tr>\n<tr style=\"height: 20px;\">\n<td style=\"height: 20px;\">CDRmarket &#8211; Denis \u010ci\u0161\u00ed\u010d, \u010cR, Plze\u0148, Pap\u00edrnick\u00e1 4<\/td>\n<td style=\"height: 20px;\">&nbsp;<\/td>\n<td style=\"height: 20px;\">18.3.2024<\/td>\n<td style=\"height: 20px;\">multifunk\u010dn\u00e1 kop\u00edrka OKI<\/td>\n<\/tr>\n<tr style=\"height: 20px;\">\n<td style=\"height: 20px;\">Avalon IT, s.r.o., Ko\u0161ice, \u0160tudentsk\u00e1 16<\/td>\n<td style=\"height: 20px;\">13\/2024<\/td>\n<td style=\"height: 20px;\">22.3.2024<\/td>\n<td style=\"height: 20px;\">farebn\u00e1 kop\u00edrka + tonery<\/td>\n<\/tr>\n<tr style=\"height: 20px;\">\n<td style=\"height: 20px;\">NEMI Trade,s.r.o., \u0160upkova 43\/3 976 81 Podbrezov\u00e1<\/td>\n<td style=\"height: 20px;\">&nbsp;<\/td>\n<td style=\"height: 20px;\">22.3.2024<\/td>\n<td style=\"height: 20px;\">n\u00e1hradn\u00e9 hokejov\u00e9 sie\u0165ky 2 ks<\/td>\n<\/tr>\n<tr style=\"height: 20px;\">\n<td style=\"height: 20px;\">Fossil Energy &amp; Logistic s.r.o. , Bratislava<\/td>\n<td style=\"height: 20px;\">&nbsp;<\/td>\n<td style=\"height: 20px;\">22.3.2024<\/td>\n<td style=\"height: 20px;\">kancel\u00e1rske potreby<\/td>\n<\/tr>\n<tr style=\"height: 20px;\">\n<td style=\"height: 20px;\">Daffer, s.r.o., Prievidza, V\u010del\u00e1rska 1<\/td>\n<td style=\"height: 20px;\">14\/2024<\/td>\n<td style=\"height: 20px;\">26.3.2024<\/td>\n<td style=\"height: 20px;\">\u0161kolsk\u00fd n\u00e1bytok<\/td>\n<\/tr>\n<tr style=\"height: 20px;\">\n<td style=\"height: 20px;\">Hanko, s.r.o., Tren\u010d\u00edn, Hod\u017eova 65<\/td>\n<td style=\"height: 20px;\">15\/2024<\/td>\n<td style=\"height: 20px;\">26.3.2024<\/td>\n<td style=\"height: 20px;\">polepy na schody<\/td>\n<\/tr>\n<tr style=\"height: 20px;\">\n<td style=\"height: 20px;\">Gastrolux, s.r.o., \u017dilina, Byt\u010dick\u00e1 2<\/td>\n<td style=\"height: 20px;\">&nbsp;<\/td>\n<td style=\"height: 20px;\">8.4.2024<\/td>\n<td style=\"height: 20px;\">gastron\u00e1doba do kuchyne<\/td>\n<\/tr>\n<tr style=\"height: 20px;\">\n<td style=\"height: 20px;\">J2 studio, s.r.o., R\u00fabanisko III\/378, Lu\u010denec<\/td>\n<td style=\"height: 20px;\">16\/2024<\/td>\n<td style=\"height: 20px;\">11.4.2024<\/td>\n<td style=\"height: 20px;\">v\u00fdroba n\u00e1bytku na mieru<\/td>\n<\/tr>\n<tr style=\"height: 20px;\">\n<td style=\"height: 20px;\">Legnex Slovakia, s.r.o., Budim\u00edr 7<\/td>\n<td style=\"height: 20px;\">&nbsp;<\/td>\n<td style=\"height: 20px;\">9.5.2024<\/td>\n<td style=\"height: 20px;\">p\u00edlov\u00fd p\u00e1s 2 ks<\/td>\n<\/tr>\n<tr style=\"height: 20px;\">\n<td style=\"height: 20px;\">V\u0161etkopreparty, s.r.o., Borzago\u0161 1086\/63, 951 31 Mo\u010denok<\/td>\n<td style=\"height: 20px;\">&nbsp;<\/td>\n<td style=\"height: 20px;\">13.5.2024<\/td>\n<td style=\"height: 20px;\">cukor na cukrov\u00fa vatu<\/td>\n<\/tr>\n<tr style=\"height: 20px;\">\n<td style=\"height: 20px;\">STENEZI, s.r.o., Novohradsk\u00e1 14, Lu\u010denec<\/td>\n<td style=\"height: 20px;\">17\/2024<\/td>\n<td style=\"height: 20px;\">10.6.2024<\/td>\n<td style=\"height: 20px;\">okn\u00e1 na 1. stupe\u0148<\/td>\n<\/tr>\n<tr style=\"height: 20px;\">\n<td style=\"height: 20px;\">Tr\u00e1vi\u010dka, s.r.o., Pre\u0161ov, Jarkov\u00e1 14<\/td>\n<td style=\"height: 20px;\">18\/2024<\/td>\n<td style=\"height: 20px;\">21.6.2024<\/td>\n<td style=\"height: 20px;\">revitaliz\u00e1cia vonkaj\u0161ieho ihriska<\/td>\n<\/tr>\n<tr style=\"height: 20px;\">\n<td style=\"height: 20px;\">PLAST-MONT, s.r.o., Lu\u010denec, Pek\u00e1rensk\u00e1 2<\/td>\n<td style=\"height: 20px;\">19\/2024<\/td>\n<td style=\"height: 20px;\">24.6.2024<\/td>\n<td style=\"height: 20px;\">plisovan\u00e1 sie\u0165 biela<\/td>\n<\/tr>\n<tr style=\"height: 20px;\">\n<td style=\"height: 20px;\">Avalon IT, s.r.o., Ko\u0161ice, \u0160tudentsk\u00e1 16<\/td>\n<td style=\"height: 20px;\">20\/2024<\/td>\n<td style=\"height: 20px;\">25.6.2024<\/td>\n<td style=\"height: 20px;\">Monitory a ssd karty<\/td>\n<\/tr>\n<tr style=\"height: 20px;\">\n<td style=\"height: 20px;\">MERDOK, s.r.o., Vidin\u00e1, Exn\u00e1rova 1<\/td>\n<td style=\"height: 20px;\">21\/2024<\/td>\n<td style=\"height: 20px;\">23.7.2024<\/td>\n<td style=\"height: 20px;\">rev\u00edzia plynov\u00fdch telies<\/td>\n<\/tr>\n<tr style=\"height: 20px;\">\n<td style=\"height: 20px;\">J2 studio, s.r.o., R\u00fabanisko III\/378, Lu\u010denec<\/td>\n<td style=\"height: 20px;\">22\/2024<\/td>\n<td style=\"height: 20px;\">26.7.2024<\/td>\n<td style=\"height: 20px;\">n\u00e1bytok s mont\u00e1\u017eou<\/td>\n<\/tr>\n<tr style=\"height: 20px;\">\n<td style=\"height: 20px;\">J2 studio, s.r.o., R\u00fabanisko III\/378, Lu\u010denec<\/td>\n<td style=\"height: 20px;\">23\/2024<\/td>\n<td style=\"height: 20px;\">26.7.2024<\/td>\n<td style=\"height: 20px;\">interakt\u00edvny monitor<\/td>\n<\/tr>\n<tr style=\"height: 20px;\">\n<td style=\"height: 20px;\">Avalon IT, s.r.o., Ko\u0161ice, \u0160tudentsk\u00e1 16<\/td>\n<td style=\"height: 20px;\">24\/2024<\/td>\n<td style=\"height: 20px;\">26.7.2024<\/td>\n<td style=\"height: 20px;\">tabu\u013ea<\/td>\n<\/tr>\n<tr style=\"height: 20px;\">\n<td style=\"height: 20px;\">Kamil Kraj\u0148\u00e1k, rev\u00edzny technik<\/td>\n<td style=\"height: 20px;\">25\/2024<\/td>\n<td style=\"height: 20px;\">12.8.2024<\/td>\n<td style=\"height: 20px;\">rev\u00edzia bleskozvodov<\/td>\n<\/tr>\n<tr style=\"height: 20px;\">\n<td style=\"height: 20px;\">J2 studio, s.r.o., R\u00fabanisko III\/378, Lu\u010denec<\/td>\n<td style=\"height: 20px;\">26\/2024<\/td>\n<td style=\"height: 20px;\">26.8.2024<\/td>\n<td style=\"height: 20px;\">predelovac\u00ed panel do piso\u00e1ra<\/td>\n<\/tr>\n<tr style=\"height: 20px;\">\n<td style=\"height: 20px;\">SIGNAL-CODE, s.r.o., Lu\u010denec, Zvolensk\u00e1 cesta 31<\/td>\n<td style=\"height: 20px;\">27\/2024<\/td>\n<td style=\"height: 20px;\">28.8.2024<\/td>\n<td style=\"height: 20px;\">roz\u0161\u00edrenie siete &#8211; videovr\u00e1tnik<\/td>\n<\/tr>\n<tr style=\"height: 20px;\">\n<td style=\"height: 20px;\">STENEZI, s.r.o., Novohradsk\u00e1 14, Lu\u010denec<\/td>\n<td style=\"height: 20px;\">28\/2024<\/td>\n<td style=\"height: 20px;\">9.9.2024<\/td>\n<td style=\"height: 20px;\">oprava po\u0161koden\u00e9ho okna na telocvi\u010dni<\/td>\n<\/tr>\n<tr style=\"height: 20px;\">\n<td style=\"height: 20px;\">INSGRAF, s.r.o., Kr\u00e1\u013eovsk\u00e1 8\/824, 927 01 \u0160a\u013ea<\/td>\n<td style=\"height: 20px;\">&nbsp;<\/td>\n<td style=\"height: 20px;\">10.9.2024<\/td>\n<td style=\"height: 20px;\">\u0161tvorcov\u00e9 vank\u00fa\u0161e 10 ks<\/td>\n<\/tr>\n<tr style=\"height: 20px;\">\n<td style=\"height: 20px;\">Gatner Elektromarket s.r.o.<\/td>\n<td style=\"height: 20px;\">&nbsp;<\/td>\n<td style=\"height: 20px;\">12.9.2024<\/td>\n<td style=\"height: 20px;\">rohov\u00e9 metly teleskopick\u00e9<\/td>\n<\/tr>\n<tr style=\"height: 20px;\">\n<td style=\"height: 20px;\">Gastrolux, s.r.o., \u017dilina, Byt\u010dick\u00e1 2<\/td>\n<td style=\"height: 20px;\">&nbsp;<\/td>\n<td style=\"height: 20px;\">14.10.2024<\/td>\n<td style=\"height: 20px;\">gastron\u00e1doba do kuchyne<\/td>\n<\/tr>\n<tr style=\"height: 20px;\">\n<td style=\"height: 20px;\">PROMAN, s.r.o., Nov\u00e9 Mesto nad V\u00e1hom<\/td>\n<td style=\"height: 20px;\">29\/2024<\/td>\n<td style=\"height: 20px;\">24.10.2024<\/td>\n<td style=\"height: 20px;\">policov\u00fd reg\u00e1l&nbsp;<\/td>\n<\/tr>\n<tr style=\"height: 20px;\">\n<td style=\"height: 20px;\">Kamil Kraj\u0148\u00e1k, rev\u00edzny technik<\/td>\n<td style=\"height: 20px;\">30\/2024<\/td>\n<td style=\"height: 20px;\">30.10.2024<\/td>\n<td style=\"height: 20px;\">rev\u00edzia el. in\u0161tal\u00e1cie \u0161koly<\/td>\n<\/tr>\n<tr style=\"height: 20px;\">\n<td style=\"height: 20px;\">Kamil Kraj\u0148\u00e1k, rev\u00edzny technik<\/td>\n<td style=\"height: 20px;\">31\/2024<\/td>\n<td style=\"height: 20px;\">30.10.2024<\/td>\n<td style=\"height: 20px;\">rev\u00edzia prenosn\u00fdch el. spotrebi\u010dov<\/td>\n<\/tr>\n<tr style=\"height: 20px;\">\n<td style=\"height: 20px;\">M\u00e1ria &#8211; n\u00e1bo\u017eensk\u00e1 predaj\u0148a, Lu\u010denec, \u017delezni\u010dn\u00e1 8<\/td>\n<td style=\"height: 20px;\">32\/2024<\/td>\n<td style=\"height: 20px;\">4.11.2024<\/td>\n<td style=\"height: 20px;\">stolov\u00e9 kalend\u00e1re 2025<\/td>\n<\/tr>\n<tr style=\"height: 20px;\">\n<td style=\"height: 20px;\" width=\"421\">MOJE PAPIERNICTVO, Bratislava, Svornosti 43<\/td>\n<td style=\"height: 20px;\">&nbsp;<\/td>\n<td style=\"height: 20px;\">4.11.2024<\/td>\n<td style=\"height: 20px;\">sada popisova\u010dov na tabu\u013eu &#8211; plnite\u013en\u00e9<\/td>\n<\/tr>\n<tr style=\"height: 20px;\">\n<td style=\"height: 20px;\" width=\"421\">Sanitas &#8211; zdravotn\u00edcke potreby, s.r.o., Ko\u0161ice<\/td>\n<td style=\"height: 20px;\">&nbsp;<\/td>\n<td style=\"height: 20px;\">11.11.2024<\/td>\n<td style=\"height: 20px;\">laborat\u00f3rne teplomery<\/td>\n<\/tr>\n<tr style=\"height: 20px;\">\n<td style=\"height: 20px;\" width=\"421\">ALSKO, s.r.o., \u013d. Fullu 17, Tepli\u010dka nad V\u00e1hom<\/td>\n<td style=\"height: 20px;\">&nbsp;<\/td>\n<td style=\"height: 20px;\">11.11.2024<\/td>\n<td style=\"height: 20px;\">laborat\u00f3rna v\u00e1ha<\/td>\n<\/tr>\n<tr style=\"height: 20px;\">\n<td style=\"height: 20px;\" width=\"421\">Kvant, s.r.o., FMFI UK, Mlynsk\u00e1 Dolina, Bratislava<\/td>\n<td style=\"height: 20px;\">&nbsp;<\/td>\n<td style=\"height: 20px;\">11.11.2024<\/td>\n<td style=\"height: 20px;\">laborat\u00f3rne pom\u00f4cky<\/td>\n<\/tr>\n<tr style=\"height: 20px;\">\n<td style=\"height: 20px;\" width=\"421\">Hanko, s.r.o., Tren\u010d\u00edn, Hod\u017eova 65<\/td>\n<td style=\"height: 20px;\">33\/2024<\/td>\n<td style=\"height: 20px;\">18.11.2024<\/td>\n<td style=\"height: 20px;\">polepy na schody<\/td>\n<\/tr>\n<tr style=\"height: 20px;\">\n<td style=\"height: 20px;\" width=\"421\">Elarin, s.r.o., Trnkov 44<\/td>\n<td style=\"height: 20px;\">34\/2024<\/td>\n<td style=\"height: 20px;\">18.11.2024<\/td>\n<td style=\"height: 20px;\">polepy na schody<\/td>\n<\/tr>\n<tr style=\"height: 20px;\">\n<td style=\"height: 20px;\" width=\"421\">J2 studio, s.r.o., R\u00fabanisko III\/378, Lu\u010denec<\/td>\n<td style=\"height: 20px;\">35\/2024<\/td>\n<td style=\"height: 20px;\">20.11.2024<\/td>\n<td style=\"height: 20px;\">v\u00fdroba a mont\u00e1\u017e n\u00e1bytku<\/td>\n<\/tr>\n<tr style=\"height: 20px;\">\n<td style=\"height: 20px;\" width=\"421\">J2 studio, s.r.o., R\u00fabanisko III\/378, Lu\u010denec<\/td>\n<td style=\"height: 20px;\">36\/2024<\/td>\n<td style=\"height: 20px;\">20.11.2024<\/td>\n<td style=\"height: 20px;\">v\u00fdroba a mont\u00e1\u017e skri\u0148ovej zostavy<\/td>\n<\/tr>\n<\/tbody>\n<\/table>\n","protected":false},"excerpt":{"rendered":"<p>Dod\u00e1vate\u013e \u010c\u00edslo objedn\u00e1vky D\u00e1tum odoslania objedn\u00e1vky \u00da\u010del Jozef Krn\u00e1\u010d, Lu\u010denec, rev\u00edzny technik, Jasn\u00e1 14, Lu\u010denec 1\/2024 5.1.2024 pravideln\u00e1 rev\u00edzia&nbsp; &#8211; kom\u00edny Internet Mall Slovakia, s.r.o., Bratislava, Galvaniho 6 &nbsp; 10.1.2024 vybavenie \u0160KD Slovensk\u00e1 po\u0161ta, a.s., Bans\u00e1 Bystrica, Partiz\u00e1nska cesta 9 &nbsp; 16.1.2024 tla\u010div\u00e1&nbsp; &#8211;&nbsp; \u0161eky J+A, s.r.o., Zvolensk\u00e1 cesta 29, &hellip;<\/p>\n","protected":false},"author":1,"featured_media":0,"parent":0,"menu_order":0,"comment_status":"closed","ping_status":"closed","template":"","meta":{"ngg_post_thumbnail":0,"footnotes":""},"class_list":["post-30883","page","type-page","status-publish","hentry"],"aioseo_notices":[],"_links":{"self":[{"href":"https:\/\/www.czslc.sk\/index.php?rest_route=\/wp\/v2\/pages\/30883","targetHints":{"allow":["GET"]}}],"collection":[{"href":"https:\/\/www.czslc.sk\/index.php?rest_route=\/wp\/v2\/pages"}],"about":[{"href":"https:\/\/www.czslc.sk\/index.php?rest_route=\/wp\/v2\/types\/page"}],"author":[{"embeddable":true,"href":"https:\/\/www.czslc.sk\/index.php?rest_route=\/wp\/v2\/users\/1"}],"replies":[{"embeddable":true,"href":"https:\/\/www.czslc.sk\/index.php?rest_route=%2Fwp%2Fv2%2Fcomments&post=30883"}],"version-history":[{"count":12,"href":"https:\/\/www.czslc.sk\/index.php?rest_route=\/wp\/v2\/pages\/30883\/revisions"}],"predecessor-version":[{"id":32364,"href":"https:\/\/www.czslc.sk\/index.php?rest_route=\/wp\/v2\/pages\/30883\/revisions\/32364"}],"wp:attachment":[{"href":"https:\/\/www.czslc.sk\/index.php?rest_route=%2Fwp%2Fv2%2Fmedia&parent=30883"}],"curies":[{"name":"wp","href":"https:\/\/api.w.org\/{rel}","templated":true}]}}