{"id":30847,"date":"2024-01-27T10:09:16","date_gmt":"2024-01-27T08:09:16","guid":{"rendered":"https:\/\/www.czslc.sk\/?page_id=30847"},"modified":"2025-01-08T11:29:54","modified_gmt":"2025-01-08T09:29:54","slug":"2024-2","status":"publish","type":"page","link":"https:\/\/www.czslc.sk\/?page_id=30847","title":{"rendered":"2024"},"content":{"rendered":"\n<p><a href=\"https:\/\/www.czslc.sk\/?wpfb_dl=816\">Zmluva o dielo 2024<\/a><\/p>\n\n\n\n<p><a href=\"https:\/\/www.czslc.sk\/?wpfb_dl=815\">Dohoda o ukon\u010den\u00ed zmluvy o poskytovan\u00ed slu\u017eieb<\/a><\/p>\n\n\n\n<p><a href=\"https:\/\/www.czslc.sk\/?wpfb_dl=812\">Darovacia zmluva<\/a><\/p>\n\n\n\n<p><a href=\"https:\/\/www.czslc.sk\/?wpfb_dl=811\">N\u00e1vrh zmluvy &#8211; \u00farazov\u00e9 poistenie \u017eiakov<\/a><\/p>\n\n\n\n<p><a href=\"https:\/\/www.czslc.sk\/?wpfb_dl=810\">Zmluva o dod\u00e1vke stravy_DSA_ZC\u0160_20242025<\/a><\/p>\n\n\n\n<p><a href=\"https:\/\/www.czslc.sk\/?wpfb_dl=809\">Zmluva o prevoze stravy 2024 2025<\/a><\/p>\n\n\n\n<p><a href=\"https:\/\/www.czslc.sk\/?wpfb_dl=808\">Dodatok \u010d. 1 k Zmluve<\/a><\/p>\n\n\n\n<p><a href=\"https:\/\/www.czslc.sk\/?wpfb_dl=807\">Zamestn\u00e1vate\u013esk\u00e1 zmluva<\/a><\/p>\n\n\n\n<p><a href=\"https:\/\/www.czslc.sk\/?wpfb_dl=805\">K\u00fapna zmluva \u0161kolsk\u00fd program<\/a><\/p>\n\n\n\n<p><a href=\"https:\/\/www.czslc.sk\/?wpfb_dl=804\">Zmluva o zdru\u017eenej dod\u00e1vke plynu<\/a><\/p>\n\n\n\n<p><a href=\"https:\/\/www.czslc.sk\/?wpfb_dl=800\">Zmluva o zabezpe\u010den\u00ed v\u00fdkonu \u010dinnosti poradn\u00e9ho konzultanta<\/a><\/p>\n\n\n\n<p><a href=\"https:\/\/www.czslc.sk\/?wpfb_dl=793\">Zmluva o poskytovan\u00ed praktick\u00e9ho vyu\u010dovania<\/a><\/p>\n<p><a href=\"https:\/\/www.czslc.sk\/?wpfb_dl=794\">Zmluva o poskytovan\u00ed praktick\u00e9ho vyu\u010dovania \u010d.2<\/a><\/p>\n\n\n\n<p><a href=\"https:\/\/www.czslc.sk\/?wpfb_dl=791\">Darovacia zmluva &#8211; \u0160portov\u00e9 pom\u00f4cky<\/a><\/p>\n<p><a href=\"https:\/\/www.czslc.sk\/?wpfb_dl=788\">Zmluva o spolupr\u00e1ci pri realiz\u00e1cii verejnej zbierky<\/a><\/p>\n<p><a href=\"https:\/\/www.czslc.sk\/?wpfb_dl=787\">Zmluva o poskytovan\u00ed slu\u017eieb &#8211; Kosit West, s.r.o.<\/a><\/p>\n<p><a href=\"https:\/\/www.czslc.sk\/?wpfb_dl=782\">Dodatok \u010d. 1 k mand\u00e1tnej zmluve<\/a><\/p>\n<p><a href=\"https:\/\/www.czslc.sk\/?wpfb_dl=778\">Hromadn\u00e1 licen\u010dn\u00e1 zmluva<\/a><\/p>\n<p><a href=\"https:\/\/www.czslc.sk\/?wpfb_dl=773\">\u010ciastkov\u00e1 zmluva o zabezpe\u010den\u00ed slu\u017eieb<\/a><\/p>\n<p><a href=\"https:\/\/www.czslc.sk\/?wpfb_dl=772\">R\u00e1mcov\u00e1 zmluva o spolupr\u00e1ci \u010d. 24051<\/a><\/p>\n<p><a href=\"https:\/\/www.czslc.sk\/?wpfb_dl=817\">Zmluva 37894323<\/a><\/p>\n\n\n","protected":false},"excerpt":{"rendered":"<p>Zmluva o dielo 2024 Dohoda o ukon\u010den\u00ed zmluvy o poskytovan\u00ed slu\u017eieb Darovacia zmluva N\u00e1vrh zmluvy &#8211; \u00farazov\u00e9 poistenie \u017eiakov Zmluva o dod\u00e1vke stravy_DSA_ZC\u0160_20242025 Zmluva o prevoze stravy 2024 2025 Dodatok \u010d. 1 k Zmluve Zamestn\u00e1vate\u013esk\u00e1 zmluva K\u00fapna zmluva \u0161kolsk\u00fd program Zmluva o zdru\u017eenej dod\u00e1vke plynu Zmluva o zabezpe\u010den\u00ed v\u00fdkonu \u010dinnosti &hellip;<\/p>\n","protected":false},"author":1,"featured_media":0,"parent":0,"menu_order":0,"comment_status":"closed","ping_status":"closed","template":"","meta":{"ngg_post_thumbnail":0,"footnotes":""},"class_list":["post-30847","page","type-page","status-publish","hentry"],"aioseo_notices":[],"_links":{"self":[{"href":"https:\/\/www.czslc.sk\/index.php?rest_route=\/wp\/v2\/pages\/30847","targetHints":{"allow":["GET"]}}],"collection":[{"href":"https:\/\/www.czslc.sk\/index.php?rest_route=\/wp\/v2\/pages"}],"about":[{"href":"https:\/\/www.czslc.sk\/index.php?rest_route=\/wp\/v2\/types\/page"}],"author":[{"embeddable":true,"href":"https:\/\/www.czslc.sk\/index.php?rest_route=\/wp\/v2\/users\/1"}],"replies":[{"embeddable":true,"href":"https:\/\/www.czslc.sk\/index.php?rest_route=%2Fwp%2Fv2%2Fcomments&post=30847"}],"version-history":[{"count":18,"href":"https:\/\/www.czslc.sk\/index.php?rest_route=\/wp\/v2\/pages\/30847\/revisions"}],"predecessor-version":[{"id":32593,"href":"https:\/\/www.czslc.sk\/index.php?rest_route=\/wp\/v2\/pages\/30847\/revisions\/32593"}],"wp:attachment":[{"href":"https:\/\/www.czslc.sk\/index.php?rest_route=%2Fwp%2Fv2%2Fmedia&parent=30847"}],"curies":[{"name":"wp","href":"https:\/\/api.w.org\/{rel}","templated":true}]}}