{"id":30832,"date":"2024-01-12T16:17:30","date_gmt":"2024-01-12T14:17:30","guid":{"rendered":"https:\/\/www.czslc.sk\/?page_id=30832"},"modified":"2024-01-12T16:17:30","modified_gmt":"2024-01-12T14:17:30","slug":"december-2023","status":"publish","type":"page","link":"https:\/\/www.czslc.sk\/?page_id=30832","title":{"rendered":"December 2023"},"content":{"rendered":"\n<table style=\"width: 100%; height: 706px;\" width=\"1244\">\n<tbody>\n<tr style=\"height: 41px;\">\n<td style=\"height: 41px;\" width=\"103\">Por.\u010d\u00edslo fakt\u00fary<\/td>\n<td style=\"height: 41px;\" width=\"401\">Dod\u00e1vate\u013e:<\/td>\n<td style=\"height: 41px;\" width=\"63\">I\u010cO<\/td>\n<td style=\"height: 41px;\" width=\"114\">Fakt\u00fara \u010d\u00edslo<\/td>\n<td style=\"height: 41px;\" width=\"328\">Popis objednan\u00e9ho plnenia<\/td>\n<td style=\"height: 41px;\" width=\"78\">Suma v EUR<\/td>\n<td style=\"height: 41px;\" width=\"157\">D\u00e1tum doru\u010denia fakt\u00fary<\/td>\n<\/tr>\n<tr style=\"height: 20px;\">\n<td style=\"height: 20px;\">281<\/td>\n<td style=\"height: 20px;\">SIGNAL-CODE, s.r.o., Lu\u010denec, Zvolensk\u00e1 cesta 31<\/td>\n<td style=\"height: 20px;\">45697515<\/td>\n<td style=\"height: 20px;\">FV20230797<\/td>\n<td style=\"height: 20px;\">pau\u0161\u00e1lny poplatok&nbsp; 12\/2023<\/td>\n<td style=\"height: 20px;\">60,00 \u20ac<\/td>\n<td style=\"height: 20px;\">1.12.2023<\/td>\n<\/tr>\n<tr style=\"height: 41px;\">\n<td style=\"height: 41px;\">282<\/td>\n<td style=\"height: 41px;\">osobny\u00fadaj.sk, Ko\u0161ice, N\u00e1m. oslobodite\u013eov 3\/A, Ko\u0161ice<\/td>\n<td style=\"height: 41px;\">50528041<\/td>\n<td style=\"height: 41px;\">1023120978<\/td>\n<td style=\"height: 41px;\">pau\u0161\u00e1lny poplatok &#8211; v\u00fdkon zodpovednej osoby&nbsp; 1122023<\/td>\n<td style=\"height: 41px;\">36,00 \u20ac<\/td>\n<td style=\"height: 41px;\">1.12.2023<\/td>\n<\/tr>\n<tr style=\"height: 20px;\">\n<td style=\"height: 20px;\">283<\/td>\n<td style=\"height: 20px;\">Komensky, s.r.o., Ko\u0161ice, Park Ml\u00e1de\u017ee 1<\/td>\n<td style=\"height: 20px;\">43908977<\/td>\n<td style=\"height: 20px;\">202308654<\/td>\n<td style=\"height: 20px;\">Bez kriedy plus<\/td>\n<td style=\"height: 20px;\">60,00 \u20ac<\/td>\n<td style=\"height: 20px;\">1.12.2023<\/td>\n<\/tr>\n<tr style=\"height: 20px;\">\n<td style=\"height: 20px;\">284<\/td>\n<td style=\"height: 20px;\">Komensky, s.r.o., Ko\u0161ice, Park Ml\u00e1de\u017ee 1<\/td>\n<td style=\"height: 20px;\">43908977<\/td>\n<td style=\"height: 20px;\">202308654<\/td>\n<td style=\"height: 20px;\">Zborov\u0148a komplet<\/td>\n<td style=\"height: 20px;\">226,08 \u20ac<\/td>\n<td style=\"height: 20px;\">1.12.2023<\/td>\n<\/tr>\n<tr style=\"height: 41px;\">\n<td style=\"height: 41px;\">285<\/td>\n<td style=\"height: 41px;\">Mgr. Ladislav Turek &#8211; CENTRUM, Lu\u010denec, Vajansk\u00e9ho 10<\/td>\n<td style=\"height: 41px;\">43434576<\/td>\n<td style=\"height: 41px;\">20160633<\/td>\n<td style=\"height: 41px;\">kuchynsk\u00e9 potreby &#8211; skvalitnenie stolovania<\/td>\n<td style=\"height: 41px;\">67,92 \u20ac<\/td>\n<td style=\"height: 41px;\">5.12.2023<\/td>\n<\/tr>\n<tr style=\"height: 41px;\">\n<td style=\"height: 41px;\">286<\/td>\n<td style=\"height: 41px;\">Mgr. Ladislav Kanaba, ABT, TPO, Lu\u010denec, M. Malinovsk\u00e9ho&nbsp; 3<\/td>\n<td style=\"height: 41px;\">40616495<\/td>\n<td style=\"height: 41px;\">129\/2023<\/td>\n<td style=\"height: 41px;\">pr\u00e1ca technika BOZP a PO<\/td>\n<td style=\"height: 41px;\">80,00 \u20ac<\/td>\n<td style=\"height: 41px;\">6.12.2023<\/td>\n<\/tr>\n<tr style=\"height: 20px;\">\n<td style=\"height: 20px;\">287<\/td>\n<td style=\"height: 20px;\">GASTROLUX, s.r.o.,&nbsp; Byt\u010dick\u00e1 2, \u017dilina<\/td>\n<td style=\"height: 20px;\">36413186<\/td>\n<td style=\"height: 20px;\">ZF20230383<\/td>\n<td style=\"height: 20px;\">um\u00fdvacie prostriedky pre um\u00fdva\u010dku riadu<\/td>\n<td style=\"height: 20px;\">134,50 \u20ac<\/td>\n<td style=\"height: 20px;\">6.12.2023<\/td>\n<\/tr>\n<tr style=\"height: 20px;\">\n<td style=\"height: 20px;\">288<\/td>\n<td style=\"height: 20px;\">MERKURYSHOP, s.r.o., Pre\u0161ov, Duklianska 11<\/td>\n<td style=\"height: 20px;\">51231735<\/td>\n<td style=\"height: 20px;\">40ES\/247\/11\/2023<\/td>\n<td style=\"height: 20px;\">stoli\u010dky do \u0161k. jed\u00e1lne<\/td>\n<td style=\"height: 20px;\">519,49 \u20ac<\/td>\n<td style=\"height: 20px;\">6.12.2023<\/td>\n<\/tr>\n<tr style=\"height: 20px;\">\n<td style=\"height: 20px;\">289<\/td>\n<td style=\"height: 20px;\">VSE, a.s., Ko\u0161ice, Mlynsk\u00e1 31<\/td>\n<td style=\"height: 20px;\">44483767<\/td>\n<td style=\"height: 20px;\">7292962593<\/td>\n<td style=\"height: 20px;\">elektrina 10\/2023<\/td>\n<td style=\"height: 20px;\">601,28 \u20ac<\/td>\n<td style=\"height: 20px;\">7.12.2023<\/td>\n<\/tr>\n<tr style=\"height: 20px;\">\n<td style=\"height: 20px;\">290<\/td>\n<td style=\"height: 20px;\">VSE, a.s., Ko\u0161ice, Mlynsk\u00e1 31<\/td>\n<td style=\"height: 20px;\">44483767<\/td>\n<td style=\"height: 20px;\">4480835994<\/td>\n<td style=\"height: 20px;\">plyn 12\/2023<\/td>\n<td style=\"height: 20px;\">2 985,10 \u20ac<\/td>\n<td style=\"height: 20px;\">7.12.2023<\/td>\n<\/tr>\n<tr style=\"height: 41px;\">\n<td style=\"height: 41px;\">291<\/td>\n<td style=\"height: 41px;\">Detronics, s.r.o., Zvolen, Buzuluck\u00e1 3<\/td>\n<td style=\"height: 41px;\">45318565<\/td>\n<td style=\"height: 41px;\">230146031<\/td>\n<td style=\"height: 41px;\">pau\u0161\u00e1lny poplatok FiberLine Pro&nbsp; za mesiac 12\/2023<\/td>\n<td style=\"height: 41px;\">42,00 \u20ac<\/td>\n<td style=\"height: 41px;\">7.12.2023<\/td>\n<\/tr>\n<tr style=\"height: 20px;\">\n<td style=\"height: 20px;\">292<\/td>\n<td style=\"height: 20px;\">MERDOK, s.r.o., Vidin\u00e1, Exn\u00e1rova 1<\/td>\n<td style=\"height: 20px;\">47356707<\/td>\n<td style=\"height: 20px;\">6122023<\/td>\n<td style=\"height: 20px;\">oprava gamatky<\/td>\n<td style=\"height: 20px;\">72,00 \u20ac<\/td>\n<td style=\"height: 20px;\">8.12.2023<\/td>\n<\/tr>\n<tr style=\"height: 20px;\">\n<td style=\"height: 20px;\">293<\/td>\n<td style=\"height: 20px;\">RETRO LC, s.r.o., Lu\u010denec, Podjavorinskej 21<\/td>\n<td style=\"height: 20px;\">45512205<\/td>\n<td style=\"height: 20px;\">23250765<\/td>\n<td style=\"height: 20px;\">kuchynsk\u00e9 postreby&nbsp;<\/td>\n<td style=\"height: 20px;\">471,99 \u20ac<\/td>\n<td style=\"height: 20px;\">11.12.2023<\/td>\n<\/tr>\n<tr style=\"height: 20px;\">\n<td style=\"height: 20px;\">294<\/td>\n<td style=\"height: 20px;\">Valman, s.r.o., Bansk\u00e1 Bystrica, Nov\u00fd svet 27<\/td>\n<td style=\"height: 20px;\">44473761<\/td>\n<td style=\"height: 20px;\">23222073<\/td>\n<td style=\"height: 20px;\">\u0161kolsk\u00e9 ovocie<\/td>\n<td style=\"height: 20px;\">0,00 \u20ac<\/td>\n<td style=\"height: 20px;\">11.12.2023<\/td>\n<\/tr>\n<tr style=\"height: 20px;\">\n<td style=\"height: 20px;\">295<\/td>\n<td style=\"height: 20px;\">VSE, a.s., Ko\u0161ice, Mlynsk\u00e1 31<\/td>\n<td style=\"height: 20px;\">44483767<\/td>\n<td style=\"height: 20px;\">7293851221<\/td>\n<td style=\"height: 20px;\">elektrina 11\/2023<\/td>\n<td style=\"height: 20px;\">753,46 \u20ac<\/td>\n<td style=\"height: 20px;\">12.12.2023<\/td>\n<\/tr>\n<tr style=\"height: 20px;\">\n<td style=\"height: 20px;\">296<\/td>\n<td style=\"height: 20px;\">O2 Slovakia, s.r.o., Bratislava, Einsteinova 24<\/td>\n<td style=\"height: 20px;\">35848863<\/td>\n<td style=\"height: 20px;\">1521442231<\/td>\n<td style=\"height: 20px;\">telekomunika\u010dn\u00e9 slu\u017eby&nbsp;<\/td>\n<td style=\"height: 20px;\">62,00 \u20ac<\/td>\n<td style=\"height: 20px;\">12.12.2023<\/td>\n<\/tr>\n<tr style=\"height: 20px;\">\n<td style=\"height: 20px;\">297<\/td>\n<td style=\"height: 20px;\">INTA, s.r.o.,&nbsp; Tren\u010d\u00edn, Ryb\u00e1rska 18<\/td>\n<td style=\"height: 20px;\">34129863<\/td>\n<td style=\"height: 20px;\">ODBRO23110844<\/td>\n<td style=\"height: 20px;\">odber kuchynsk\u00e9ho odberu<\/td>\n<td style=\"height: 20px;\">30,00 \u20ac<\/td>\n<td style=\"height: 20px;\">12.12.2023<\/td>\n<\/tr>\n<tr style=\"height: 20px;\">\n<td style=\"height: 20px;\">298<\/td>\n<td style=\"height: 20px;\">GASTRO-HAAL, s.r.o., Nov\u00e9 Z\u00e1mky, Pova\u017esk\u00e1 16<\/td>\n<td style=\"height: 20px;\">31435076<\/td>\n<td style=\"height: 20px;\">VF231850<\/td>\n<td style=\"height: 20px;\">pek\u00e1\u010d 1 ks<\/td>\n<td style=\"height: 20px;\">62,40 \u20ac<\/td>\n<td style=\"height: 20px;\">13.12.2023<\/td>\n<\/tr>\n<tr style=\"height: 20px;\">\n<td style=\"height: 20px;\">299<\/td>\n<td style=\"height: 20px;\">ESV plus, s.r.o., Lu\u010denec, Poto\u010dn\u00e1 145\/43<\/td>\n<td style=\"height: 20px;\">36642321<\/td>\n<td style=\"height: 20px;\">378\/2023<\/td>\n<td style=\"height: 20px;\">\u0160KD potreby<\/td>\n<td style=\"height: 20px;\">799,00 \u20ac<\/td>\n<td style=\"height: 20px;\">18.12.2023<\/td>\n<\/tr>\n<tr style=\"height: 41px;\">\n<td style=\"height: 41px;\">300<\/td>\n<td style=\"height: 41px;\">UNISTAV Group, s.r.o., Kuku\u010d\u00ednova 22, Bansk\u00e1 Bystrica<\/td>\n<td style=\"height: 41px;\">54155631<\/td>\n<td style=\"height: 41px;\">23VF00024<\/td>\n<td style=\"height: 41px;\">za vyhotovenie PD na akciu &#8211; rekon\u0161trukcia budovy<\/td>\n<td style=\"height: 41px;\">18 000,00 \u20ac<\/td>\n<td style=\"height: 41px;\">20.12.2023<\/td>\n<\/tr>\n<tr style=\"height: 20px;\">\n<td style=\"height: 20px;\">301<\/td>\n<td style=\"height: 20px;\">UNISTAV Group, s.r.o., Kuku\u010d\u00ednova 22, Bansk\u00e1 Bystrica<\/td>\n<td style=\"height: 20px;\">54155631<\/td>\n<td style=\"height: 20px;\">23DP00001<\/td>\n<td style=\"height: 20px;\">zo z\u00e1kazdy PD na akciu &#8211; rekon\u0161trukcia budovy<\/td>\n<td style=\"height: 20px;\">7 000,00 \u20ac<\/td>\n<td style=\"height: 20px;\">20.12.2023<\/td>\n<\/tr>\n<tr style=\"height: 20px;\">\n<td style=\"height: 20px;\">302<\/td>\n<td style=\"height: 20px;\">SPOOL, a.s., Lu\u010denec, Dr. Herza 23<\/td>\n<td style=\"height: 20px;\">31586392<\/td>\n<td style=\"height: 20px;\">920230637<\/td>\n<td style=\"height: 20px;\">u\u017e\u00edvanie \u0161portovej haly Ar\u00e9na<\/td>\n<td style=\"height: 20px;\">60<\/td>\n<td style=\"height: 20px;\">20.12.2023<\/td>\n<\/tr>\n<tr style=\"height: 20px;\">\n<td style=\"height: 20px;\">303<\/td>\n<td style=\"height: 20px;\">SZ\u0160 s M\u0160 DSA, Lu\u010denec, Kub\u00ednyiho 6<\/td>\n<td style=\"height: 20px;\">35991607<\/td>\n<td style=\"height: 20px;\">1\/12\/2023<\/td>\n<td style=\"height: 20px;\">Strava 12\/2023<\/td>\n<td style=\"height: 20px;\">4 369,70 \u20ac<\/td>\n<td style=\"height: 20px;\">21.12.2023<\/td>\n<\/tr>\n<tr style=\"height: 20px;\">\n<td style=\"height: 20px;\">304<\/td>\n<td style=\"height: 20px;\">SZ\u0160 s M\u0160 DSA, Lu\u010denec, Kub\u00ednyiho 6<\/td>\n<td style=\"height: 20px;\">35991607<\/td>\n<td style=\"height: 20px;\">RN\u017d 2\/12\/2023<\/td>\n<td style=\"height: 20px;\">RN\u017d \u017eiaci 12\/2023<\/td>\n<td style=\"height: 20px;\">690,00 \u20ac<\/td>\n<td style=\"height: 20px;\">21.12.2023<\/td>\n<\/tr>\n<tr style=\"height: 20px;\">\n<td style=\"height: 20px;\">305<\/td>\n<td style=\"height: 20px;\">SZ\u0160 s M\u0160 DSA, Lu\u010denec, Kub\u00ednyiho 6<\/td>\n<td style=\"height: 20px;\">35991607<\/td>\n<td style=\"height: 20px;\">2\/12\/2023<\/td>\n<td style=\"height: 20px;\">RN\u017d zamestnanci 12\/2023<\/td>\n<td style=\"height: 20px;\">309,60 \u20ac<\/td>\n<td style=\"height: 20px;\">21.12.2023<\/td>\n<\/tr>\n<tr style=\"height: 20px;\">\n<td style=\"height: 20px;\">306<\/td>\n<td style=\"height: 20px;\">Krp\u010diar Pavel, Lu\u010denec, P. T\u00f3tha 33<\/td>\n<td style=\"height: 20px;\">&nbsp;<\/td>\n<td style=\"height: 20px;\">1\/12\/2023 PS<\/td>\n<td style=\"height: 20px;\">preprava stravy za 12\/2023<\/td>\n<td style=\"height: 20px;\">70,00 \u20ac<\/td>\n<td style=\"height: 20px;\">21.12.2023<\/td>\n<\/tr>\n<tr style=\"height: 20px;\">\n<td style=\"height: 20px;\">307<\/td>\n<td style=\"height: 20px;\">ESV plus, s.r.o., Lu\u010denec, Poto\u010dn\u00e1 145\/43<\/td>\n<td style=\"height: 20px;\">36642321<\/td>\n<td style=\"height: 20px;\">388\/2023<\/td>\n<td style=\"height: 20px;\">kancel\u00e1rske potreby<\/td>\n<td style=\"height: 20px;\">58,15 \u20ac<\/td>\n<td style=\"height: 20px;\">22.12.2023<\/td>\n<\/tr>\n<tr style=\"height: 20px;\">\n<td style=\"height: 20px;\">308<\/td>\n<td style=\"height: 20px;\">Peter Kovan, s.r.o., Div\u00edn, Moyzesova 4<\/td>\n<td style=\"height: 20px;\">50839098<\/td>\n<td style=\"height: 20px;\">20220171<\/td>\n<td style=\"height: 20px;\">viano\u010dn\u00e9 posedenie<\/td>\n<td style=\"height: 20px;\">644,20 \u20ac<\/td>\n<td style=\"height: 20px;\">22.12.2023<\/td>\n<\/tr>\n<\/tbody>\n<\/table>\n\n\n\n\n","protected":false},"excerpt":{"rendered":"<p>Por.\u010d\u00edslo fakt\u00fary Dod\u00e1vate\u013e: I\u010cO Fakt\u00fara \u010d\u00edslo Popis objednan\u00e9ho plnenia Suma v EUR D\u00e1tum doru\u010denia fakt\u00fary 281 SIGNAL-CODE, s.r.o., Lu\u010denec, Zvolensk\u00e1 cesta 31 45697515 FV20230797 pau\u0161\u00e1lny poplatok&nbsp; 12\/2023 60,00 \u20ac 1.12.2023 282 osobny\u00fadaj.sk, Ko\u0161ice, N\u00e1m. oslobodite\u013eov 3\/A, Ko\u0161ice 50528041 1023120978 pau\u0161\u00e1lny poplatok &#8211; v\u00fdkon zodpovednej osoby&nbsp; 1122023 36,00 \u20ac 1.12.2023 283 &hellip;<\/p>\n","protected":false},"author":1,"featured_media":0,"parent":0,"menu_order":0,"comment_status":"closed","ping_status":"closed","template":"","meta":{"ngg_post_thumbnail":0,"footnotes":""},"class_list":["post-30832","page","type-page","status-publish","hentry"],"aioseo_notices":[],"_links":{"self":[{"href":"https:\/\/www.czslc.sk\/index.php?rest_route=\/wp\/v2\/pages\/30832","targetHints":{"allow":["GET"]}}],"collection":[{"href":"https:\/\/www.czslc.sk\/index.php?rest_route=\/wp\/v2\/pages"}],"about":[{"href":"https:\/\/www.czslc.sk\/index.php?rest_route=\/wp\/v2\/types\/page"}],"author":[{"embeddable":true,"href":"https:\/\/www.czslc.sk\/index.php?rest_route=\/wp\/v2\/users\/1"}],"replies":[{"embeddable":true,"href":"https:\/\/www.czslc.sk\/index.php?rest_route=%2Fwp%2Fv2%2Fcomments&post=30832"}],"version-history":[{"count":1,"href":"https:\/\/www.czslc.sk\/index.php?rest_route=\/wp\/v2\/pages\/30832\/revisions"}],"predecessor-version":[{"id":30833,"href":"https:\/\/www.czslc.sk\/index.php?rest_route=\/wp\/v2\/pages\/30832\/revisions\/30833"}],"wp:attachment":[{"href":"https:\/\/www.czslc.sk\/index.php?rest_route=%2Fwp%2Fv2%2Fmedia&parent=30832"}],"curies":[{"name":"wp","href":"https:\/\/api.w.org\/{rel}","templated":true}]}}