{"id":30800,"date":"2023-12-23T20:15:25","date_gmt":"2023-12-23T18:15:25","guid":{"rendered":"https:\/\/www.czslc.sk\/?page_id=30800"},"modified":"2024-01-12T16:23:18","modified_gmt":"2024-01-12T14:23:18","slug":"2023-3","status":"publish","type":"page","link":"https:\/\/www.czslc.sk\/?page_id=30800","title":{"rendered":"2023"},"content":{"rendered":"\n<p><a href=\"https:\/\/www.czslc.sk\/?wpfb_dl=768\">Dodatok k obchodno-servisnej zmluve &#8211; SIGNAL CODE<\/a><\/p>\n<p><a href=\"https:\/\/www.czslc.sk\/?wpfb_dl=767\">Poistn\u00e1 zmluva &#8211; poistenie majetku podnikate\u013esk\u00fdch subjektov<\/a><\/p>\n<p><a href=\"https:\/\/www.czslc.sk\/?wpfb_dl=766\">Darovacia zmluva na fin. hotovos\u0165&nbsp;<\/a><\/p>\n<p><a href=\"https:\/\/www.czslc.sk\/?wpfb_dl=764\">Zmluva o poskytnut\u00ed fin. prostriedkov<\/a><\/p>\n","protected":false},"excerpt":{"rendered":"<p>Dodatok k obchodno-servisnej zmluve &#8211; SIGNAL CODE Poistn\u00e1 zmluva &#8211; poistenie majetku podnikate\u013esk\u00fdch subjektov Darovacia zmluva na fin. hotovos\u0165&nbsp; Zmluva o poskytnut\u00ed fin. prostriedkov<\/p>\n","protected":false},"author":1,"featured_media":0,"parent":0,"menu_order":0,"comment_status":"closed","ping_status":"closed","template":"","meta":{"ngg_post_thumbnail":0,"footnotes":""},"class_list":["post-30800","page","type-page","status-publish","hentry"],"aioseo_notices":[],"_links":{"self":[{"href":"https:\/\/www.czslc.sk\/index.php?rest_route=\/wp\/v2\/pages\/30800","targetHints":{"allow":["GET"]}}],"collection":[{"href":"https:\/\/www.czslc.sk\/index.php?rest_route=\/wp\/v2\/pages"}],"about":[{"href":"https:\/\/www.czslc.sk\/index.php?rest_route=\/wp\/v2\/types\/page"}],"author":[{"embeddable":true,"href":"https:\/\/www.czslc.sk\/index.php?rest_route=\/wp\/v2\/users\/1"}],"replies":[{"embeddable":true,"href":"https:\/\/www.czslc.sk\/index.php?rest_route=%2Fwp%2Fv2%2Fcomments&post=30800"}],"version-history":[{"count":5,"href":"https:\/\/www.czslc.sk\/index.php?rest_route=\/wp\/v2\/pages\/30800\/revisions"}],"predecessor-version":[{"id":30837,"href":"https:\/\/www.czslc.sk\/index.php?rest_route=\/wp\/v2\/pages\/30800\/revisions\/30837"}],"wp:attachment":[{"href":"https:\/\/www.czslc.sk\/index.php?rest_route=%2Fwp%2Fv2%2Fmedia&parent=30800"}],"curies":[{"name":"wp","href":"https:\/\/api.w.org\/{rel}","templated":true}]}}