{"id":30134,"date":"2023-09-14T17:05:36","date_gmt":"2023-09-14T15:05:36","guid":{"rendered":"https:\/\/www.czslc.sk\/?page_id=30134"},"modified":"2023-09-14T17:05:36","modified_gmt":"2023-09-14T15:05:36","slug":"august-2023","status":"publish","type":"page","link":"https:\/\/www.czslc.sk\/?page_id=30134","title":{"rendered":"August 2023"},"content":{"rendered":"\n<table width=\"1214\">\n<tbody>\n<tr>\n<td width=\"111\">Por.\u010d\u00edslo fakt\u00fary<\/td>\n<td width=\"406\">Dod\u00e1vate\u013e:<\/td>\n<td width=\"73\">I\u010cO<\/td>\n<td width=\"110\">Fakt\u00fara \u010d\u00edslo<\/td>\n<td width=\"338\">Popis objednan\u00e9ho plnenia<\/td>\n<td width=\"80\">Suma v EUR<\/td>\n<td width=\"96\">D\u00e1tum doru\u010denia fakt\u00fary<\/td>\n<\/tr>\n<tr>\n<td>173<\/td>\n<td>osobny\u00fadaj.sk, Ko\u0161ice, N\u00e1m. oslobodite\u013eov 3\/A, Ko\u0161ice<\/td>\n<td>50528041<\/td>\n<td>1023081010<\/td>\n<td>pau\u0161\u00e1lny poplatok &#8211; v\u00fdkon zodpovednej osoby&nbsp; 08\/2023<\/td>\n<td>36,00 \u20ac<\/td>\n<td>2.8.2023<\/td>\n<\/tr>\n<tr>\n<td>174<\/td>\n<td>Mgr. Ladislav Kanaba, ABT, TPO, Lu\u010denec, M. Malinovsk\u00e9ho&nbsp; 3<\/td>\n<td>40616495<\/td>\n<td>84\/2023<\/td>\n<td>pr\u00e1ca technika BOZP a PO<\/td>\n<td>80,00 \u20ac<\/td>\n<td>2.8.2023<\/td>\n<\/tr>\n<tr>\n<td>175<\/td>\n<td>SIGNAL-CODE, s.r.o., Lu\u010denec, Zvolensk\u00e1 cesta 31<\/td>\n<td>45697515<\/td>\n<td>FV20230507<\/td>\n<td>pau\u0161\u00e1lny poplatok&nbsp; 08\/2023<\/td>\n<td>60,00 \u20ac<\/td>\n<td>2.8.2023<\/td>\n<\/tr>\n<tr>\n<td>176<\/td>\n<td>WEBGLOBE, a.s., Bratislava, Star\u00e1 Prievozsk\u00e1 1349\/2<\/td>\n<td>52486567<\/td>\n<td>ZF<\/td>\n<td>poplatok za dom\u00e9nu czslc.sk<\/td>\n<td>15,54 \u20ac<\/td>\n<td>3.8.2023<\/td>\n<\/tr>\n<tr>\n<td>177<\/td>\n<td>VSE, a.s., Ko\u0161ice, Mlynsk\u00e1 31<\/td>\n<td>44483767<\/td>\n<td>7295051757<\/td>\n<td>elektrina 06\/2023<\/td>\n<td>240,50 \u20ac<\/td>\n<td>3.8.2023<\/td>\n<\/tr>\n<tr>\n<td>178<\/td>\n<td>VSE, a.s., Ko\u0161ice, Mlynsk\u00e1 31<\/td>\n<td>44483767<\/td>\n<td>7292248387<\/td>\n<td>elektrina 06\/2023<\/td>\n<td>260,03 \u20ac<\/td>\n<td>3.8.2023<\/td>\n<\/tr>\n<tr>\n<td>179<\/td>\n<td>Detronics, s.r.o., Zvolen, Buzuluck\u00e1 3<\/td>\n<td>45318565<\/td>\n<td>230130502<\/td>\n<td>pau\u0161\u00e1lny poplatok FiberLine Pro&nbsp; za mesiac 8\/2023<\/td>\n<td>42,00 \u20ac<\/td>\n<td>4.8.2023<\/td>\n<\/tr>\n<tr>\n<td>180<\/td>\n<td>Slovak Telekom, a.s., Bratislava, Bajkalsk\u00e1 28<\/td>\n<td>35763469<\/td>\n<td>8332510188<\/td>\n<td>telekomunicka\u010dn\u00e9 slu\u017eby&nbsp;&nbsp;<\/td>\n<td>40,00 \u20ac<\/td>\n<td>4.8.2023<\/td>\n<\/tr>\n<tr>\n<td>181<\/td>\n<td>Smartim, s.r.o., Lu\u010denec, Ulica Dr. Vodu 395\/20<\/td>\n<td>47082658<\/td>\n<td>20230040<\/td>\n<td>projektov\u00e1 dokument\u00e1cia<\/td>\n<td>780,00 \u20ac<\/td>\n<td>7.8.2023<\/td>\n<\/tr>\n<tr>\n<td>182<\/td>\n<td>VSE, a.s., Ko\u0161ice, Mlynsk\u00e1 31<\/td>\n<td>44483767<\/td>\n<td>4447266181<\/td>\n<td>zemn\u00fd plyn 08\/2023<\/td>\n<td>2 985,10 \u20ac<\/td>\n<td>8.8.2023<\/td>\n<\/tr>\n<tr>\n<td>183<\/td>\n<td>VSE, a.s., Ko\u0161ice, Mlynsk\u00e1 31<\/td>\n<td>44483767<\/td>\n<td>7292858766<\/td>\n<td>elektrina 07\/2023<\/td>\n<td>249,90 \u20ac<\/td>\n<td>11.8.2023<\/td>\n<\/tr>\n<tr>\n<td>184<\/td>\n<td>O2 Slovakia, s.r.o., Bratislava, Einsteinova 24<\/td>\n<td>35848863<\/td>\n<td>1511343365<\/td>\n<td>telekomunika\u010dn\u00e9 slu\u017eby&nbsp;<\/td>\n<td>60,00 \u20ac<\/td>\n<td>11.8.2023<\/td>\n<\/tr>\n<tr>\n<td>185<\/td>\n<td>GUMEX SK, s.r.o., Bratislava, Star\u00e1 Ivansk\u00e1 cesta 1E<\/td>\n<td>36366811<\/td>\n<td>810303991<\/td>\n<td>PE dosky 10 ks<\/td>\n<td>1 066,02 \u20ac<\/td>\n<td>24.8.2023<\/td>\n<\/tr>\n<tr>\n<td>186<\/td>\n<td>GUMEX SK, s.r.o., Bratislava, Star\u00e1 Ivansk\u00e1 cesta 1E<\/td>\n<td>36366811<\/td>\n<td>810303994<\/td>\n<td>PE dosky 13 ks<\/td>\n<td>1 172,50 \u20ac<\/td>\n<td>24.8.2023<\/td>\n<\/tr>\n<tr>\n<td>187<\/td>\n<td>StVPS, a.s., Bansk\u00e1 Bystrica, Partiz\u00e1nska cesta 5<\/td>\n<td>36644030<\/td>\n<td>2231198834<\/td>\n<td>vodn\u00e9 a sto\u010dn\u00e9&nbsp;<\/td>\n<td>7,32 \u20ac<\/td>\n<td>24.8.2023<\/td>\n<\/tr>\n<tr>\n<td>188<\/td>\n<td>StVPS, a.s., Bansk\u00e1 Bystrica, Partiz\u00e1nska cesta 5<\/td>\n<td>36644030<\/td>\n<td>2231198835<\/td>\n<td>vodn\u00e9 a sto\u010dn\u00e9&nbsp;<\/td>\n<td>719,63 \u20ac<\/td>\n<td>24.8.2023<\/td>\n<\/tr>\n<tr>\n<td>189<\/td>\n<td>Vlajky.EU, s.r.o., \u010cR, Praha 6, Rad\u010dina 22<\/td>\n<td>28511042<\/td>\n<td>11223\/2023<\/td>\n<td>Vlajka SR 1 ks<\/td>\n<td>44,54 \u20ac<\/td>\n<td>25.8.2023<\/td>\n<\/tr>\n<tr>\n<td>190<\/td>\n<td>LEDUM KAMARA SK, s.r.o., Z\u00e1mock\u00e1 30, 811 01 Bratislava-Hrad<\/td>\n<td>48158836<\/td>\n<td>6202350171<\/td>\n<td>optick\u00e1 jednota &#8211; Konica minolta<\/td>\n<td>56,40 \u20ac<\/td>\n<td>25.8.2023<\/td>\n<\/tr>\n<tr>\n<td>191<\/td>\n<td>WEBGLOBE, a.s., Bratislava, Star\u00e1 Prievozsk\u00e1 1349\/2<\/td>\n<td>52486567<\/td>\n<td>2385034059<\/td>\n<td>webhosting ultra&nbsp;<\/td>\n<td>129,46 \u20ac<\/td>\n<td>28.8.2023<\/td>\n<\/tr>\n<tr>\n<td>192<\/td>\n<td>Richard \u0160rob\u00e1r &#8211; Littera, Martin, M. R. \u0160tef\u00e1nika 22<\/td>\n<td>33580511<\/td>\n<td>VF230490<\/td>\n<td>u\u010debnice<\/td>\n<td>230,00 \u20ac<\/td>\n<td>28.8.2023<\/td>\n<\/tr>\n<tr>\n<td>193<\/td>\n<td>Alex Morgovsk\u00fd &#8222;Levn\u00e9 &#8211; Baterky&#8220;, Praha, Petr\u017e\u00edlkov\u00e1 31<\/td>\n<td>974641<\/td>\n<td>49434<\/td>\n<td>bat\u00e9rie<\/td>\n<td>33,40 \u20ac<\/td>\n<td>30.8.2023<\/td>\n<\/tr>\n<tr>\n<td>194<\/td>\n<td>B\u00e1bolna bio Slovensko, s.r.o., Lu\u010denec, Mieru 5912<\/td>\n<td>36044822<\/td>\n<td>FS23280<\/td>\n<td>deratiza\u010dn\u00e9 pr\u00e1ce<\/td>\n<td>127,74 \u20ac<\/td>\n<td>31.8.2023<\/td>\n<\/tr>\n<tr>\n<td>195<\/td>\n<td>ESV plus, s.r.o., Lu\u010denec, T. G. Masaryka 22<\/td>\n<td>36642321<\/td>\n<td>243\/2023<\/td>\n<td>kancel\u00e1rske potreby&nbsp;<\/td>\n<td>262,20 \u20ac<\/td>\n<td>31.8.2023<\/td>\n<\/tr>\n<\/tbody>\n<\/table>\n","protected":false},"excerpt":{"rendered":"<p>Por.\u010d\u00edslo fakt\u00fary Dod\u00e1vate\u013e: I\u010cO Fakt\u00fara \u010d\u00edslo Popis objednan\u00e9ho plnenia Suma v EUR D\u00e1tum doru\u010denia fakt\u00fary 173 osobny\u00fadaj.sk, Ko\u0161ice, N\u00e1m. oslobodite\u013eov 3\/A, Ko\u0161ice 50528041 1023081010 pau\u0161\u00e1lny poplatok &#8211; v\u00fdkon zodpovednej osoby&nbsp; 08\/2023 36,00 \u20ac 2.8.2023 174 Mgr. Ladislav Kanaba, ABT, TPO, Lu\u010denec, M. Malinovsk\u00e9ho&nbsp; 3 40616495 84\/2023 pr\u00e1ca technika BOZP a &hellip;<\/p>\n","protected":false},"author":1,"featured_media":0,"parent":0,"menu_order":0,"comment_status":"closed","ping_status":"closed","template":"","meta":{"ngg_post_thumbnail":0,"footnotes":""},"class_list":["post-30134","page","type-page","status-publish","hentry"],"aioseo_notices":[],"_links":{"self":[{"href":"https:\/\/www.czslc.sk\/index.php?rest_route=\/wp\/v2\/pages\/30134","targetHints":{"allow":["GET"]}}],"collection":[{"href":"https:\/\/www.czslc.sk\/index.php?rest_route=\/wp\/v2\/pages"}],"about":[{"href":"https:\/\/www.czslc.sk\/index.php?rest_route=\/wp\/v2\/types\/page"}],"author":[{"embeddable":true,"href":"https:\/\/www.czslc.sk\/index.php?rest_route=\/wp\/v2\/users\/1"}],"replies":[{"embeddable":true,"href":"https:\/\/www.czslc.sk\/index.php?rest_route=%2Fwp%2Fv2%2Fcomments&post=30134"}],"version-history":[{"count":1,"href":"https:\/\/www.czslc.sk\/index.php?rest_route=\/wp\/v2\/pages\/30134\/revisions"}],"predecessor-version":[{"id":30135,"href":"https:\/\/www.czslc.sk\/index.php?rest_route=\/wp\/v2\/pages\/30134\/revisions\/30135"}],"wp:attachment":[{"href":"https:\/\/www.czslc.sk\/index.php?rest_route=%2Fwp%2Fv2%2Fmedia&parent=30134"}],"curies":[{"name":"wp","href":"https:\/\/api.w.org\/{rel}","templated":true}]}}