{"id":30088,"date":"2023-09-14T12:30:16","date_gmt":"2023-09-14T10:30:16","guid":{"rendered":"https:\/\/www.czslc.sk\/?page_id=30088"},"modified":"2023-09-14T12:32:59","modified_gmt":"2023-09-14T10:32:59","slug":"jul-2023","status":"publish","type":"page","link":"https:\/\/www.czslc.sk\/?page_id=30088","title":{"rendered":"J\u00fal 2023"},"content":{"rendered":"\n<table width=\"1256\">\n<tbody>\n<tr>\n<td width=\"108\">Por.\u010d\u00edslo fakt\u00fary<\/td>\n<td width=\"380\">Dod\u00e1vate\u013e:<\/td>\n<td width=\"66\">I\u010cO<\/td>\n<td width=\"112\">Fakt\u00fara \u010d\u00edslo<\/td>\n<td width=\"343\">Popis objednan\u00e9ho plnenia<\/td>\n<td width=\"82\">Suma v EUR<\/td>\n<td width=\"165\">D\u00e1tum doru\u010denia fakt\u00fary<\/td>\n<\/tr>\n<tr>\n<td>152<\/td>\n<td>Mgr. Ladislav Kanaba, ABT, TPO, Lu\u010denec, M. Malinovsk\u00e9ho&nbsp; 3<\/td>\n<td>40616495<\/td>\n<td>72\/2023<\/td>\n<td>pr\u00e1ca technika BOZP a PO<\/td>\n<td>80,00 \u20ac<\/td>\n<td>3.7.2023<\/td>\n<\/tr>\n<tr>\n<td>153<\/td>\n<td>osobny\u00fadaj.sk, Ko\u0161ice, N\u00e1m. oslobodite\u013eov 3\/A, Ko\u0161ice<\/td>\n<td>50528041<\/td>\n<td>1023071046<\/td>\n<td>pau\u0161\u00e1lny poplatok &#8211; v\u00fdkon zodpovednej osoby&nbsp; 07\/2023<\/td>\n<td>36,00 \u20ac<\/td>\n<td>3.7.2023<\/td>\n<\/tr>\n<tr>\n<td>154<\/td>\n<td>ESV plus, s.r.o., Lu\u010denec, Poto\u010dn\u00e1 145\/43<\/td>\n<td>36642321<\/td>\n<td>194\/2023<\/td>\n<td>kuchynsk\u00e9 potreby &#8211; skvalitnenie stolovania<\/td>\n<td>37,32 \u20ac<\/td>\n<td>3.7.2023<\/td>\n<\/tr>\n<tr>\n<td>155<\/td>\n<td>ESV plus, s.r.o., Lu\u010denec, Poto\u010dn\u00e1 145\/43<\/td>\n<td>36642321<\/td>\n<td>193\/2023,<\/td>\n<td>kancel\u00e1rske potreby<\/td>\n<td>66,44 \u20ac<\/td>\n<td>3.7.2023<\/td>\n<\/tr>\n<tr>\n<td>156<\/td>\n<td>Doxx &#8211; stravn\u00e9 l\u00edstky,&nbsp; s.r.o., \u017dilina, K\u00e1lov 356<\/td>\n<td>36391000<\/td>\n<td>3032914102<\/td>\n<td>vr\u00e1ten\u00e9 stravn\u00e9 l\u00edstky &#8211; dobropis<\/td>\n<td>-132,60 \u20ac<\/td>\n<td>3.7.2023<\/td>\n<\/tr>\n<tr>\n<td>157<\/td>\n<td>Slovak Telekom, a.s., Bratislava, Bajkalsk\u00e1 28<\/td>\n<td>35763469<\/td>\n<td>8330755500<\/td>\n<td>telekomunicka\u010dn\u00e9 slu\u017eby&nbsp;&nbsp;<\/td>\n<td>40,00 \u20ac<\/td>\n<td>4.7.2023<\/td>\n<\/tr>\n<tr>\n<td>158<\/td>\n<td>A.K.I. AUDIT, s.r.o., Lu\u010denec, Dr. Herza 12<\/td>\n<td>36729281<\/td>\n<td>A230009<\/td>\n<td>audit \u00fa\u010dtovnej z\u00e1vierky<\/td>\n<td>600,00 \u20ac<\/td>\n<td>4.7.2023<\/td>\n<\/tr>\n<tr>\n<td>159<\/td>\n<td>Detronics, s.r.o., Zvolen, Buzuluck\u00e1 3<\/td>\n<td>45318565<\/td>\n<td>230126664<\/td>\n<td>pau\u0161\u00e1lny poplatok FiberLine Pro&nbsp; za mesiac 7\/2023<\/td>\n<td>42,00 \u20ac<\/td>\n<td>6.7.2023<\/td>\n<\/tr>\n<tr>\n<td>160<\/td>\n<td>SIGNAL-CODE, s.r.o., Lu\u010denec, Zvolensk\u00e1 cesta 31<\/td>\n<td>45697515<\/td>\n<td>FV20230441<\/td>\n<td>pau\u0161\u00e1lny poplatok&nbsp; 07\/2023<\/td>\n<td>60,00 \u20ac<\/td>\n<td>6.7.2023<\/td>\n<\/tr>\n<tr>\n<td>161<\/td>\n<td>Mgr. Ladislav Turek &#8211; CENTRUM, Lu\u010denec, Vajansk\u00e9ho 10<\/td>\n<td>43434576<\/td>\n<td>20160626<\/td>\n<td>kuchynsk\u00e9 potreby &#8211; skvalitnenie stolovania<\/td>\n<td>55,12 \u20ac<\/td>\n<td>6.7.2023<\/td>\n<\/tr>\n<tr>\n<td>162<\/td>\n<td>Ing. Milan Hric, Lu\u010denec, A. W\u00e1gnera 2515\/38<\/td>\n<td>47025883<\/td>\n<td>20230380<\/td>\n<td>CO slu\u017eby<\/td>\n<td>60,00 \u20ac<\/td>\n<td>7.7.2023<\/td>\n<\/tr>\n<tr>\n<td>163<\/td>\n<td>VSE, a.s., Ko\u0161ice, Mlynsk\u00e1 31<\/td>\n<td>44483767<\/td>\n<td>4445172283<\/td>\n<td>zemn\u00fd plyn 07\/2023<\/td>\n<td>2 985,10 \u20ac<\/td>\n<td>11.7.2023<\/td>\n<\/tr>\n<tr>\n<td>164<\/td>\n<td>O2 Slovakia, s.r.o., Bratislava, Einsteinova 24<\/td>\n<td>35848863<\/td>\n<td>1591339843<\/td>\n<td>telekomunicka\u010dn\u00e9 slu\u017eby&nbsp;<\/td>\n<td>58,00 \u20ac<\/td>\n<td>11.7.2023<\/td>\n<\/tr>\n<tr>\n<td>165<\/td>\n<td>FOREX-SK, s.r.o., Lu\u010denec, Jir\u00e1skova 12<\/td>\n<td>36051918<\/td>\n<td>202307022<\/td>\n<td>hygienick\u00e9 potreby&nbsp;<\/td>\n<td>38,88 \u20ac<\/td>\n<td>11.7.2023<\/td>\n<\/tr>\n<tr>\n<td>166<\/td>\n<td>DEK Stavebniny, s.r.o., Lu\u010denec, Kamenn\u00e1 6<\/td>\n<td>43821103<\/td>\n<td>2300180532<\/td>\n<td>stavebn\u00fd materi\u00e1l<\/td>\n<td>48,65 \u20ac<\/td>\n<td>11.7.2023<\/td>\n<\/tr>\n<tr>\n<td>167<\/td>\n<td>DEK Stavebniny, s.r.o., Lu\u010denec, Kamenn\u00e1 6<\/td>\n<td>43821103<\/td>\n<td>2300184189<\/td>\n<td>stavebn\u00fd materi\u00e1l<\/td>\n<td>17,80 \u20ac<\/td>\n<td>14.7.2023<\/td>\n<\/tr>\n<tr>\n<td>168<\/td>\n<td>INTA, s.r.o.,&nbsp; Tren\u010d\u00edn, Ryb\u00e1rska 18<\/td>\n<td>34129863<\/td>\n<td>ODBRO23060854<\/td>\n<td>odber kuchynsk\u00e9ho odberu<\/td>\n<td>30,00 \u20ac<\/td>\n<td>17.7.2023<\/td>\n<\/tr>\n<tr>\n<td>169<\/td>\n<td>\u0160EVT, a.s., Bansk\u00e1 Bystrica, Cement\u00e1rensk\u00e1 16<\/td>\n<td>31331131<\/td>\n<td>2232206104<\/td>\n<td>Tla\u010div\u00e1<\/td>\n<td>128,38 \u20ac<\/td>\n<td>17.7.2023<\/td>\n<\/tr>\n<tr>\n<td>170<\/td>\n<td>RETRO LC, s.r.o., Lu\u010denec, Podjavorinskej 21<\/td>\n<td>45512205<\/td>\n<td>23250420<\/td>\n<td>kuchynsk\u00e9 potreby &#8211; skvalitnenie stolovania<\/td>\n<td>88,51 \u20ac<\/td>\n<td>18.7.2023<\/td>\n<\/tr>\n<tr>\n<td>171<\/td>\n<td>RETRO LC, s.r.o., Lu\u010denec, Podjavorinskej 21<\/td>\n<td>45512205<\/td>\n<td>23250438<\/td>\n<td>kuchynsk\u00e9 potreby &#8211; skvalitnenie stolovania<\/td>\n<td>66,10 \u20ac<\/td>\n<td>18.7.2023<\/td>\n<\/tr>\n<tr>\n<td>172<\/td>\n<td>M &amp; D CONSULT, s.r.o., Lu\u010denec, A. Jir\u00e1ska 23<\/td>\n<td>52812448<\/td>\n<td>23VF00024<\/td>\n<td>spracovanie miezd za mesiac 06\/2023<\/td>\n<td>200,00 \u20ac<\/td>\n<td>19.7.2023<\/td>\n<\/tr>\n<\/tbody>\n<\/table>\n","protected":false},"excerpt":{"rendered":"<p>Por.\u010d\u00edslo fakt\u00fary Dod\u00e1vate\u013e: I\u010cO Fakt\u00fara \u010d\u00edslo Popis objednan\u00e9ho plnenia Suma v EUR D\u00e1tum doru\u010denia fakt\u00fary 152 Mgr. Ladislav Kanaba, ABT, TPO, Lu\u010denec, M. Malinovsk\u00e9ho&nbsp; 3 40616495 72\/2023 pr\u00e1ca technika BOZP a PO 80,00 \u20ac 3.7.2023 153 osobny\u00fadaj.sk, Ko\u0161ice, N\u00e1m. oslobodite\u013eov 3\/A, Ko\u0161ice 50528041 1023071046 pau\u0161\u00e1lny poplatok &#8211; v\u00fdkon zodpovednej osoby&nbsp; &hellip;<\/p>\n","protected":false},"author":1,"featured_media":0,"parent":0,"menu_order":0,"comment_status":"closed","ping_status":"closed","template":"","meta":{"ngg_post_thumbnail":0,"footnotes":""},"class_list":["post-30088","page","type-page","status-publish","hentry"],"aioseo_notices":[],"_links":{"self":[{"href":"https:\/\/www.czslc.sk\/index.php?rest_route=\/wp\/v2\/pages\/30088","targetHints":{"allow":["GET"]}}],"collection":[{"href":"https:\/\/www.czslc.sk\/index.php?rest_route=\/wp\/v2\/pages"}],"about":[{"href":"https:\/\/www.czslc.sk\/index.php?rest_route=\/wp\/v2\/types\/page"}],"author":[{"embeddable":true,"href":"https:\/\/www.czslc.sk\/index.php?rest_route=\/wp\/v2\/users\/1"}],"replies":[{"embeddable":true,"href":"https:\/\/www.czslc.sk\/index.php?rest_route=%2Fwp%2Fv2%2Fcomments&post=30088"}],"version-history":[{"count":1,"href":"https:\/\/www.czslc.sk\/index.php?rest_route=\/wp\/v2\/pages\/30088\/revisions"}],"predecessor-version":[{"id":30089,"href":"https:\/\/www.czslc.sk\/index.php?rest_route=\/wp\/v2\/pages\/30088\/revisions\/30089"}],"wp:attachment":[{"href":"https:\/\/www.czslc.sk\/index.php?rest_route=%2Fwp%2Fv2%2Fmedia&parent=30088"}],"curies":[{"name":"wp","href":"https:\/\/api.w.org\/{rel}","templated":true}]}}