{"id":29443,"date":"2023-03-23T12:02:57","date_gmt":"2023-03-23T10:02:57","guid":{"rendered":"https:\/\/www.czslc.sk\/?page_id=29443"},"modified":"2023-03-23T12:02:59","modified_gmt":"2023-03-23T10:02:59","slug":"februar-2023","status":"publish","type":"page","link":"https:\/\/www.czslc.sk\/?page_id=29443","title":{"rendered":"Febru\u00e1r 2023"},"content":{"rendered":"\n<figure class=\"wp-block-table\"><table><tbody><tr><td>Por.\u010d\u00edslo fakt\u00fary<\/td><td>Dod\u00e1vate\u013e:<\/td><td>I\u010cO<\/td><td>Fakt\u00fara \u010d\u00edslo<\/td><td>Popis objednan\u00e9ho plnenia<\/td><td>Suma v EUR<\/td><td>D\u00e1tum doru\u010denia fakt\u00fary<\/td><\/tr><tr><td>21<\/td><td>osobny\u00fadaj.sk, Ko\u0161ice, N\u00e1m. oslobodite\u013eov 3\/A, Ko\u0161ice<\/td><td>50528041<\/td><td>1023021038<\/td><td>pau\u0161\u00e1lny poplatok &#8211; v\u00fdkon zodpovednej osoby&nbsp; 02\/2023<\/td><td>36,00 \u20ac<\/td><td>2.2.2023<\/td><\/tr><tr><td>22<\/td><td>Printmania, s.r.o., Prievidza, Tajovsk\u00e9ho 540\/2<\/td><td>46046453<\/td><td>230101440<\/td><td>tonery<\/td><td>145,45 \u20ac<\/td><td>2.2.2023<\/td><\/tr><tr><td>23<\/td><td>ESV plus, s.r.o., Lu\u010denec, Poto\u010dn\u00e1 145\/43<\/td><td>36642321<\/td><td>30\/2023<\/td><td>kancel\u00e1rske pom\u00f4cky<\/td><td>30,84 \u20ac<\/td><td>2.2.2023<\/td><\/tr><tr><td>24<\/td><td>ESV plus, s.r.o., Lu\u010denec, Poto\u010dn\u00e1 145\/43<\/td><td>36642321<\/td><td>31\/2023<\/td><td>kuchynsk\u00e9 potreby<\/td><td>14,10 \u20ac<\/td><td>2.2.2023<\/td><\/tr><tr><td>25<\/td><td>CK Slnie\u010dko, s.r.o. Tren\u010d\u00edn, Palack\u00e9ho 88\/8<\/td><td>43840949<\/td><td>OF06-20230021<\/td><td>ly\u017eiarsky v\u00fdcvik<\/td><td>3 150,00 \u20ac<\/td><td>3.2.2023<\/td><\/tr><tr><td>26<\/td><td>SIGNAL-CODE, s.r.o., Lu\u010denec, Zvolensk\u00e1 cesta 31<\/td><td>45697515<\/td><td>FV20230066<\/td><td>pau\u0161\u00e1lny poplatok&nbsp; 02\/2023<\/td><td>60,00 \u20ac<\/td><td>3.2.2023<\/td><\/tr><tr><td>27<\/td><td>Miroslav Melich, Fi\u013eakovo, Po\u013en\u00e1 1465\/1<\/td><td>43621481<\/td><td>2023001<\/td><td>oprava hlavnej br\u00e1ny<\/td><td>75,00 \u20ac<\/td><td>3.2.2023<\/td><\/tr><tr><td>28<\/td><td>Mgr. Ladislav Kanaba, ABT, TPO, Lu\u010denec, M. Malinovsk\u00e9ho&nbsp; 3<\/td><td>40616495<\/td><td>13\/2023<\/td><td>pr\u00e1ca technika BOZP a PO<\/td><td>80,00 \u20ac<\/td><td>6.2.2023<\/td><\/tr><tr><td>29<\/td><td>ZEBRA HYGIENA, s.r.o.Betliarska 22, Bratislava<\/td><td>53111010<\/td><td>10230254<\/td><td>skladan\u00e9 utierky<\/td><td>59,00 \u20ac<\/td><td>6.2.2023<\/td><\/tr><tr><td>30<\/td><td>Slovak Telekom, a.s., Bratislava, Bajkalsk\u00e1 28<\/td><td>35763469<\/td><td>8321898886<\/td><td>telekomunicka\u010dn\u00e9 slu\u017eby&nbsp;&nbsp;<\/td><td>40,00 \u20ac<\/td><td>7.2.2023<\/td><\/tr><tr><td>31<\/td><td>INTA, s.r.o.,&nbsp; Tren\u010d\u00edn, Ryb\u00e1rska 18<\/td><td>34129863<\/td><td>ODBRO23010220<\/td><td>odber kuchynsk\u00e9ho odberu<\/td><td>30,00 \u20ac<\/td><td>7.2.2023<\/td><\/tr><tr><td>32<\/td><td>VSE, a.s., Ko\u0161ice, Mlynsk\u00e1 31<\/td><td>44483767<\/td><td>4430757541<\/td><td>zemn\u00fd plyn 02\/2023<\/td><td>2 985,10 \u20ac<\/td><td>7.2.2023<\/td><\/tr><tr><td>33<\/td><td>Detronics, s.r.o., Zvolen, Buzuluck\u00e1 3<\/td><td>45318565<\/td><td>230107365<\/td><td>pau\u0161\u00e1lny poplatok FiberLine Pro&nbsp; za mesiac 2\/2023<\/td><td>42,00 \u20ac<\/td><td>7.2.2023<\/td><\/tr><tr><td>34<\/td><td>Dos\u0165bolo, s.r.o., Ko\u0161ice, N\u00e1m. oslobodite\u013eov 3\/A<\/td><td>54303869<\/td><td>2023027<\/td><td>kyber\u0161ikana<\/td><td>240,00 \u20ac<\/td><td>8.2.2023<\/td><\/tr><tr><td>35<\/td><td>Doxx &#8211; stravn\u00e9 l\u00edstky,&nbsp; s.r.o., \u017dilina, K\u00e1lov 356<\/td><td>36391000<\/td><td>3032904057<\/td><td>vr\u00e1ten\u00e9 stravn\u00e9 l\u00edstky &#8211; dobropis<\/td><td>-206,40 \u20ac<\/td><td>9.2.2023<\/td><\/tr><tr><td>36<\/td><td>VSE, a.s., Ko\u0161ice, Mlynsk\u00e1 31<\/td><td>44483767<\/td><td>7294457458<\/td><td>elektrina 01\/2023<\/td><td>1 003,76 \u20ac<\/td><td>9.2.2023<\/td><\/tr><tr><td>37<\/td><td>Roman Mesiarik &#8211; REVTECH, Horn\u00e9 H\u00e1mre 146<\/td><td>40538664<\/td><td>59\/2023<\/td><td>rev\u00edzia &#8211; telov\u00fdchovn\u00e9ho n\u00e1radia&nbsp;<\/td><td>125,25 \u20ac<\/td><td>9.2.2023<\/td><\/tr><tr><td>38<\/td><td>J+A, s.r.o., Vidin\u00e1, Zvolensk\u00e1 29<\/td><td>44831188<\/td><td>2023\/005<\/td><td>rev\u00edzia &#8211; hasiacich pr\u00edstrojov a hydrantu<\/td><td>60,00 \u20ac<\/td><td>10.2.2023<\/td><\/tr><tr><td>39<\/td><td>SPOOL, a.s.., Lu\u010denec, Dr. Herza 23<\/td><td>31586392<\/td><td>420230028<\/td><td>oprava odpadov\u00e9ho potrubia v \u0160J<\/td><td>96,11 \u20ac<\/td><td>13.2.2023<\/td><\/tr><tr><td>40<\/td><td>O2 Slovakia, s.r.o., Bratislava, Einsteinova 24<\/td><td>35848863<\/td><td>1521233101<\/td><td>telekomunicka\u010dn\u00e9 slu\u017eby&nbsp;<\/td><td>57,00 \u20ac<\/td><td>14.2.2023<\/td><\/tr><tr><td>41<\/td><td>SPOOL, a.s.., Lu\u010denec, Dr. Herza 23<\/td><td>31586392<\/td><td>920230058<\/td><td>u\u017e\u00edvanie \u0161portovej haly 01\/2023<\/td><td>77,50 \u20ac<\/td><td>20.2.2023<\/td><\/tr><tr><td>42<\/td><td>M &amp; D CONSULT, s.r.o., Lu\u010denec, A. Jir\u00e1ska 23<\/td><td>52812448<\/td><td>23VF00003<\/td><td>vedenie \u00fa\u010dtovn\u00edstva\/miezd za mesiac 01\/2023<\/td><td>450,00 \u20ac<\/td><td>21.2.2023<\/td><\/tr><tr><td>43<\/td><td>Slovensk\u00e1 leg\u00e1lna metrol\u00f3gia, n.o., Hviezdoslavova 31, B. Bystrica<\/td><td>37954521<\/td><td>523303272<\/td><td>rev\u00edzia meradiel v \u0160J<\/td><td>90,36 \u20ac<\/td><td>22.2.2023<\/td><\/tr><tr><td>44<\/td><td>SZ\u0160 s M\u0160 DSA, Lu\u010denec, Kub\u00ednyiho 6<\/td><td>35991607<\/td><td>1\/2\/2023<\/td><td>dodan\u00e1 strava do \u0161kolskej v\u00fddajne jed\u00e1l&nbsp; 02\/2023<\/td><td>2 459,20 \u20ac<\/td><td>24.2.2023<\/td><\/tr><tr><td>45<\/td><td>SZ\u0160 s M\u0160 DSA, Lu\u010denec, Kub\u00ednyiho 6<\/td><td>35991607<\/td><td>2\/2\/2023<\/td><td>RN\u017d&nbsp; zamestnanci 02\/2023<\/td><td>344,00 \u20ac<\/td><td>24.2.2023<\/td><\/tr><tr><td>46<\/td><td>SZ\u0160 s M\u0160 DSA, Lu\u010denec, Kub\u00ednyiho 6<\/td><td>35991607<\/td><td>RN\u017d 1\/2\/2023<\/td><td>RN\u017d&nbsp; \u017eiaci 02\/2023<\/td><td>388,00 \u20ac<\/td><td>24.2.2023<\/td><\/tr><tr><td>47<\/td><td>Krp\u010diar Pavel, Lu\u010denec, P. T\u00f3tha 33<\/td><td>&nbsp;<\/td><td>1\/2\/2023 PS<\/td><td>preprava stravy za 02\/2023<\/td><td>70,00 \u20ac<\/td><td>24.2.2023<\/td><\/tr><\/tbody><\/table><\/figure>\n\n\n","protected":false},"excerpt":{"rendered":"<p>Por.\u010d\u00edslo fakt\u00fary Dod\u00e1vate\u013e: I\u010cO Fakt\u00fara \u010d\u00edslo Popis objednan\u00e9ho plnenia Suma v EUR D\u00e1tum doru\u010denia fakt\u00fary 21 osobny\u00fadaj.sk, Ko\u0161ice, N\u00e1m. oslobodite\u013eov 3\/A, Ko\u0161ice 50528041 1023021038 pau\u0161\u00e1lny poplatok &#8211; v\u00fdkon zodpovednej osoby&nbsp; 02\/2023 36,00 \u20ac 2.2.2023 22 Printmania, s.r.o., Prievidza, Tajovsk\u00e9ho 540\/2 46046453 230101440 tonery 145,45 \u20ac 2.2.2023 23 ESV plus, s.r.o., &hellip;<\/p>\n","protected":false},"author":1,"featured_media":0,"parent":0,"menu_order":0,"comment_status":"closed","ping_status":"closed","template":"","meta":{"ngg_post_thumbnail":0,"footnotes":""},"class_list":["post-29443","page","type-page","status-publish","hentry"],"aioseo_notices":[],"_links":{"self":[{"href":"https:\/\/www.czslc.sk\/index.php?rest_route=\/wp\/v2\/pages\/29443","targetHints":{"allow":["GET"]}}],"collection":[{"href":"https:\/\/www.czslc.sk\/index.php?rest_route=\/wp\/v2\/pages"}],"about":[{"href":"https:\/\/www.czslc.sk\/index.php?rest_route=\/wp\/v2\/types\/page"}],"author":[{"embeddable":true,"href":"https:\/\/www.czslc.sk\/index.php?rest_route=\/wp\/v2\/users\/1"}],"replies":[{"embeddable":true,"href":"https:\/\/www.czslc.sk\/index.php?rest_route=%2Fwp%2Fv2%2Fcomments&post=29443"}],"version-history":[{"count":1,"href":"https:\/\/www.czslc.sk\/index.php?rest_route=\/wp\/v2\/pages\/29443\/revisions"}],"predecessor-version":[{"id":29444,"href":"https:\/\/www.czslc.sk\/index.php?rest_route=\/wp\/v2\/pages\/29443\/revisions\/29444"}],"wp:attachment":[{"href":"https:\/\/www.czslc.sk\/index.php?rest_route=%2Fwp%2Fv2%2Fmedia&parent=29443"}],"curies":[{"name":"wp","href":"https:\/\/api.w.org\/{rel}","templated":true}]}}