{"id":29117,"date":"2023-02-17T09:06:30","date_gmt":"2023-02-17T07:06:30","guid":{"rendered":"https:\/\/www.czslc.sk\/?page_id=29117"},"modified":"2023-02-17T09:06:31","modified_gmt":"2023-02-17T07:06:31","slug":"januar-2023","status":"publish","type":"page","link":"https:\/\/www.czslc.sk\/?page_id=29117","title":{"rendered":"Janu\u00e1r 2023"},"content":{"rendered":"\n<table width=\"1243\">\n<tbody>\n<tr>\n<td width=\"109\">Por.\u010d\u00edslo fakt\u00fary<\/td>\n<td width=\"381\">Dod\u00e1vate\u013e:<\/td>\n<td width=\"79\">I\u010cO<\/td>\n<td width=\"84\">Fakt\u00fara \u010d\u00edslo<\/td>\n<td width=\"344\">Popis objednan\u00e9ho plnenia<\/td>\n<td width=\"81\">Suma v EUR<\/td>\n<td width=\"165\">D\u00e1tum doru\u010denia fakt\u00fary<\/td>\n<\/tr>\n<tr>\n<td>1<\/td>\n<td>osobny\u00fadaj.sk, Ko\u0161ice, N\u00e1m. oslobodite\u013eov 3\/A, Ko\u0161ice<\/td>\n<td>50528041<\/td>\n<td>1023011080<\/td>\n<td>pau\u0161\u00e1lny poplatok &#8211; v\u00fdkon zodpovednej osoby&nbsp; 01\/2023<\/td>\n<td>36,00 \u20ac<\/td>\n<td>5.1.2023<\/td>\n<\/tr>\n<tr>\n<td>2<\/td>\n<td>Slovak Telekom, a.s., Bratislava, Bajkalsk\u00e1 28<\/td>\n<td>35763469<\/td>\n<td>8320121208<\/td>\n<td>telekomunicka\u010dn\u00e9 slu\u017eby&nbsp;&nbsp; 01\/2023<\/td>\n<td>40,00 \u20ac<\/td>\n<td>5.1.2023<\/td>\n<\/tr>\n<tr>\n<td>3<\/td>\n<td>SIGNAL-CODE, s.r.o., Lu\u010denec, Zvolensk\u00e1 cesta 31<\/td>\n<td>45697515<\/td>\n<td>FV20220919<\/td>\n<td>pau\u0161\u00e1lny poplatok&nbsp; 01\/2023<\/td>\n<td>60,00 \u20ac<\/td>\n<td>9.1.2023<\/td>\n<\/tr>\n<tr>\n<td>4<\/td>\n<td>M &amp; D CONSULT, s.r.o., Lu\u010denec, A. Jir\u00e1ska 23<\/td>\n<td>52812448<\/td>\n<td>23VF00001<\/td>\n<td>vedenie \u00fa\u010dtovn\u00edstva\/miezd za mesiac 12\/2022<\/td>\n<td>450,00 \u20ac<\/td>\n<td>13.1.2023<\/td>\n<\/tr>\n<tr>\n<td>5<\/td>\n<td>Web retail, s.r.o., \u010cR, Politick\u00fdch vez\u0148ov 19, Praha<\/td>\n<td>28876431<\/td>\n<td>2023211507<\/td>\n<td>lampa s modulom<\/td>\n<td>13,80 \u20ac<\/td>\n<td>13.1.2023<\/td>\n<\/tr>\n<tr>\n<td>6<\/td>\n<td>Detronics, s.r.o., Zvolen, Buzuluck\u00e1 3<\/td>\n<td>45318565<\/td>\n<td>230103572<\/td>\n<td>pau\u0161\u00e1lny poplatok FiberLine Pro&nbsp; za mesiac 1\/2023<\/td>\n<td>42,00 \u20ac<\/td>\n<td>13.1.2023<\/td>\n<\/tr>\n<tr>\n<td>7<\/td>\n<td>Jozef Krn\u00e1\u010d, Lu\u010denec, Jasn\u00e1 14<\/td>\n<td>32615981<\/td>\n<td>4\/2023<\/td>\n<td>pravideln\u00e1 rev\u00edzia kom\u00ednov<\/td>\n<td>50,00 \u20ac<\/td>\n<td>16.1.2023<\/td>\n<\/tr>\n<tr>\n<td>8<\/td>\n<td>AITEC, s.r.o. Bratislava, Slovinsk\u00e1 12<\/td>\n<td>43829171<\/td>\n<td>1202300093<\/td>\n<td>pracovn\u00e9 zo\u0161ity<\/td>\n<td>15,40 \u20ac<\/td>\n<td>16.1.2023<\/td>\n<\/tr>\n<tr>\n<td>9<\/td>\n<td>Du\u0161an Valentovi\u010d, Trnava, Ulica Spartakovsk\u00e1 6458\/2<\/td>\n<td>44274742<\/td>\n<td>202300523<\/td>\n<td>multifunk\u010dn\u00e1 tla\u010diare\u0148 EPSON<\/td>\n<td>278,50 \u20ac<\/td>\n<td>19.1.2023<\/td>\n<\/tr>\n<tr>\n<td>10<\/td>\n<td>SPOOL, a.s.., Lu\u010denec, Dr. Herza<\/td>\n<td>31586392<\/td>\n<td>920220583<\/td>\n<td>u\u017e\u00edvanie \u0161portovej haly<\/td>\n<td>45,00 \u20ac<\/td>\n<td>19.1.2023<\/td>\n<\/tr>\n<tr>\n<td>11<\/td>\n<td>Web retail, s.r.o., \u010cR, Politick\u00fdch vez\u0148ov 19, Praha<\/td>\n<td>28876431<\/td>\n<td>2023212245<\/td>\n<td>lampa s modulom<\/td>\n<td>139,18 \u20ac<\/td>\n<td>20.1.2023<\/td>\n<\/tr>\n<tr>\n<td>12<\/td>\n<td>Sierra Enterprises, s.r.o., Lu\u010denec, Fi\u013e. Cesta 285<\/td>\n<td>22600066<\/td>\n<td>23600003<\/td>\n<td>\u010distenie kanaliz. Syst\u00e9mu<\/td>\n<td>360,00 \u20ac<\/td>\n<td>23.1.2023<\/td>\n<\/tr>\n<tr>\n<td>13<\/td>\n<td>FORK, s.r.o., Martin, Nade Hejnej 5358<\/td>\n<td>44311061<\/td>\n<td>322300250<\/td>\n<td>kronika 2 ks<\/td>\n<td>33,50 \u20ac<\/td>\n<td>24.1.2023<\/td>\n<\/tr>\n<tr>\n<td>14<\/td>\n<td>Mgr. Ladislav Kanaba, ABT, TPO, Lu\u010denec, M. Malinovsk\u00e9ho&nbsp; 3<\/td>\n<td>40616495<\/td>\n<td>1\/2023<\/td>\n<td>pr\u00e1ca technika BOZP a PO<\/td>\n<td>80,00 \u20ac<\/td>\n<td>25.1.2023<\/td>\n<\/tr>\n<tr>\n<td>15<\/td>\n<td>Conetix, s.r.o., Kom\u00e1romi Kacza 2375\/28 94501 Kom\u00e1rno<\/td>\n<td>&nbsp;36567477<\/td>\n<td>100009136<\/td>\n<td>dekora\u010dn\u00e1 sie\u0165 3 ks<\/td>\n<td>39,02 \u20ac<\/td>\n<td>26.1.2023<\/td>\n<\/tr>\n<tr>\n<td>16<\/td>\n<td>Ceit, s.r.o., Bratislava, \u010cerny\u0161evsk\u00e9ho 10<\/td>\n<td>31318851<\/td>\n<td>2023005<\/td>\n<td>program pre kni\u017enicu &#8211; Proflib \u0161tart 2023<\/td>\n<td>77,00 \u20ac<\/td>\n<td>27.1.2023<\/td>\n<\/tr>\n<tr>\n<td>17<\/td>\n<td>Valman, s.r.o., Bansk\u00e1 Bystrica, Nov\u00fd svet 27<\/td>\n<td>44473761<\/td>\n<td>22221746<\/td>\n<td>\u0161kolsk\u00e9 ovocie<\/td>\n<td>0,00 \u20ac<\/td>\n<td>30.1.2023<\/td>\n<\/tr>\n<tr>\n<td>18<\/td>\n<td>SZ\u0160 s M\u0160 DSA, Lu\u010denec, Kub\u00ednyiho 6<\/td>\n<td>35991607<\/td>\n<td>1\/1\/2023<\/td>\n<td>dodan\u00e1 strava do \u0161kolskej v\u00fddajne jed\u00e1l&nbsp; 01\/2023<\/td>\n<td>2215,75<\/td>\n<td>30.1.2023<\/td>\n<\/tr>\n<tr>\n<td>19<\/td>\n<td>SZ\u0160 s M\u0160 DSA, Lu\u010denec, Kub\u00ednyiho 6<\/td>\n<td>35991607<\/td>\n<td>2\/1\/2023<\/td>\n<td>RN&nbsp; zamestnanci 01\/2023<\/td>\n<td>297,00 \u20ac<\/td>\n<td>30.1.2023<\/td>\n<\/tr>\n<tr>\n<td>20<\/td>\n<td>Krp\u010diar Pavel, Lu\u010denec, P. T\u00f3tha 33<\/td>\n<td>&nbsp;<\/td>\n<td>1\/1\/2023 PS<\/td>\n<td>preprava stravy za 01\/2023<\/td>\n<td>70,00 \u20ac<\/td>\n<td>30.1.2023<\/td>\n<\/tr>\n<\/tbody>\n<\/table>\n","protected":false},"excerpt":{"rendered":"<p>Por.\u010d\u00edslo fakt\u00fary Dod\u00e1vate\u013e: I\u010cO Fakt\u00fara \u010d\u00edslo Popis objednan\u00e9ho plnenia Suma v EUR D\u00e1tum doru\u010denia fakt\u00fary 1 osobny\u00fadaj.sk, Ko\u0161ice, N\u00e1m. oslobodite\u013eov 3\/A, Ko\u0161ice 50528041 1023011080 pau\u0161\u00e1lny poplatok &#8211; v\u00fdkon zodpovednej osoby&nbsp; 01\/2023 36,00 \u20ac 5.1.2023 2 Slovak Telekom, a.s., Bratislava, Bajkalsk\u00e1 28 35763469 8320121208 telekomunicka\u010dn\u00e9 slu\u017eby&nbsp;&nbsp; 01\/2023 40,00 \u20ac 5.1.2023 3 &hellip;<\/p>\n","protected":false},"author":1,"featured_media":0,"parent":0,"menu_order":0,"comment_status":"closed","ping_status":"closed","template":"","meta":{"ngg_post_thumbnail":0,"footnotes":""},"class_list":["post-29117","page","type-page","status-publish","hentry"],"aioseo_notices":[],"_links":{"self":[{"href":"https:\/\/www.czslc.sk\/index.php?rest_route=\/wp\/v2\/pages\/29117","targetHints":{"allow":["GET"]}}],"collection":[{"href":"https:\/\/www.czslc.sk\/index.php?rest_route=\/wp\/v2\/pages"}],"about":[{"href":"https:\/\/www.czslc.sk\/index.php?rest_route=\/wp\/v2\/types\/page"}],"author":[{"embeddable":true,"href":"https:\/\/www.czslc.sk\/index.php?rest_route=\/wp\/v2\/users\/1"}],"replies":[{"embeddable":true,"href":"https:\/\/www.czslc.sk\/index.php?rest_route=%2Fwp%2Fv2%2Fcomments&post=29117"}],"version-history":[{"count":1,"href":"https:\/\/www.czslc.sk\/index.php?rest_route=\/wp\/v2\/pages\/29117\/revisions"}],"predecessor-version":[{"id":29118,"href":"https:\/\/www.czslc.sk\/index.php?rest_route=\/wp\/v2\/pages\/29117\/revisions\/29118"}],"wp:attachment":[{"href":"https:\/\/www.czslc.sk\/index.php?rest_route=%2Fwp%2Fv2%2Fmedia&parent=29117"}],"curies":[{"name":"wp","href":"https:\/\/api.w.org\/{rel}","templated":true}]}}