{"id":29115,"date":"2023-02-17T09:04:45","date_gmt":"2023-02-17T07:04:45","guid":{"rendered":"https:\/\/www.czslc.sk\/?page_id=29115"},"modified":"2024-01-12T16:19:06","modified_gmt":"2024-01-12T14:19:06","slug":"rok-2023","status":"publish","type":"page","link":"https:\/\/www.czslc.sk\/?page_id=29115","title":{"rendered":"Rok 2023"},"content":{"rendered":"\n<table style=\"width: 100%; height: 240px;\" width=\"172\">\n<tbody>\n<tr style=\"height: 20px;\">\n<td style=\"height: 20px;\" width=\"172\"><a href=\"https:\/\/www.czslc.sk\/?page_id=29117\">Janu\u00e1r 2023<\/a><\/td>\n<\/tr>\n<tr style=\"height: 20px;\">\n<td style=\"height: 20px;\"><a href=\"https:\/\/www.czslc.sk\/?page_id=29443\">Febru\u00e1r 2023<\/a><\/td>\n<\/tr>\n<tr style=\"height: 20px;\">\n<td style=\"height: 20px;\"><a href=\"https:\/\/www.czslc.sk\/?page_id=29551\">Marec 2023<\/a><\/td>\n<\/tr>\n<tr style=\"height: 20px;\">\n<td style=\"height: 20px;\"><a href=\"https:\/\/www.czslc.sk\/?page_id=29714\">Apr\u00edl 2023<\/a><\/td>\n<\/tr>\n<tr style=\"height: 20px;\">\n<td style=\"height: 20px;\"><a href=\"https:\/\/www.czslc.sk\/?page_id=29874\">M\u00e1j 2023<\/a><\/td>\n<\/tr>\n<tr style=\"height: 20px;\">\n<td style=\"height: 20px;\"><a href=\"https:\/\/www.czslc.sk\/?page_id=30085\">J\u00fan 2023<\/a><\/td>\n<\/tr>\n<tr style=\"height: 20px;\">\n<td style=\"height: 20px;\"><a href=\"https:\/\/www.czslc.sk\/?page_id=30088\">J\u00fal 2023<\/a><\/td>\n<\/tr>\n<tr style=\"height: 20px;\">\n<td style=\"height: 20px;\"><a href=\"https:\/\/www.czslc.sk\/?page_id=30134\">August 2023<\/a><\/td>\n<\/tr>\n<tr style=\"height: 20px;\">\n<td style=\"height: 20px;\"><a href=\"https:\/\/www.czslc.sk\/?page_id=30525\">September 2023<\/a><\/td>\n<\/tr>\n<tr style=\"height: 20px;\">\n<td style=\"height: 20px;\"><a href=\"https:\/\/www.czslc.sk\/?page_id=30674\">Okt\u00f3ber 2023<\/a><\/td>\n<\/tr>\n<tr style=\"height: 20px;\">\n<td style=\"height: 20px;\"><a href=\"https:\/\/www.czslc.sk\/?page_id=30828\">November 2023<\/a><\/td>\n<\/tr>\n<tr style=\"height: 20px;\">\n<td style=\"height: 20px;\"><a href=\"https:\/\/www.czslc.sk\/?page_id=30832\">December 2023<\/a><\/td>\n<\/tr>\n<\/tbody>\n<\/table>\n\n\n\n\n","protected":false},"excerpt":{"rendered":"<p>Janu\u00e1r 2023 Febru\u00e1r 2023 Marec 2023 Apr\u00edl 2023 M\u00e1j 2023 J\u00fan 2023 J\u00fal 2023 August 2023 September 2023 Okt\u00f3ber 2023 November 2023 December 2023<\/p>\n","protected":false},"author":1,"featured_media":0,"parent":0,"menu_order":0,"comment_status":"closed","ping_status":"closed","template":"","meta":{"ngg_post_thumbnail":0,"footnotes":""},"class_list":["post-29115","page","type-page","status-publish","hentry"],"aioseo_notices":[],"_links":{"self":[{"href":"https:\/\/www.czslc.sk\/index.php?rest_route=\/wp\/v2\/pages\/29115","targetHints":{"allow":["GET"]}}],"collection":[{"href":"https:\/\/www.czslc.sk\/index.php?rest_route=\/wp\/v2\/pages"}],"about":[{"href":"https:\/\/www.czslc.sk\/index.php?rest_route=\/wp\/v2\/types\/page"}],"author":[{"embeddable":true,"href":"https:\/\/www.czslc.sk\/index.php?rest_route=\/wp\/v2\/users\/1"}],"replies":[{"embeddable":true,"href":"https:\/\/www.czslc.sk\/index.php?rest_route=%2Fwp%2Fv2%2Fcomments&post=29115"}],"version-history":[{"count":14,"href":"https:\/\/www.czslc.sk\/index.php?rest_route=\/wp\/v2\/pages\/29115\/revisions"}],"predecessor-version":[{"id":30834,"href":"https:\/\/www.czslc.sk\/index.php?rest_route=\/wp\/v2\/pages\/29115\/revisions\/30834"}],"wp:attachment":[{"href":"https:\/\/www.czslc.sk\/index.php?rest_route=%2Fwp%2Fv2%2Fmedia&parent=29115"}],"curies":[{"name":"wp","href":"https:\/\/api.w.org\/{rel}","templated":true}]}}