{"id":28968,"date":"2023-01-11T10:13:09","date_gmt":"2023-01-11T08:13:09","guid":{"rendered":"https:\/\/www.czslc.sk\/?page_id=28968"},"modified":"2023-01-11T10:13:10","modified_gmt":"2023-01-11T08:13:10","slug":"december-2022","status":"publish","type":"page","link":"https:\/\/www.czslc.sk\/?page_id=28968","title":{"rendered":"December 2022"},"content":{"rendered":"\n<p>Fakt\u00fary na net<\/p>\n\n\n\n<figure class=\"wp-block-table\"><table><tbody><tr><td>Por.\u010d.<\/td><td>Dod\u00e1vate\u013e:<\/td><td>I\u010cO<\/td><td>Fakt\u00fara \u010d\u00edslo<\/td><td>Popis objednan\u00e9ho plnenia<\/td><td>Suma v EUR<\/td><td>D\u00e1tum doru\u010denia fakt\u00fary<\/td><\/tr><tr><td>297<\/td><td>SIGNAL-CODE, s.r.o., Lu\u010denec, Zvolensk\u00e1 cesta 31<\/td><td>45697515<\/td><td>FV20220840<\/td><td>pau\u0161\u00e1lny poplatok&nbsp; 12\/2022<\/td><td>60,00 \u20ac<\/td><td>1.12.2022<\/td><\/tr><tr><td>298<\/td><td>osobny\u00fadaj.sk, Ko\u0161ice, N\u00e1m. oslobodite\u013eov 3\/A, Ko\u0161ice<\/td><td>50528041<\/td><td>1022121042<\/td><td>pau\u0161\u00e1lny poplatok &#8211; v\u00fdkon zodpovednej osoby&nbsp;<\/td><td>36,00 \u20ac<\/td><td>1.12.2022<\/td><\/tr><tr><td>299<\/td><td>ZEBRA HYGIENA, s.r.o.Betliarska 22, Bratislava<\/td><td>53111010<\/td><td>10222316<\/td><td>skladan\u00e9 utierky<\/td><td>59,95 \u20ac<\/td><td>1.12.2022<\/td><\/tr><tr><td>300<\/td><td>Detronics, s.r.o., Zvolen, Buzuluck\u00e1 3<\/td><td>45318565<\/td><td>220145534<\/td><td>pau\u0161\u00e1lny poplatok FiberLine Pro&nbsp; za mesiac 12\/2022<\/td><td>42,00 \u20ac<\/td><td>6.12.2022<\/td><\/tr><tr><td>301<\/td><td>Poradca podnikate\u013ea, s.r.o., \u017dilina, M. R\u00e1zusa 23A<\/td><td>31592503<\/td><td>5022215471<\/td><td>webin\u00e1r &#8211; stravovanie<\/td><td>60,00 \u20ac<\/td><td>6.12.2022<\/td><\/tr><tr><td>302<\/td><td>Slovak Telekom, a.s., Bratislava, Bajkalsk\u00e1 28<\/td><td>35763469<\/td><td>8318271044<\/td><td>telekomunicka\u010dn\u00e9 slu\u017eby&nbsp;&nbsp; 12\/2022<\/td><td>40,00 \u20ac<\/td><td>6.12.2022<\/td><\/tr><tr><td>303<\/td><td>Valman, s.r.o., Bansk\u00e1 Bystrica, Nov\u00fd svet 27<\/td><td>44473761<\/td><td>22221746<\/td><td>\u0161kolsk\u00e9 ovocie<\/td><td>0,00 \u20ac<\/td><td>6.12.2022<\/td><\/tr><tr><td>304<\/td><td>Mgr. Ladislav Kanaba, ABT, TPO, Lu\u010denec, M. Malinovsk\u00e9ho&nbsp; 3<\/td><td>40616495<\/td><td>115\/2022<\/td><td>pr\u00e1ca technika BOZP a PO<\/td><td>80,00 \u20ac<\/td><td>6.12.2022<\/td><\/tr><tr><td>305<\/td><td>SPOOL, a.s.., Lu\u010denec, Dr. Herza<\/td><td>31586392<\/td><td>920220521<\/td><td>u\u017e\u00edvanie \u0161portovej haly<\/td><td>47,00 \u20ac<\/td><td>6.12.2022<\/td><\/tr><tr><td>306<\/td><td>FAMICO, s.r.o., Stran\u010dice, \u010cR<\/td><td>27457494<\/td><td>492226016<\/td><td>LEGO stavebnice 2 ks<\/td><td>77,40 \u20ac<\/td><td>7.12.2022<\/td><\/tr><tr><td>307<\/td><td>VSE, a.s., Ko\u0161ice, Mlynsk\u00e1 31<\/td><td>44483767<\/td><td>4457373651<\/td><td>zemn\u00fd plyn 12\/2022<\/td><td>727,20 \u20ac<\/td><td>8.12.2022<\/td><\/tr><tr><td>308<\/td><td>StVPS, a.s., Bansk\u00e1 Bystrica<\/td><td>36644030<\/td><td>2221282336<\/td><td>vodn\u00e9 a sto\u010dn\u00e9&nbsp;<\/td><td>8,84 \u20ac<\/td><td>8.12.2022<\/td><\/tr><tr><td>309<\/td><td>StVPS, a.s., Bansk\u00e1 Bystrica<\/td><td>36644030<\/td><td>2221282339<\/td><td>vodn\u00e9 a sto\u010dn\u00e9&nbsp;<\/td><td>873,14 \u20ac<\/td><td>8.12.2022<\/td><\/tr><tr><td>310<\/td><td>Zuriel, s.r.o., Nechanice, \u010cR<\/td><td>28788214<\/td><td>2022125567<\/td><td>SEVA Jumbo box 2 ks<\/td><td>80,70 \u20ac<\/td><td>12.12.2022<\/td><\/tr><tr><td>311<\/td><td>INTA, s.r.o.,&nbsp; Tren\u010d\u00edn, Ryb\u00e1rska 18<\/td><td>34129863<\/td><td>ODBRO22100663<\/td><td>odber kuchynsk\u00e9ho odberu<\/td><td>30,00 \u20ac<\/td><td>12.12.2022<\/td><\/tr><tr><td>312<\/td><td>ESV plus, s.r.o., Lu\u010denec, Poto\u010dn\u00e1 145\/43<\/td><td>36642321<\/td><td>418\/2022<\/td><td>\u0160KD &#8211; potreby<\/td><td>350,00 \u20ac<\/td><td>12.12.2022<\/td><\/tr><tr><td>313<\/td><td>E.N.E.S., s.r.o., \u0160a\u013ea, Pionierska 31<\/td><td>47480751<\/td><td>220648<\/td><td>sada \u0161portov\u00fdch potrieb<\/td><td>201,60 \u20ac<\/td><td>12.12.2022<\/td><\/tr><tr><td>314<\/td><td>VSE, a.s., Ko\u0161ice, Mlynsk\u00e1 31<\/td><td>44483767<\/td><td>7293251352<\/td><td>elektrina 11\/2022<\/td><td>424,93 \u20ac<\/td><td>12.12.2022<\/td><\/tr><tr><td>315<\/td><td>Doxx &#8211; stravn\u00e9 l\u00edstky,&nbsp; s.r.o., \u017dilina, K\u00e1lov 356<\/td><td>36391000<\/td><td>3022420991<\/td><td>stravn\u00e9 l\u00edstky<\/td><td>264,72 \u20ac<\/td><td>12.12.2022<\/td><\/tr><tr><td>316<\/td><td>inSPORTline, s.r.o., Tren\u010d\u00edn<\/td><td>36311723<\/td><td>230708696<\/td><td>volejbalov\u00e9 lopty 7 ks<\/td><td>208,75 \u20ac<\/td><td>15.12.2022<\/td><\/tr><tr><td>317<\/td><td>TAKTIK vydavate\u013estvo, s.r.o., Krompa\u0161sk\u00e1 96, Ko\u0161ice<\/td><td>45258767<\/td><td>2229860<\/td><td>u\u010debnice pre ukajinsk\u00e9ho \u017eiaka<\/td><td>124,90 \u20ac<\/td><td>15.12.2022<\/td><\/tr><tr><td>318<\/td><td>O2 Slovakia, s.r.o., Bratislava, Einsteinova 24<\/td><td>35848863<\/td><td>1601216643<\/td><td>telekomunicka\u010dn\u00e9 slu\u017eby&nbsp;<\/td><td>57,00 \u20ac<\/td><td>19.12.2022<\/td><\/tr><tr><td>319<\/td><td>Soft-tech, s.r.o., Breznica<\/td><td>45917272<\/td><td>202252217<\/td><td>tonery<\/td><td>57,32 \u20ac<\/td><td>19.12.2022<\/td><\/tr><tr><td>320<\/td><td>Krp\u010diar Pavel, Lu\u010denec, P. T\u00f3tha 33<\/td><td>&nbsp;<\/td><td>1\/12\/2022<\/td><td>preprava stravy za 12\/2022<\/td><td>70,00 \u20ac<\/td><td>19.12.2022<\/td><\/tr><tr><td>321<\/td><td>SZ\u0160 s M\u0160 DSA, Lu\u010denec, Kub\u00ednyiho 6<\/td><td>35991607<\/td><td>1\/12\/2022<\/td><td>strava za mesiac 12\/2022<\/td><td>1 526,34 \u20ac<\/td><td>19.12.2022<\/td><\/tr><tr><td>322<\/td><td>SZ\u0160 s M\u0160 DSA, Lu\u010denec, Kub\u00ednyiho 6<\/td><td>35991607<\/td><td>2\/12\/2022<\/td><td>RN zamestnanci 12\/2022<\/td><td>252,00 \u20ac<\/td><td>19.12.2022<\/td><\/tr><tr><td>323<\/td><td>SZ\u0160 s M\u0160 DSA, Lu\u010denec, Kub\u00ednyiho 6<\/td><td>35991607<\/td><td>RN\u017d 1\/12\/2022<\/td><td>RN&nbsp; \u017eiaci 12\/2022<\/td><td>384,00 \u20ac<\/td><td>19.12.2022<\/td><\/tr><tr><td>324<\/td><td>M &amp; D CONSULT, s.r.o., Lu\u010denec, A. Jir\u00e1ska 23<\/td><td>52812448<\/td><td>22VF00038<\/td><td>vedenie \u00fa\u010dtovn\u00edstva\/miezd za mesiac 12\/2022<\/td><td>450,00 \u20ac<\/td><td>20.12.2022<\/td><\/tr><tr><td>325<\/td><td>preskoly.sk, s.r.o., Bratislava, Vajnorsk\u00e1 136a<\/td><td>51692881<\/td><td>F522092191<\/td><td>u\u010debnice pre ukajinsk\u00e9ho \u017eiaka<\/td><td>17,47 \u20ac<\/td><td>20.12.2022<\/td><\/tr><tr><td>326<\/td><td>inSPORTline, s.r.o., Tren\u010d\u00edn<\/td><td>36311723<\/td><td>12300454<\/td><td>volejbalov\u00e9 lopty 12 ks<\/td><td>157,85 \u20ac<\/td><td>21.12.2022<\/td><\/tr><tr><td>327<\/td><td>ESV plus, s.r.o., Lu\u010denec, Poto\u010dn\u00e1 145\/43<\/td><td>36642321<\/td><td>428\/2022<\/td><td>kancel\u00e1rsky paprier<\/td><td>39,20 \u20ac<\/td><td>21.12.2022<\/td><\/tr><tr><td>328<\/td><td>Martinus, s.r.o., Martin, Gork\u00e9ho 4<\/td><td>45 503 249<\/td><td>1691161672<\/td><td>slovn\u00edk<\/td><td>15,95 \u20ac<\/td><td>21.12.2022<\/td><\/tr><tr><td>329<\/td><td>Martinus, s.r.o., Martin, Gork\u00e9ho 4<\/td><td>45 503 249<\/td><td>1691161671<\/td><td>knihy<\/td><td>46,60 \u20ac<\/td><td>21.12.2022<\/td><\/tr><\/tbody><\/table><\/figure>\n\n\n","protected":false},"excerpt":{"rendered":"<p>Fakt\u00fary na net Por.\u010d. Dod\u00e1vate\u013e: I\u010cO Fakt\u00fara \u010d\u00edslo Popis objednan\u00e9ho plnenia Suma v EUR D\u00e1tum doru\u010denia fakt\u00fary 297 SIGNAL-CODE, s.r.o., Lu\u010denec, Zvolensk\u00e1 cesta 31 45697515 FV20220840 pau\u0161\u00e1lny poplatok&nbsp; 12\/2022 60,00 \u20ac 1.12.2022 298 osobny\u00fadaj.sk, Ko\u0161ice, N\u00e1m. oslobodite\u013eov 3\/A, Ko\u0161ice 50528041 1022121042 pau\u0161\u00e1lny poplatok &#8211; v\u00fdkon zodpovednej osoby&nbsp; 36,00 \u20ac 1.12.2022 &hellip;<\/p>\n","protected":false},"author":1,"featured_media":0,"parent":0,"menu_order":0,"comment_status":"closed","ping_status":"closed","template":"","meta":{"ngg_post_thumbnail":0,"footnotes":""},"class_list":["post-28968","page","type-page","status-publish","hentry"],"aioseo_notices":[],"_links":{"self":[{"href":"https:\/\/www.czslc.sk\/index.php?rest_route=\/wp\/v2\/pages\/28968","targetHints":{"allow":["GET"]}}],"collection":[{"href":"https:\/\/www.czslc.sk\/index.php?rest_route=\/wp\/v2\/pages"}],"about":[{"href":"https:\/\/www.czslc.sk\/index.php?rest_route=\/wp\/v2\/types\/page"}],"author":[{"embeddable":true,"href":"https:\/\/www.czslc.sk\/index.php?rest_route=\/wp\/v2\/users\/1"}],"replies":[{"embeddable":true,"href":"https:\/\/www.czslc.sk\/index.php?rest_route=%2Fwp%2Fv2%2Fcomments&post=28968"}],"version-history":[{"count":1,"href":"https:\/\/www.czslc.sk\/index.php?rest_route=\/wp\/v2\/pages\/28968\/revisions"}],"predecessor-version":[{"id":28969,"href":"https:\/\/www.czslc.sk\/index.php?rest_route=\/wp\/v2\/pages\/28968\/revisions\/28969"}],"wp:attachment":[{"href":"https:\/\/www.czslc.sk\/index.php?rest_route=%2Fwp%2Fv2%2Fmedia&parent=28968"}],"curies":[{"name":"wp","href":"https:\/\/api.w.org\/{rel}","templated":true}]}}