{"id":28651,"date":"2022-11-09T06:35:13","date_gmt":"2022-11-09T04:35:13","guid":{"rendered":"https:\/\/www.czslc.sk\/?page_id=28651"},"modified":"2022-11-09T06:35:14","modified_gmt":"2022-11-09T04:35:14","slug":"oktober-2022","status":"publish","type":"page","link":"https:\/\/www.czslc.sk\/?page_id=28651","title":{"rendered":"Okt\u00f3ber 2022"},"content":{"rendered":"\n<table width=\"1089\">\n<tbody>\n<tr>\n<td width=\"392\">Dod\u00e1vate\u013e:<\/td>\n<td width=\"63\">I\u010cO<\/td>\n<td width=\"107\">Fakt\u00fara \u010d\u00edslo<\/td>\n<td width=\"276\">Popis objednan\u00e9ho plnenia<\/td>\n<td width=\"94\">Suma v EUR<\/td>\n<td width=\"157\">D\u00e1tum doru\u010denia fakt\u00fary<\/td>\n<\/tr>\n<tr>\n<td>Valman, s.r.o., Bansk\u00e1 Bystrica, Nov\u00fd svet 27<\/td>\n<td>44473761<\/td>\n<td>22221190<\/td>\n<td>\u0161kolsk\u00e9 ovocie<\/td>\n<td>0,00 \u20ac<\/td>\n<td>03.10.2022<\/td>\n<\/tr>\n<tr>\n<td>ESV plus, s.r.o., Lu\u010denec, Poto\u010dn\u00e1 145\/43<\/td>\n<td>36642321<\/td>\n<td>316\/2022<\/td>\n<td>kancel\u00e1rske potreby<\/td>\n<td>39,94 \u20ac<\/td>\n<td>4.10.2022<\/td>\n<\/tr>\n<tr>\n<td>SIGNAL-CODE, s.r.o., Lu\u010denec, Zvolensk\u00e1 cesta 31<\/td>\n<td>45697515<\/td>\n<td>FV20220700<\/td>\n<td>pau\u0161\u00e1lny poplatok&nbsp; 10\/2022<\/td>\n<td>60,00 \u20ac<\/td>\n<td>4.10.2022<\/td>\n<\/tr>\n<tr>\n<td>JURYKO, s.r.o., Ivanovce 261<\/td>\n<td>46018450<\/td>\n<td>220101249<\/td>\n<td>BTC okul\u00e1r do mikroskopu<\/td>\n<td>32,00 \u20ac<\/td>\n<td>4.10.2022<\/td>\n<\/tr>\n<tr>\n<td>Slovak Telekom, a.s., Bratislava, Bajkalsk\u00e1 28<\/td>\n<td>35763469<\/td>\n<td>8314601115<\/td>\n<td>telekomunicka\u010dn\u00e9 slu\u017eby&nbsp;&nbsp; 09\/2022<\/td>\n<td>40,37 \u20ac<\/td>\n<td>5.10.2022<\/td>\n<\/tr>\n<tr>\n<td>osobny\u00fadaj.sk, Ko\u0161ice, N\u00e1m. oslobodite\u013eov 3\/A, Ko\u0161ice<\/td>\n<td>50528041<\/td>\n<td>1022101070<\/td>\n<td>pau\u0161\u00e1lny poplatok &#8211; v\u00fdkon zodpovednej osoby&nbsp;<\/td>\n<td>36,00 \u20ac<\/td>\n<td>5.10.2022<\/td>\n<\/tr>\n<tr>\n<td>Ing. Milan Hric, Lu\u010denec, A. W\u00e1gnera 38<\/td>\n<td>47025883<\/td>\n<td>20220545<\/td>\n<td>slu\u017eby&nbsp; CO &#8211; 3. \u0161tvr\u0165rok<\/td>\n<td>60,00 \u20ac<\/td>\n<td>10.10.2022<\/td>\n<\/tr>\n<tr>\n<td>Lag\u00fana \u0160t\u00fdl, Dlh\u00e9 nad Cirochou 359<\/td>\n<td>34818901<\/td>\n<td>FV22285<\/td>\n<td>stoli\u010dky jed\u00e1lensk\u00e9 6 ks<\/td>\n<td>301,00 \u20ac<\/td>\n<td>10.10.2022<\/td>\n<\/tr>\n<tr>\n<td>Mgr. Ladislav Kanaba, ABT, TPO, Lu\u010denec, M. Malinovsk\u00e9ho&nbsp; 3<\/td>\n<td>40616495<\/td>\n<td>91\/2022<\/td>\n<td>pr\u00e1ca technika BOZP a PO<\/td>\n<td>80,00 \u20ac<\/td>\n<td>10.10.2022<\/td>\n<\/tr>\n<tr>\n<td>Poradca podnikate\u013ea, s.r.o., \u017dilina, M. R\u00e1zusa 23A<\/td>\n<td>31592503<\/td>\n<td>5022212406<\/td>\n<td>webin\u00e1r pre zamestnanca<\/td>\n<td>60,00 \u20ac<\/td>\n<td>10.10.2022<\/td>\n<\/tr>\n<tr>\n<td>VSE, a.s., Ko\u0161ice, Mlynsk\u00e1 31<\/td>\n<td>44483767<\/td>\n<td>4497580278<\/td>\n<td>zemn\u00fd plyn 10\/2022<\/td>\n<td>727,20 \u20ac<\/td>\n<td>10.10.2022<\/td>\n<\/tr>\n<tr>\n<td>Detronics, s.r.o., Zvolen, Buzuluck\u00e1 3<\/td>\n<td>45318565<\/td>\n<td>220137923<\/td>\n<td>pau\u0161\u00e1lny poplatok FiberLine Pro 10\/2022<\/td>\n<td>42,00 \u20ac<\/td>\n<td>10.10.2022<\/td>\n<\/tr>\n<tr>\n<td>n.o. VESNA, Bratislava, Smolenick\u00e1 14<\/td>\n<td>45739153<\/td>\n<td>82a-28-9\/2022<\/td>\n<td>\u0161kolenie pre zamestnanca<\/td>\n<td>70,00 \u20ac<\/td>\n<td>11.10.2022<\/td>\n<\/tr>\n<tr>\n<td>O2 Slovakia, s.r.o., Bratislava, Einsteinova 24<\/td>\n<td>35848863<\/td>\n<td>1431138663<\/td>\n<td>telekomunicka\u010dn\u00e9 slu\u017eby<\/td>\n<td>57,00 \u20ac<\/td>\n<td>11.10.2022<\/td>\n<\/tr>\n<tr>\n<td>VSE, a.s., Ko\u0161ice, Mlynsk\u00e1 31<\/td>\n<td>44483767<\/td>\n<td>7292235527<\/td>\n<td>elektrina 09\/2022<\/td>\n<td>317,11 \u20ac<\/td>\n<td>13.10.2022<\/td>\n<\/tr>\n<tr>\n<td>INTA, s.r.o.,&nbsp; Tren\u010d\u00edn, Ryb\u00e1rska 18<\/td>\n<td>34129863<\/td>\n<td>ODBRO22090853<\/td>\n<td>odber kuchynsk\u00e9ho odberu<\/td>\n<td>30,00 \u20ac<\/td>\n<td>13.10.2022<\/td>\n<\/tr>\n<tr>\n<td>SPOOL, a.s.., Lu\u010denec, Dr. Herza<\/td>\n<td>31586392<\/td>\n<td>920220412<\/td>\n<td>u\u017e\u00edvanie \u0161portovej haly<\/td>\n<td>25,00 \u20ac<\/td>\n<td>14.10.2022<\/td>\n<\/tr>\n<tr>\n<td>M &amp; D CONSULT, s.r.o., Lu\u010denec, A. Jir\u00e1ska 23<\/td>\n<td>52812448<\/td>\n<td>22VF00029<\/td>\n<td>vedenie \u00fa\u010dtovn\u00edstva\/miezd za mesiac 09\/2022<\/td>\n<td>450,00 \u20ac<\/td>\n<td>26.10.2022<\/td>\n<\/tr>\n<tr>\n<td>SZ\u0160 s M\u0160 DSA, Lu\u010denec, Kub\u00ednyiho 6<\/td>\n<td>35991607<\/td>\n<td>1\/10\/2022<\/td>\n<td>strava za mesiac 10\/2022<\/td>\n<td>2 596,45 \u20ac<\/td>\n<td>26.10.2022<\/td>\n<\/tr>\n<tr>\n<td>SZ\u0160 s M\u0160 DSA, Lu\u010denec, Kub\u00ednyiho 6<\/td>\n<td>35991607<\/td>\n<td>2\/10\/2022<\/td>\n<td>RN zamestnanci 10\/2022<\/td>\n<td>312,00 \u20ac<\/td>\n<td>26.10.2022<\/td>\n<\/tr>\n<tr>\n<td>SZ\u0160 s M\u0160 DSA, Lu\u010denec, Kub\u00ednyiho 6<\/td>\n<td>35991607<\/td>\n<td>RN\u017d1\/10\/2022<\/td>\n<td>RN \u017eiaci 10\/2022<\/td>\n<td>384,00 \u20ac<\/td>\n<td>26.10.2022<\/td>\n<\/tr>\n<tr>\n<td>Krp\u010diar Pavel, Lu\u010denec, P. T\u00f3tha 33<\/td>\n<td>&nbsp;<\/td>\n<td>1\/10\/2022<\/td>\n<td>preprava stravy za 10\/2022<\/td>\n<td>70,00 \u20ac<\/td>\n<td>26.10.2022<\/td>\n<\/tr>\n<tr>\n<td>SATEL-SLOVAKIA, s.r.o., Poprad, Mnohe\u013eova 825<\/td>\n<td>31712797<\/td>\n<td>5022230<\/td>\n<td>ubytovanie &#8211; preddavok<\/td>\n<td>145,00 \u20ac<\/td>\n<td>26.10.2022<\/td>\n<\/tr>\n<tr>\n<td>SATEL-SLOVAKIA, s.r.o., Poprad, Mnohe\u013eova 825<\/td>\n<td>31712797<\/td>\n<td>6422291<\/td>\n<td>ubytovanie &#8211; doplatok<\/td>\n<td>0,00 \u20ac<\/td>\n<td>26.10.2022<\/td>\n<\/tr>\n<\/tbody>\n<\/table>\n\n\n","protected":false},"excerpt":{"rendered":"<p>Dod\u00e1vate\u013e: I\u010cO Fakt\u00fara \u010d\u00edslo Popis objednan\u00e9ho plnenia Suma v EUR D\u00e1tum doru\u010denia fakt\u00fary Valman, s.r.o., Bansk\u00e1 Bystrica, Nov\u00fd svet 27 44473761 22221190 \u0161kolsk\u00e9 ovocie 0,00 \u20ac 03.10.2022 ESV plus, s.r.o., Lu\u010denec, Poto\u010dn\u00e1 145\/43 36642321 316\/2022 kancel\u00e1rske potreby 39,94 \u20ac 4.10.2022 SIGNAL-CODE, s.r.o., Lu\u010denec, Zvolensk\u00e1 cesta 31 45697515 FV20220700 pau\u0161\u00e1lny poplatok&nbsp; &hellip;<\/p>\n","protected":false},"author":1,"featured_media":0,"parent":0,"menu_order":0,"comment_status":"closed","ping_status":"closed","template":"","meta":{"ngg_post_thumbnail":0,"footnotes":""},"class_list":["post-28651","page","type-page","status-publish","hentry"],"aioseo_notices":[],"_links":{"self":[{"href":"https:\/\/www.czslc.sk\/index.php?rest_route=\/wp\/v2\/pages\/28651","targetHints":{"allow":["GET"]}}],"collection":[{"href":"https:\/\/www.czslc.sk\/index.php?rest_route=\/wp\/v2\/pages"}],"about":[{"href":"https:\/\/www.czslc.sk\/index.php?rest_route=\/wp\/v2\/types\/page"}],"author":[{"embeddable":true,"href":"https:\/\/www.czslc.sk\/index.php?rest_route=\/wp\/v2\/users\/1"}],"replies":[{"embeddable":true,"href":"https:\/\/www.czslc.sk\/index.php?rest_route=%2Fwp%2Fv2%2Fcomments&post=28651"}],"version-history":[{"count":1,"href":"https:\/\/www.czslc.sk\/index.php?rest_route=\/wp\/v2\/pages\/28651\/revisions"}],"predecessor-version":[{"id":28652,"href":"https:\/\/www.czslc.sk\/index.php?rest_route=\/wp\/v2\/pages\/28651\/revisions\/28652"}],"wp:attachment":[{"href":"https:\/\/www.czslc.sk\/index.php?rest_route=%2Fwp%2Fv2%2Fmedia&parent=28651"}],"curies":[{"name":"wp","href":"https:\/\/api.w.org\/{rel}","templated":true}]}}