{"id":28389,"date":"2022-10-15T15:46:00","date_gmt":"2022-10-15T13:46:00","guid":{"rendered":"https:\/\/www.czslc.sk\/?page_id=28389"},"modified":"2022-10-15T15:46:02","modified_gmt":"2022-10-15T13:46:02","slug":"september-2022","status":"publish","type":"page","link":"https:\/\/www.czslc.sk\/?page_id=28389","title":{"rendered":"September 2022"},"content":{"rendered":"\n<p>Fakt\u00fary na net<\/p>\n\n\n\n<figure class=\"wp-block-table\"><table><tbody><tr><td>Dod\u00e1vate\u013e:<\/td><td>I\u010cO<\/td><td>Fakt\u00fara \u010d\u00edslo<\/td><td>Popis objednan\u00e9ho plnenia<\/td><td>Suma v EUR<\/td><td>D\u00e1tum doru\u010denia fakt\u00fary<\/td><\/tr><tr><td>RETRO LC, s.r.o., Lu\u010denec, Podjavorinskej 21<\/td><td>45512205<\/td><td>22250412<\/td><td>Kuchynsk\u00e9 potreby<\/td><td>136,22 \u20ac<\/td><td>5.9.2022<\/td><\/tr><tr><td>SIGNAL-CODE, s.r.o., Lu\u010denec, Zvolensk\u00e1 cesta 31<\/td><td>45697515<\/td><td>FV2022630<\/td><td>pau\u0161\u00e1lny poplatok&nbsp; 09\/2022<\/td><td>60,00 \u20ac<\/td><td>5.9.2022<\/td><\/tr><tr><td>osobny\u00fadaj.sk, Ko\u0161ice, N\u00e1m. oslobodite\u013eov 3\/A, Ko\u0161ice<\/td><td>50528041<\/td><td>1022091073<\/td><td>pau\u0161\u00e1lny poplatok &#8211; v\u00fdkon zodpovednej osoby&nbsp;<\/td><td>36,00 \u20ac<\/td><td>5.9.2022<\/td><\/tr><tr><td>j2 sudio, s.r.o., Lu\u010denec, R\u00fabanisko III\/378<\/td><td>52092135<\/td><td>202209001<\/td><td>n\u00e1bytok &#8211; skrinky pre 1. stupe\u0148<\/td><td>3 690,00 \u20ac<\/td><td>5.9.2022<\/td><\/tr><tr><td>Komensky, s.r.o., Ko\u0161ice, Park ml\u00e1de\u017ee 1<\/td><td>43908977<\/td><td>70720857<\/td><td>Bez kriedy plus 2022\/2023<\/td><td>30,00 \u20ac<\/td><td>6.9.2022<\/td><\/tr><tr><td>Slovak Telekom, a.s., Bratislava, Bajkalsk\u00e1 28<\/td><td>35763469<\/td><td>8312765102<\/td><td>telekomunicka\u010dn\u00e9 slu\u017eby 08\/2022<\/td><td>40,00 \u20ac<\/td><td>6.9.2022<\/td><\/tr><tr><td>DIFKO Robert, Lu\u010denec, R\u00fabanisko II 418\/8<\/td><td>51822504<\/td><td>10220004<\/td><td>\u010distenie \u017e\u013eabov<\/td><td>450,00 \u20ac<\/td><td>6.9.2022<\/td><\/tr><tr><td>VSE, a.s., Ko\u0161ice, Mlynsk\u00e1 31<\/td><td>44483767<\/td><td>4490457480<\/td><td>zemn\u00fd plyn 09\/2022<\/td><td>727,20 \u20ac<\/td><td>8.9.2022<\/td><\/tr><tr><td>Detronics, s.r.o., Zvolen, Buzuluck\u00e1 3<\/td><td>45318565<\/td><td>220134046<\/td><td>pau\u0161\u00e1lny poplatok FiberLine Pro 09\/2022<\/td><td>42,00 \u20ac<\/td><td>8.9.2022<\/td><\/tr><tr><td>Richard&nbsp;&nbsp; \u0160rob\u00e1r &#8211; Littera, M. R. \u0160tef\u00e1nika 22, Martin<\/td><td>33580511<\/td><td>VF220890<\/td><td>u\u010debnice anglick\u00e9ho jazyka<\/td><td>2 570,00 \u20ac<\/td><td>8.9.2022<\/td><\/tr><tr><td>TAKTIK vydavate\u013estvo, s.r.o., Krompa\u0161sk\u00e1 96, Ko\u0161ice<\/td><td>45258767<\/td><td>2214847<\/td><td>u\u010debnice slovensk\u00e9ho jazyka<\/td><td>471,20 \u20ac<\/td><td>8.9.2022<\/td><\/tr><tr><td>Mgr. Ladislav Kanaba, ABT, TPO, Lu\u010denec, M. Malinovsk\u00e9ho&nbsp; 3<\/td><td>40616495<\/td><td>81\/2022<\/td><td>pr\u00e1ca technika BOZP a PO 08\/2022<\/td><td>80,00 \u20ac<\/td><td>9.9.2022<\/td><\/tr><tr><td>VSE, a.s., Ko\u0161ice, Mlynsk\u00e1 31<\/td><td>44483767<\/td><td>7293834336<\/td><td>elektrina 08\/2022<\/td><td>173,87 \u20ac<\/td><td>12.9.2022<\/td><\/tr><tr><td>AITEC, s.r.o. Bratislava, Slovinsk\u00e1 12<\/td><td>43829171<\/td><td>ZF<\/td><td>u\u010debnice<\/td><td>65,56 \u20ac<\/td><td>12.9.2022<\/td><\/tr><tr><td>O2 Slovakia, s.r.o., Bratislava, Einsteinova 24<\/td><td>35848863<\/td><td>1431115654<\/td><td>telekomunicka\u010dn\u00e9 slu\u017eby<\/td><td>57,00 \u20ac<\/td><td>14.9.2022<\/td><\/tr><tr><td>Webglobe, a.s., Bratislava, Star\u00e1 Prievozsk\u00e1 2<\/td><td>52486567<\/td><td>2285035395<\/td><td>webhosting&nbsp; mailovej adresy<\/td><td>97,09 \u20ac<\/td><td>19.9.2022<\/td><\/tr><tr><td>Asoci\u00e1cia s\u00fakrom. \u0161k\u00f4l a \u0161kol. zariaden\u00ed, SNP 33, Lipt. Hr\u00e1dok<\/td><td>30815312<\/td><td>20220368<\/td><td>Bedeker<\/td><td>25,00 \u20ac<\/td><td>20.9.2022<\/td><\/tr><tr><td>Slovensk\u00e1 po\u0161ta, a.s., Bansk\u00e1 Bystrica, Partiz\u00e1nska cesta 9<\/td><td>36631124<\/td><td>9001542626<\/td><td>\u0160eky 700 ks<\/td><td>12,59 \u20ac<\/td><td>21.9.2022<\/td><\/tr><tr><td>ASC Applied Software, s.r.o., Bratislava, Svoradova 7\/1<\/td><td>31361161<\/td><td>9122004635<\/td><td>\u010dipy&nbsp; pre \u017eiakov<\/td><td>80,00 \u20ac<\/td><td>21.9.2022<\/td><\/tr><tr><td>Doxx &#8211; stravn\u00e9 l\u00edstky,&nbsp; s.r.o., \u017dilina, K\u00e1lov 356<\/td><td>36391000<\/td><td>3022409463<\/td><td>Dobropis&nbsp; za vr\u00e1ten\u00e9 stravn\u00e9 l\u00edstky<\/td><td>-315,00 \u20ac<\/td><td>21.9.2022<\/td><\/tr><tr><td>Dr. Jozef Raabe Slovensko, Heydukova 12-14, Bratislava<\/td><td>35908718<\/td><td>202215496<\/td><td>u\u010debnice ch\u00e9mie<\/td><td>80,00 \u20ac<\/td><td>22.9.2022<\/td><\/tr><tr><td>M &amp; D CONSULT, s.r.o., Lu\u010denec, A. Jir\u00e1ska 23<\/td><td>52812448<\/td><td>22VF00025<\/td><td>vedenie \u00fa\u010dtovn\u00edstva\/miezd za mesiac 08\/2022<\/td><td>450,00 \u20ac<\/td><td>22.9.2022<\/td><\/tr><tr><td>Wolter Kluwer SR, s.r.o., Mlynsk\u00e9 nivy 48, Bratislava 2<\/td><td>31348262<\/td><td>1002367135<\/td><td>odoberanie odbornej literat\u00fary<\/td><td>209,00 \u20ac<\/td><td>23.9.2022<\/td><\/tr><tr><td>ZEBRA HYGIENA, s.r.o.Betliarska 22, Bratislava<\/td><td>53111010<\/td><td>10221626<\/td><td>skladan\u00e9 utierky<\/td><td>56,99 \u20ac<\/td><td>23.9.2022<\/td><\/tr><tr><td>Ekotec, s.r.o., Bratislava, Lama\u010dsk\u00e1 cesta 20<\/td><td>687022<\/td><td>22kdi01128<\/td><td>rev\u00edzia vonkaj\u0161ieho ihriska<\/td><td>193,20 \u20ac<\/td><td>27.9.2022<\/td><\/tr><tr><td>Krp\u010diar Pavel, Lu\u010denec, P. T\u00f3tha 33<\/td><td><\/td><td>1\/9\/2022 PS<\/td><td>preprava stravy za 09\/2022<\/td><td>70,00 \u20ac<\/td><td>28.9.2022<\/td><\/tr><tr><td>SZ\u0160 s M\u0160 DSA, Lu\u010denec, Kub\u00ednyiho 6<\/td><td>35991607<\/td><td>2\/9\/2022<\/td><td>re\u017eijn\u00e9 n\u00e1klady zamestnancov<\/td><td>252,00 \u20ac<\/td><td>28.9.2022<\/td><\/tr><tr><td>SZ\u0160 s M\u0160 DSA, Lu\u010denec, Kub\u00ednyiho 6<\/td><td>35991607<\/td><td>2\/5\/2022<\/td><td>strava za mesiac 09\/2022<\/td><td>2 441,62 \u20ac<\/td><td>28.9.2022<\/td><\/tr><\/tbody><\/table><\/figure>\n\n\n","protected":false},"excerpt":{"rendered":"<p>Fakt\u00fary na net Dod\u00e1vate\u013e: I\u010cO Fakt\u00fara \u010d\u00edslo Popis objednan\u00e9ho plnenia Suma v EUR D\u00e1tum doru\u010denia fakt\u00fary RETRO LC, s.r.o., Lu\u010denec, Podjavorinskej 21 45512205 22250412 Kuchynsk\u00e9 potreby 136,22 \u20ac 5.9.2022 SIGNAL-CODE, s.r.o., Lu\u010denec, Zvolensk\u00e1 cesta 31 45697515 FV2022630 pau\u0161\u00e1lny poplatok&nbsp; 09\/2022 60,00 \u20ac 5.9.2022 osobny\u00fadaj.sk, Ko\u0161ice, N\u00e1m. oslobodite\u013eov 3\/A, Ko\u0161ice 50528041 &hellip;<\/p>\n","protected":false},"author":1,"featured_media":0,"parent":0,"menu_order":0,"comment_status":"closed","ping_status":"closed","template":"","meta":{"ngg_post_thumbnail":0,"footnotes":""},"class_list":["post-28389","page","type-page","status-publish","hentry"],"aioseo_notices":[],"_links":{"self":[{"href":"https:\/\/www.czslc.sk\/index.php?rest_route=\/wp\/v2\/pages\/28389","targetHints":{"allow":["GET"]}}],"collection":[{"href":"https:\/\/www.czslc.sk\/index.php?rest_route=\/wp\/v2\/pages"}],"about":[{"href":"https:\/\/www.czslc.sk\/index.php?rest_route=\/wp\/v2\/types\/page"}],"author":[{"embeddable":true,"href":"https:\/\/www.czslc.sk\/index.php?rest_route=\/wp\/v2\/users\/1"}],"replies":[{"embeddable":true,"href":"https:\/\/www.czslc.sk\/index.php?rest_route=%2Fwp%2Fv2%2Fcomments&post=28389"}],"version-history":[{"count":1,"href":"https:\/\/www.czslc.sk\/index.php?rest_route=\/wp\/v2\/pages\/28389\/revisions"}],"predecessor-version":[{"id":28390,"href":"https:\/\/www.czslc.sk\/index.php?rest_route=\/wp\/v2\/pages\/28389\/revisions\/28390"}],"wp:attachment":[{"href":"https:\/\/www.czslc.sk\/index.php?rest_route=%2Fwp%2Fv2%2Fmedia&parent=28389"}],"curies":[{"name":"wp","href":"https:\/\/api.w.org\/{rel}","templated":true}]}}