{"id":27930,"date":"2022-08-18T10:30:38","date_gmt":"2022-08-18T08:30:38","guid":{"rendered":"https:\/\/www.czslc.sk\/?page_id=27930"},"modified":"2022-08-18T10:30:39","modified_gmt":"2022-08-18T08:30:39","slug":"jul-2022","status":"publish","type":"page","link":"https:\/\/www.czslc.sk\/?page_id=27930","title":{"rendered":"J\u00fal 2022"},"content":{"rendered":"\n<table width=\"1033\">\n<tbody>\n<tr>\n<td width=\"382\">Dod\u00e1vate\u013e:<\/td>\n<td width=\"80\">I\u010cO<\/td>\n<td width=\"109\">Fakt\u00fara \u010d\u00edslo<\/td>\n<td width=\"220\">Popis objednan\u00e9ho plnenia<\/td>\n<td width=\"79\">Suma v EUR<\/td>\n<td width=\"163\">D\u00e1tum doru\u010denia fakt\u00fary<\/td>\n<\/tr>\n<tr>\n<td>Mgr. Michal Mur\u00edn, Bratislava, Pri vinohradoch 214<\/td>\n<td>51854341<\/td>\n<td>2022003<\/td>\n<td>rozvojov\u00fd program<\/td>\n<td>1 000,00 \u20ac<\/td>\n<td>1.7.2022<\/td>\n<\/tr>\n<tr>\n<td>STENEZI, s.r.o., Lu\u010denec, Novohradsk\u00e1 14<\/td>\n<td>53250524<\/td>\n<td>0202022<\/td>\n<td>plastov\u00e9 okn\u00e1 &#8211; z\u00e1loha<\/td>\n<td>11 600,00 \u20ac<\/td>\n<td>1.7.2022<\/td>\n<\/tr>\n<tr>\n<td>ESV plus, s.r.o., Lu\u010denec, Poto\u010dn\u00e1 43<\/td>\n<td>36642321<\/td>\n<td>219\/2022<\/td>\n<td>kancel\u00e1rske potreby<\/td>\n<td>128,80 \u20ac<\/td>\n<td>4.7.2022<\/td>\n<\/tr>\n<tr>\n<td>Mgr. Ladislav Kanaba, ABT, TPO, Lu\u010denec, M. Malinovsk\u00e9ho&nbsp; 3<\/td>\n<td>40616495<\/td>\n<td>61\/2022<\/td>\n<td>pr\u00e1ca technika BOZP a PO<\/td>\n<td>80,00 \u20ac<\/td>\n<td>4.7.2022<\/td>\n<\/tr>\n<tr>\n<td>SIGNAL-CODE, s.r.o., Lu\u010denec, Zvolensk\u00e1 cesta 31<\/td>\n<td>45697515<\/td>\n<td>20220480<\/td>\n<td>pau\u0161\u00e1lny poplatok 07\/2022<\/td>\n<td>60,00 \u20ac<\/td>\n<td>4.7.2022<\/td>\n<\/tr>\n<tr>\n<td>Ing. Milan Hric, Lu\u010denec, A. W\u00e1gnera 38<\/td>\n<td>47025883<\/td>\n<td>20220356<\/td>\n<td>2. \u0161tvr\u0165rok &#8211; slu\u017eby civilnej ochrany<\/td>\n<td>60,00 \u20ac<\/td>\n<td>7.7.2022<\/td>\n<\/tr>\n<tr>\n<td>osobny\u00fadaj.sk, Ko\u0161ice, N\u00e1m. oslobodite\u013eov 3\/A, Ko\u0161ice<\/td>\n<td>50528041<\/td>\n<td>1022071095<\/td>\n<td>V\u00fdkon zodpovednej osoby 7\/2022<\/td>\n<td>36,00 \u20ac<\/td>\n<td>12.7.2022<\/td>\n<\/tr>\n<tr>\n<td>VSE, a.s., Ko\u0161ice, Mlynsk\u00e1 31<\/td>\n<td>44483767<\/td>\n<td>4467506644<\/td>\n<td>zemn\u00fd plyn 07\/2022<\/td>\n<td>727,20 \u20ac<\/td>\n<td>12.7.2022<\/td>\n<\/tr>\n<tr>\n<td>Detronics, s.r.o., Zvolen, Buzuluck\u00e1 3<\/td>\n<td>45318565<\/td>\n<td>220126458<\/td>\n<td>pau\u0161\u00e1lny poplatok 07\/2022<\/td>\n<td>42,00 \u20ac<\/td>\n<td>12.7.2022<\/td>\n<\/tr>\n<tr>\n<td>VSE, a.s., Ko\u0161ice, Mlynsk\u00e1 31<\/td>\n<td>44483767<\/td>\n<td>7292361911<\/td>\n<td>zemn\u00fd plyn 06\/2022<\/td>\n<td>279,91 \u20ac<\/td>\n<td>13.7.2022<\/td>\n<\/tr>\n<tr>\n<td>Datacomp, s.r.o., Ko\u0161ice, Moldavsk\u00e1 cesta 49<\/td>\n<td>36212466<\/td>\n<td>FA-2228162<\/td>\n<td>SSD 3 ks<\/td>\n<td>85,26 \u20ac<\/td>\n<td>13.7.2022<\/td>\n<\/tr>\n<tr>\n<td>Barnab\u00e1\u0161 Mag, \u0160urice , Mal\u00e1 31<\/td>\n<td>40615367<\/td>\n<td>6\/2022<\/td>\n<td>ma\u013eovanie kuchynsk\u00fdch priestorov<\/td>\n<td>500,00 \u20ac<\/td>\n<td>13.7.2022<\/td>\n<\/tr>\n<tr>\n<td>TMN, s.r.o., Fi\u013eakovo, Gork\u00e9ho 29<\/td>\n<td>47171073<\/td>\n<td>VF\/220037<\/td>\n<td>ubytovanie &#8211; metodick\u00e9 dni<\/td>\n<td>1 108,50 \u20ac<\/td>\n<td>13.7.2022<\/td>\n<\/tr>\n<tr>\n<td>Ja\u0159\u00e1b, s.r.o., \u010cR, Krava\u0159e, Hlu\u010d\u00ednska 158<\/td>\n<td>10987185<\/td>\n<td>71220727<\/td>\n<td>SSD<\/td>\n<td>89,09 \u20ac<\/td>\n<td>14.7.2022<\/td>\n<\/tr>\n<tr>\n<td>O2 Slovakia, s.r.o., Bratislava, Einsteinova 24<\/td>\n<td>35848863<\/td>\n<td>1411073266<\/td>\n<td>telekomunika\u010dn\u00e9 slu\u017eby<\/td>\n<td>57,00 \u20ac<\/td>\n<td>19.7.2022<\/td>\n<\/tr>\n<tr>\n<td>INTA, s.r.o.,&nbsp; Tren\u010d\u00edn, Ryb\u00e1rska 18<\/td>\n<td>34129863<\/td>\n<td>ODBRO22060241<\/td>\n<td>zber kuchynsk\u00e9ho odpadu<\/td>\n<td>30,00 \u20ac<\/td>\n<td>19.7.2022<\/td>\n<\/tr>\n<tr>\n<td>Enyo, s.r.o., Zvolen, D. Ertla 11<\/td>\n<td>46448926<\/td>\n<td>2022014<\/td>\n<td width=\"220\">worshop s n\u00e1zvom &#8222;Hlas &#8211; re\u010d ako prostriedok individu\u00e1lneho v\u00fdrazu<\/td>\n<td>180,00 \u20ac<\/td>\n<td>21.7.2022<\/td>\n<\/tr>\n<tr>\n<td>M&amp;D CONSULT, s.r.o., Lu\u010denec, A. Jir\u00e1ska 23<\/td>\n<td>52812448<\/td>\n<td>22VF00021<\/td>\n<td width=\"220\">spracovanie \u00fa\u010dtovn\u00edctva a miezd 06\/2022<\/td>\n<td>450,00 \u20ac<\/td>\n<td>22.7.2022<\/td>\n<\/tr>\n<tr>\n<td>\u0160EVT, a.s., Bystrica Bystrica, Cement\u00e1rensk\u00e1 16<\/td>\n<td>31331131<\/td>\n<td>ZF1222206516<\/td>\n<td>telekomunika\u010dn\u00e9 slu\u017eby<\/td>\n<td>103,94 \u20ac<\/td>\n<td>22.7.2022<\/td>\n<\/tr>\n<\/tbody>\n<\/table>\n","protected":false},"excerpt":{"rendered":"<p>Dod\u00e1vate\u013e: I\u010cO Fakt\u00fara \u010d\u00edslo Popis objednan\u00e9ho plnenia Suma v EUR D\u00e1tum doru\u010denia fakt\u00fary Mgr. Michal Mur\u00edn, Bratislava, Pri vinohradoch 214 51854341 2022003 rozvojov\u00fd program 1 000,00 \u20ac 1.7.2022 STENEZI, s.r.o., Lu\u010denec, Novohradsk\u00e1 14 53250524 0202022 plastov\u00e9 okn\u00e1 &#8211; z\u00e1loha 11 600,00 \u20ac 1.7.2022 ESV plus, s.r.o., Lu\u010denec, Poto\u010dn\u00e1 43 36642321 &hellip;<\/p>\n","protected":false},"author":1,"featured_media":0,"parent":0,"menu_order":0,"comment_status":"closed","ping_status":"closed","template":"","meta":{"ngg_post_thumbnail":0,"footnotes":""},"class_list":["post-27930","page","type-page","status-publish","hentry"],"aioseo_notices":[],"_links":{"self":[{"href":"https:\/\/www.czslc.sk\/index.php?rest_route=\/wp\/v2\/pages\/27930","targetHints":{"allow":["GET"]}}],"collection":[{"href":"https:\/\/www.czslc.sk\/index.php?rest_route=\/wp\/v2\/pages"}],"about":[{"href":"https:\/\/www.czslc.sk\/index.php?rest_route=\/wp\/v2\/types\/page"}],"author":[{"embeddable":true,"href":"https:\/\/www.czslc.sk\/index.php?rest_route=\/wp\/v2\/users\/1"}],"replies":[{"embeddable":true,"href":"https:\/\/www.czslc.sk\/index.php?rest_route=%2Fwp%2Fv2%2Fcomments&post=27930"}],"version-history":[{"count":2,"href":"https:\/\/www.czslc.sk\/index.php?rest_route=\/wp\/v2\/pages\/27930\/revisions"}],"predecessor-version":[{"id":27934,"href":"https:\/\/www.czslc.sk\/index.php?rest_route=\/wp\/v2\/pages\/27930\/revisions\/27934"}],"wp:attachment":[{"href":"https:\/\/www.czslc.sk\/index.php?rest_route=%2Fwp%2Fv2%2Fmedia&parent=27930"}],"curies":[{"name":"wp","href":"https:\/\/api.w.org\/{rel}","templated":true}]}}