{"id":27928,"date":"2022-08-18T10:28:59","date_gmt":"2022-08-18T08:28:59","guid":{"rendered":"https:\/\/www.czslc.sk\/?page_id=27928"},"modified":"2022-08-18T10:29:20","modified_gmt":"2022-08-18T08:29:20","slug":"jun-2022","status":"publish","type":"page","link":"https:\/\/www.czslc.sk\/?page_id=27928","title":{"rendered":"J\u00fan 2022"},"content":{"rendered":"\n<table width=\"972\">\n<tbody>\n<tr>\n<td width=\"354\">Dod\u00e1vate\u013e:<\/td>\n<td width=\"75\">I\u010cO<\/td>\n<td width=\"107\">Fakt\u00fara \u010d\u00edslo<\/td>\n<td width=\"201\">Popis objednan\u00e9ho plnenia<\/td>\n<td width=\"78\">Suma v EUR<\/td>\n<td width=\"157\">D\u00e1tum doru\u010denia fakt\u00fary<\/td>\n<\/tr>\n<tr>\n<td>AITEC, s.r.o. Bratislava, Slovinsk\u00e1 12<\/td>\n<td>43829171<\/td>\n<td>ZF<\/td>\n<td>u\u010debnice pre \u0161k. rok 2022\/2023<\/td>\n<td>417,56 \u20ac<\/td>\n<td>2.6.2022<\/td>\n<\/tr>\n<tr>\n<td>AITEC, s.r.o. Bratislava, Slovinsk\u00e1 12<\/td>\n<td>43829171<\/td>\n<td>ZF<\/td>\n<td>u\u010debnice pre \u0161k. rok 2022\/2023<\/td>\n<td>234,30 \u20ac<\/td>\n<td>2.6.2022<\/td>\n<\/tr>\n<tr>\n<td>AITEC, s.r.o. Bratislava, Slovinsk\u00e1 12<\/td>\n<td>43829171<\/td>\n<td>ZF<\/td>\n<td>u\u010debnice pre \u0161k. rok 2022\/2023<\/td>\n<td>115,50 \u20ac<\/td>\n<td>2.6.2022<\/td>\n<\/tr>\n<tr>\n<td>AITEC, s.r.o. Bratislava, Slovinsk\u00e1 12<\/td>\n<td>43829171<\/td>\n<td>ZF<\/td>\n<td>u\u010debnice pre \u0161k. rok 2022\/2023<\/td>\n<td>371,91 \u20ac<\/td>\n<td>2.6.2022<\/td>\n<\/tr>\n<tr>\n<td>AITEC, s.r.o. Bratislava, Slovinsk\u00e1 12<\/td>\n<td>43829171<\/td>\n<td>ZF<\/td>\n<td>CD k u\u010debniciam<\/td>\n<td>37,80 \u20ac<\/td>\n<td>2.6.2022<\/td>\n<\/tr>\n<tr>\n<td>AITEC, s.r.o. Bratislava, Slovinsk\u00e1 12<\/td>\n<td>43829171<\/td>\n<td>ZF<\/td>\n<td>CD k u\u010debniciam<\/td>\n<td>25,20 \u20ac<\/td>\n<td>2.6.2022<\/td>\n<\/tr>\n<tr>\n<td>AITEC, s.r.o. Bratislava, Slovinsk\u00e1 12<\/td>\n<td>43829171<\/td>\n<td>ZF<\/td>\n<td>CD k u\u010debniciam<\/td>\n<td>25,20 \u20ac<\/td>\n<td>2.6.2022<\/td>\n<\/tr>\n<tr>\n<td>AITEC, s.r.o. Bratislava, Slovinsk\u00e1 12<\/td>\n<td>43829171<\/td>\n<td>ZF<\/td>\n<td>CD k u\u010debniciam<\/td>\n<td>25,20 \u20ac<\/td>\n<td>2.6.2022<\/td>\n<\/tr>\n<tr>\n<td>AITEC, s.r.o. Bratislava, Slovinsk\u00e1 12<\/td>\n<td>43829171<\/td>\n<td>ZF<\/td>\n<td>CD k u\u010debniciam<\/td>\n<td>37,80 \u20ac<\/td>\n<td>2.6.2022<\/td>\n<\/tr>\n<tr>\n<td>AITEC, s.r.o. Bratislava, Slovinsk\u00e1 12<\/td>\n<td>43829171<\/td>\n<td>ZF<\/td>\n<td>CD k u\u010debniciam<\/td>\n<td>12,60 \u20ac<\/td>\n<td>2.6.2022<\/td>\n<\/tr>\n<tr>\n<td>osobny\u00fadaj.sk, Ko\u0161ice, N\u00e1m. oslobodite\u013eov 3\/A, Ko\u0161ice<\/td>\n<td>50528041<\/td>\n<td>1022061091<\/td>\n<td>V\u00fdkon zodpovednej osoby 6\/2022<\/td>\n<td>36,00 \u20ac<\/td>\n<td>2.6.2022<\/td>\n<\/tr>\n<tr>\n<td>aSc Applied Software, Bratislava, Svoradova 7\/1<\/td>\n<td>31361161<\/td>\n<td>9122001044<\/td>\n<td>aSc agenda komplet 2023<\/td>\n<td>439,00 \u20ac<\/td>\n<td>2.6.2022<\/td>\n<\/tr>\n<tr>\n<td>SIGNAL-CODE, s.r.o., Lu\u010denec, Zvolensk\u00e1 cesta 31<\/td>\n<td>45697515<\/td>\n<td>FV20220394<\/td>\n<td>Pau\u0161\u00e1lny poplatok 06\/2022<\/td>\n<td>60,00 \u20ac<\/td>\n<td>2.6.2022<\/td>\n<\/tr>\n<tr>\n<td>CK Slnie\u010dko, s.r.o. Tren\u010d\u00edn<\/td>\n<td>43840949<\/td>\n<td>0706-20220160<\/td>\n<td>\u0161kola v pr\u00edrode<\/td>\n<td>4 650,00 \u20ac<\/td>\n<td>7.6.2022<\/td>\n<\/tr>\n<tr>\n<td>Slovak Telekom, a.s.,&nbsp; Bratislava<\/td>\n<td>35763469<\/td>\n<td>8307187258<\/td>\n<td>telekomunika\u010dn\u00e9 slu\u017eby<\/td>\n<td>40,00 \u20ac<\/td>\n<td>7.6.2022<\/td>\n<\/tr>\n<tr>\n<td>innogy Slovensko, s.r.o., Bratislava<\/td>\n<td>44291809<\/td>\n<td>4445076659<\/td>\n<td>zemn\u00fd plyn 06\/2022<\/td>\n<td>727,20 \u20ac<\/td>\n<td>7.6.2022<\/td>\n<\/tr>\n<tr>\n<td>Mgr. L. Kanaba &#8211; ABT, TPO, Lu\u010denec<\/td>\n<td>40616495<\/td>\n<td>512022<\/td>\n<td>pau\u0161\u00e1lny poplatok&nbsp; technika BOZP<\/td>\n<td>80,00 \u20ac<\/td>\n<td>8.6.2022<\/td>\n<\/tr>\n<tr>\n<td>O2 Slovakia, s.r.o., Bratislava, Einsteinova 24<\/td>\n<td>35848863<\/td>\n<td>1601079606<\/td>\n<td>telekomunika\u010dn\u00e9 slu\u017eby<\/td>\n<td>26,75 \u20ac<\/td>\n<td>10.6.2022<\/td>\n<\/tr>\n<tr>\n<td>VSE, a.s., Ko\u0161ice, Mlynsk\u00e1 31<\/td>\n<td>44483767<\/td>\n<td>7292458918<\/td>\n<td>elektrina 05\/2022<\/td>\n<td>343,33 \u20ac<\/td>\n<td>13.6.2022<\/td>\n<\/tr>\n<tr>\n<td>SPOOL, a.s.., Lu\u010denec, Dr. Herza<\/td>\n<td>31586392<\/td>\n<td>920220226<\/td>\n<td>u\u017e\u00edvanie \u0161portovej haly<\/td>\n<td>40,00 \u20ac<\/td>\n<td>13.6.2022<\/td>\n<\/tr>\n<tr>\n<td>INTA, s.r.o.,&nbsp; Tren\u010d\u00edn, Ryb\u00e1rska 18<\/td>\n<td>34129863<\/td>\n<td>ODBRO22050252<\/td>\n<td>odber kuchynsk\u00e9ho odberu<\/td>\n<td>30,00 \u20ac<\/td>\n<td>14.6.2022<\/td>\n<\/tr>\n<tr>\n<td>Nay, a.s., Bratislava, Tuhovsk\u00e1 15<\/td>\n<td>35739487<\/td>\n<td>4720179138<\/td>\n<td>tepova\u010d na koberce<\/td>\n<td>198,99 \u20ac<\/td>\n<td>14.6.2022<\/td>\n<\/tr>\n<tr>\n<td>M&amp;D Consult, s.r.o., Lu\u010denec<\/td>\n<td>52812448<\/td>\n<td>22VF00016<\/td>\n<td>spracovanie \u00fa\u010dtovn\u00edctva a miezd<\/td>\n<td>450,00 \u20ac<\/td>\n<td>15.6.2022<\/td>\n<\/tr>\n<tr>\n<td>Asoci\u00e1cia s\u00fakr. \u0160k\u00f4l a \u0161k. zariaden\u00ed, Liptovsk\u00fd Hr\u00e1dok<\/td>\n<td>30815312<\/td>\n<td>20220317<\/td>\n<td>\u0161kolenie riadite\u013eov Z\u0160<\/td>\n<td>25,00 \u20ac<\/td>\n<td>15.6.2022<\/td>\n<\/tr>\n<tr>\n<td>Sierra Enterprises, s.r.o., Lu\u010denec, Fi\u013e. Cesta 285<\/td>\n<td>22600066<\/td>\n<td>22600188<\/td>\n<td>\u010distenie kanaliz. Syst\u00e9mu<\/td>\n<td>210,00 \u20ac<\/td>\n<td>24.6.2022<\/td>\n<\/tr>\n<tr>\n<td>Mgr. Katar\u00edna Gado\u0161ov\u00e1, Bratislava, V\u00edg\u013ea\u0161sk\u00e1 12<\/td>\n<td>54477239<\/td>\n<td>2022004<\/td>\n<td>rozvojov\u00fd program<\/td>\n<td>1 000,00 \u20ac<\/td>\n<td>28.6.2022<\/td>\n<\/tr>\n<tr>\n<td>SZ\u0160 s M\u0160 DSA, Lu\u010denec, Kub\u00ednyiho 6<\/td>\n<td>35991607<\/td>\n<td>1\/6\/2022<\/td>\n<td>strava na mesiac 06\/2022<\/td>\n<td>2 512,65 \u20ac<\/td>\n<td>28.6.2022<\/td>\n<\/tr>\n<tr>\n<td>SZ\u0160 s M\u0160 DSA, Lu\u010denec, Kub\u00ednyiho 6<\/td>\n<td>35991607<\/td>\n<td>2\/6\/2022<\/td>\n<td>RN zamestnancov 06\/2022<\/td>\n<td>258,00 \u20ac<\/td>\n<td>28.6.2022<\/td>\n<\/tr>\n<tr>\n<td>SZ\u0160 s M\u0160 DSA, Lu\u010denec, Kub\u00ednyiho 6<\/td>\n<td>35991607<\/td>\n<td>RN\u017d 1\/6\/2022<\/td>\n<td>RN \u017eiakov 06\/2022<\/td>\n<td>380,00 \u20ac<\/td>\n<td>28.6.2022<\/td>\n<\/tr>\n<tr>\n<td>Krp\u010diar Pavel, Lu\u010denec, P. T\u00f3tha 33<\/td>\n<td>&nbsp;<\/td>\n<td>1.6.2022<\/td>\n<td>preprava stravy za 06\/2022<\/td>\n<td>60,00 \u20ac<\/td>\n<td>28.6.2022<\/td>\n<\/tr>\n<\/tbody>\n<\/table>\n","protected":false},"excerpt":{"rendered":"<p>Dod\u00e1vate\u013e: I\u010cO Fakt\u00fara \u010d\u00edslo Popis objednan\u00e9ho plnenia Suma v EUR D\u00e1tum doru\u010denia fakt\u00fary AITEC, s.r.o. Bratislava, Slovinsk\u00e1 12 43829171 ZF u\u010debnice pre \u0161k. rok 2022\/2023 417,56 \u20ac 2.6.2022 AITEC, s.r.o. Bratislava, Slovinsk\u00e1 12 43829171 ZF u\u010debnice pre \u0161k. rok 2022\/2023 234,30 \u20ac 2.6.2022 AITEC, s.r.o. Bratislava, Slovinsk\u00e1 12 43829171 ZF &hellip;<\/p>\n","protected":false},"author":1,"featured_media":0,"parent":0,"menu_order":0,"comment_status":"closed","ping_status":"closed","template":"","meta":{"ngg_post_thumbnail":0,"footnotes":""},"class_list":["post-27928","page","type-page","status-publish","hentry"],"aioseo_notices":[],"_links":{"self":[{"href":"https:\/\/www.czslc.sk\/index.php?rest_route=\/wp\/v2\/pages\/27928","targetHints":{"allow":["GET"]}}],"collection":[{"href":"https:\/\/www.czslc.sk\/index.php?rest_route=\/wp\/v2\/pages"}],"about":[{"href":"https:\/\/www.czslc.sk\/index.php?rest_route=\/wp\/v2\/types\/page"}],"author":[{"embeddable":true,"href":"https:\/\/www.czslc.sk\/index.php?rest_route=\/wp\/v2\/users\/1"}],"replies":[{"embeddable":true,"href":"https:\/\/www.czslc.sk\/index.php?rest_route=%2Fwp%2Fv2%2Fcomments&post=27928"}],"version-history":[{"count":1,"href":"https:\/\/www.czslc.sk\/index.php?rest_route=\/wp\/v2\/pages\/27928\/revisions"}],"predecessor-version":[{"id":27929,"href":"https:\/\/www.czslc.sk\/index.php?rest_route=\/wp\/v2\/pages\/27928\/revisions\/27929"}],"wp:attachment":[{"href":"https:\/\/www.czslc.sk\/index.php?rest_route=%2Fwp%2Fv2%2Fmedia&parent=27928"}],"curies":[{"name":"wp","href":"https:\/\/api.w.org\/{rel}","templated":true}]}}