{"id":27866,"date":"2022-06-27T09:17:46","date_gmt":"2022-06-27T07:17:46","guid":{"rendered":"https:\/\/www.czslc.sk\/?page_id=27866"},"modified":"2022-06-27T09:17:47","modified_gmt":"2022-06-27T07:17:47","slug":"uspechy-ziakov-2019-2020","status":"publish","type":"page","link":"https:\/\/www.czslc.sk\/?page_id=27866","title":{"rendered":"\u00daspechy \u017eiakov 2019\/2020"},"content":{"rendered":"\n<p><strong>Olympi\u00e1da v&nbsp;anglickom jazyku &#8211; \u0161kolsk\u00e9 kolo -25.11.2020<\/strong><\/p>\n<p>1A kat:<\/p>\n<ol>\n<li>Ha\u00e1sov\u00e1 S. \u2013 6.A<\/li>\n<li>G\u00e1lik F. \u2013 7.A<\/li>\n<li>Jakubi\u0161inov\u00e1 E. \u2013 6.A<\/li>\n<\/ol>\n<p>1B kat:<\/p>\n<ol>\n<li>Jakubi\u0161in M. &#8211; 9.A<\/li>\n<li>Mikul\u00e1\u0161 F. \u2013 9.A<\/li>\n<li>Vacul\u010diak S. \u2013 9.A<\/li>\n<\/ol>\n<p>&nbsp;<\/p>\n<p><strong> Olympi\u00e1da v&nbsp;anglickom jazyku \u2013 okresn\u00e9 kolo \u2013 15.1.2020<\/strong><\/p>\n<p>1B kat:&nbsp;<\/p>\n<p>&nbsp;&nbsp;&nbsp;&nbsp; 6.miesto \u2013 Jakubi\u0161in M. \u2013 9.A<\/p>\n<p><strong> V\u0161etkovedko\u2013 s\u00fa\u0165a\u017e\u2013ve\u013ek\u00fd s\u00faboj o&nbsp;najm\u00fadrej\u0161ieho medzi najbystrej\u0161\u00edmi \u2013 28.11.2019<\/strong><\/p>\n<p>titul V\u0161etkovedko u\u010de\u0148<\/p>\n<p>&nbsp;&nbsp;&nbsp;&nbsp; 2.A \u2013 Bartko P., Ja\u0161kov\u00e1 H., Ko\u010di\u0161ov\u00e1 D., Paulenkov\u00e1 K., Szab\u00f3<br \/>&nbsp;&nbsp;&nbsp;&nbsp; 4.A \u2013 Nov\u00e1k L., Bagi S.<\/p>\n<p>titul V\u0161etkovedko:<\/p>\n<p>&nbsp;&nbsp;&nbsp;&nbsp; 3.A \u2013 Brand F.<br \/>&nbsp;&nbsp;&nbsp;&nbsp; 4.A \u2013 Tok\u00e1rov\u00e1 N., Bartkov\u00e1 A.<\/p>\n<p>titul V\u0161etkovedko \u0161koly: &nbsp;&nbsp;<\/p>\n<p>&nbsp;&nbsp;&nbsp;&nbsp; 3.A \u2013 Brand F. \/najv\u00e4\u010d\u0161\u00ed po\u010det percent\/<\/p>\n<p><strong> \u0160aliansky Ma\u0165ko \u2013 \u0161kolsk\u00e9 kolo \u2013 11.12.2020<\/strong><\/p>\n<p>1 kat:<\/p>\n<ol>\n<li>Brand F. \u2013 3.A<\/li>\n<li>Ko\u010di\u0161ov\u00e1 D., Jaloveck\u00fd T.. \u2013 2.A<\/li>\n<li>Sanislov\u00e1 T. -3.A, Szab\u00f3 V. \u2013 2.A, Kemeny\u00edkov\u00e1 D. \u2013 2.A<\/li>\n<\/ol>\n<p>2 kat:&nbsp;<\/p>\n<ol>\n<li>N.Tok\u00e1rov\u00e1 \u2013 4.A<\/li>\n<li>E. Tok\u00e1rov\u00e1 \u2013 5.A<\/li>\n<li>neudelen\u00e9<\/li>\n<\/ol>\n<p>3 kat.:<\/p>\n<ol>\n<li>Ha\u00e1sov\u00e1 S. \u2013 6.A<\/li>\n<li>neudelen\u00e9<\/li>\n<li>neudelen\u00e9<\/li>\n<\/ol>\n<p><strong> \u0160aliansky Ma\u0165ko \u2013 okresn\u00e9 kolo \u2013 28.1.2020<\/strong><\/p>\n<p>1.kat.:&nbsp;<br \/>&nbsp;&nbsp;&nbsp;&nbsp; Brand F.&nbsp; 3.A &#8211; 2.miesto<\/p>\n<p>2.kat.:&nbsp;<br \/>&nbsp;&nbsp;&nbsp; Tok\u00e1rov\u00e1 N. 4.A \u2013 3.miesto<\/p>\n<p>3.kat.:&nbsp;<br \/>&nbsp;&nbsp;&nbsp;&nbsp; Ha\u00e1sov\u00e1 S. 6.A \u2013 \u00fa\u010das\u0165<\/p>\n<p><strong>S\u00fa\u0165a\u017e i-Bobor \u2013 \u00faspe\u0161n\u00ed rie\u0161itelia \u2013 11.-15.11.2019<\/strong><\/p>\n<p>Kateg\u00f3ria Drobci:<\/p>\n<ul>\n<li>Vikt\u00f3ria Jur\u00e1\u0161kov\u00e1 \u2013 100. percentil<\/li>\n<li>Patrik Bartko \u2013 100. percentil<\/li>\n<li>S\u00e1ra Ill\u00e9\u0161ov\u00e1 \u2013 100. percentil<\/li>\n<li>Dominika Kemeny\u00edkov\u00e1 \u2013 100. percentil<\/li>\n<li>Krist\u00edna Paulenkov\u00e1 \u2013 100. Percentil<\/li>\n<li>Matej Dudek<\/li>\n<li>Daniela Ko\u010di\u0161ov\u00e1<\/li>\n<li>Lucia Pocklanov\u00e1<\/li>\n<li>Vivien Szab\u00f3<\/li>\n<li>Richard Jur\u00e1\u0161ek<\/li>\n<li>Tom\u00e1\u0161 Jaloveck\u00fd<\/li>\n<li>Filip Brand<\/li>\n<li>Daniel Cajhan<\/li>\n<li>Ter\u00e9zia Nagyov\u00e1<\/li>\n<li>Samuel Bystriansky<\/li>\n<li>Tamara \u0160alamonov\u00e1<\/li>\n<li>ela Urban\u010dokov\u00e1<\/li>\n<\/ul>\n<p>Kateg\u00f3ria Bobr\u00edk:<\/p>\n<ul>\n<li>Daniela Dudekov\u00e1 \u2013 100. Percentil<\/li>\n<li>Alex Ka\u010d\u00e1ni<\/li>\n<li>Kristi\u00e1n Tan\u00f3czky<\/li>\n<li>Alica Bartkov\u00e1<\/li>\n<li>Nat\u00e1lia Tok\u00e1rov\u00e1<\/li>\n<\/ul>\n<p>Kateg\u00f3ria Benjam\u00edn:<\/p>\n<ul>\n<li>Michal Ol\u0161iak<\/li>\n<\/ul>\n<p>Kateg\u00f3ria Kadet:<\/p>\n<ul>\n<li>Franti\u0161ek Mikul\u00e1\u0161 \u2013 100. Percentil<\/li>\n<li>Matej Jakubi\u0161in<\/li>\n<li>Tom\u00e1\u0161 \u0160inko<\/li>\n<\/ul>\n<p><strong>&nbsp;<\/strong><strong>Technick\u00e1 olympi\u00e1da \u2013 okresn\u00e9 kolo \u2013 28.11.2019<\/strong><\/p>\n<p>kat.A:<br \/>&nbsp;&nbsp;&nbsp; \u0160inko T. a&nbsp;Vacul\u010diak J. \u2013 6. miesto<\/p>\n<p><strong>&nbsp;<\/strong><strong>Pytagori\u00e1da \u2013 \u0161kolsk\u00e9 kolo \u2013 \u00faspe\u0161n\u00ed rie\u0161itelia \u2013 10.-11.12.2019<\/strong><\/p>\n<p><strong>&nbsp;<\/strong>&nbsp;&nbsp;&nbsp;&nbsp;&nbsp;&nbsp;&nbsp;&nbsp;&nbsp;&nbsp; P3 &#8211;&nbsp; Brand F.<br \/>&nbsp;&nbsp;&nbsp;&nbsp;&nbsp;&nbsp;&nbsp;&nbsp;&nbsp;&nbsp;&nbsp; P4 \u2013 Bartkov\u00e1 A., Bagi S.<br \/>&nbsp;&nbsp;&nbsp;&nbsp;&nbsp;&nbsp;&nbsp;&nbsp;&nbsp;&nbsp;&nbsp; P5 \u2013 Pa\u017e\u00edtka A., Dudekov\u00e1 D.<br \/>&nbsp;&nbsp;&nbsp;&nbsp;&nbsp;&nbsp;&nbsp;&nbsp;&nbsp;&nbsp;&nbsp; P6 \u2013 Ol\u0161iak M., Lacko D., Ha\u00e1sov\u00e1 S.<br \/>&nbsp;&nbsp;&nbsp;&nbsp;&nbsp;&nbsp;&nbsp;&nbsp;&nbsp;&nbsp;&nbsp; P7-&nbsp; Bel\u00edkov\u00e1 D.<\/p>\n<p><strong>Matematick\u00e1 olympi\u00e1da \u2013 okresn\u00e9 kolo \u2013 29.1.2020<\/strong><\/p>\n<p>&nbsp;&nbsp;&nbsp;&nbsp;&nbsp;&nbsp;&nbsp;&nbsp;&nbsp;&nbsp;&nbsp; kateg\u00f3ria Z5 \u2013 Dudekov\u00e1 D. &nbsp;5.A\u2013 6.miesto &#8211; \u00daR<\/p>\n<p><strong>Hviezdoslavov Kub\u00edn \u2013 \u0161kolsk\u00e9 kolo \u2013 29.1.2020<\/strong><\/p>\n<p>&nbsp; &nbsp;&nbsp;&nbsp;&nbsp; I.kat. \u2013 prednes po\u00e9zie \u2013 1. miesto: Tok\u00e1rov\u00e1 N. \u2013 4.A<\/p>\n<ol>\n<li>kat. \u2013 prednes pr\u00f3zy &#8211; 1. miesto: Brand F. \u2013 3.A<\/li>\n<\/ol>\n<p>&nbsp;&nbsp;&nbsp;&nbsp; II kat. \u2013 prednes pr\u00f3zy \u2013 1. miesto: Bartkov\u00e1 D. \u2013 5.A<\/p>\n<p><strong>Geografick\u00e1 olympi\u00e1da \u2013 okresn\u00e9 kolo \u2013 \u00faspe\u0161n\u00ed rie\u0161itelia \u2013 6.2.2020<\/strong><\/p>\n<p><strong>&nbsp;kat. E<\/strong>:<\/p>\n<p>&nbsp;&nbsp;&nbsp;&nbsp; 8. miesto \u2013 Mikul\u00e1\u0161 F. \u2013 9.A<br \/>&nbsp;&nbsp;&nbsp;&nbsp; 10. miesto \u2013 Jakubi\u0161in M. \u2013 9.A<br \/>&nbsp;&nbsp;&nbsp;&nbsp; 12. miesto- Bize F. \u2013 8.A<\/p>\n<p><strong>kat. F:<\/strong><\/p>\n<ol start=\"12\">\n<li>miesto \u2013 Bel\u00edkov\u00e1 D. \u2013 7.A<\/li>\n<\/ol>\n<p>&nbsp;<strong>kat. G<\/strong>:<\/p>\n<p>&nbsp; &nbsp;&nbsp; 1.miesto \u2013 Dudekov\u00e1 D . \u2013 5.A<br \/>&nbsp;&nbsp;&nbsp;&nbsp; 7. miesto \u2013 Tok\u00e1rov\u00e1 E. \u2013 5.A<\/p>\n<p><strong>N\u00e1boj \u2013 matematicko \u2013 fyzik\u00e1lna s\u00fa\u0165a\u017e -22.11.2019<\/strong><\/p>\n<ol start=\"12\">\n<li>miesto: Adam\u010d\u00edk A. \u2013 8.A, Bize F. \u2013 8.A, Jakubi\u0161in M. \u2013 9.A, \u0160inko T. \u2013 9.A<\/li>\n<\/ol>\n<p><strong>Biblick\u00e1 olympi\u00e1da \u2013 \u0161kolsk\u00e9 kolo -5.2.2020<\/strong><\/p>\n<ol start=\"13\">\n<li>Vargicov\u00e1 D. \u2013 7.A<\/li>\n<li>Bel\u00edkov\u00e1 D. \u2013 7.A<\/li>\n<li>Jakubi\u0161inov\u00e1 E. \u2013 6.A<\/li>\n<\/ol>\n<p><strong>Dejepisn\u00e1 olympi\u00e1da \u2013 okresn\u00e9 kolo \u2013 14.2.2020<\/strong><\/p>\n<p><strong>kat. E \u2013 <\/strong>10. miesto \u2013 T. Kuna \u2013 7.A<\/p>\n<p><strong>N\u00e1\u0161 park mojimi o\u010dami \u2013 v\u00fdtvarn\u00e1 s\u00fa\u0165a\u017e \u2013 \u0161kolsk\u00e9 kolo \u2013 november 2019<\/strong><\/p>\n<ol>\n<li>miesto &#8211; Pocklanov\u00e1 L. \u2013 3.A<\/li>\n<li>&nbsp; miesto &#8211; \u0160tecz&nbsp; P., 3.A, Vargicov\u00e1 N. \u2013 4.A<\/li>\n<li>miesto &#8211; Vojtekov\u00e1 S. \u2013 4.A<\/li>\n<\/ol>\n<p><strong>Vesm\u00edr o\u010dami det\u00ed \u2013 v\u00fdtvarn\u00e1 s\u00fa\u0165a\u017e \u2013 \u0161kolsk\u00e9 kolo \u2013 marec 2020<\/strong><\/p>\n<p>&#8211; bez umiestnenia \u2013 post\u00fapilo 10 pr\u00e1c -vyhodnoten\u00e9 pr\u00e1ce s\u00fa&nbsp; umiesten\u00e9 v&nbsp;zlatom p\u00e1sme:<\/p>\n<p>Jakub Farka\u0161, Mat\u00fa\u0161 Tich\u00e1k, Jurko Bodor, Peter \u0160tecz, Jakub Badinka, Lucia Pocklanov\u00e1, Sofia Vojtekov\u00e1, Nat\u00e1lia&nbsp; Vargicov\u00e1, Eva Jakubi\u0161inov\u00e1, Tom\u00e1\u0161 Kuna<\/p>\n<p><strong> Vesm\u00edr o\u010dami det\u00ed \u2013 v\u00fdtvarn\u00e1 s\u00fa\u0165a\u017e \u2013 okresn\u00e9 kolo \u2013 apr\u00edl 2020<\/strong><\/p>\n<p><strong>v\u00ed\u0165azn\u00e9 pr\u00e1ce<\/strong> <strong>postupuj\u00face do celoslovensk\u00e9ho kola<\/strong>:<br \/>kateg\u00f3ria: 1.-4.ro\u010dn\u00edk Z\u0160:<br \/>Jakub Badinka \u2013 3.A<br \/>Dami\u00e1n Melicher\u010d\u00edk \u2013 1.A<\/p>\n<p><strong>\u010destn\u00e9 uznanie<\/strong>:&nbsp;<br \/>kateg\u00f3ria: 1.-4. ro\u010dn\u00edk Z\u0160: Marko Uderian \u2013 1.A<\/p>\n<p><strong> Biblia o\u010dami det\u00ed &#8211; \u0161kolsk\u00e9 kolo \u2013 marec 2020<\/strong><\/p>\n<p>1. ro\u010dn\u00edk:<br \/>1. miesto &#8211; Damian Melicher\u010d\u00edk<br \/>2.miesto &#8211; Martin Ba\u010da<br \/>3.miesto &#8211; Martin Faj\u010d\u00edk<\/p>\n<p>3. ro\u010dn\u00edk:<br \/>1.miesto &#8211; Tamara \u0160alamonov\u00e1<br \/>2.miesto &#8211;&nbsp; Peter \u0160tecz<br \/>3.miesto &#8211; &nbsp;Ally Uderianov\u00e1<\/p>\n<p>4. ro\u010dn\u00edk:<br \/>1.miesto &#8211; Simona Gibalov\u00e1<br \/>2.miesto &#8211; Nat\u00e1lia Tok\u00e1rov\u00e1<br \/>3.miesto &#8211; Vivien Ol\u00e1hov\u00e1<\/p>\n<p>II.stupe\u0148:<br \/>1. miesto \u2013 Tom\u00e1\u0161 Kuna \u2013 7.A<br \/>2. miesto \u2013 Barbora Susztayov\u00e1 \u2013 6.A<br \/>3. miesto \u2013 Martin \u0160inko \u2013 6.A<\/p>\n<ol start=\"19\">\n<li><strong> Maks\u00edk \u2013 matematick\u00e1 s\u00fa\u0165a\u017e<\/strong><\/li>\n<\/ol>\n<p>Najm\u00fadrej\u0161\u00ed Maks\u00e1\u010dik &#8211; Filip Brand&nbsp; &#8211;&nbsp;III.A<\/p>\n<p>M\u00fadry Maks\u00e1\u010dik &#8211;&nbsp; Patrik Bartko, Ter\u00e9zia Nagyov\u00e1, Vivien Szab\u00f3 &#8211;&nbsp; II. A<\/p>\n<p>&nbsp;&nbsp;&nbsp;&nbsp;&nbsp;&nbsp;&nbsp;&nbsp;&nbsp;&nbsp;&nbsp;&nbsp;&nbsp;&nbsp;&nbsp;&nbsp;&nbsp;&nbsp;&nbsp;&nbsp;&nbsp;&nbsp;&nbsp;&nbsp;&nbsp;&nbsp;&nbsp;&nbsp; &nbsp;Alica Bartkov\u00e1, Simona Giba\u013eov\u00e1, Nat\u00e1lia Tok\u00e1rov\u00e1,Sofia Vojtekov\u00e1 \u2013IV.A&nbsp;<\/p>\n<p><strong>&nbsp;<\/strong><\/p>\n<ol start=\"20\">\n<li><strong> Ve\u013ek\u00e1 liter\u00e1rna s\u00fa\u0165a\u017e \u2013 Ovocie do \u0161k\u00f4l<\/strong><\/li>\n<\/ol>\n<p><strong>zaslan\u00e9 a&nbsp;odmenen\u00e9 pr\u00e1ce:<\/strong><\/p>\n<p>Nat\u00e1lia Tok\u00e1rov\u00e1 &#8211; IV. A ( b\u00e1se\u0148)<\/p>\n<p>&nbsp;Ema Tok\u00e1rov\u00e1 &#8211; V. A ( text))<\/p>\n<p><strong>odmenen\u00e9 pr\u00e1ce<\/strong><\/p>\n<p>Nat\u00e1lia Tok\u00e1rov\u00e1, Simona Giba\u013eov\u00e1, Nat\u00e1lia Vargicov\u00e1, Sofia Vojtekov\u00e1, Alica Bartkov\u00e1 IV. A<\/p>\n<p>Ema Tok\u00e1rov\u00e1, Dorota Bartkov\u00e1, Daniela Dudekov\u00e1, Adrian Sl\u00e1vik &#8211; V. A<\/p>\n<p>Vivien Hudecov\u00e1 &#8211; VII. A&nbsp;<\/p>\n<p><strong>&nbsp;<\/strong><\/p>\n<ol start=\"21\">\n<li><strong> Hrdinovia dne\u0161n\u00fdch dn\u00ed \u2013 umeleck\u00e1 v\u00fdzva<\/strong><\/li>\n<\/ol>\n<p><u>v\u00fdtvarn\u00e1 tvorba<\/u><\/p>\n<p>I.A \u2013 Juraj Bodor, Marko Uderian, Martin Ba\u010da,<\/p>\n<p>III.A \u2013 Ally Uderianov\u00e1, Filip Brand, Lucia Pocklanov\u00e1, Peter \u0160tecz, Sabina Kov\u00e1\u010dikov\u00e1, Sebasti\u00e1n<\/p>\n<p>&nbsp;&nbsp;&nbsp;&nbsp;&nbsp;&nbsp;&nbsp;&nbsp;&nbsp;&nbsp;&nbsp; Bize, Tamara \u0160alamonov\u00e1 a&nbsp;Adam \u0160napko, Jakub Badinka<\/p>\n<p>IV.A \u2013Alica Bartkov\u00e1, Vir\u00e1g Ol\u00e1hov\u00e1, Sofia Vojtekov\u00e1, Simona Giba\u013eov\u00e1<\/p>\n<p>V.A \u2013 Daniela Dudekov\u00e1, Helena Radi\u010dov\u00e1, Vikt\u00f3ria P\u00e1le\u0161ov\u00e1,<\/p>\n<p>VII.A \u2013 Kristi\u00e1n Ol\u00e1h, Vivien Hudecov\u00e1<\/p>\n<p>IX.A \u2013 Samuel Vacul\u010diak<\/p>\n<p><u>liter\u00e1rna tvorba<\/u><\/p>\n<p>III.A \u2013 Peter \u0160tecz, Ally Uderianov\u00e1, Magdal\u00e9na Pupalov\u00e1, Filip Brand<\/p>\n<p>IV.A \u2013 Nat\u00e1lia Tok\u00e1rov\u00e1<\/p>\n<p>V.A \u2013 Ema Tok\u00e1rov\u00e1, Ria P\u00e1le\u0161ov\u00e1, Dorota Bartkov\u00e1<\/p>\n<ol start=\"22\">\n<li><strong>Matematick\u00fd Klokan<\/strong><\/li>\n<\/ol>\n<p>Klokanko 1 &#8211; I.A<\/p>\n<table width=\"398\">\n<tbody>\n<tr>\n<td width=\"164\">Martin Ba\u010da<\/td>\n<td width=\"64\">55b.<\/td>\n<td width=\"64\">91,7\u2105<\/td>\n<td width=\"106\">60,2 percentil<\/td>\n<\/tr>\n<tr>\n<td width=\"164\">Jakub Be\u0148u\u0161<\/td>\n<td width=\"64\">33b.<\/td>\n<td width=\"64\">55\u2105<\/td>\n<td width=\"106\">13,2 percentil<\/td>\n<\/tr>\n<tr>\n<td width=\"164\">Juraj Bodor<\/td>\n<td width=\"64\">39b.<\/td>\n<td width=\"64\">65\u2105<\/td>\n<td width=\"106\">21,2 percentil<\/td>\n<\/tr>\n<tr>\n<td width=\"164\">Martin Faj\u010d\u00edk<\/td>\n<td width=\"64\">54b.<\/td>\n<td width=\"64\">90\u2105<\/td>\n<td width=\"106\">54 percentil<\/td>\n<\/tr>\n<tr>\n<td width=\"164\">Marko Uderian<\/td>\n<td width=\"64\">55b.<\/td>\n<td width=\"64\">91,7\u2105<\/td>\n<td width=\"106\">60,2 percentil<\/td>\n<\/tr>\n<\/tbody>\n<\/table>\n<p>&nbsp;<\/p>\n<p>Klokanko 2 &#8211; II.A<\/p>\n<table width=\"398\">\n<tbody>\n<tr>\n<td width=\"164\">Patrik Bartko<\/td>\n<td width=\"64\">80b.<\/td>\n<td width=\"64\">88,9\u2105<\/td>\n<td width=\"106\">58,2 percentil<\/td>\n<\/tr>\n<tr>\n<td width=\"164\">Matej Dudek<\/td>\n<td width=\"64\">76b.<\/td>\n<td width=\"64\">84,4\u2105<\/td>\n<td width=\"106\">50,4 percentil<\/td>\n<\/tr>\n<tr>\n<td width=\"164\">Vikt\u00f3ria Jur\u00e1\u0161kov\u00e1<\/td>\n<td width=\"64\">60b.<\/td>\n<td width=\"64\">66,7\u2105<\/td>\n<td width=\"106\">24,6 percentil<\/td>\n<\/tr>\n<tr>\n<td width=\"164\">Richard Jur\u00e1\u0161ek<\/td>\n<td width=\"64\">48b.<\/td>\n<td width=\"64\">53,3\u2105<\/td>\n<td width=\"106\">12,5 percentil<\/td>\n<\/tr>\n<tr>\n<td width=\"164\">Daniela Ko\u010di\u0161ov\u00e1<\/td>\n<td width=\"64\">71b.<\/td>\n<td width=\"64\">78,9\u2105<\/td>\n<td width=\"106\">41,1 percentil<\/td>\n<\/tr>\n<tr>\n<td width=\"164\">Adam Mich\u00e1lik<\/td>\n<td width=\"64\">74b.<\/td>\n<td width=\"64\">82,2\u2105<\/td>\n<td width=\"106\">45,3 percentil<\/td>\n<\/tr>\n<tr>\n<td width=\"164\">Ter\u00e9zia Nagyov\u00e1<\/td>\n<td width=\"64\">59b.<\/td>\n<td width=\"64\">65,6\u2105<\/td>\n<td width=\"106\">23,2 percentil<\/td>\n<\/tr>\n<tr>\n<td width=\"164\">Vivien Szab\u00f3<\/td>\n<td width=\"64\">59b.<\/td>\n<td width=\"64\">65,6\u2105<\/td>\n<td width=\"106\">23,2 percentil<\/td>\n<\/tr>\n<tr>\n<td width=\"164\">Sophia Galambov\u00e1<\/td>\n<td width=\"64\">90b.<\/td>\n<td width=\"64\">100\u2105<\/td>\n<td width=\"106\">89,1 percentil<\/td>\n<\/tr>\n<tr>\n<td width=\"164\">Krist\u00edna Paulenkov\u00e1<\/td>\n<td width=\"64\">90b.<\/td>\n<td width=\"64\">100\u2105<\/td>\n<td width=\"106\">89,1 percentil<\/td>\n<\/tr>\n<\/tbody>\n<\/table>\n<p><strong>&nbsp;<\/strong><\/p>\n<p>Klokanko 3 \u2013 III.A<\/p>\n<table width=\"398\">\n<tbody>\n<tr>\n<td width=\"164\">Peter \u0160tecz<\/td>\n<td width=\"64\">59b.<\/td>\n<td width=\"64\">65,6\u2105<\/td>\n<td width=\"106\">20,9 percentil<\/td>\n<\/tr>\n<tr>\n<td width=\"164\">Jakub Badinka<\/td>\n<td width=\"64\">54b.<\/td>\n<td width=\"64\">60\u2105<\/td>\n<td width=\"106\">15,1 percentil<\/td>\n<\/tr>\n<\/tbody>\n<\/table>\n<p><strong>&nbsp;<\/strong><\/p>\n<p>Klokanko 4 \u2013 IV.A<\/p>\n<table width=\"398\">\n<tbody>\n<tr>\n<td width=\"164\">Alica Bartkov\u00e1<\/td>\n<td width=\"64\">75b.<\/td>\n<td width=\"64\">83,3\u2105<\/td>\n<td width=\"106\">73,3 percentil<\/td>\n<\/tr>\n<tr>\n<td width=\"164\">Nat\u00e1lia Tok\u00e1rov\u00e1<\/td>\n<td width=\"64\">74b.<\/td>\n<td width=\"64\">82,2\u2105<\/td>\n<td width=\"106\">70,7 percentil<\/td>\n<\/tr>\n<tr>\n<td width=\"164\">Simona Giba\u013eov\u00e1<\/td>\n<td width=\"64\">56b.<\/td>\n<td width=\"64\">62,2\u2105<\/td>\n<td width=\"106\">40,9 percentil<\/td>\n<\/tr>\n<tr>\n<td width=\"164\">Sofia Vojtekov\u00e1<\/td>\n<td width=\"64\">8b.<\/td>\n<td width=\"64\">8,9\u2105<\/td>\n<td width=\"106\">0,1 percentil<\/td>\n<\/tr>\n<\/tbody>\n<\/table>\n<p>&nbsp;<\/p>\n<p>\u0160kol\u00e1k 5 \u2013 V.A<\/p>\n<table width=\"398\">\n<tbody>\n<tr>\n<td width=\"164\">Dorota Bartkov\u00e1<\/td>\n<td width=\"64\">49b.<\/td>\n<td width=\"64\">40,8 \u2105<\/td>\n<td width=\"106\">19,2 percentil<\/td>\n<\/tr>\n<tr>\n<td width=\"164\">Daniela Dudekov\u00e1<\/td>\n<td width=\"64\">72b.<\/td>\n<td width=\"64\">60 \u2105<\/td>\n<td width=\"106\">48,9 percentil<\/td>\n<\/tr>\n<tr>\n<td width=\"164\">Adrian Sl\u00e1vik<\/td>\n<td width=\"64\">86b.<\/td>\n<td width=\"64\">71,7 \u2105<\/td>\n<td width=\"106\">70 percenti<\/td>\n<\/tr>\n<\/tbody>\n<\/table>\n","protected":false},"excerpt":{"rendered":"<p>Olympi\u00e1da v&nbsp;anglickom jazyku &#8211; \u0161kolsk\u00e9 kolo -25.11.2020 1A kat: Ha\u00e1sov\u00e1 S. \u2013 6.A G\u00e1lik F. \u2013 7.A Jakubi\u0161inov\u00e1 E. \u2013 6.A 1B kat: Jakubi\u0161in M. &#8211; 9.A Mikul\u00e1\u0161 F. \u2013 9.A Vacul\u010diak S. \u2013 9.A &nbsp; Olympi\u00e1da v&nbsp;anglickom jazyku \u2013 okresn\u00e9 kolo \u2013 15.1.2020 1B kat:&nbsp; &nbsp;&nbsp;&nbsp;&nbsp; 6.miesto \u2013 Jakubi\u0161in &hellip;<\/p>\n","protected":false},"author":1,"featured_media":0,"parent":0,"menu_order":0,"comment_status":"closed","ping_status":"closed","template":"","meta":{"ngg_post_thumbnail":0,"footnotes":""},"class_list":["post-27866","page","type-page","status-publish","hentry"],"aioseo_notices":[],"_links":{"self":[{"href":"https:\/\/www.czslc.sk\/index.php?rest_route=\/wp\/v2\/pages\/27866","targetHints":{"allow":["GET"]}}],"collection":[{"href":"https:\/\/www.czslc.sk\/index.php?rest_route=\/wp\/v2\/pages"}],"about":[{"href":"https:\/\/www.czslc.sk\/index.php?rest_route=\/wp\/v2\/types\/page"}],"author":[{"embeddable":true,"href":"https:\/\/www.czslc.sk\/index.php?rest_route=\/wp\/v2\/users\/1"}],"replies":[{"embeddable":true,"href":"https:\/\/www.czslc.sk\/index.php?rest_route=%2Fwp%2Fv2%2Fcomments&post=27866"}],"version-history":[{"count":1,"href":"https:\/\/www.czslc.sk\/index.php?rest_route=\/wp\/v2\/pages\/27866\/revisions"}],"predecessor-version":[{"id":27867,"href":"https:\/\/www.czslc.sk\/index.php?rest_route=\/wp\/v2\/pages\/27866\/revisions\/27867"}],"wp:attachment":[{"href":"https:\/\/www.czslc.sk\/index.php?rest_route=%2Fwp%2Fv2%2Fmedia&parent=27866"}],"curies":[{"name":"wp","href":"https:\/\/api.w.org\/{rel}","templated":true}]}}