{"id":27465,"date":"2022-04-19T20:14:07","date_gmt":"2022-04-19T18:14:07","guid":{"rendered":"https:\/\/www.czslc.sk\/?page_id=27465"},"modified":"2023-01-11T10:15:16","modified_gmt":"2023-01-11T08:15:16","slug":"objednavky-2021-2","status":"publish","type":"page","link":"https:\/\/www.czslc.sk\/?page_id=27465","title":{"rendered":"Objedn\u00e1vky 2022"},"content":{"rendered":"\n<table width=\"1038\">\n<tbody>\n<tr>\n<td width=\"389\">Dod\u00e1vate\u013e<\/td>\n<td width=\"117\">\u010c\u00edslo objedn\u00e1vky<\/td>\n<td width=\"199\">D\u00e1tum odoslania objedn\u00e1vky<\/td>\n<td width=\"333\">\u00da\u010del<\/td>\n<\/tr>\n<tr>\n<td>J+A, s.r.o., Vidin\u00e1, Zvolensk\u00e1 29<\/td>\n<td>1\/2021<\/td>\n<td>10.1.2022<\/td>\n<td>pravideln\u00e1 rev\u00edzia hasiacich pr\u00edstrojov&nbsp;<\/td>\n<\/tr>\n<tr>\n<td>Jozef Krn\u00e1\u010d, Lu\u010denec, rev\u00edzny technik, Jasn\u00e1 14, Lu\u010denec<\/td>\n<td>2\/2021<\/td>\n<td>10.1.2022<\/td>\n<td>pravideln\u00e1 rev\u00edzia<\/td>\n<\/tr>\n<tr>\n<td>Doxx- stravn\u00e9 l\u00edstky, a.s., \u017dilina<\/td>\n<td>3\/2021<\/td>\n<td>14.1.2022<\/td>\n<td>stravn\u00e9 l\u00edstky<\/td>\n<\/tr>\n<tr>\n<td>Sierra Enterprises, s.r.o., Lu\u010denec, Fi\u013eakovsk\u00e1 cesta 285<\/td>\n<td>4\/2021<\/td>\n<td>17.2.2022<\/td>\n<td>\u010distenie upchatej kanaliz\u00e1cie<\/td>\n<\/tr>\n<tr>\n<td>Sierra Enterprises, s.r.o., Lu\u010denec, Fi\u013eakovsk\u00e1 cesta 285<\/td>\n<td>5\/2021<\/td>\n<td>28.2.2022<\/td>\n<td>\u010distenie upchatej kanaliz\u00e1cie<\/td>\n<\/tr>\n<tr>\n<td>Papiernictvo Pocklan, Lu\u010denec, Zvolensk\u00e1 42<\/td>\n<td>6\/2021<\/td>\n<td>1.3.2022<\/td>\n<td>\u0161kolsk\u00e9 pom\u00f4cky pre \u017eiakov v HN<\/td>\n<\/tr>\n<tr>\n<td>StVPS, a.s., Partiz\u00e1nska cesta 5, Bansk\u00e1 Bystrica<\/td>\n<td>7\/2021<\/td>\n<td>4.3.2022<\/td>\n<td>\u010distenie septiku<\/td>\n<\/tr>\n<tr>\n<td>Re\u0161taur\u00e1cia Prame\u0148, T. G. Masaryka 1-5, Lu\u010denec<\/td>\n<td>8\/2021<\/td>\n<td>23.3.2022<\/td>\n<td>Sl\u00e1vnostn\u00fd obed ku d\u0148u u\u010dite\u013eov<\/td>\n<\/tr>\n<tr>\n<td>Print trade, s.r.o., \u010cajkovsk\u00e9ho 8, Lu\u010denec<\/td>\n<td>9\/2021<\/td>\n<td>1.4.2022<\/td>\n<td>oprava projektoru EPSO<\/td>\n<\/tr>\n<tr>\n<td>Doxx- stravn\u00e9 l\u00edstky, a.s., \u017dilina, K\u00e1lov 356<\/td>\n<td>10\/2022<\/td>\n<td>26.4.2022<\/td>\n<td>stravn\u00e9 l\u00edstky<\/td>\n<\/tr>\n<tr>\n<td>Sierra Enterprises, s.r.o., Lu\u010denec, Fi\u013eakovsk\u00e1 cesta 285<\/td>\n<td>11\/2022<\/td>\n<td>16.6.2022<\/td>\n<td>\u010distenie upchatej kanaliz\u00e1cie<\/td>\n<\/tr>\n<tr>\n<td>MERDOK, s.r.o, Vidin\u00e1,&nbsp; Exn\u00e1rova 1<\/td>\n<td>12\/2022<\/td>\n<td>21.6.2022<\/td>\n<td>pravideln\u00e1 rev\u00edzia plynov\u00fdch zariaden\u00ed<\/td>\n<\/tr>\n<tr>\n<td>MERDOK, s.r.o, Vidin\u00e1, Exn\u00e1rova ul. 1<\/td>\n<td>13\/2022<\/td>\n<td>21.6.2022<\/td>\n<td>pravideln\u00e1 rev\u00edzia plynov\u00fdch rozvodov<\/td>\n<\/tr>\n<tr>\n<td>Enyo, s.r.o., Zvolen, D. Ertla 1450\/11<\/td>\n<td>14\/2022<\/td>\n<td>4.7.2022<\/td>\n<td>workshop<\/td>\n<\/tr>\n<tr>\n<td>TMN, s.r.o., Fi\u013eakovo, Gork\u00e9ho 29<\/td>\n<td>15\/2022<\/td>\n<td>4.7.2022<\/td>\n<td>ubytovanie zamestnancov po\u010das Metodick\u00fdch dn\u00ed<\/td>\n<\/tr>\n<tr>\n<td>j2 studio, Rubanisko III 2914\/38, Lu\u010denec<\/td>\n<td>16\/2022<\/td>\n<td>4.8.2022<\/td>\n<td>n\u00e1bytok na mieru &#8211; \u0161atne na 1. stupe\u0148<\/td>\n<\/tr>\n<tr>\n<td>insportline, s.r.o., Tren\u010d\u00edn, Elektri\u010dn\u00e1 6471<\/td>\n<td>17\/2022<\/td>\n<td>11.8.2022<\/td>\n<td>poz\u00e1ru\u010dn\u00fd servis\/rev\u00edzia \u0161portov\u00fdch strojov<\/td>\n<\/tr>\n<tr>\n<td>Bc. Kamil Kraj\u0148\u00e1k, Lu\u010denec, Ulica A. Bernol\u00e1ka 2705\/7<\/td>\n<td>18\/2022<\/td>\n<td>11.8.2022<\/td>\n<td>Rev\u00edzia bleskozvodov<\/td>\n<\/tr>\n<tr>\n<td>Ekotec, s.r.o., Bratislava, Lama\u010dsk\u00e1 cesta 20<\/td>\n<td>19\/2022<\/td>\n<td>11.8.2022<\/td>\n<td>Rev\u00edzia vonkaj\u0161ieho ihriska<\/td>\n<\/tr>\n<tr>\n<td width=\"389\">Eur\u00f3pska vzdel\u00e1vacia agent\u00fara Meridi\u00e1n s.r.o., Bratislava, Sabinovsk\u00e1 12<\/td>\n<td>20\/2022<\/td>\n<td>18.8.2022<\/td>\n<td>\u0161kolenie pre pedagogick\u00fdch zamestnancov<\/td>\n<\/tr>\n<tr>\n<td>Doxx- stravn\u00e9 l\u00edstky, a.s., \u017dilina, K\u00e1lov 356<\/td>\n<td>21\/2022<\/td>\n<td>26.8.2022<\/td>\n<td>stravn\u00e9 l\u00edstky<\/td>\n<\/tr>\n<tr>\n<td>DIFKO Robert, Lu\u010denec, R\u00fabanisko II. 418\/8<\/td>\n<td>22\/2022<\/td>\n<td>30.8.2022<\/td>\n<td>\u010distenie stre\u0161n\u00fdch \u017e\u013eabov \u0161koly<\/td>\n<\/tr>\n<tr>\n<td>M\u00e1ria &#8211; n\u00e1bo\u017eensk\u00e1 predaj\u0148a, Lu\u010denec, \u017delezni\u010dn\u00e1 8<\/td>\n<td>23\/2022<\/td>\n<td>26.10.2022<\/td>\n<td>katol\u00edcke kalend\u00e1re na rok 2023<\/td>\n<\/tr>\n<tr>\n<td>Bc. Kamil Kraj\u0148\u00e1k &#8211; elektrorev\u00edzie, Lu\u010denec, A. Bernol\u00e1ka 7<\/td>\n<td>24\/2022<\/td>\n<td>27.10.2022<\/td>\n<td>pravideln\u00e1 rev\u00edzia elektrick\u00fdch zariaden\u00ed<\/td>\n<\/tr>\n<tr>\n<td>LIDL, vos, Bratislava, Ru\u017einovsk\u00e1 1\/E<\/td>\n<td>25\/2022<\/td>\n<td>10.11.2022<\/td>\n<td>dar\u010dekov\u00e9 pouk\u00e1\u017eky pre zamestnancov<\/td>\n<\/tr>\n<tr>\n<td>Doxx- stravn\u00e9 l\u00edstky, a.s., \u017dilina, K\u00e1lov 356<\/td>\n<td>26\/2022<\/td>\n<td>12.12.2022<\/td>\n<td>stravn\u00e9 l\u00edstky<\/td>\n<\/tr>\n<tr>\n<td>Sierra Enterprises, s.r.o., Lu\u010denec, Fi\u013eakovsk\u00e1 cesta 285<\/td>\n<td>27\/2022<\/td>\n<td>20.12.2022<\/td>\n<td>\u010distenie OTL<\/td>\n<\/tr>\n<\/tbody>\n<\/table>\n","protected":false},"excerpt":{"rendered":"<p>Dod\u00e1vate\u013e \u010c\u00edslo objedn\u00e1vky D\u00e1tum odoslania objedn\u00e1vky \u00da\u010del J+A, s.r.o., Vidin\u00e1, Zvolensk\u00e1 29 1\/2021 10.1.2022 pravideln\u00e1 rev\u00edzia hasiacich pr\u00edstrojov&nbsp; Jozef Krn\u00e1\u010d, Lu\u010denec, rev\u00edzny technik, Jasn\u00e1 14, Lu\u010denec 2\/2021 10.1.2022 pravideln\u00e1 rev\u00edzia Doxx- stravn\u00e9 l\u00edstky, a.s., \u017dilina 3\/2021 14.1.2022 stravn\u00e9 l\u00edstky Sierra Enterprises, s.r.o., Lu\u010denec, Fi\u013eakovsk\u00e1 cesta 285 4\/2021 17.2.2022 \u010distenie upchatej &hellip;<\/p>\n","protected":false},"author":1,"featured_media":0,"parent":0,"menu_order":0,"comment_status":"closed","ping_status":"closed","template":"","meta":{"ngg_post_thumbnail":0,"footnotes":""},"class_list":["post-27465","page","type-page","status-publish","hentry"],"aioseo_notices":[],"_links":{"self":[{"href":"https:\/\/www.czslc.sk\/index.php?rest_route=\/wp\/v2\/pages\/27465","targetHints":{"allow":["GET"]}}],"collection":[{"href":"https:\/\/www.czslc.sk\/index.php?rest_route=\/wp\/v2\/pages"}],"about":[{"href":"https:\/\/www.czslc.sk\/index.php?rest_route=\/wp\/v2\/types\/page"}],"author":[{"embeddable":true,"href":"https:\/\/www.czslc.sk\/index.php?rest_route=\/wp\/v2\/users\/1"}],"replies":[{"embeddable":true,"href":"https:\/\/www.czslc.sk\/index.php?rest_route=%2Fwp%2Fv2%2Fcomments&post=27465"}],"version-history":[{"count":6,"href":"https:\/\/www.czslc.sk\/index.php?rest_route=\/wp\/v2\/pages\/27465\/revisions"}],"predecessor-version":[{"id":28971,"href":"https:\/\/www.czslc.sk\/index.php?rest_route=\/wp\/v2\/pages\/27465\/revisions\/28971"}],"wp:attachment":[{"href":"https:\/\/www.czslc.sk\/index.php?rest_route=%2Fwp%2Fv2%2Fmedia&parent=27465"}],"curies":[{"name":"wp","href":"https:\/\/api.w.org\/{rel}","templated":true}]}}