{"id":27378,"date":"2022-03-22T15:12:55","date_gmt":"2022-03-22T13:12:55","guid":{"rendered":"https:\/\/www.czslc.sk\/?page_id=27378"},"modified":"2022-04-19T20:11:19","modified_gmt":"2022-04-19T18:11:19","slug":"marec-2022","status":"publish","type":"page","link":"https:\/\/www.czslc.sk\/?page_id=27378","title":{"rendered":"Marec 2022"},"content":{"rendered":"\n<table width=\"461\">\n<tbody>\n<tr>\n<td width=\"193\">&nbsp;<\/td>\n<td width=\"107\">Fakt\u00fara \u010d\u00edslo<\/td>\n<td width=\"90\">Suma<\/td>\n<td width=\"71\">Do\u0161lo d\u0148a<\/td>\n<\/tr>\n<tr>\n<td>SPOOL, a.s.,&nbsp;<\/td>\n<td>920220058<\/td>\n<td>60,00&nbsp;<\/td>\n<td>01.03.2022<\/td>\n<\/tr>\n<tr>\n<td>Toneryn\u00e1pl\u0148, a.s.<\/td>\n<td>2121763<\/td>\n<td>23,97&nbsp;<\/td>\n<td>1.3.2022<\/td>\n<\/tr>\n<tr>\n<td>ESV plus, s.r.o.,&nbsp;<\/td>\n<td>77\/2022<\/td>\n<td>33,12&nbsp;<\/td>\n<td>1.3.2022<\/td>\n<\/tr>\n<tr>\n<td>ESV plus, s.r.o.,&nbsp;<\/td>\n<td>78\/2022<\/td>\n<td>79,61&nbsp;<\/td>\n<td>1.3.2022<\/td>\n<\/tr>\n<tr>\n<td>Pavol Pocklan, Lu\u010denec<\/td>\n<td>220016<\/td>\n<td>33,20&nbsp;<\/td>\n<td>2.3.2022<\/td>\n<\/tr>\n<tr>\n<td>CHAL-TEC Vertriebs Hanaels<\/td>\n<td>20225459051<\/td>\n<td>559,60&nbsp;<\/td>\n<td>2.3.2022<\/td>\n<\/tr>\n<tr>\n<td>Orange Slovensko, a.s.<\/td>\n<td>10231551<\/td>\n<td>43,22&nbsp;<\/td>\n<td>2.3.2022<\/td>\n<\/tr>\n<tr>\n<td>osobn\u00fd\u00fadaj.sk, s.r.o.<\/td>\n<td>1022031081<\/td>\n<td>36,00&nbsp;<\/td>\n<td>3.3.2022<\/td>\n<\/tr>\n<tr>\n<td>Signal-code, s.r.o.<\/td>\n<td>FV20220144<\/td>\n<td>60,00&nbsp;<\/td>\n<td>4.3.2022<\/td>\n<\/tr>\n<tr>\n<td>Slovak Telekom, a.s.,<\/td>\n<td>8301620238<\/td>\n<td>40,00&nbsp;<\/td>\n<td>7.3.2022<\/td>\n<\/tr>\n<tr>\n<td>Innogy Slovensko, s.r.o.<\/td>\n<td>4454872042<\/td>\n<td>727,00&nbsp;<\/td>\n<td>7.3.2022<\/td>\n<\/tr>\n<tr>\n<td>Mgr. L. Kanaba &#8211; ABT, TPO<\/td>\n<td>21\/2022<\/td>\n<td>80,00&nbsp;<\/td>\n<td>7.3.2022<\/td>\n<\/tr>\n<tr>\n<td>Nay, a.s., Bratislava<\/td>\n<td>6112730847<\/td>\n<td>55,80&nbsp;<\/td>\n<td>10.3.2022<\/td>\n<\/tr>\n<tr>\n<td>Conrad Electronic \u010cR, s.r.o.<\/td>\n<td>9736660842<\/td>\n<td>371,99&nbsp;<\/td>\n<td>10.3.2022<\/td>\n<\/tr>\n<tr>\n<td>VSE, a.s.,&nbsp;<\/td>\n<td>7293051537<\/td>\n<td>566,04&nbsp;<\/td>\n<td>11.3.2022<\/td>\n<\/tr>\n<tr>\n<td>Matys, s.r.o.<\/td>\n<td>22053<\/td>\n<td>84,74&nbsp;<\/td>\n<td>14.3.2022<\/td>\n<\/tr>\n<tr>\n<td>Alza.sk, s.r.o.<\/td>\n<td>5222099673<\/td>\n<td>89,90&nbsp;<\/td>\n<td>&nbsp;15.3.2022<\/td>\n<\/tr>\n<tr>\n<td>Result reklamn\u00e1 agent\u00fara<\/td>\n<td>222048<\/td>\n<td>244,27&nbsp;<\/td>\n<td>15.3.2022<\/td>\n<\/tr>\n<tr>\n<td>Signal-code, s.r.o.<\/td>\n<td>FV20220177<\/td>\n<td>2 647,08&nbsp;<\/td>\n<td>15.3.2022<\/td>\n<\/tr>\n<tr>\n<td>Inta, s.r.o.<\/td>\n<td>ODBRO22020612<\/td>\n<td>30,00&nbsp;<\/td>\n<td>16.3.2022<\/td>\n<\/tr>\n<tr>\n<td>Sierra enterprises, s.r.o.<\/td>\n<td>22600066<\/td>\n<td>594,00&nbsp;<\/td>\n<td>18.3.2022<\/td>\n<\/tr>\n<tr>\n<td>Zebra Hygiena, s.r.o.<\/td>\n<td>10220469<\/td>\n<td>96,95&nbsp;<\/td>\n<td>18.3.2022<\/td>\n<\/tr>\n<tr>\n<td>StreamIT, s.r.o.<\/td>\n<td>VF220103<\/td>\n<td>540,00&nbsp;<\/td>\n<td>21.3.2022<\/td>\n<\/tr>\n<tr>\n<td>Valman, s.r.o.<\/td>\n<td>22220325<\/td>\n<td>0,00&nbsp;<\/td>\n<td>21.3.2022<\/td>\n<\/tr>\n<tr>\n<td>Valman, s.r.o.<\/td>\n<td>22220392<\/td>\n<td>0,00&nbsp;<\/td>\n<td>21.3.2022<\/td>\n<\/tr>\n<tr>\n<td>SZ\u0160 s M\u0160 DSA, Lu\u010denec<\/td>\n<td>2\/3\/2022<\/td>\n<td>222,00&nbsp;<\/td>\n<td>29.3.2022<\/td>\n<\/tr>\n<tr>\n<td>SZ\u0160 s M\u0160 DSA, Lu\u010denec<\/td>\n<td>1\/3\/2022<\/td>\n<td>2 380,46&nbsp;<\/td>\n<td>29.3.2022<\/td>\n<\/tr>\n<tr>\n<td>MB TECH BB, s.r.o<\/td>\n<td>202223132<\/td>\n<td>365,00&nbsp;<\/td>\n<td>29.3.2022<\/td>\n<\/tr>\n<tr>\n<td>Zirek group, s.r.o.,&nbsp;<\/td>\n<td>20220063<\/td>\n<td>206,25&nbsp;<\/td>\n<td>30.3.2022<\/td>\n<\/tr>\n<tr>\n<td>ASPECT-VYHNE, a.s.&nbsp;<\/td>\n<td>ZF<\/td>\n<td>205,90&nbsp;<\/td>\n<td>31.3.2022<\/td>\n<\/tr>\n<tr>\n<td>Krp\u010diar Pavel, Lu\u010denec<\/td>\n<td>1\/3\/2022 PS<\/td>\n<td>60,00&nbsp;<\/td>\n<td>31.3.2022<\/td>\n<\/tr>\n<\/tbody>\n<\/table>\n","protected":false},"excerpt":{"rendered":"<p>&nbsp; Fakt\u00fara \u010d\u00edslo Suma Do\u0161lo d\u0148a SPOOL, a.s.,&nbsp; 920220058 60,00&nbsp; 01.03.2022 Toneryn\u00e1pl\u0148, a.s. 2121763 23,97&nbsp; 1.3.2022 ESV plus, s.r.o.,&nbsp; 77\/2022 33,12&nbsp; 1.3.2022 ESV plus, s.r.o.,&nbsp; 78\/2022 79,61&nbsp; 1.3.2022 Pavol Pocklan, Lu\u010denec 220016 33,20&nbsp; 2.3.2022 CHAL-TEC Vertriebs Hanaels 20225459051 559,60&nbsp; 2.3.2022 Orange Slovensko, a.s. 10231551 43,22&nbsp; 2.3.2022 osobn\u00fd\u00fadaj.sk, s.r.o. 1022031081 36,00&nbsp; &hellip;<\/p>\n","protected":false},"author":1,"featured_media":0,"parent":0,"menu_order":0,"comment_status":"closed","ping_status":"closed","template":"","meta":{"ngg_post_thumbnail":0,"footnotes":""},"class_list":["post-27378","page","type-page","status-publish","hentry"],"aioseo_notices":[],"_links":{"self":[{"href":"https:\/\/www.czslc.sk\/index.php?rest_route=\/wp\/v2\/pages\/27378","targetHints":{"allow":["GET"]}}],"collection":[{"href":"https:\/\/www.czslc.sk\/index.php?rest_route=\/wp\/v2\/pages"}],"about":[{"href":"https:\/\/www.czslc.sk\/index.php?rest_route=\/wp\/v2\/types\/page"}],"author":[{"embeddable":true,"href":"https:\/\/www.czslc.sk\/index.php?rest_route=\/wp\/v2\/users\/1"}],"replies":[{"embeddable":true,"href":"https:\/\/www.czslc.sk\/index.php?rest_route=%2Fwp%2Fv2%2Fcomments&post=27378"}],"version-history":[{"count":2,"href":"https:\/\/www.czslc.sk\/index.php?rest_route=\/wp\/v2\/pages\/27378\/revisions"}],"predecessor-version":[{"id":27464,"href":"https:\/\/www.czslc.sk\/index.php?rest_route=\/wp\/v2\/pages\/27378\/revisions\/27464"}],"wp:attachment":[{"href":"https:\/\/www.czslc.sk\/index.php?rest_route=%2Fwp%2Fv2%2Fmedia&parent=27378"}],"curies":[{"name":"wp","href":"https:\/\/api.w.org\/{rel}","templated":true}]}}