{"id":27290,"date":"2021-12-09T20:38:50","date_gmt":"2021-12-09T18:38:50","guid":{"rendered":"https:\/\/www.czslc.sk\/?page_id=27290"},"modified":"2021-12-09T20:38:50","modified_gmt":"2021-12-09T18:38:50","slug":"november-2021","status":"publish","type":"page","link":"https:\/\/www.czslc.sk\/?page_id=27290","title":{"rendered":"November 2021"},"content":{"rendered":"\n<table width=\"439\">\n<tbody>\n<tr>\n<td width=\"193\">&nbsp;<\/td>\n<td width=\"109\">Fakt\u00fara \u010d\u00edslo<\/td>\n<td width=\"66\">Suma<\/td>\n<td width=\"71\">Do\u0161lo d\u0148a<\/td>\n<\/tr>\n<tr>\n<td>osobny\u00fadaj.sk, s.r.o.<\/td>\n<td>1021111105<\/td>\n<td>36,00 \u20ac<\/td>\n<td>02.11.2021<\/td>\n<\/tr>\n<tr>\n<td>Satel-Slovakia, s.r.o.<\/td>\n<td>6421222<\/td>\n<td>0,00 \u20ac<\/td>\n<td>02.11.2021<\/td>\n<\/tr>\n<tr>\n<td>Satel-Slovakia, s.r.o.<\/td>\n<td>5021140<\/td>\n<td>99,00 \u20ac<\/td>\n<td>02.11.2021<\/td>\n<\/tr>\n<tr>\n<td>ESV-PLUS, s.r.o.<\/td>\n<td>333\/2021<\/td>\n<td>105,53 \u20ac<\/td>\n<td>02.11.2021<\/td>\n<\/tr>\n<tr>\n<td>ESV-PLUS, s.r.o.<\/td>\n<td>332\/2021<\/td>\n<td>20,57 \u20ac<\/td>\n<td>02.11.2021<\/td>\n<\/tr>\n<tr>\n<td>DREVONA MARKET, s.r.o.<\/td>\n<td>210806120<\/td>\n<td>226,00 \u20ac<\/td>\n<td>02.11.2021<\/td>\n<\/tr>\n<tr>\n<td>Doxx-Stravn\u00e9 l\u00edstky, s.r.o.<\/td>\n<td>3021418641<\/td>\n<td>111,43 \u20ac<\/td>\n<td>04.11.2021<\/td>\n<\/tr>\n<tr>\n<td>Bc. Kraj\u0148\u00e1k Kamil, Lu\u010denec<\/td>\n<td>76\/2021<\/td>\n<td>1 654,81 \u20ac<\/td>\n<td>04.11.2021<\/td>\n<\/tr>\n<tr>\n<td>Slovak Telekom, a.s.,&nbsp;<\/td>\n<td>8293545287<\/td>\n<td>40,00 \u20ac<\/td>\n<td>04.11.2021<\/td>\n<\/tr>\n<tr>\n<td>Zebra Hygiena, s.r.o.<\/td>\n<td>10212771<\/td>\n<td>93,59 \u20ac<\/td>\n<td>05.11.2021<\/td>\n<\/tr>\n<tr>\n<td>Ives Ko\u0161ice, Ko\u0161ice<\/td>\n<td>ZF5590037190<\/td>\n<td>97,20 \u20ac<\/td>\n<td>08.11.2021<\/td>\n<\/tr>\n<tr>\n<td>Mgr. Ladislav Kanaba &#8211; ABT<\/td>\n<td>108\/2021<\/td>\n<td>80,00 \u20ac<\/td>\n<td>08.11.2021<\/td>\n<\/tr>\n<tr>\n<td>Stenezi, s.r.o., Lu\u010denec<\/td>\n<td>20210152<\/td>\n<td>1 610,65 \u20ac<\/td>\n<td>08.11.2021<\/td>\n<\/tr>\n<tr>\n<td>Internet mall Slovakia,&nbsp;<\/td>\n<td>5069238932<\/td>\n<td>22,50 \u20ac<\/td>\n<td>09.11.2021<\/td>\n<\/tr>\n<tr>\n<td>Innogy Slovensko, s.r.o.<\/td>\n<td>4474460135<\/td>\n<td>504,30 \u20ac<\/td>\n<td>09.11.2021<\/td>\n<\/tr>\n<tr>\n<td>Primio, s.r.o., Petrovany<\/td>\n<td>E20210100<\/td>\n<td>378,80 \u20ac<\/td>\n<td>09.11.2021<\/td>\n<\/tr>\n<tr>\n<td>Boz\u00f3 Ladislav &#8211; M\u00e1ria<\/td>\n<td>202127<\/td>\n<td>49,30 \u20ac<\/td>\n<td>09.11.2021<\/td>\n<\/tr>\n<tr>\n<td>Gastro-Galaxi, s.r.o.<\/td>\n<td>210107<\/td>\n<td>199,20 \u20ac<\/td>\n<td>10.11.2021<\/td>\n<\/tr>\n<tr>\n<td>M&amp;D Consult, s.r.o.,<\/td>\n<td>21VF00020<\/td>\n<td>450,00 \u20ac<\/td>\n<td>11.11.2021<\/td>\n<\/tr>\n<tr>\n<td>VSE, a.s., Ko\u0161ice<\/td>\n<td>7292542867<\/td>\n<td>358,28 \u20ac<\/td>\n<td>11.11.2021<\/td>\n<\/tr>\n<tr>\n<td>LIDL SR, v.o.s.<\/td>\n<td>1013856<\/td>\n<td>800,00 \u20ac<\/td>\n<td>11.11.2021<\/td>\n<\/tr>\n<tr>\n<td>ProFuturion accounting, s.r.o.<\/td>\n<td>2141682<\/td>\n<td>45,00 \u20ac<\/td>\n<td>15.11.2021<\/td>\n<\/tr>\n<tr>\n<td>AITEC, s.r.o.<\/td>\n<td>1202103864<\/td>\n<td>38,40 \u20ac<\/td>\n<td>15.11.2021<\/td>\n<\/tr>\n<tr>\n<td>AITEC, s.r.o.<\/td>\n<td>ZF1212108379<\/td>\n<td>136,62 \u20ac<\/td>\n<td>15.11.2021<\/td>\n<\/tr>\n<tr>\n<td>Valman, s.r.o., B.B.<\/td>\n<td>21220253<\/td>\n<td>0,00 \u20ac<\/td>\n<td>16.11.2021<\/td>\n<\/tr>\n<tr>\n<td>Orange Slovensko, a.s.<\/td>\n<td>0102321551<\/td>\n<td>42,84 \u20ac<\/td>\n<td>16.11.2021<\/td>\n<\/tr>\n<tr>\n<td>Eur\u00f3pska vzdel\u00e1vacia agent\u00fara<\/td>\n<td>205\/2021<\/td>\n<td>650,00 \u20ac<\/td>\n<td>18.11.2021<\/td>\n<\/tr>\n<tr>\n<td>INTA, s.r.o., Tren\u010d\u00edn<\/td>\n<td>ODBRO21100092<\/td>\n<td>30,00 \u20ac<\/td>\n<td>19.11.2021<\/td>\n<\/tr>\n<tr>\n<td>Richard \u0160rob\u00e1r &#8211; Littera<\/td>\n<td>VF212615<\/td>\n<td>156,00 \u20ac<\/td>\n<td>19.11.2021<\/td>\n<\/tr>\n<tr>\n<td>Wolters Kluwer SR, s.r.o.<\/td>\n<td>ZF&nbsp;&nbsp;&nbsp;<\/td>\n<td>161,00 \u20ac<\/td>\n<td>22.11.2021<\/td>\n<\/tr>\n<tr>\n<td>Internet mall slovakia<\/td>\n<td>6201416923<\/td>\n<td>299,00 \u20ac<\/td>\n<td>30.11.2021<\/td>\n<\/tr>\n<tr>\n<td>Internet mall slovakia<\/td>\n<td>5069294708<\/td>\n<td>22,50 \u20ac<\/td>\n<td>30.11.2021<\/td>\n<\/tr>\n<tr>\n<td>SZ\u0160 s M\u0160 DSA<\/td>\n<td>1\/11\/2021<\/td>\n<td>1 737,46 \u20ac<\/td>\n<td>30.11.2021<\/td>\n<\/tr>\n<tr>\n<td>SZ\u0160 s M\u0160 DSA<\/td>\n<td>2\/11\/2021<\/td>\n<td>182,00 \u20ac<\/td>\n<td>30.11.2021<\/td>\n<\/tr>\n<tr>\n<td>ESV plus, s.r.o., Lu\u010denec<\/td>\n<td>401\/2021<\/td>\n<td>15,40 \u20ac<\/td>\n<td>30.11.2021<\/td>\n<\/tr>\n<tr>\n<td>ESV plus, s.r.o., Lu\u010denec<\/td>\n<td>402\/2021<\/td>\n<td>9,59 \u20ac<\/td>\n<td>30.11.2021<\/td>\n<\/tr>\n<tr>\n<td>MB Tech BB, s.r.o.,&nbsp;<\/td>\n<td>202214643<\/td>\n<td>1 118,00 \u20ac<\/td>\n<td>30.11.2021<\/td>\n<\/tr>\n<tr>\n<td>MB Tech BB, s.r.o.,&nbsp;<\/td>\n<td>202214644<\/td>\n<td>1 464,00 \u20ac<\/td>\n<td>30.11.2021<\/td>\n<\/tr>\n<\/tbody>\n<\/table>\n","protected":false},"excerpt":{"rendered":"<p>&nbsp; Fakt\u00fara \u010d\u00edslo Suma Do\u0161lo d\u0148a osobny\u00fadaj.sk, s.r.o. 1021111105 36,00 \u20ac 02.11.2021 Satel-Slovakia, s.r.o. 6421222 0,00 \u20ac 02.11.2021 Satel-Slovakia, s.r.o. 5021140 99,00 \u20ac 02.11.2021 ESV-PLUS, s.r.o. 333\/2021 105,53 \u20ac 02.11.2021 ESV-PLUS, s.r.o. 332\/2021 20,57 \u20ac 02.11.2021 DREVONA MARKET, s.r.o. 210806120 226,00 \u20ac 02.11.2021 Doxx-Stravn\u00e9 l\u00edstky, s.r.o. 3021418641 111,43 \u20ac 04.11.2021 &hellip;<\/p>\n","protected":false},"author":1,"featured_media":0,"parent":0,"menu_order":0,"comment_status":"closed","ping_status":"closed","template":"","meta":{"ngg_post_thumbnail":0,"footnotes":""},"class_list":["post-27290","page","type-page","status-publish","hentry"],"aioseo_notices":[],"_links":{"self":[{"href":"https:\/\/www.czslc.sk\/index.php?rest_route=\/wp\/v2\/pages\/27290","targetHints":{"allow":["GET"]}}],"collection":[{"href":"https:\/\/www.czslc.sk\/index.php?rest_route=\/wp\/v2\/pages"}],"about":[{"href":"https:\/\/www.czslc.sk\/index.php?rest_route=\/wp\/v2\/types\/page"}],"author":[{"embeddable":true,"href":"https:\/\/www.czslc.sk\/index.php?rest_route=\/wp\/v2\/users\/1"}],"replies":[{"embeddable":true,"href":"https:\/\/www.czslc.sk\/index.php?rest_route=%2Fwp%2Fv2%2Fcomments&post=27290"}],"version-history":[{"count":1,"href":"https:\/\/www.czslc.sk\/index.php?rest_route=\/wp\/v2\/pages\/27290\/revisions"}],"predecessor-version":[{"id":27292,"href":"https:\/\/www.czslc.sk\/index.php?rest_route=\/wp\/v2\/pages\/27290\/revisions\/27292"}],"wp:attachment":[{"href":"https:\/\/www.czslc.sk\/index.php?rest_route=%2Fwp%2Fv2%2Fmedia&parent=27290"}],"curies":[{"name":"wp","href":"https:\/\/api.w.org\/{rel}","templated":true}]}}