{"id":27288,"date":"2021-12-09T20:37:33","date_gmt":"2021-12-09T18:37:33","guid":{"rendered":"https:\/\/www.czslc.sk\/?page_id=27288"},"modified":"2021-12-09T20:37:34","modified_gmt":"2021-12-09T18:37:34","slug":"oktober-2021","status":"publish","type":"page","link":"https:\/\/www.czslc.sk\/?page_id=27288","title":{"rendered":"Okt\u00f3ber 2021"},"content":{"rendered":"\n<table width=\"440\">\n<tbody>\n<tr>\n<td width=\"209\">&nbsp;<\/td>\n<td width=\"94\">Fakt\u00fara \u010d\u00edslo<\/td>\n<td width=\"66\">Suma<\/td>\n<td width=\"71\">Do\u0161lo d\u0148a<\/td>\n<\/tr>\n<tr>\n<td>ESV plus, s.r.o., Lu\u010denec<\/td>\n<td>2982021<\/td>\n<td>40,50 \u20ac<\/td>\n<td>01.10.2021<\/td>\n<\/tr>\n<tr>\n<td>ESV plus, s.r.o., Lu\u010denec<\/td>\n<td>2992021<\/td>\n<td>50,10 \u20ac<\/td>\n<td>01.10.2021<\/td>\n<\/tr>\n<tr>\n<td>Web Retail, s.r.o., Lu\u010denec<\/td>\n<td>2021168284<\/td>\n<td>189,68 \u20ac<\/td>\n<td>01.10.2021<\/td>\n<\/tr>\n<tr>\n<td>Vydavate\u013estvo DON BOSCO<\/td>\n<td>FV211000021<\/td>\n<td>75,20 \u20ac<\/td>\n<td>04.10.2021<\/td>\n<\/tr>\n<tr>\n<td>Ing. Milan Hric<\/td>\n<td>20210554<\/td>\n<td>60,00 \u20ac<\/td>\n<td>04.10.2021<\/td>\n<\/tr>\n<tr>\n<td>osobnyudaj.sk, s.r.o.<\/td>\n<td>1021101143<\/td>\n<td>36,00 \u20ac<\/td>\n<td>06.10.2021<\/td>\n<\/tr>\n<tr>\n<td>EKOTEC, s.r.o.<\/td>\n<td>21kdi01118<\/td>\n<td>193,20 \u20ac<\/td>\n<td>06.10.2021<\/td>\n<\/tr>\n<tr>\n<td>JTF partnership, s.r.o.<\/td>\n<td>FV-852\/2021<\/td>\n<td>46,36 \u20ac<\/td>\n<td>06.10.2021<\/td>\n<\/tr>\n<tr>\n<td>Doxx \u2013 stravn\u00e9 l\u00edstky, s.r.o.<\/td>\n<td>3021415958<\/td>\n<td>331,80 \u20ac<\/td>\n<td>06.10.2021<\/td>\n<\/tr>\n<tr>\n<td>Valman, s.r.o.,<\/td>\n<td>21220039<\/td>\n<td>0,00 \u20ac<\/td>\n<td>06.10.2021<\/td>\n<\/tr>\n<tr>\n<td>Slovak Telekom, a.s.,<\/td>\n<td>8291686716<\/td>\n<td>40,00 \u20ac<\/td>\n<td>07.10.2021<\/td>\n<\/tr>\n<tr>\n<td>Mgr. Ladislav Kanaba \u2013 ABT, TPO<\/td>\n<td>95\/2021<\/td>\n<td>80,00 \u20ac<\/td>\n<td>07.10.2021<\/td>\n<\/tr>\n<tr>\n<td>Innogy, s.r.o.<\/td>\n<td>4467456647<\/td>\n<td>504,30 \u20ac<\/td>\n<td>07.10.2021<\/td>\n<\/tr>\n<tr>\n<td>preskoly.sk, s.r.o.<\/td>\n<td>F521024990<\/td>\n<td>36,78 \u20ac<\/td>\n<td>07.10.2021<\/td>\n<\/tr>\n<tr>\n<td>Poradca podnikate\u013ea, s.r.o.<\/td>\n<td>&nbsp;<\/td>\n<td>60,00 \u20ac<\/td>\n<td>08.10.2021<\/td>\n<\/tr>\n<tr>\n<td>j2 studio, s.r.o., Lu\u010denec<\/td>\n<td>202110004<\/td>\n<td>1 350,00 \u20ac<\/td>\n<td>11.10.2021<\/td>\n<\/tr>\n<tr>\n<td>j2 studio, s.r.o., Lu\u010denec<\/td>\n<td>202110003<\/td>\n<td>900,00 \u20ac<\/td>\n<td>11.10.2021<\/td>\n<\/tr>\n<tr>\n<td>SIGNAL-CODE, s.r.o.<\/td>\n<td>FV20210643<\/td>\n<td>2 513,08 \u20ac<\/td>\n<td>12.10.2021<\/td>\n<\/tr>\n<tr>\n<td>VSE, a.s.<\/td>\n<td>7294132188<\/td>\n<td>283,50 \u20ac<\/td>\n<td>13.10.2021<\/td>\n<\/tr>\n<tr>\n<td>Gigaprint.sk, s.r.o.<\/td>\n<td>2320191<\/td>\n<td>24,40 \u20ac<\/td>\n<td>15.10.2021<\/td>\n<\/tr>\n<tr>\n<td>Euro Asset, s.r.o.<\/td>\n<td>2021210002<\/td>\n<td>28,80 \u20ac<\/td>\n<td>15.10.2021<\/td>\n<\/tr>\n<tr>\n<td>INTA, s.r.o. Tren\u010d\u00edn<\/td>\n<td>21090594<\/td>\n<td>30,00 \u20ac<\/td>\n<td>15.10.2021<\/td>\n<\/tr>\n<tr>\n<td>Pavol Pocklan, Lu\u010denec<\/td>\n<td>210069<\/td>\n<td>33,20 \u20ac<\/td>\n<td>19.10.2021<\/td>\n<\/tr>\n<tr>\n<td>SZ\u0160 s M\u0160 DSA<\/td>\n<td>1\/10\/2021<\/td>\n<td>2 106,93 \u20ac<\/td>\n<td>25.10.2021<\/td>\n<\/tr>\n<tr>\n<td>SZ\u0160 s M\u0160 DSA<\/td>\n<td>2\/10\/2021<\/td>\n<td>241,00 \u20ac<\/td>\n<td>25.10.2021<\/td>\n<\/tr>\n<tr>\n<td>SZ\u0160 s M\u0160 DSA<\/td>\n<td>RN\u017d1\/10\/2021<\/td>\n<td>396,00 \u20ac<\/td>\n<td>25.10.2021<\/td>\n<\/tr>\n<tr>\n<td>Krp\u010diar Pavel<\/td>\n<td>1\/10\/2021 PS<\/td>\n<td>60,00 \u20ac<\/td>\n<td>25.10.2021<\/td>\n<\/tr>\n<tr>\n<td>M&amp;D Consult, s.r.o.<\/td>\n<td>21VF00019<\/td>\n<td>900,00 \u20ac<\/td>\n<td>26.10.2021<\/td>\n<\/tr>\n<\/tbody>\n<\/table>\n","protected":false},"excerpt":{"rendered":"<p>&nbsp; Fakt\u00fara \u010d\u00edslo Suma Do\u0161lo d\u0148a ESV plus, s.r.o., Lu\u010denec 2982021 40,50 \u20ac 01.10.2021 ESV plus, s.r.o., Lu\u010denec 2992021 50,10 \u20ac 01.10.2021 Web Retail, s.r.o., Lu\u010denec 2021168284 189,68 \u20ac 01.10.2021 Vydavate\u013estvo DON BOSCO FV211000021 75,20 \u20ac 04.10.2021 Ing. Milan Hric 20210554 60,00 \u20ac 04.10.2021 osobnyudaj.sk, s.r.o. 1021101143 36,00 \u20ac 06.10.2021 &hellip;<\/p>\n","protected":false},"author":1,"featured_media":0,"parent":0,"menu_order":0,"comment_status":"closed","ping_status":"closed","template":"","meta":{"ngg_post_thumbnail":0,"footnotes":""},"class_list":["post-27288","page","type-page","status-publish","hentry"],"aioseo_notices":[],"_links":{"self":[{"href":"https:\/\/www.czslc.sk\/index.php?rest_route=\/wp\/v2\/pages\/27288","targetHints":{"allow":["GET"]}}],"collection":[{"href":"https:\/\/www.czslc.sk\/index.php?rest_route=\/wp\/v2\/pages"}],"about":[{"href":"https:\/\/www.czslc.sk\/index.php?rest_route=\/wp\/v2\/types\/page"}],"author":[{"embeddable":true,"href":"https:\/\/www.czslc.sk\/index.php?rest_route=\/wp\/v2\/users\/1"}],"replies":[{"embeddable":true,"href":"https:\/\/www.czslc.sk\/index.php?rest_route=%2Fwp%2Fv2%2Fcomments&post=27288"}],"version-history":[{"count":1,"href":"https:\/\/www.czslc.sk\/index.php?rest_route=\/wp\/v2\/pages\/27288\/revisions"}],"predecessor-version":[{"id":27289,"href":"https:\/\/www.czslc.sk\/index.php?rest_route=\/wp\/v2\/pages\/27288\/revisions\/27289"}],"wp:attachment":[{"href":"https:\/\/www.czslc.sk\/index.php?rest_route=%2Fwp%2Fv2%2Fmedia&parent=27288"}],"curies":[{"name":"wp","href":"https:\/\/api.w.org\/{rel}","templated":true}]}}