{"id":27150,"date":"2021-10-20T10:01:39","date_gmt":"2021-10-20T08:01:39","guid":{"rendered":"https:\/\/www.czslc.sk\/?page_id=27150"},"modified":"2021-10-20T10:01:40","modified_gmt":"2021-10-20T08:01:40","slug":"september-2021-2","status":"publish","type":"page","link":"https:\/\/www.czslc.sk\/?page_id=27150","title":{"rendered":"September 2021"},"content":{"rendered":"\n<table width=\"504\">\n<tbody>\n<tr>\n<td width=\"218\">&nbsp;<\/td>\n<td width=\"105\">Fakt\u00fara \u010d\u00edslo<\/td>\n<td width=\"88\">Suma<\/td>\n<td width=\"93\">Do\u0161lo d\u0148a<\/td>\n<\/tr>\n<tr>\n<td>ESV plus, s.r.o., Lu\u010denec<\/td>\n<td>245\/2021<\/td>\n<td>186,71 \u20ac<\/td>\n<td>02.09.2021<\/td>\n<\/tr>\n<tr>\n<td>Orange Slovensko, a.s.<\/td>\n<td>102321551<\/td>\n<td>52,60 \u20ac<\/td>\n<td>02.09.2021<\/td>\n<\/tr>\n<tr>\n<td>Miroslav T\u00f3th \u2013 ELEKTRO M.T.<\/td>\n<td>202101592<\/td>\n<td>50,80 \u20ac<\/td>\n<td>02.09.2021<\/td>\n<\/tr>\n<tr>\n<td>StVPS, a.s.,<\/td>\n<td>2211205665<\/td>\n<td>5,69 \u20ac<\/td>\n<td>02.09.2021<\/td>\n<\/tr>\n<tr>\n<td>StVPS, a.s.,<\/td>\n<td>2211205666<\/td>\n<td>310,10 \u20ac<\/td>\n<td>02.09.2021<\/td>\n<\/tr>\n<tr>\n<td>osobnyudaj.sk, s.r.o.<\/td>\n<td>1021091136<\/td>\n<td>36,00 \u20ac<\/td>\n<td>02.09.2021<\/td>\n<\/tr>\n<tr>\n<td>Valman, s.r.o.,<\/td>\n<td>99210993<\/td>\n<td>37,92 \u20ac<\/td>\n<td>07.09.2021<\/td>\n<\/tr>\n<tr>\n<td>Mgr. Ladislav Kanaba \u2013 ABT, TPO<\/td>\n<td>94\/2021<\/td>\n<td>80,00 \u20ac<\/td>\n<td>07.09.2021<\/td>\n<\/tr>\n<tr>\n<td>Doxx \u2013 stravn\u00e9 l\u00edstky, s.r.o.<\/td>\n<td>3021410438<\/td>\n<td>1 353,30 \u20ac<\/td>\n<td>07.09.2021<\/td>\n<\/tr>\n<tr>\n<td>Slovak Telekom, a.s.,<\/td>\n<td>8289838796<\/td>\n<td>40,00 \u20ac<\/td>\n<td>07.09.2021<\/td>\n<\/tr>\n<tr>\n<td>Retro LC, s.r.o.<\/td>\n<td>21250385<\/td>\n<td>123,09 \u20ac<\/td>\n<td>07.09.2021<\/td>\n<\/tr>\n<tr>\n<td>Camea SK, s.r.o.<\/td>\n<td>FV1161011314<\/td>\n<td>16,20 \u20ac<\/td>\n<td>08.09.2021<\/td>\n<\/tr>\n<tr>\n<td>AKU-SHOP. CZ,<\/td>\n<td>12115132<\/td>\n<td>41,80 \u20ac<\/td>\n<td>08.09.2021<\/td>\n<\/tr>\n<tr>\n<td>Liberra Tera, s.r.o.<\/td>\n<td>20211802<\/td>\n<td>2,00 \u20ac<\/td>\n<td>09.09.2021<\/td>\n<\/tr>\n<tr>\n<td>Dr. Jozef Raabe Slovensko, s.r.o.<\/td>\n<td>202115809<\/td>\n<td>50,20 \u20ac<\/td>\n<td>09.09.2021<\/td>\n<\/tr>\n<tr>\n<td>Liberra Tera, s.r.o.<\/td>\n<td>20211801<\/td>\n<td>429,52 \u20ac<\/td>\n<td>09.09.2021<\/td>\n<\/tr>\n<tr>\n<td>Aitec, s.r.o.<\/td>\n<td>1202101586<\/td>\n<td>180,40 \u20ac<\/td>\n<td>09.09.2021<\/td>\n<\/tr>\n<tr>\n<td>Innogy, s.r.o.<\/td>\n<td>4427722595<\/td>\n<td>504,30 \u20ac<\/td>\n<td>09.09.2021<\/td>\n<\/tr>\n<tr>\n<td>Forex-SK, s.r.o.<\/td>\n<td>202109026<\/td>\n<td>100,87 \u20ac<\/td>\n<td>09.09.2021<\/td>\n<\/tr>\n<tr>\n<td>RNDr. Miroslava Lipt\u00e1kov\u00e1<\/td>\n<td>4012100066<\/td>\n<td>7,25 \u20ac<\/td>\n<td>14.09.2021<\/td>\n<\/tr>\n<tr>\n<td>VSE, a.s.<\/td>\n<td>7293243397<\/td>\n<td>151,60 \u20ac<\/td>\n<td>14.09.2021<\/td>\n<\/tr>\n<tr>\n<td>Orbis Pictus Istropolitana<\/td>\n<td>2100403480<\/td>\n<td>7,20 \u20ac<\/td>\n<td>14.09.2021<\/td>\n<\/tr>\n<tr>\n<td>WY Group, a.s.,<\/td>\n<td>ZF2210200124<\/td>\n<td>24,00 \u20ac<\/td>\n<td>17.09.2021<\/td>\n<\/tr>\n<tr>\n<td>ZEBRA Hygiena, s.r.o.<\/td>\n<td>10212552<\/td>\n<td>114,94 \u20ac<\/td>\n<td>17.09.2021<\/td>\n<\/tr>\n<tr>\n<td>Miroslav Melich<\/td>\n<td>2021002<\/td>\n<td>95,00 \u20ac<\/td>\n<td>20.09.2021<\/td>\n<\/tr>\n<tr>\n<td>Taktik vydavate\u013estvo, s.r.o.<\/td>\n<td>2120468<\/td>\n<td>212,50 \u20ac<\/td>\n<td>20.09.2021<\/td>\n<\/tr>\n<tr>\n<td>Alza.sk, s.r.o.<\/td>\n<td>5221339393<\/td>\n<td>24,62 \u20ac<\/td>\n<td>24.09.2021<\/td>\n<\/tr>\n<tr>\n<td>Grantexpert, s.r.o.<\/td>\n<td>9995<\/td>\n<td>19,90 \u20ac<\/td>\n<td>24.09.2021<\/td>\n<\/tr>\n<tr>\n<td>Miroslav T\u00f3th \u2013 ELEKTRO M.T.<\/td>\n<td>202101800<\/td>\n<td>53,80 \u20ac<\/td>\n<td>28.09.2021<\/td>\n<\/tr>\n<tr>\n<td>Soft-Tech, s.r.o.<\/td>\n<td>202148220<\/td>\n<td>10,90 \u20ac<\/td>\n<td>29.09.2021<\/td>\n<\/tr>\n<tr>\n<td>SZ\u0160 s M\u0160 DSA<\/td>\n<td>192021<\/td>\n<td>2 062,79 \u20ac<\/td>\n<td>29.09.2021<\/td>\n<\/tr>\n<tr>\n<td>SZ\u0160 s M\u0160 DSA<\/td>\n<td>292021<\/td>\n<td>251,00 \u20ac<\/td>\n<td>29.09.2021<\/td>\n<\/tr>\n<tr>\n<td>Krp\u010diar Pavel<\/td>\n<td>192021 PS<\/td>\n<td>60,00 \u20ac<\/td>\n<td>29.09.2021<\/td>\n<\/tr>\n<tr>\n<td>Orange Slovensko, a.s.<\/td>\n<td>102321551<\/td>\n<td>42,02 \u20ac<\/td>\n<td>29.09.2021<\/td>\n<\/tr>\n<\/tbody>\n<\/table>\n","protected":false},"excerpt":{"rendered":"<p>&nbsp; Fakt\u00fara \u010d\u00edslo Suma Do\u0161lo d\u0148a ESV plus, s.r.o., Lu\u010denec 245\/2021 186,71 \u20ac 02.09.2021 Orange Slovensko, a.s. 102321551 52,60 \u20ac 02.09.2021 Miroslav T\u00f3th \u2013 ELEKTRO M.T. 202101592 50,80 \u20ac 02.09.2021 StVPS, a.s., 2211205665 5,69 \u20ac 02.09.2021 StVPS, a.s., 2211205666 310,10 \u20ac 02.09.2021 osobnyudaj.sk, s.r.o. 1021091136 36,00 \u20ac 02.09.2021 Valman, s.r.o., &hellip;<\/p>\n","protected":false},"author":1,"featured_media":0,"parent":0,"menu_order":0,"comment_status":"closed","ping_status":"closed","template":"","meta":{"ngg_post_thumbnail":0,"footnotes":""},"class_list":["post-27150","page","type-page","status-publish","hentry"],"aioseo_notices":[],"_links":{"self":[{"href":"https:\/\/www.czslc.sk\/index.php?rest_route=\/wp\/v2\/pages\/27150","targetHints":{"allow":["GET"]}}],"collection":[{"href":"https:\/\/www.czslc.sk\/index.php?rest_route=\/wp\/v2\/pages"}],"about":[{"href":"https:\/\/www.czslc.sk\/index.php?rest_route=\/wp\/v2\/types\/page"}],"author":[{"embeddable":true,"href":"https:\/\/www.czslc.sk\/index.php?rest_route=\/wp\/v2\/users\/1"}],"replies":[{"embeddable":true,"href":"https:\/\/www.czslc.sk\/index.php?rest_route=%2Fwp%2Fv2%2Fcomments&post=27150"}],"version-history":[{"count":1,"href":"https:\/\/www.czslc.sk\/index.php?rest_route=\/wp\/v2\/pages\/27150\/revisions"}],"predecessor-version":[{"id":27151,"href":"https:\/\/www.czslc.sk\/index.php?rest_route=\/wp\/v2\/pages\/27150\/revisions\/27151"}],"wp:attachment":[{"href":"https:\/\/www.czslc.sk\/index.php?rest_route=%2Fwp%2Fv2%2Fmedia&parent=27150"}],"curies":[{"name":"wp","href":"https:\/\/api.w.org\/{rel}","templated":true}]}}