{"id":27003,"date":"2021-06-07T11:34:55","date_gmt":"2021-06-07T09:34:55","guid":{"rendered":"https:\/\/www.czslc.sk\/?page_id=27003"},"modified":"2021-06-07T11:34:56","modified_gmt":"2021-06-07T09:34:56","slug":"maj-2021","status":"publish","type":"page","link":"https:\/\/www.czslc.sk\/?page_id=27003","title":{"rendered":"M\u00e1j 2021"},"content":{"rendered":"\n<table width=\"463\">\n<tbody>\n<tr>\n<td width=\"194\">&nbsp;<\/td>\n<td width=\"133\">Fakt\u00fara \u010d\u00edslo<\/td>\n<td width=\"69\">Suma<\/td>\n<td width=\"67\">Do\u0161lo d\u0148a<\/td>\n<\/tr>\n<tr>\n<td>osobny\u00fadaj.sk, s.r.o.,&nbsp;<\/td>\n<td>1021051145<\/td>\n<td>36,00 \u20ac<\/td>\n<td>3.5.2021<\/td>\n<\/tr>\n<tr>\n<td>Valman, s.r.o.<\/td>\n<td>99210561<\/td>\n<td>23,74 \u20ac<\/td>\n<td>3.5.2021<\/td>\n<\/tr>\n<tr>\n<td>Slovak Telekom, a.s.<\/td>\n<td>8282507399<\/td>\n<td>9,00 \u20ac<\/td>\n<td>4.5.2021<\/td>\n<\/tr>\n<tr>\n<td>Slovak Telekom, a.s.<\/td>\n<td>8282456298<\/td>\n<td>50,28 \u20ac<\/td>\n<td>4.5.2021<\/td>\n<\/tr>\n<tr>\n<td>Mgr. Ladislav Kanaba &#8211; ABT<\/td>\n<td>422021<\/td>\n<td>80,00 \u20ac<\/td>\n<td>4.5.2021<\/td>\n<\/tr>\n<tr>\n<td>Innogy Slovensko, s.r.o.<\/td>\n<td>4451251087<\/td>\n<td>504,30 \u20ac<\/td>\n<td>11.5.2021<\/td>\n<\/tr>\n<tr>\n<td>VSE, a.s., Ko\u0161ice<\/td>\n<td>7293145276<\/td>\n<td>312,28 \u20ac<\/td>\n<td>12.5.2021<\/td>\n<\/tr>\n<tr>\n<td>Dov\u00e1\u013e, s.r.o.,<\/td>\n<td>210032<\/td>\n<td>747,42 \u20ac<\/td>\n<td>12.5.2021<\/td>\n<\/tr>\n<tr>\n<td>Doxx &#8211; stravn\u00e9 l\u00edstky, s.r.o.<\/td>\n<td>ZF32213171<\/td>\n<td>417,60 \u20ac<\/td>\n<td>14.5.2021<\/td>\n<\/tr>\n<tr>\n<td>VESNA, no,&nbsp;<\/td>\n<td>22-13-05\/2021<\/td>\n<td>36,06 \u20ac<\/td>\n<td>17.5.2021<\/td>\n<\/tr>\n<tr>\n<td>DAMO Slovakia, s.r.o.<\/td>\n<td>FV-2021-300-011239<\/td>\n<td>105,00 \u20ac<\/td>\n<td>18.5.2021<\/td>\n<\/tr>\n<tr>\n<td>WEB RETAIL, s.r.o.<\/td>\n<td>2021157946<\/td>\n<td>121,50 \u20ac<\/td>\n<td>19.5.2021<\/td>\n<\/tr>\n<tr>\n<td>Slovensk\u00e1 po\u0161ta, a.s.<\/td>\n<td>9001417362<\/td>\n<td>12,59 \u20ac<\/td>\n<td>20.5.2021<\/td>\n<\/tr>\n<tr>\n<td>Katol\u00edcke pedagog. Centrum<\/td>\n<td>ZF12021255<\/td>\n<td>45,35 \u20ac<\/td>\n<td>24.5.2021<\/td>\n<\/tr>\n<tr>\n<td>AITEC, s.r.o.,&nbsp;<\/td>\n<td>ZF1212103713<\/td>\n<td>67,20 \u20ac<\/td>\n<td>24.5.2021<\/td>\n<\/tr>\n<tr>\n<td>AITEC, s.r.o.,&nbsp;<\/td>\n<td>ZF1212103712<\/td>\n<td>1 192,62 \u20ac<\/td>\n<td>24.5.2021<\/td>\n<\/tr>\n<tr>\n<td>\u017dofia Lackov\u00e1, Lu\u010denec<\/td>\n<td>112021<\/td>\n<td>108,00 \u20ac<\/td>\n<td>24.5.2021<\/td>\n<\/tr>\n<tr>\n<td>\u017dofia Lackov\u00e1, Lu\u010denec<\/td>\n<td>102021<\/td>\n<td>150,00 \u20ac<\/td>\n<td>24.5.2021<\/td>\n<\/tr>\n<tr>\n<td>ORBIS PICTUS ISTROPOLITANA<\/td>\n<td>2100401772<\/td>\n<td>40,80 \u20ac<\/td>\n<td>27.5.2021<\/td>\n<\/tr>\n<tr>\n<td>SZ\u0160 s M\u0160 DSA, Lu\u010denec<\/td>\n<td>152021<\/td>\n<td>2 525,61 \u20ac<\/td>\n<td>27.5.2021<\/td>\n<\/tr>\n<tr>\n<td>SZ\u0160 s M\u0160 DSA, Lu\u010denec<\/td>\n<td>252021<\/td>\n<td>270,00 \u20ac<\/td>\n<td>27.5.2021<\/td>\n<\/tr>\n<tr>\n<td>Krp\u010diar Pavel, Lu\u010denec<\/td>\n<td>152021<\/td>\n<td>60,00 \u20ac<\/td>\n<td>27.5.2021<\/td>\n<\/tr>\n<tr>\n<td>Zebra hygiena, s.r.o.,&nbsp;<\/td>\n<td>10211428<\/td>\n<td>114,94 \u20ac<\/td>\n<td>28.5.2021<\/td>\n<\/tr>\n<tr>\n<td>Valman, s.r.o.<\/td>\n<td>99210866<\/td>\n<td>37,07 \u20ac<\/td>\n<td>31.5.2021<\/td>\n<\/tr>\n<tr>\n<td>Orange Slovensko, a.s.<\/td>\n<td>102321551<\/td>\n<td>63,21 \u20ac<\/td>\n<td>31.5.2021<\/td>\n<\/tr>\n<tr>\n<td>Soft &#8211; Tech, s.r.o., Breznica<\/td>\n<td>202133180<\/td>\n<td>197,16 \u20ac<\/td>\n<td>31.5.2021<\/td>\n<\/tr>\n<\/tbody>\n<\/table>\n","protected":false},"excerpt":{"rendered":"<p>&nbsp; Fakt\u00fara \u010d\u00edslo Suma Do\u0161lo d\u0148a osobny\u00fadaj.sk, s.r.o.,&nbsp; 1021051145 36,00 \u20ac 3.5.2021 Valman, s.r.o. 99210561 23,74 \u20ac 3.5.2021 Slovak Telekom, a.s. 8282507399 9,00 \u20ac 4.5.2021 Slovak Telekom, a.s. 8282456298 50,28 \u20ac 4.5.2021 Mgr. Ladislav Kanaba &#8211; ABT 422021 80,00 \u20ac 4.5.2021 Innogy Slovensko, s.r.o. 4451251087 504,30 \u20ac 11.5.2021 VSE, a.s., &hellip;<\/p>\n","protected":false},"author":1,"featured_media":0,"parent":0,"menu_order":0,"comment_status":"closed","ping_status":"closed","template":"","meta":{"ngg_post_thumbnail":0,"footnotes":""},"class_list":["post-27003","page","type-page","status-publish","hentry"],"aioseo_notices":[],"_links":{"self":[{"href":"https:\/\/www.czslc.sk\/index.php?rest_route=\/wp\/v2\/pages\/27003","targetHints":{"allow":["GET"]}}],"collection":[{"href":"https:\/\/www.czslc.sk\/index.php?rest_route=\/wp\/v2\/pages"}],"about":[{"href":"https:\/\/www.czslc.sk\/index.php?rest_route=\/wp\/v2\/types\/page"}],"author":[{"embeddable":true,"href":"https:\/\/www.czslc.sk\/index.php?rest_route=\/wp\/v2\/users\/1"}],"replies":[{"embeddable":true,"href":"https:\/\/www.czslc.sk\/index.php?rest_route=%2Fwp%2Fv2%2Fcomments&post=27003"}],"version-history":[{"count":1,"href":"https:\/\/www.czslc.sk\/index.php?rest_route=\/wp\/v2\/pages\/27003\/revisions"}],"predecessor-version":[{"id":27004,"href":"https:\/\/www.czslc.sk\/index.php?rest_route=\/wp\/v2\/pages\/27003\/revisions\/27004"}],"wp:attachment":[{"href":"https:\/\/www.czslc.sk\/index.php?rest_route=%2Fwp%2Fv2%2Fmedia&parent=27003"}],"curies":[{"name":"wp","href":"https:\/\/api.w.org\/{rel}","templated":true}]}}